{"id":1703,"date":"2025-06-20T13:06:02","date_gmt":"2025-06-20T13:06:02","guid":{"rendered":"https:\/\/www.coinspeaker.com\/de\/?page_id=1703"},"modified":"2025-06-20T13:06:02","modified_gmt":"2025-06-20T13:06:02","slug":"haftungsausschluss","status":"publish","type":"page","link":"https:\/\/www.coinspeaker.com\/de\/haftungsausschluss\/","title":{"rendered":"Haftungsausschluss"},"content":{"rendered":"<p data-start=\"192\" data-end=\"222\"><strong data-start=\"192\" data-end=\"222\">Hinweis zu Affiliate-Links<\/strong><\/p>\n<p data-start=\"224\" data-end=\"638\">Einige der in unseren Artikeln enthaltenen Links sind sogenannte Affiliate-Links. Das bedeutet, dass wir m\u00f6glicherweise eine Provision erhalten, wenn Sie ein Produkt oder eine Dienstleistung \u00fcber einen dieser Links erwerben \u2013 ohne zus\u00e4tzliche Kosten f\u00fcr Sie. Im Gegenteil: Aufgrund unserer Reichweite k\u00f6nnen wir gelegentlich exklusive Rabatte oder Boni aushandeln, die Ihnen anderweitig nicht zur Verf\u00fcgung stehen.<\/p>\n<p data-start=\"640\" data-end=\"896\">Diese Affiliate-Partnerschaften erm\u00f6glichen es uns, Ihnen hochwertige Inhalte und kostenlose Ressourcen bereitzustellen. Ihre Unterst\u00fctzung durch die Nutzung dieser Links hilft uns dabei, den Betrieb dieser Website aufrechtzuerhalten und weiter auszubauen.<\/p>\n<p data-start=\"898\" data-end=\"1351\">Bitte beachten Sie: Wir sind keine Finanzberater. Obwohl wir unsere Empfehlungen mit gr\u00f6\u00dfter Sorgfalt treffen und ein starkes Interesse an Bitcoin und anderen Kryptow\u00e4hrungen haben, beruhen unsere Einsch\u00e4tzungen nicht ausschlie\u00dflich auf akademischer Expertise, sondern spiegeln auch pers\u00f6nliche Meinungen und Erfahrungen wider. Wir raten daher ausdr\u00fccklich zu einer eigenst\u00e4ndigen Recherche (Due Diligence), bevor Sie finanzielle Entscheidungen treffen.<\/p>\n<p data-start=\"1353\" data-end=\"1406\" data-is-last-node=\"\" data-is-only-node=\"\">Vielen Dank f\u00fcr Ihr Vertrauen und Ihre Unterst\u00fctzung.<\/p>\n","protected":false},"excerpt":{"rendered":"<p>Hinweis zu Affiliate-Links Einige der in unseren Artikeln enthaltenen Links sind sogenannte Affiliate-Links. Das bedeutet, dass wir m\u00f6glicherweise eine Provision erhalten, wenn Sie ein Produkt oder eine Dienstleistung \u00fcber einen dieser Links erwerben \u2013 ohne zus\u00e4tzliche Kosten f\u00fcr Sie. Im Gegenteil: Aufgrund unserer Reichweite k\u00f6nnen wir gelegentlich exklusive Rabatte oder Boni aushandeln, die Ihnen anderweitig [&hellip;]<\/p>\n","protected":false},"author":159,"featured_media":0,"parent":0,"menu_order":0,"comment_status":"closed","ping_status":"closed","template":"","meta":{"_acf_changed":false,"footnotes":""},"tags":[],"class_list":["post-1703","page","type-page","status-publish","hentry"],"acf":[],"yoast_head":"<!-- This site is optimized with the Yoast SEO plugin v25.7 - https:\/\/yoast.com\/wordpress\/plugins\/seo\/ -->\n<title>Haftungsausschluss \u2013 Coinspeaker<\/title>\n<meta name=\"description\" content=\"Unser Haftungsausschluss kl\u00e4rt \u00fcber die Nutzung von Coinspeaker auf. Verstehen Sie die Grenzen unserer Verantwortlichkeit f\u00fcr externe Links.\" \/>\n<meta name=\"robots\" content=\"index, follow, max-snippet:-1, max-image-preview:large, max-video-preview:-1\" \/>\n<link rel=\"canonical\" href=\"https:\/\/www.coinspeaker.com\/de\/haftungsausschluss\/\" \/>\n<meta property=\"og:locale\" content=\"de_DE\" \/>\n<meta property=\"og:type\" content=\"article\" \/>\n<meta property=\"og:title\" content=\"Haftungsausschluss \u2013 Coinspeaker\" \/>\n<meta property=\"og:description\" content=\"Unser Haftungsausschluss kl\u00e4rt \u00fcber die Nutzung von Coinspeaker auf. Verstehen Sie die Grenzen unserer Verantwortlichkeit f\u00fcr externe Links.\" \/>\n<meta property=\"og:url\" content=\"https:\/\/www.coinspeaker.com\/de\/haftungsausschluss\/\" \/>\n<meta property=\"og:site_name\" content=\"Coinspeaker Deutschland\" \/>\n<meta name=\"twitter:card\" content=\"summary_large_image\" \/>\n<meta name=\"twitter:label1\" content=\"Est. reading time\" \/>\n\t<meta name=\"twitter:data1\" content=\"1\u00a0Minute\" \/>\n<!-- \/ Yoast SEO plugin. -->","yoast_head_json":{"title":"Haftungsausschluss \u2013 Coinspeaker","description":"Unser Haftungsausschluss kl\u00e4rt \u00fcber die Nutzung von Coinspeaker auf. Verstehen Sie die Grenzen unserer Verantwortlichkeit f\u00fcr externe Links.","robots":{"index":"index","follow":"follow","max-snippet":"max-snippet:-1","max-image-preview":"max-image-preview:large","max-video-preview":"max-video-preview:-1"},"canonical":"https:\/\/www.coinspeaker.com\/de\/haftungsausschluss\/","og_locale":"de_DE","og_type":"article","og_title":"Haftungsausschluss \u2013 Coinspeaker","og_description":"Unser Haftungsausschluss kl\u00e4rt \u00fcber die Nutzung von Coinspeaker auf. Verstehen Sie die Grenzen unserer Verantwortlichkeit f\u00fcr externe Links.","og_url":"https:\/\/www.coinspeaker.com\/de\/haftungsausschluss\/","og_site_name":"Coinspeaker Deutschland","twitter_card":"summary_large_image","twitter_misc":{"Est. reading time":"1\u00a0Minute"},"schema":{"@context":"https:\/\/schema.org","@graph":[{"@type":"WebPage","@id":"https:\/\/www.coinspeaker.com\/de\/haftungsausschluss\/","url":"https:\/\/www.coinspeaker.com\/de\/haftungsausschluss\/","name":"Haftungsausschluss \u2013 Coinspeaker","isPartOf":{"@id":"https:\/\/www.coinspeaker.com\/de\/#website"},"datePublished":"2025-06-20T13:06:02+00:00","description":"Unser Haftungsausschluss kl\u00e4rt \u00fcber die Nutzung von Coinspeaker auf. Verstehen Sie die Grenzen unserer Verantwortlichkeit f\u00fcr externe Links.","breadcrumb":{"@id":"https:\/\/www.coinspeaker.com\/de\/haftungsausschluss\/#breadcrumb"},"inLanguage":"de","potentialAction":[{"@type":"ReadAction","target":["https:\/\/www.coinspeaker.com\/de\/haftungsausschluss\/"]}]},{"@type":"BreadcrumbList","@id":"https:\/\/www.coinspeaker.com\/de\/haftungsausschluss\/#breadcrumb","itemListElement":[{"@type":"ListItem","position":1,"name":"Home","item":"https:\/\/www.coinspeaker.com\/de\/"},{"@type":"ListItem","position":2,"name":"Haftungsausschluss"}]},{"@type":"WebSite","@id":"https:\/\/www.coinspeaker.com\/de\/#website","url":"https:\/\/www.coinspeaker.com\/de\/","name":"Coinspeaker Deutschland","description":"Bitcoin, Ethereum, Altcoins und Krypto-News mit Analysen, Live-Preisen, Daten-Charts und Anleitungen","potentialAction":[{"@type":"SearchAction","target":{"@type":"EntryPoint","urlTemplate":"https:\/\/www.coinspeaker.com\/de\/?s={search_term_string}"},"query-input":{"@type":"PropertyValueSpecification","valueRequired":true,"valueName":"search_term_string"}}],"inLanguage":"de"}]}},"amp_enabled":true,"_links":{"self":[{"href":"https:\/\/www.coinspeaker.com\/de\/wp-json\/wp\/v2\/pages\/1703","targetHints":{"allow":["GET"]}}],"collection":[{"href":"https:\/\/www.coinspeaker.com\/de\/wp-json\/wp\/v2\/pages"}],"about":[{"href":"https:\/\/www.coinspeaker.com\/de\/wp-json\/wp\/v2\/types\/page"}],"author":[{"embeddable":true,"href":"https:\/\/www.coinspeaker.com\/de\/wp-json\/wp\/v2\/users\/159"}],"replies":[{"embeddable":true,"href":"https:\/\/www.coinspeaker.com\/de\/wp-json\/wp\/v2\/comments?post=1703"}],"version-history":[{"count":2,"href":"https:\/\/www.coinspeaker.com\/de\/wp-json\/wp\/v2\/pages\/1703\/revisions"}],"predecessor-version":[{"id":22198,"href":"https:\/\/www.coinspeaker.com\/de\/wp-json\/wp\/v2\/pages\/1703\/revisions\/22198"}],"wp:attachment":[{"href":"https:\/\/www.coinspeaker.com\/de\/wp-json\/wp\/v2\/media?parent=1703"}],"wp:term":[{"taxonomy":"post_tag","embeddable":true,"href":"https:\/\/www.coinspeaker.com\/de\/wp-json\/wp\/v2\/tags?post=1703"}],"curies":[{"name":"wp","href":"https:\/\/api.w.org\/{rel}","templated":true}]}}