{"id":1979,"date":"2025-06-24T07:14:08","date_gmt":"2025-06-24T07:14:08","guid":{"rendered":"https:\/\/www.coinspeaker.com\/de\/?page_id=1979"},"modified":"2025-12-04T13:57:28","modified_gmt":"2025-12-04T13:57:28","slug":"bullenmarkt","status":"publish","type":"page","link":"https:\/\/www.coinspeaker.com\/de\/glossar\/bullenmarkt\/","title":{"rendered":"Was ist ein Bullenmarkt?"},"content":{"rendered":"<p>In der spannenden und oft unvorhersehbaren Welt des Kryptow\u00e4hrungshandels ist es entscheidend, genau zu verstehen, \u201ewas ein Bullenmarkt ist\u201c, nicht nur f\u00fcr Anleger, sondern f\u00fcr jeden, der in den Handel einsteigen m\u00f6chte.<\/p>\n<p>Eine Krypto-Bullenmarktphase kann erhebliche Gewinne bringen. Mit diesem Wissen verpassen Sie keine Bullenmarktchancen.<\/p>\n<p>Dieser Leitfaden erkl\u00e4rt alles \u00fcber einen Krypto-Bullenmarkt. Er behandelt die Definition, die wichtigsten Merkmale, die zugrunde liegenden Ursachen, effektive Anlagestrategien und vieles mehr. Lassen Sie uns gleich loslegen.<\/p>\n<h2>Merkmale eines Bullenmarktes: So erkennen Sie einen Aufschwung<\/h2>\n<p>Das Erkennen dieser Merkmale kann Menschen dabei helfen, Bullenmarkttrends bei Krypto-Investitionen (wie beispielsweise einen Bitcoin-Bullenmarkt) zu verstehen.<\/p>\n<div class=\"su-list\" style=\"margin-left:4px\">\n<ul>\n<li><i class=\"sui sui-chevron-right\" style=\"color:#333\"><\/i> <b>20 % Steigerung: <\/b>Wenn der Markt 20% \u00fcber der Basislinie im Hinblick auf den Marktindex steigt, bedeutet dies, dass wir uns in einem Bullenmarkt befinden.<\/li>\n<li><i class=\"sui sui-chevron-right\" style=\"color:#333\"><\/i> <b>Preiserh\u00f6hung: <\/b>Das wichtigste Merkmal\u2026 Steigende Preise in verschiedenen Bereichen (Aktienmarkt, Krypto, Gold usw.). Wie die S&amp;P 500 mit einer Rendite von 25 % in zwei Jahren in Folge (2023-2024), wobei 7-10 % \u00fcblich sind.(Quelle: Morgan Stanley)<\/li>\n<\/ul>\n<\/div>\n<p><img loading=\"lazy\" decoding=\"async\" class=\"aligncenter wp-image-1985 size-full\" src=\"https:\/\/www.coinspeaker.com\/de\/wp-content\/uploads\/sites\/2\/2025\/06\/SP-500.webp\" alt=\"S&amp;P 500\" width=\"1200\" height=\"861\" srcset=\"https:\/\/www.coinspeaker.com\/de\/wp-content\/uploads\/sites\/2\/2025\/06\/SP-500.webp 1200w, https:\/\/www.coinspeaker.com\/de\/wp-content\/uploads\/sites\/2\/2025\/06\/SP-500-300x215.webp 300w, https:\/\/www.coinspeaker.com\/de\/wp-content\/uploads\/sites\/2\/2025\/06\/SP-500-1024x735.webp 1024w, https:\/\/www.coinspeaker.com\/de\/wp-content\/uploads\/sites\/2\/2025\/06\/SP-500-768x551.webp 768w\" sizes=\"auto, (max-width: 1200px) 100vw, 1200px\" \/><\/p>\n<div class=\"su-list\" style=\"margin-left:4px\">\n<ul>\n<li><i class=\"sui sui-chevron-right\" style=\"color:#333\"><\/i> <b>Erh\u00f6htes Handelsvolumen: <\/b>Bullenm\u00e4rkte gehen oft mit h\u00f6heren Handelsvolumen einher. Beispiel: TVL-Wert von 200 Milliarden US-Dollar im Jahr 2026.<\/li>\n<li><i class=\"sui sui-chevron-right\" style=\"color:#333\"><\/i> <b>Wachsendes Anlegervertrauen: <\/b>Anleger gewinnen an Selbstvertrauen bei allem, was sie tun \u2013 Risiken eingehen, frei investieren usw. Erfolgsgeschichten werden hervorgehoben.<\/li>\n<li><i class=\"sui sui-chevron-right\" style=\"color:#333\"><\/i> <b>Positive Wirtschaftsindikatoren: <\/b>Niedrige Arbeitslosenquoten und eine g\u00fcnstige Geldpolitik sind Teil eines Bullenmarktes. <a rel=\"noopener noreferrer\" href=\"https:\/\/www.uidaho.edu\/-\/media\/UIdaho-Responsive\/Files\/Extension\/county\/Latah\/finance\/history-of-bull-and-bear-markets.pdf\" target=\"_blank\">Die USA haben mehrere Bullenm\u00e4rkte erlebt<\/a>. Seit dem Zweiten Weltkrieg haben die M\u00e4rkte immer wieder Hoch- und Tiefphasen gehabt, die sich mit den sogenannten \u201c<a href=\"https:\/\/www.coinspeaker.com\/de\/wissen\/was-ist-ein-baerenmarkt\/\">B\u00e4renm\u00e4rkten<\/a>\u201d abwechseln.<\/li>\n<\/ul>\n<\/div>\n<p><img loading=\"lazy\" decoding=\"async\" class=\"aligncenter size-full wp-image-1986\" src=\"https:\/\/www.coinspeaker.com\/de\/wp-content\/uploads\/sites\/2\/2025\/06\/Bull-and-bear-market-history-in-US.webp\" alt=\"Bull and bear market history in US\" width=\"1200\" height=\"754\" srcset=\"https:\/\/www.coinspeaker.com\/de\/wp-content\/uploads\/sites\/2\/2025\/06\/Bull-and-bear-market-history-in-US.webp 1200w, https:\/\/www.coinspeaker.com\/de\/wp-content\/uploads\/sites\/2\/2025\/06\/Bull-and-bear-market-history-in-US-300x189.webp 300w, https:\/\/www.coinspeaker.com\/de\/wp-content\/uploads\/sites\/2\/2025\/06\/Bull-and-bear-market-history-in-US-1024x643.webp 1024w, https:\/\/www.coinspeaker.com\/de\/wp-content\/uploads\/sites\/2\/2025\/06\/Bull-and-bear-market-history-in-US-768x483.webp 768w\" sizes=\"auto, (max-width: 1200px) 100vw, 1200px\" \/><\/p>\n<div class=\"su-list\" style=\"margin-left:4px\">\n<ul>\n<li><i class=\"sui sui-chevron-right\" style=\"color:#333\"><\/i> <b>Ausbruch aus wichtigen Widerstandsniveaus: <\/b>Preispunkte, von denen die Leute dachten, dass sie niemals durchbrochen werden w\u00fcrden, sind ein wichtiges Signal f\u00fcr einen Bullenmarkt. So h\u00e4tten die Leute beispielsweise nie gedacht, dass BTC jemals die 10.000-Dollar-Marke \u00fcberschreiten w\u00fcrde, geschweige denn die 100.000-Dollar-Marke.<\/li>\n<\/ul>\n<\/div>\n<p><img loading=\"lazy\" decoding=\"async\" class=\"aligncenter size-full wp-image-1987\" src=\"https:\/\/www.coinspeaker.com\/de\/wp-content\/uploads\/sites\/2\/2025\/06\/Bitcoin-price-Alltime.webp\" alt=\"Bitcoin price Alltime\" width=\"1200\" height=\"637\" srcset=\"https:\/\/www.coinspeaker.com\/de\/wp-content\/uploads\/sites\/2\/2025\/06\/Bitcoin-price-Alltime.webp 1200w, https:\/\/www.coinspeaker.com\/de\/wp-content\/uploads\/sites\/2\/2025\/06\/Bitcoin-price-Alltime-300x159.webp 300w, https:\/\/www.coinspeaker.com\/de\/wp-content\/uploads\/sites\/2\/2025\/06\/Bitcoin-price-Alltime-1024x544.webp 1024w, https:\/\/www.coinspeaker.com\/de\/wp-content\/uploads\/sites\/2\/2025\/06\/Bitcoin-price-Alltime-768x408.webp 768w\" sizes=\"auto, (max-width: 1200px) 100vw, 1200px\" \/><\/p>\n<h2>Bullenmarkt &amp; B\u00e4renmarkt im Vergleich<\/h2>\n<p>M\u00e4rkte sind zyklisch und auf Phasen des R\u00fcckgangs (B\u00e4renmarkt) k\u00f6nnen immer Phasen des Wachstums (Bullenmarkt) folgen und umgekehrt usw.<\/p>\n<div class=\"su-table su-table-responsive su-table-alternate\">\n<table>\n<thead>\n<tr>\n<th>Besonderheit<\/th>\n<th>Bullen<\/th>\n<th>B\u00e4ren<\/th>\n<\/tr>\n<\/thead>\n<tbody>\n<tr>\n<td><b>Preisentwicklung<\/b><\/td>\n<td>Anhaltende Aufw\u00e4rtsbewegung. Wie BTC.<\/td>\n<td>Anhaltende Abw\u00e4rtsbewegung. Beispiel: Der Crash von 2008.<\/td>\n<\/tr>\n<tr>\n<td><b>Anlegerstimmung<\/b><\/td>\n<td>Optimistisch, zuversichtlich, \u201ekaufen Sie, wenn es mal nicht so weit ist\u201c<\/td>\n<td>Pessimistisch, \u00e4ngstlich, \u201eVerkaufen Sie die Rallye\u201c<\/td>\n<\/tr>\n<tr>\n<td><b>Handelsvolumen<\/b><\/td>\n<td>Generell hoch oder zunehmend<\/td>\n<td>Im Allgemeinen niedrig oder abnehmend<\/td>\n<\/tr>\n<tr>\n<td><b>Konjunkturausblick<\/b><\/td>\n<td>Oft mit Wirtschaftswachstum verbunden<\/td>\n<td>Oft verbunden mit Konjunkturabschwung oder Rezession<\/td>\n<\/tr>\n<tr>\n<td><b>Dauer<\/b><\/td>\n<td>Kann Monate oder Jahre dauern<\/td>\n<td>Kann Monate oder Jahre dauern<\/td>\n<\/tr>\n<\/tbody>\n<\/table>\n<\/div>\n<h2>Anlagestrategien f\u00fcr die Bullen: Chancen nutzen &amp; Gewinne maximieren<\/h2>\n<p>Obwohl ein Bullenmarkt Wachstum verspricht, sind eine klare Strategie und Risikobereitschaft entscheidend, um Gewinne zu maximieren und nicht der Gier zum Opfer zu fallen.<\/p>\n<div class=\"su-list\" style=\"margin-left:4px\">\n<ul>\n<li><i class=\"sui sui-chevron-right\" style=\"color:#333\"><\/i> <b>Langfristiges Investieren (HODLing):\u00a0<\/b>Ein einfaches Beispiel w\u00e4re der langfristige Besitz der Verm\u00f6genswerte \u2013 ideal, wenn Sie bereits wissen, wie man sicher eine <a href=\"https:\/\/www.coinspeaker.com\/de\/kryptowaehrung-kaufen\/\">Kryptow\u00e4hrung kaufen<\/a> kann. Es ist eine profitable und dennoch sehr einfache Strategie!<\/li>\n<li><i class=\"sui sui-chevron-right\" style=\"color:#333\"><\/i> <b>Den Schwung nutzen: <\/b>Erkennen Sie Verm\u00f6genswerte, die im Wert steigen \u2013 insbesondere <a href=\"https:\/\/www.coinspeaker.com\/de\/kryptowaehrung-kaufen\/welche-kryptowaehrung-explodiert\/\">welche Kryptow\u00e4hrung explodiert<\/a> \u2013 und investieren Sie gezielt. Beispielsweise eine Investition in Gold im Jahr 2022, als der Wert bei etwa 1.750 US-Dollar lag, und jetzt, im Jahr 2026, bei etwa 3.300 US-Dollar.<\/li>\n<\/ul>\n<\/div>\n<p><img loading=\"lazy\" decoding=\"async\" class=\"aligncenter wp-image-1989\" src=\"https:\/\/www.coinspeaker.com\/de\/wp-content\/uploads\/sites\/2\/2025\/06\/Price-of-Gold-2010-25.webp\" alt=\"Price of Gold 2010-25\" width=\"1200\" height=\"986\" srcset=\"https:\/\/www.coinspeaker.com\/de\/wp-content\/uploads\/sites\/2\/2025\/06\/Price-of-Gold-2010-25.webp 705w, https:\/\/www.coinspeaker.com\/de\/wp-content\/uploads\/sites\/2\/2025\/06\/Price-of-Gold-2010-25-300x246.webp 300w\" sizes=\"auto, (max-width: 1200px) 100vw, 1200px\" \/><\/p>\n<div class=\"su-list\" style=\"margin-left:4px\">\n<ul>\n<li><i class=\"sui sui-chevron-right\" style=\"color:#333\"><\/i> <b>Diversifizierung: <\/b>Selbst in einem Bullenmarkt ist Diversifizierung unerl\u00e4sslich, um das Risiko gleichm\u00e4\u00dfig zu verteilen. Gold, Grundst\u00fccke, Kryptow\u00e4hrungen, Aktien \u2013 alles!<\/li>\n<li><i class=\"sui sui-chevron-right\" style=\"color:#333\"><\/i> <b>Teilgewinnmitnahme: <\/b>Um nicht stecken zu bleiben, ist es notwendig, zwischendurch Teilgewinne mitzunehmen. Dies hilft Anlegern, in andere profitable Unternehmungen und Verm\u00f6genswerte zu diversifizieren.<\/li>\n<li><i class=\"sui sui-chevron-right\" style=\"color:#333\"><\/i> <b>Dollar-Cost-Averaging (DCA): <\/b>aEin DCA von 200 $\/Monat in Bitcoin seit 2018 h\u00e4tte aus 16.800 $ bis 2026 119.300 $ gemacht \u2013 vorausgesetzt, man nutzte zuverl\u00e4ssige <a href=\"https:\/\/www.coinspeaker.com\/de\/krypto-wallet-vergleich\/\">Krypto-Wallets<\/a> f\u00fcr die sichere Aufbewahrung. Es ist die beliebteste und anf\u00e4ngerfreundlichste Anlagestrategie auf dem Markt.<\/li>\n<\/ul>\n<\/div>\n<h2>Bullenmarktpsychologie: Umgang mit Emotionen<\/h2>\n<p>Gier, impulsive Entscheidungen, Angst vor etwas \u2013 all das kann zu viel sein. Es ist wichtig, Strategien zu entwickeln, um mit den eigenen Emotionen umzugehen.<\/p>\n<div class=\"su-list\" style=\"margin-left:4px\">\n<ul>\n<li><i class=\"sui sui-chevron-right\" style=\"color:#333\"><\/i> <b>Haben Sie einen Plan und halten Sie sich einfach daran: <\/b>Definieren Sie Ihre Anlageziele, Ihre Risikobereitschaft und Ihre Ausstiegsstrategien, bevor Sie in den Markt einsteigen. So bleiben Sie auch bei hochkochenden Emotionen auf dem Boden der Tatsachen.<\/li>\n<li><i class=\"sui sui-chevron-right\" style=\"color:#333\"><\/i> <b>Vermeiden Sie emotionales Trading:<\/b> 90% der Investoren k\u00f6nnen ihre Emotionen nicht kontrollieren, daher ist es keine \u00dcberraschung, dass auch 90 % unrentabel sind.<\/li>\n<li><i class=\"sui sui-chevron-right\" style=\"color:#333\"><\/i> <b>H\u00fcten Sie sich vor Herdenmentalit\u00e4t: <\/b>Im Jahr 2026 waren es 69% der M\u00e4nner mittleren Alters (45 bis 60 Jahre), die allein aufgrund des Hypes in Kryptow\u00e4hrungen investieren. Nur weil alle anderen kaufen, hei\u00dft das aber nicht, dass es auch f\u00fcr Sie die richtige Entscheidung ist.<\/li>\n<\/ul>\n<\/div>\n<p><b>Lustige Tatsache: <\/b>Der ber\u00fchmte Bulle an der New Yorker Wall Street stellt tats\u00e4chlich den Bullenmarkt dar. Er steht f\u00fcr Optimismus und Wachstum und ist somit ein Paradebeispiel f\u00fcr einen Bullenmarkt.(Quelle: <a rel=\"noopener noreferrer\" href=\"https:\/\/www.investopedia.com\/articles\/investing\/100814\/charging-bullthe-brass-icon-wall-street.asp\" target=\"_blank\">Investopedia<\/a>)<\/p>\n<div class=\"su-note\"  style=\"border-color:#e2d4d4;border-radius:8px;-moz-border-radius:8px;-webkit-border-radius:8px;\"><div class=\"su-note-inner su-u-clearfix su-u-trim\" style=\"background-color:#fceeee;border-color:#ffffff;color:#333333;border-radius:8px;-moz-border-radius:8px;-webkit-border-radius:8px;\">\n<h2 style=\"margin-top: 0 !important\">Abschluss-Nutzen Sie den Bullenmarkt mit Bedacht<\/h2>\n<p>Bullenm\u00e4rkte sind fantastisch, aber das hei\u00dft nicht, dass alle gewinnen werden. Eine gut durchdachte Anlagestrategie und die Disziplin, die eigenen Emotionen im Griff zu behalten, sind ebenfalls erforderlich. Mit diesen Tipps k\u00f6nnen Sie in einem Bullenmarkt erfolgreich sein, w\u00e4hrend andere gierig werden. Ein fundierter Ansatz ist der Schl\u00fcssel zum langfristigen Erfolg.<\/p>\n<\/div><\/div>\n<h2>H\u00e4ufig gestellte Fragen (FAQs) zum Bullenmarkt<\/h2>\n<div class=\"man_faq_sec\" itemscope itemtype=\"https:\/\/schema.org\/FAQPage\"><\/time><script>jQuery(document).ready(function() {\n\t\t\t\t\t\t\t\tjQuery(\".accordionButton\").click(function() {\n\t\t\t\t\t\t\t\t\tjQuery(\".accordionButton\").removeClass(\"on\");\n\t\t\t\t\t\t\t\t\tjQuery(\".accordionContent\").slideUp(\"normal\");\n\t\t\t\t\t\t\t\t\tif(jQuery(this).parents(\".ms_faq\").find(\".accordionContent\").is(\":hidden\") == true) {\n\t\t\t\t\t\t\t\t\t\tjQuery(this).addClass(\"on\");\n\t\t\t\t\t\t\t\t\t\tjQuery(this).parents(\".ms_faq\").find(\".accordionContent\").slideDown(\"normal\");\n\t\t\t\t\t\t\t\t\t }\n\t\t\t\t\t\t\t\t });\n\t\t\t\t\t\t\t\t });\n\t\t\t\t\t\t\t<\/script><section class=\"ms_faq ms_card \" ><div itemscope itemprop=\"mainEntity\" itemtype=\"https:\/\/schema.org\/Question\"><div class=\"accordionButton\"><h3 itemprop=\"name\">Was ist der Unterschied zwischen einem Bullenmarkt und einem B\u00e4renmarkt?<\/h3> <\/div>\n<div class=\"accordionContent\" itemscope itemprop=\"acceptedAnswer\" itemtype=\"https:\/\/schema.org\/Answer\" style=\"display:none;\"><p itemprop=\"text\">Ein Bullenmarkt bezieht sich auf steigende Verm\u00f6genspreise aufgrund von Optimismus und Vertrauen der Anleger. Ein B\u00e4renmarkt ist das Gegenteil: L\u00e4ngere Phasen sinkender Verm\u00f6genspreise, begleitet von Pessimismus und Angst.<\/p>\n                <\/div><\/div><\/section>\n<section class=\"ms_faq ms_card \" ><div itemscope itemprop=\"mainEntity\" itemtype=\"https:\/\/schema.org\/Question\"><div class=\"accordionButton\"><h3 itemprop=\"name\">Was verursacht einen Bullenmarkt bei Kryptow\u00e4hrungen?<\/h3> <\/div>\n<div class=\"accordionContent\" itemscope itemprop=\"acceptedAnswer\" itemtype=\"https:\/\/schema.org\/Answer\" style=\"display:none;\"><p itemprop=\"text\">Dazu geh\u00f6ren beispielsweise erh\u00f6hte institutionelle Investitionen, allgemeine Akzeptanz, positive regulatorische Entwicklungen, technologische Fortschritte in diesem Bereich, erh\u00f6hte Medienaufmerksamkeit und makro\u00f6konomische Faktoren wie niedrige Zinsen usw.<\/p>\n                <\/div><\/div><\/section>\n<section class=\"ms_faq ms_card \" ><div itemscope itemprop=\"mainEntity\" itemtype=\"https:\/\/schema.org\/Question\"><div class=\"accordionButton\"><h3 itemprop=\"name\">Wie lange dauert ein Krypto-Bullenmarkt normalerweise?<\/h3> <\/div>\n<div class=\"accordionContent\" itemscope itemprop=\"acceptedAnswer\" itemtype=\"https:\/\/schema.org\/Answer\" style=\"display:none;\"><p itemprop=\"text\">Manche Bullenm\u00e4rkte dauerten mehrere Monate, andere ein Jahr oder l\u00e4nger. Die Dauer eines Bullenmarktes wird von einer Vielzahl von Faktoren beeinflusst und l\u00e4sst sich nur schwer mit Sicherheit vorhersagen.<\/p>\n                <\/div><\/div><\/section>\n<section class=\"ms_faq ms_card \" ><div itemscope itemprop=\"mainEntity\" itemtype=\"https:\/\/schema.org\/Question\"><div class=\"accordionButton\"><h3 itemprop=\"name\">Ist ein Bullenmarkt gut f\u00fcr neue Krypto-Investoren?<\/h3> <\/div>\n<div class=\"accordionContent\" itemscope itemprop=\"acceptedAnswer\" itemtype=\"https:\/\/schema.org\/Answer\" style=\"display:none;\"><p itemprop=\"text\">Ein Bullenmarkt bietet neuen Anlegern zwar attraktive M\u00f6glichkeiten f\u00fcr schnelle Gewinne, birgt aber auch erh\u00f6hte Risiken. Neue Anleger sollten vorsichtig sein, gr\u00fcndlich recherchieren, mit kleinen (und erschwinglichen) Betr\u00e4gen beginnen und sich auf das Verst\u00e4ndnis der Grundlagen konzentrieren.<\/p>\n                <\/div><\/div><\/section>\n<section class=\"ms_faq ms_card \" ><div itemscope itemprop=\"mainEntity\" itemtype=\"https:\/\/schema.org\/Question\"><div class=\"accordionButton\"><h3 itemprop=\"name\">Welche Kryptow\u00e4hrungen schneiden in Bullenm\u00e4rkten am besten ab?<\/h3> <\/div>\n<div class=\"accordionContent\" itemscope itemprop=\"acceptedAnswer\" itemtype=\"https:\/\/schema.org\/Answer\" style=\"display:none;\"><p itemprop=\"text\">Dazu geh\u00f6ren etablierte Kryptow\u00e4hrungen wie Bitcoin und Ethereum sowie aufstrebende Altcoins mit vielversprechender Technologie und Unterst\u00fctzung. Wie das ber\u00fchmte Sprichwort in der Finanzwelt jedoch sagt: Die Wertentwicklung in der Vergangenheit l\u00e4sst keinen R\u00fcckschluss auf zuk\u00fcnftige Ergebnisse zu.<\/p>\n                <\/div><\/div><\/section>\n<section class=\"ms_faq ms_card \" ><div itemscope itemprop=\"mainEntity\" itemtype=\"https:\/\/schema.org\/Question\"><div class=\"accordionButton\"><h3 itemprop=\"name\">Sollte ich mein gesamtes Kapital in einen Bullenmarkt investieren?<\/h3> <\/div>\n<div class=\"accordionContent\" itemscope itemprop=\"acceptedAnswer\" itemtype=\"https:\/\/schema.org\/Answer\" style=\"display:none;\"><p itemprop=\"text\">M\u00e4rkte sind schwer vorherzusagen, und ein deutlicher Abschwung k\u00f6nnte zu erheblichen Verlusten f\u00fchren. Investieren Sie schrittweise mit Strategien wie dem Durchschnittskosteneffekt und halten Sie immer einen Teil Ihres Kapitals in Reserve. Denken Sie an das Klischee: \u201eLegen Sie nicht alle Eier in einen Korb.\u201c<\/p>\n                <\/div><\/div><\/section>\n<\/div>","protected":false},"excerpt":{"rendered":"<p>Der Begriff \u201eBullenmarkt\u201c ist in der Finanzwelt (insbesondere bei Tradern) h\u00e4ufig ein Thema.<\/p>\n","protected":false},"author":169,"featured_media":1984,"parent":17754,"menu_order":0,"comment_status":"closed","ping_status":"closed","template":"single-guides.php","meta":{"_acf_changed":false,"footnotes":""},"tags":[],"class_list":["post-1979","page","type-page","status-publish","has-post-thumbnail","hentry"],"acf":[],"yoast_head":"<!-- This site is optimized with the Yoast SEO plugin v25.7 - https:\/\/yoast.com\/wordpress\/plugins\/seo\/ -->\n<title>Was ist ein Bullenmarkt? Definition &amp; Strategien 2026<\/title>\n<meta name=\"description\" content=\"Was ist ein Bullenmarkt? Erfahren Sie, wie Anleger 2026 mit Strategie im Kryptomarkt Chancen erkennen und Gewinne maximieren.\" \/>\n<meta name=\"robots\" content=\"index, follow, max-snippet:-1, max-image-preview:large, max-video-preview:-1\" \/>\n<link rel=\"canonical\" href=\"https:\/\/www.coinspeaker.com\/de\/glossar\/bullenmarkt\/\" \/>\n<meta property=\"og:locale\" content=\"de_DE\" \/>\n<meta property=\"og:type\" content=\"article\" \/>\n<meta property=\"og:title\" content=\"Was ist ein Bullenmarkt? Definition &amp; Strategien 2026\" \/>\n<meta property=\"og:description\" content=\"Was ist ein Bullenmarkt? Erfahren Sie, wie Anleger 2026 mit Strategie im Kryptomarkt Chancen erkennen und Gewinne maximieren.\" \/>\n<meta property=\"og:url\" content=\"https:\/\/www.coinspeaker.com\/de\/glossar\/bullenmarkt\/\" \/>\n<meta property=\"og:site_name\" content=\"Coinspeaker Deutschland\" \/>\n<meta property=\"article:modified_time\" content=\"2025-12-04T13:57:28+00:00\" \/>\n<meta property=\"og:image\" content=\"https:\/\/www.coinspeaker.com\/de\/wp-content\/uploads\/sites\/2\/2025\/06\/Was-ist-ein-Bullenmarkt_.webp\" \/>\n\t<meta property=\"og:image:width\" content=\"1200\" \/>\n\t<meta property=\"og:image:height\" content=\"697\" \/>\n\t<meta property=\"og:image:type\" content=\"image\/webp\" \/>\n<meta name=\"twitter:card\" content=\"summary_large_image\" \/>\n<meta name=\"twitter:label1\" content=\"Est. reading time\" \/>\n\t<meta name=\"twitter:data1\" content=\"7\u00a0Minuten\" \/>\n<!-- \/ Yoast SEO plugin. -->","yoast_head_json":{"title":"Was ist ein Bullenmarkt? Definition & Strategien 2026","description":"Was ist ein Bullenmarkt? Erfahren Sie, wie Anleger 2026 mit Strategie im Kryptomarkt Chancen erkennen und Gewinne maximieren.","robots":{"index":"index","follow":"follow","max-snippet":"max-snippet:-1","max-image-preview":"max-image-preview:large","max-video-preview":"max-video-preview:-1"},"canonical":"https:\/\/www.coinspeaker.com\/de\/glossar\/bullenmarkt\/","og_locale":"de_DE","og_type":"article","og_title":"Was ist ein Bullenmarkt? Definition & Strategien 2026","og_description":"Was ist ein Bullenmarkt? Erfahren Sie, wie Anleger 2026 mit Strategie im Kryptomarkt Chancen erkennen und Gewinne maximieren.","og_url":"https:\/\/www.coinspeaker.com\/de\/glossar\/bullenmarkt\/","og_site_name":"Coinspeaker Deutschland","article_modified_time":"2025-12-04T13:57:28+00:00","og_image":[{"width":1200,"height":697,"url":"https:\/\/www.coinspeaker.com\/de\/wp-content\/uploads\/sites\/2\/2025\/06\/Was-ist-ein-Bullenmarkt_.webp","type":"image\/webp"}],"twitter_card":"summary_large_image","twitter_misc":{"Est. reading time":"7\u00a0Minuten"},"schema":{"@context":"https:\/\/schema.org","@graph":[{"@type":"WebPage","@id":"https:\/\/www.coinspeaker.com\/de\/glossar\/bullenmarkt\/","url":"https:\/\/www.coinspeaker.com\/de\/glossar\/bullenmarkt\/","name":"Was ist ein Bullenmarkt? Definition & Strategien 2026","isPartOf":{"@id":"https:\/\/www.coinspeaker.com\/de\/#website"},"primaryImageOfPage":{"@id":"https:\/\/www.coinspeaker.com\/de\/glossar\/bullenmarkt\/#primaryimage"},"image":{"@id":"https:\/\/www.coinspeaker.com\/de\/glossar\/bullenmarkt\/#primaryimage"},"thumbnailUrl":"https:\/\/www.coinspeaker.com\/de\/wp-content\/uploads\/sites\/2\/2025\/06\/Was-ist-ein-Bullenmarkt_.webp","datePublished":"2025-06-24T07:14:08+00:00","dateModified":"2025-12-04T13:57:28+00:00","description":"Was ist ein Bullenmarkt? Erfahren Sie, wie Anleger 2026 mit Strategie im Kryptomarkt Chancen erkennen und Gewinne maximieren.","breadcrumb":{"@id":"https:\/\/www.coinspeaker.com\/de\/glossar\/bullenmarkt\/#breadcrumb"},"inLanguage":"de","potentialAction":[{"@type":"ReadAction","target":["https:\/\/www.coinspeaker.com\/de\/glossar\/bullenmarkt\/"]}]},{"@type":"ImageObject","inLanguage":"de","@id":"https:\/\/www.coinspeaker.com\/de\/glossar\/bullenmarkt\/#primaryimage","url":"https:\/\/www.coinspeaker.com\/de\/wp-content\/uploads\/sites\/2\/2025\/06\/Was-ist-ein-Bullenmarkt_.webp","contentUrl":"https:\/\/www.coinspeaker.com\/de\/wp-content\/uploads\/sites\/2\/2025\/06\/Was-ist-ein-Bullenmarkt_.webp","width":1200,"height":697,"caption":"Was ist ein Bullenmarkt?"},{"@type":"BreadcrumbList","@id":"https:\/\/www.coinspeaker.com\/de\/glossar\/bullenmarkt\/#breadcrumb","itemListElement":[{"@type":"ListItem","position":1,"name":"Home","item":"https:\/\/www.coinspeaker.com\/de\/"},{"@type":"ListItem","position":2,"name":"Glossar","item":"https:\/\/www.coinspeaker.com\/de\/glossar\/"},{"@type":"ListItem","position":3,"name":"Was ist ein Bullenmarkt?"}]},{"@type":"WebSite","@id":"https:\/\/www.coinspeaker.com\/de\/#website","url":"https:\/\/www.coinspeaker.com\/de\/","name":"Coinspeaker Deutschland","description":"Bitcoin, Ethereum, Altcoins und Krypto-News mit Analysen, Live-Preisen, Daten-Charts und Anleitungen","potentialAction":[{"@type":"SearchAction","target":{"@type":"EntryPoint","urlTemplate":"https:\/\/www.coinspeaker.com\/de\/?s={search_term_string}"},"query-input":{"@type":"PropertyValueSpecification","valueRequired":true,"valueName":"search_term_string"}}],"inLanguage":"de"}]}},"amp_enabled":false,"_links":{"self":[{"href":"https:\/\/www.coinspeaker.com\/de\/wp-json\/wp\/v2\/pages\/1979","targetHints":{"allow":["GET"]}}],"collection":[{"href":"https:\/\/www.coinspeaker.com\/de\/wp-json\/wp\/v2\/pages"}],"about":[{"href":"https:\/\/www.coinspeaker.com\/de\/wp-json\/wp\/v2\/types\/page"}],"author":[{"embeddable":true,"href":"https:\/\/www.coinspeaker.com\/de\/wp-json\/wp\/v2\/users\/169"}],"replies":[{"embeddable":true,"href":"https:\/\/www.coinspeaker.com\/de\/wp-json\/wp\/v2\/comments?post=1979"}],"version-history":[{"count":3,"href":"https:\/\/www.coinspeaker.com\/de\/wp-json\/wp\/v2\/pages\/1979\/revisions"}],"predecessor-version":[{"id":7676,"href":"https:\/\/www.coinspeaker.com\/de\/wp-json\/wp\/v2\/pages\/1979\/revisions\/7676"}],"up":[{"embeddable":true,"href":"https:\/\/www.coinspeaker.com\/de\/wp-json\/wp\/v2\/pages\/17754"}],"wp:featuredmedia":[{"embeddable":true,"href":"https:\/\/www.coinspeaker.com\/de\/wp-json\/wp\/v2\/media\/1984"}],"wp:attachment":[{"href":"https:\/\/www.coinspeaker.com\/de\/wp-json\/wp\/v2\/media?parent=1979"}],"wp:term":[{"taxonomy":"post_tag","embeddable":true,"href":"https:\/\/www.coinspeaker.com\/de\/wp-json\/wp\/v2\/tags?post=1979"}],"curies":[{"name":"wp","href":"https:\/\/api.w.org\/{rel}","templated":true}]}}