{"id":596,"date":"2025-06-03T11:06:58","date_gmt":"2025-06-03T11:06:58","guid":{"rendered":"https:\/\/www.coinspeaker.com\/de\/?page_id=596"},"modified":"2025-06-03T11:34:02","modified_gmt":"2025-06-03T11:34:02","slug":"datenschutz","status":"publish","type":"page","link":"https:\/\/www.coinspeaker.com\/de\/datenschutz\/","title":{"rendered":"Datenschutzerkl\u00e4rung"},"content":{"rendered":"<p data-start=\"434\" data-end=\"914\"><strong data-start=\"434\" data-end=\"503\">Ihre Privatsph\u00e4re ist f\u00fcr Coinspeaker.com von h\u00f6chster Bedeutung.<\/strong> Wir haben diesen Datenschutzhinweis erstellt, um Sie dar\u00fcber zu informieren, wie wir Ihre personenbezogenen Daten verarbeiten, wenn Sie ein <strong data-start=\"644\" data-end=\"663\">Coinspeaker.com<\/strong>-Konto erstellen, mit unseren Kundensupport-Spezialisten interagieren, <strong data-start=\"734\" data-end=\"753\">Coinspeaker.com<\/strong> oder andere von <strong data-start=\"770\" data-end=\"789\">Coinspeaker.com<\/strong> betriebene Websites besuchen oder <strong data-start=\"824\" data-end=\"843\">Coinspeaker.com<\/strong>-Apps verwenden, die einen Link zu diesem Datenschutzhinweis enthalten.<\/p>\n<h3 data-start=\"916\" data-end=\"966\"><strong data-start=\"916\" data-end=\"966\">Verantwortliche Stelle (Datenverantwortlicher)<\/strong><\/h3>\n<p data-start=\"968\" data-end=\"1152\">Wir sind <strong data-start=\"977\" data-end=\"996\">Coinspeaker.com<\/strong>, ein Unternehmen von Coinspeaker Ltd. Als datenverarbeitende Stelle sind wir f\u00fcr die rechtm\u00e4\u00dfige Verarbeitung Ihrer personenbezogenen Daten verantwortlich.<\/p>\n<p data-start=\"1154\" data-end=\"1318\">Bei Fragen zum Datenschutz oder zur Aus\u00fcbung Ihrer Rechte wenden Sie sich bitte an <strong data-start=\"1237\" data-end=\"1256\">Coinspeaker.com<\/strong> unter der folgenden E-Mail-Adresse: <strong data-start=\"1293\" data-end=\"1317\"><a class=\"cursor-pointer\" rel=\"noopener\" data-start=\"1295\" data-end=\"1315\">data@coinspeaker.com<\/a><\/strong>.<\/p>\n<h3 data-start=\"1351\" data-end=\"1377\"><strong data-start=\"1351\" data-end=\"1377\">Ihre Datenschutzrechte<\/strong><\/h3>\n<p data-start=\"1379\" data-end=\"1564\">Sofern Sie Ihren Wohnsitz innerhalb der Europ\u00e4ischen Union haben, haben Sie gem\u00e4\u00df der Datenschutz-Grundverordnung (DSGVO) die folgenden Rechte in Bezug auf Ihre personenbezogenen Daten:<\/p>\n<ul>\n<li>Das Recht, \u00fcber die Verarbeitung Ihrer personenbezogenen Daten durch uns informiert zu werden (Art. 13, 14 DSGVO).<\/li>\n<li>Das Recht auf Berichtigung unrichtiger oder unvollst\u00e4ndiger personenbezogener Daten (Art. 16 DSGVO).<\/li>\n<li>Das Recht, der Verarbeitung Ihrer personenbezogenen Daten unter bestimmten Voraussetzungen zu widersprechen (Art. 21 DSGVO).<\/li>\n<li>Das Recht auf Einschr\u00e4nkung der Verarbeitung Ihrer personenbezogenen Daten (Art. 18 DSGVO).<\/li>\n<li>Das Recht auf L\u00f6schung Ihrer personenbezogenen Daten (\u201eRecht auf Vergessenwerden\u201c) (Art. 17 DSGVO).<\/li>\n<li>Das Recht auf Auskunft \u00fcber Ihre gespeicherten personenbezogenen Daten sowie Informationen \u00fcber deren Verarbeitung (Art. 15 DSGVO).<\/li>\n<li data-start=\"2239\" data-end=\"2447\">Das Recht auf Daten\u00fcbertragbarkeit \u2013 d.h. das Recht, Ihre Daten in einem strukturierten, g\u00e4ngigen und maschinenlesbaren Format zu erhalten oder an einen anderen Verantwortlichen zu \u00fcbermitteln (Art. 20 DSGVO).<\/li>\n<li data-start=\"2239\" data-end=\"2447\">Das Recht, keiner ausschlie\u00dflich automatisierten Entscheidung \u2013 einschlie\u00dflich Profiling \u2013 unterworfen zu werden, wenn diese eine rechtliche Wirkung entfaltet oder Sie in \u00e4hnlicher Weise erheblich beeintr\u00e4chtigt (Art. 22 DSGVO).<\/li>\n<li data-start=\"2679\" data-end=\"2935\">Dar\u00fcber hinaus haben Sie das Recht, eine Beschwerde bei der f\u00fcr Sie zust\u00e4ndigen Datenschutzaufsichtsbeh\u00f6rde einzureichen. Diese Beh\u00f6rden verf\u00fcgen \u00fcber weitreichende Durchsetzungsbefugnisse zur \u00dcberpr\u00fcfung der Einhaltung datenschutzrechtlicher Vorschriften.<\/li>\n<\/ul>\n<h3 data-start=\"2937\" data-end=\"2960\"><strong data-start=\"2937\" data-end=\"2960\">Begriffserkl\u00e4rungen<\/strong><\/h3>\n<p data-start=\"2962\" data-end=\"3094\">\u201ePersonenbezogene Daten\u201c sind alle Informationen, die sich auf eine identifizierte oder identifizierbare nat\u00fcrliche Person beziehen.<\/p>\n<p data-start=\"3096\" data-end=\"3165\"><strong data-start=\"3096\" data-end=\"3165\">ARTEN VON PERSONENBEZOGENEN DATEN, DIE WIR SAMMELN UND VERWENDEN:<\/strong><\/p>\n<ul>\n<li data-start=\"3169\" data-end=\"3215\">E-Mail-Adresse und \u00f6ffentliche Bitcoin-Adresse,<\/li>\n<li data-start=\"3218\" data-end=\"3296\">Ger\u00e4teinformationen (einschlie\u00dflich Standortdaten, eindeutige Ger\u00e4tekennungen),<\/li>\n<li data-start=\"3299\" data-end=\"3366\">Technische Informationen wie IP-Adresse, Betriebssystem, Browsertyp,<\/li>\n<li data-start=\"3369\" data-end=\"3973\">Informationen \u00fcber Dritte: Unsere Websites erm\u00f6glichen es Ihnen unter Umst\u00e4nden, personenbezogene Daten anderer Personen einzugeben, etwa wenn Sie deren Namen und E-Mail-Adresse angeben, um eine Einladung oder einen Link \u00fcber <strong data-start=\"3595\" data-end=\"3614\">Coinspeaker.com<\/strong> zu versenden. In solchen F\u00e4llen ben\u00f6tigen wir zur Durchf\u00fchrung die pers\u00f6nlichen Daten des Empf\u00e4ngers. Diese beinhalten typischerweise Name, Anschrift und E-Mail-Adresse. <strong data-start=\"3785\" data-end=\"3804\">Coinspeaker.com<\/strong> verarbeitet diese Daten ausschlie\u00dflich zur Durchf\u00fchrung des jeweiligen Kommunikationszwecks, sofern der Empf\u00e4nger nicht ausdr\u00fccklich einer weiteren Verwendung zustimmt.<\/li>\n<\/ul>\n<h3 data-start=\"3975\" data-end=\"4028\"><strong data-start=\"3975\" data-end=\"4028\">Zwecke und Rechtsgrundlagen der Datenverarbeitung<\/strong><\/h3>\n<p data-start=\"4030\" data-end=\"4176\"><strong data-start=\"4030\" data-end=\"4049\">Coinspeaker.com<\/strong> verarbeitet Ihre personenbezogenen Daten auf Basis verschiedener gesetzlicher Grundlagen, abh\u00e4ngig vom Zweck der Verarbeitung:<\/p>\n<ul>\n<li data-start=\"4180\" data-end=\"4506\"><strong data-start=\"4180\" data-end=\"4231\">Vertragserf\u00fcllung (Art. 6 Abs. 1 lit. b DSGVO):<\/strong> Ihre E-Mail-Adresse und weitere notwendige Daten werden verarbeitet, wenn dies erforderlich ist, um unsere vertraglichen Verpflichtungen Ihnen gegen\u00fcber zu erf\u00fcllen, etwa zur Verwaltung Ihres <strong data-start=\"4424\" data-end=\"4443\">Coinspeaker.com<\/strong>-Kontos oder zur Nutzung unserer Produkte und Dienstleistungen.<\/li>\n<li data-start=\"4509\" data-end=\"4715\"><strong data-start=\"4509\" data-end=\"4565\">Berechtigtes Interesse (Art. 6 Abs. 1 lit. f DSGVO):<\/strong> Sofern Sie mit unserem Kundendienst in Kontakt treten, wird Ihre E-Mail-Adresse zur Identifikation Ihres Kontos und zur Qualit\u00e4tssicherung verwendet.<\/li>\n<li data-start=\"4718\" data-end=\"5074\"><strong data-start=\"4718\" data-end=\"4764\">Einwilligung (Art. 6 Abs. 1 lit. a DSGVO):<\/strong> Wenn Sie uns Ihre ausdr\u00fcckliche Zustimmung zur Zusendung von Marketinginformationen geben, verarbeiten wir Ihre E-Mail-Adresse auch zu diesem Zweck. Diese Einwilligung kann jederzeit widerrufen werden \u2013 entweder durch \u00c4nderung Ihrer Kontoeinstellungen oder durch Anklicken des Abmeldelinks in unseren E-Mails.<\/li>\n<\/ul>\n<h3 data-start=\"5076\" data-end=\"5132\"><strong data-start=\"5076\" data-end=\"5132\">\u00dcbermittlung und Offenlegung personenbezogener Daten<\/strong><\/h3>\n<p data-start=\"5134\" data-end=\"5605\"><strong data-start=\"5134\" data-end=\"5153\">Coinspeaker.com<\/strong> ist ein international agierendes Unternehmen. Um unsere Dienste global anbieten zu k\u00f6nnen, kann es notwendig sein, Ihre personenbezogenen Daten an verbundene Unternehmen oder Dienstleister mit Sitz au\u00dferhalb Ihres Landes, einschlie\u00dflich au\u00dferhalb des Europ\u00e4ischen Wirtschaftsraums (EWR), zu \u00fcbermitteln. Diese \u00dcbermittlungen erfolgen auf Basis geeigneter Garantien im Sinne von Art. 46 DSGVO, wie Standardvertragsklauseln oder Binding Corporate Rules.<\/p>\n<p data-start=\"5607\" data-end=\"5736\">Ihre Daten k\u00f6nnen unter Beachtung datenschutzrechtlicher Vorschriften an folgende Kategorien von Empf\u00e4ngern weitergegeben werden:<\/p>\n<ul>\n<li data-start=\"5740\" data-end=\"5777\">IT-Dienstleister und Hosting-Provider,<\/li>\n<li data-start=\"5780\" data-end=\"5819\">Subunternehmer zur Auftragsverarbeitung,<\/li>\n<li data-start=\"5822\" data-end=\"5866\">Berater, Wirtschaftspr\u00fcfer und Rechtsanw\u00e4lte,<\/li>\n<li data-start=\"5869\" data-end=\"5916\">Inkassodienstleister, Betrugspr\u00e4ventionsstellen,<\/li>\n<li data-start=\"5919\" data-end=\"5998\">Beh\u00f6rden, Gerichte und Strafverfolgungsbeh\u00f6rden, soweit gesetzlich erforderlich,<\/li>\n<li data-start=\"6001\" data-end=\"6080\">Andere Stellen, sofern Sie hierzu Ihre ausdr\u00fcckliche Einwilligung gegeben haben,<\/li>\n<li data-start=\"6082\" data-end=\"6119\"><strong data-start=\"6082\" data-end=\"6119\">Cookies und \u00e4hnliche Technologien.<\/strong><\/li>\n<\/ul>\n<p data-start=\"6121\" data-end=\"6289\">Unsere Website verwendet Cookies und \u00e4hnliche Technologien zur Analyse der Websitenutzung und zur Verbesserung Ihrer Nutzererfahrung. Diese Technologien erfassen u. a.:<\/p>\n<ul>\n<li data-start=\"6293\" data-end=\"6303\">IP-Adresse,<\/li>\n<li data-start=\"6306\" data-end=\"6333\">Ger\u00e4tetyp und Standortdaten,<\/li>\n<li data-start=\"6336\" data-end=\"6368\">Browserinformationen und Sprache,<\/li>\n<li data-start=\"6371\" data-end=\"6404\">Zeitpunkt und Dauer Ihres Besuchs,<\/li>\n<li data-start=\"6407\" data-end=\"6455\">Besuchte Seiten und Interaktionen (z.\u202fB. Klicks).<\/li>\n<\/ul>\n<p data-start=\"6457\" data-end=\"6725\">Wir setzen dabei sowohl eigene Cookies als auch Dienste Dritter wie Google Analytics und Facebook Pixel ein, um aggregierte Statistiken zu erstellen und Ihnen relevante Werbung anzuzeigen. Diese Drittanbieter k\u00f6nnen ebenfalls Cookies setzen oder Web-Beacons verwenden.<\/p>\n<p data-start=\"6727\" data-end=\"7000\">Sie k\u00f6nnen Ihre Cookie-Einstellungen in Ihrem Browser individuell verwalten und viele Tracking-Mechanismen deaktivieren. Beachten Sie jedoch, dass bestimmte technisch erforderliche Cookies nicht deaktiviert werden k\u00f6nnen, da sie f\u00fcr den Betrieb der Website essenziell sind.<\/p>\n<p data-start=\"7002\" data-end=\"7043\"><strong data-start=\"7002\" data-end=\"7043\">Von uns eingesetzte Cookies umfassen:<\/strong><\/p>\n<div class=\"_tableContainer_16hzy_1\">\n<div class=\"_tableWrapper_16hzy_14 group flex w-fit flex-col-reverse\">\n<table class=\"w-fit min-w-(--thread-content-width)\" data-start=\"7045\" data-end=\"7467\">\n<thead data-start=\"7045\" data-end=\"7091\">\n<tr data-start=\"7045\" data-end=\"7091\">\n<th data-start=\"7045\" data-end=\"7060\" data-col-size=\"sm\">Name<\/th>\n<th data-start=\"7060\" data-end=\"7091\" data-col-size=\"sm\">Zweck<\/th>\n<\/tr>\n<\/thead>\n<tbody data-start=\"7139\" data-end=\"7467\">\n<tr data-start=\"7139\" data-end=\"7185\">\n<td data-start=\"7139\" data-end=\"7154\" data-col-size=\"sm\">_cfduid<\/td>\n<td data-col-size=\"sm\" data-start=\"7154\" data-end=\"7185\">Website-Funktionalit\u00e4t<\/td>\n<\/tr>\n<tr data-start=\"7186\" data-end=\"7232\">\n<td data-start=\"7186\" data-end=\"7201\" data-col-size=\"sm\">t99d<\/td>\n<td data-col-size=\"sm\" data-start=\"7201\" data-end=\"7232\">Website-Funktionalit\u00e4t<\/td>\n<\/tr>\n<tr data-start=\"7233\" data-end=\"7279\">\n<td data-start=\"7233\" data-end=\"7248\" data-col-size=\"sm\">_destillery<\/td>\n<td data-col-size=\"sm\" data-start=\"7248\" data-end=\"7279\">Website-Funktionalit\u00e4t<\/td>\n<\/tr>\n<tr data-start=\"7280\" data-end=\"7326\">\n<td data-start=\"7280\" data-end=\"7295\" data-col-size=\"sm\">_gads<\/td>\n<td data-col-size=\"sm\" data-start=\"7295\" data-end=\"7326\">Google Analytics<\/td>\n<\/tr>\n<tr data-start=\"7327\" data-end=\"7373\">\n<td data-start=\"7327\" data-end=\"7342\" data-col-size=\"sm\">_gat_UA<\/td>\n<td data-col-size=\"sm\" data-start=\"7342\" data-end=\"7373\">Google Analytics<\/td>\n<\/tr>\n<tr data-start=\"7374\" data-end=\"7420\">\n<td data-start=\"7374\" data-end=\"7389\" data-col-size=\"sm\">_gid<\/td>\n<td data-col-size=\"sm\" data-start=\"7389\" data-end=\"7420\">Google Analytics<\/td>\n<\/tr>\n<tr data-start=\"7421\" data-end=\"7467\">\n<td data-start=\"7421\" data-end=\"7436\" data-col-size=\"sm\">_ga<\/td>\n<td data-col-size=\"sm\" data-start=\"7436\" data-end=\"7467\">Google Analytics<\/td>\n<\/tr>\n<\/tbody>\n<\/table>\n<div class=\"sticky end-(--thread-content-margin) h-0 self-end select-none\">\n<div class=\"absolute end-0 flex items-end\"><\/div>\n<\/div>\n<\/div>\n<\/div>\n<p data-start=\"7469\" data-end=\"7522\"><strong data-start=\"7469\" data-end=\"7522\">Beispiele f\u00fcr von uns verwendete Dienste Dritter:<\/strong><\/p>\n<p data-start=\"7524\" data-end=\"7544\"><strong>Analyse-Dienste:<\/strong><\/p>\n<ul>\n<li data-start=\"7548\" data-end=\"7626\"><strong data-start=\"7548\" data-end=\"7568\">Google Analytics<\/strong> \u2013 Websiteanalyse, Nutzerverhalten, Zielgruppenstatistiken,<\/li>\n<li data-start=\"7629\" data-end=\"7691\"><strong data-start=\"7629\" data-end=\"7654\">Google Search Console<\/strong> \u2013 SEO-Analyse und Websiteoptimierung,<\/li>\n<li data-start=\"7694\" data-end=\"7763\"><strong data-start=\"7694\" data-end=\"7716\">Facebook Analytics<\/strong> \u2013 Verhalten und Demografie von Website-Nutzern.<\/li>\n<\/ul>\n<p data-start=\"7765\" data-end=\"7783\"><strong data-start=\"7765\" data-end=\"7783\">Werbe-Dienste:<\/strong><\/p>\n<ul>\n<li data-start=\"7787\" data-end=\"7809\"><strong data-start=\"7787\" data-end=\"7809\">Google DoubleClick,<\/strong><\/li>\n<li data-start=\"7812\" data-end=\"7828\"><strong data-start=\"7812\" data-end=\"7828\">Facebook Ads,<\/strong><\/li>\n<li data-start=\"7831\" data-end=\"7846\"><strong data-start=\"7831\" data-end=\"7846\">Twitter Ads.<\/strong><\/li>\n<\/ul>\n<p data-start=\"7848\" data-end=\"7869\"><strong data-start=\"7848\" data-end=\"7869\">Sonstige Dienste:<\/strong><\/p>\n<ul data-start=\"7871\" data-end=\"7916\">\n<li data-start=\"7871\" data-end=\"7916\">\n<p data-start=\"7873\" data-end=\"7916\"><strong data-start=\"7873\" data-end=\"7897\">YouTube (Google LLC)<\/strong> \u2013 Videointegration<\/p>\n<\/li>\n<\/ul>\n<h3 data-start=\"7918\" data-end=\"7957\"><strong data-start=\"7918\" data-end=\"7957\">Speicherung personenbezogener Daten<\/strong><\/h3>\n<p data-start=\"7959\" data-end=\"8045\">Die Speicherdauer Ihrer personenbezogenen Daten richtet sich nach folgenden Kriterien:<\/p>\n<ul>\n<li data-start=\"8049\" data-end=\"8115\">F\u00fcr die Dauer der aktiven Nutzung Ihres <strong data-start=\"8089\" data-end=\"8108\">Coinspeaker.com<\/strong>-Kontos,<\/li>\n<li data-start=\"8118\" data-end=\"8207\">F\u00fcr steuerliche und gesetzliche Zwecke (z.\u202fB. Finanzdaten) gem\u00e4\u00df den Aufbewahrungsfristen,<\/li>\n<li data-start=\"8210\" data-end=\"8306\">Technische Nutzungsdaten (z.\u202fB. Websitebesuche) werden in der Regel f\u00fcr sechs Monate gespeichert.<\/li>\n<\/ul>\n<h3 data-start=\"8308\" data-end=\"8334\"><strong data-start=\"8308\" data-end=\"8334\">Kinder und Datenschutz<\/strong><\/h3>\n<p data-start=\"8336\" data-end=\"8618\">Wir richten uns nicht an Personen unter 18 Jahren und fordern diese ausdr\u00fccklich auf, <strong data-start=\"8422\" data-end=\"8441\">Coinspeaker.com<\/strong> keine personenbezogenen Daten bereitzustellen. Sollten wir Kenntnis davon erlangen, dass personenbezogene Daten eines Kindes gespeichert wurden, werden diese umgehend gel\u00f6scht.<\/p>\n<h3 data-start=\"8620\" data-end=\"8639\"><strong data-start=\"8620\" data-end=\"8639\">Datensicherheit<\/strong><\/h3>\n<p data-start=\"8641\" data-end=\"8861\"><strong data-start=\"8641\" data-end=\"8660\">Coinspeaker.com<\/strong> trifft umfassende technische, organisatorische und physische Ma\u00dfnahmen zum Schutz Ihrer personenbezogenen Daten vor Verlust, Missbrauch, unbefugtem Zugriff oder Offenlegung. Dazu geh\u00f6rt unter anderem:<\/p>\n<ul>\n<li data-start=\"8865\" data-end=\"8924\">Zugriff nur f\u00fcr autorisierte Mitarbeiter oder Dienstleister,<\/li>\n<li data-start=\"8927\" data-end=\"8995\">Verschl\u00fcsselung, Zugangskontrollen und andere Sicherheitsmechanismen,<\/li>\n<li data-start=\"8998\" data-end=\"9097\">Schutz durch Passw\u00f6rter f\u00fcr sensible Funktionen (bitte teilen Sie Ihr Passwort niemals mit Dritten),<\/li>\n<li data-start=\"9100\" data-end=\"9161\">Keine unaufgeforderten Anfragen nach Ihrem Passwort durch uns.<\/li>\n<\/ul>\n<h3 data-start=\"9163\" data-end=\"9203\"><strong data-start=\"9163\" data-end=\"9203\">\u00c4nderungen der Datenschutzrichtlinie<\/strong><\/h3>\n<p data-start=\"9205\" data-end=\"9678\">Diese Datenschutzrichtlinie kann von Zeit zu Zeit aktualisiert werden, insbesondere wenn wir neue Produkte oder Funktionen einf\u00fchren oder wenn sich gesetzliche Anforderungen \u00e4ndern. Bei wesentlichen \u00c4nderungen werden Sie hier\u00fcber informiert, z.\u202fB. durch eine Mitteilung per E-Mail oder durch einen deutlichen Hinweis auf unseren Websites oder in unseren Apps. Ihre fortgesetzte Nutzung unserer Dienste gilt als Zustimmung zu der jeweils aktuellen Version dieser Richtlinie.<\/p>\n<p data-start=\"9680\" data-end=\"9839\">Sie erkennen eine Aktualisierung an der Angabe \u201eLetzte Aktualisierung\u201c oben auf dieser Seite. Die \u00fcberarbeitete Richtlinie tritt mit Ver\u00f6ffentlichung in Kraft.<\/p>\n","protected":false},"excerpt":{"rendered":"<p>Ihre Privatsph\u00e4re ist f\u00fcr Coinspeaker.com von h\u00f6chster Bedeutung. Wir haben diesen Datenschutzhinweis erstellt, um Sie dar\u00fcber zu informieren, wie wir Ihre personenbezogenen Daten verarbeiten, wenn Sie ein Coinspeaker.com-Konto erstellen, mit unseren Kundensupport-Spezialisten interagieren, Coinspeaker.com oder andere von Coinspeaker.com betriebene Websites besuchen oder Coinspeaker.com-Apps verwenden, die einen Link zu diesem Datenschutzhinweis enthalten. Verantwortliche Stelle (Datenverantwortlicher) Wir [&hellip;]<\/p>\n","protected":false},"author":159,"featured_media":0,"parent":0,"menu_order":0,"comment_status":"closed","ping_status":"closed","template":"","meta":{"_acf_changed":false,"footnotes":""},"tags":[],"class_list":["post-596","page","type-page","status-publish","hentry"],"acf":[],"yoast_head":"<!-- This site is optimized with the Yoast SEO plugin v25.7 - https:\/\/yoast.com\/wordpress\/plugins\/seo\/ -->\n<title>Datenschutzerkl\u00e4rung \u2013 Coinspeaker<\/title>\n<meta name=\"description\" content=\"Erfahren Sie alles \u00fcber den Schutz Ihrer Daten, Datennutzung und Ihre Rechte. Transparenz steht bei uns an erster Stelle.\" \/>\n<meta name=\"robots\" content=\"index, follow, max-snippet:-1, max-image-preview:large, max-video-preview:-1\" \/>\n<link rel=\"canonical\" href=\"https:\/\/www.coinspeaker.com\/de\/datenschutz\/\" \/>\n<meta property=\"og:locale\" content=\"de_DE\" \/>\n<meta property=\"og:type\" content=\"article\" \/>\n<meta property=\"og:title\" content=\"Datenschutzerkl\u00e4rung \u2013 Coinspeaker\" \/>\n<meta property=\"og:description\" content=\"Erfahren Sie alles \u00fcber den Schutz Ihrer Daten, Datennutzung und Ihre Rechte. Transparenz steht bei uns an erster Stelle.\" \/>\n<meta property=\"og:url\" content=\"https:\/\/www.coinspeaker.com\/de\/datenschutz\/\" \/>\n<meta property=\"og:site_name\" content=\"Coinspeaker Deutschland\" \/>\n<meta property=\"article:modified_time\" content=\"2025-06-03T11:34:02+00:00\" \/>\n<meta name=\"twitter:card\" content=\"summary_large_image\" \/>\n<meta name=\"twitter:label1\" content=\"Est. reading time\" \/>\n\t<meta name=\"twitter:data1\" content=\"6\u00a0Minuten\" \/>\n<!-- \/ Yoast SEO plugin. -->","yoast_head_json":{"title":"Datenschutzerkl\u00e4rung \u2013 Coinspeaker","description":"Erfahren Sie alles \u00fcber den Schutz Ihrer Daten, Datennutzung und Ihre Rechte. Transparenz steht bei uns an erster Stelle.","robots":{"index":"index","follow":"follow","max-snippet":"max-snippet:-1","max-image-preview":"max-image-preview:large","max-video-preview":"max-video-preview:-1"},"canonical":"https:\/\/www.coinspeaker.com\/de\/datenschutz\/","og_locale":"de_DE","og_type":"article","og_title":"Datenschutzerkl\u00e4rung \u2013 Coinspeaker","og_description":"Erfahren Sie alles \u00fcber den Schutz Ihrer Daten, Datennutzung und Ihre Rechte. Transparenz steht bei uns an erster Stelle.","og_url":"https:\/\/www.coinspeaker.com\/de\/datenschutz\/","og_site_name":"Coinspeaker Deutschland","article_modified_time":"2025-06-03T11:34:02+00:00","twitter_card":"summary_large_image","twitter_misc":{"Est. reading time":"6\u00a0Minuten"},"schema":{"@context":"https:\/\/schema.org","@graph":[{"@type":"WebPage","@id":"https:\/\/www.coinspeaker.com\/de\/datenschutz\/","url":"https:\/\/www.coinspeaker.com\/de\/datenschutz\/","name":"Datenschutzerkl\u00e4rung \u2013 Coinspeaker","isPartOf":{"@id":"https:\/\/www.coinspeaker.com\/de\/#website"},"datePublished":"2025-06-03T11:06:58+00:00","dateModified":"2025-06-03T11:34:02+00:00","description":"Erfahren Sie alles \u00fcber den Schutz Ihrer Daten, Datennutzung und Ihre Rechte. Transparenz steht bei uns an erster Stelle.","breadcrumb":{"@id":"https:\/\/www.coinspeaker.com\/de\/datenschutz\/#breadcrumb"},"inLanguage":"de","potentialAction":[{"@type":"ReadAction","target":["https:\/\/www.coinspeaker.com\/de\/datenschutz\/"]}]},{"@type":"BreadcrumbList","@id":"https:\/\/www.coinspeaker.com\/de\/datenschutz\/#breadcrumb","itemListElement":[{"@type":"ListItem","position":1,"name":"Home","item":"https:\/\/www.coinspeaker.com\/de\/"},{"@type":"ListItem","position":2,"name":"Datenschutzerkl\u00e4rung"}]},{"@type":"WebSite","@id":"https:\/\/www.coinspeaker.com\/de\/#website","url":"https:\/\/www.coinspeaker.com\/de\/","name":"Coinspeaker Deutschland","description":"Bitcoin, Ethereum, Altcoins und Krypto-News mit Analysen, Live-Preisen, Daten-Charts und Anleitungen","potentialAction":[{"@type":"SearchAction","target":{"@type":"EntryPoint","urlTemplate":"https:\/\/www.coinspeaker.com\/de\/?s={search_term_string}"},"query-input":{"@type":"PropertyValueSpecification","valueRequired":true,"valueName":"search_term_string"}}],"inLanguage":"de"}]}},"amp_enabled":true,"_links":{"self":[{"href":"https:\/\/www.coinspeaker.com\/de\/wp-json\/wp\/v2\/pages\/596","targetHints":{"allow":["GET"]}}],"collection":[{"href":"https:\/\/www.coinspeaker.com\/de\/wp-json\/wp\/v2\/pages"}],"about":[{"href":"https:\/\/www.coinspeaker.com\/de\/wp-json\/wp\/v2\/types\/page"}],"author":[{"embeddable":true,"href":"https:\/\/www.coinspeaker.com\/de\/wp-json\/wp\/v2\/users\/159"}],"replies":[{"embeddable":true,"href":"https:\/\/www.coinspeaker.com\/de\/wp-json\/wp\/v2\/comments?post=596"}],"version-history":[{"count":3,"href":"https:\/\/www.coinspeaker.com\/de\/wp-json\/wp\/v2\/pages\/596\/revisions"}],"predecessor-version":[{"id":604,"href":"https:\/\/www.coinspeaker.com\/de\/wp-json\/wp\/v2\/pages\/596\/revisions\/604"}],"wp:attachment":[{"href":"https:\/\/www.coinspeaker.com\/de\/wp-json\/wp\/v2\/media?parent=596"}],"wp:term":[{"taxonomy":"post_tag","embeddable":true,"href":"https:\/\/www.coinspeaker.com\/de\/wp-json\/wp\/v2\/tags?post=596"}],"curies":[{"name":"wp","href":"https:\/\/api.w.org\/{rel}","templated":true}]}}