{"id":7258,"date":"2025-08-08T11:50:32","date_gmt":"2025-08-08T11:50:32","guid":{"rendered":"https:\/\/www.coinspeaker.com\/de\/?page_id=7258"},"modified":"2025-12-04T13:55:58","modified_gmt":"2025-12-04T13:55:58","slug":"bull-trap","status":"publish","type":"page","link":"https:\/\/www.coinspeaker.com\/de\/glossar\/bull-trap\/","title":{"rendered":"Was ist eine Bull Trap?"},"content":{"rendered":"<ul>\n<li>Der starke Kursanstieg erweckt den Eindruck eines Aufw\u00e4rtstrends und verleitet viele Anleger zum Kauf, die dann von einem deutlichen Kursr\u00fcckgang \u00fcberrascht werden.<\/li>\n<li>Der Name Bull Trap beschreibt diese Situation perfekt: <b>Bullen (optimistische Anleger) tappen<\/b> aufgrund eines starken Kursanstiegs <b>in eine Falle<\/b>.<\/li>\n<li>Bull Traps k\u00f6nnen auf verschiedene Arten entstehen. H\u00e4ufig entstehen sie durch <b>positive Nachrichten ohne Substanz<\/b>, ein <b>niedriges Handelsvolumen<\/b> oder <b>falsche technische Signale<\/b>.<\/li>\n<li>Zum Schutz vor einer Bull Trap sollte man daher bei kurzfristigen Kursspr\u00fcngen vorsichtig sein und verschiedene Indikatoren wie das <b>Handelsvolumen und langfristige Trends<\/b> analysieren.<\/li>\n<\/ul>\n<p><img loading=\"lazy\" decoding=\"async\" class=\"alignnone size-full wp-image-7287 aligncenter\" src=\"https:\/\/www.coinspeaker.com\/de\/wp-content\/uploads\/sites\/2\/2025\/08\/Was-ist-eine-Bull-Trap-1.jpg\" alt=\"Was ist eine Bull Trap\" width=\"1200\" height=\"800\" srcset=\"https:\/\/www.coinspeaker.com\/de\/wp-content\/uploads\/sites\/2\/2025\/08\/Was-ist-eine-Bull-Trap-1.jpg 1200w, https:\/\/www.coinspeaker.com\/de\/wp-content\/uploads\/sites\/2\/2025\/08\/Was-ist-eine-Bull-Trap-1-300x200.jpg 300w, https:\/\/www.coinspeaker.com\/de\/wp-content\/uploads\/sites\/2\/2025\/08\/Was-ist-eine-Bull-Trap-1-1024x683.jpg 1024w, https:\/\/www.coinspeaker.com\/de\/wp-content\/uploads\/sites\/2\/2025\/08\/Was-ist-eine-Bull-Trap-1-768x512.jpg 768w\" sizes=\"auto, (max-width: 1200px) 100vw, 1200px\" \/><\/p>\n","protected":false},"excerpt":{"rendered":"<p>Eine Bull Trap (zu deutsch: Bullenfalle) beschreibt einen irref\u00fchrenden Kursanstieg, auf den ein starker Kurseinbruch folgt.<\/p>\n","protected":false},"author":169,"featured_media":7287,"parent":17754,"menu_order":0,"comment_status":"closed","ping_status":"closed","template":"single-guides.php","meta":{"_acf_changed":false,"footnotes":""},"tags":[],"class_list":["post-7258","page","type-page","status-publish","has-post-thumbnail","hentry"],"acf":[],"yoast_head":"<!-- This site is optimized with the Yoast SEO plugin v25.7 - https:\/\/yoast.com\/wordpress\/plugins\/seo\/ -->\n<title>Was ist eine Bull Trap? Bullenfalle einfach erkl\u00e4rt<\/title>\n<meta name=\"description\" content=\"Was ist eine Bull Trap? Verst\u00e4ndliche Erkl\u00e4rung zur Bullenfalle, Definition, Entstehung und Schutz\" \/>\n<meta name=\"robots\" content=\"index, follow, max-snippet:-1, max-image-preview:large, max-video-preview:-1\" \/>\n<link rel=\"canonical\" href=\"https:\/\/www.coinspeaker.com\/de\/glossar\/bull-trap\/\" \/>\n<meta property=\"og:locale\" content=\"de_DE\" \/>\n<meta property=\"og:type\" content=\"article\" \/>\n<meta property=\"og:title\" content=\"Was ist eine Bull Trap? Bullenfalle einfach erkl\u00e4rt\" \/>\n<meta property=\"og:description\" content=\"Was ist eine Bull Trap? Verst\u00e4ndliche Erkl\u00e4rung zur Bullenfalle, Definition, Entstehung und Schutz\" \/>\n<meta property=\"og:url\" content=\"https:\/\/www.coinspeaker.com\/de\/glossar\/bull-trap\/\" \/>\n<meta property=\"og:site_name\" content=\"Coinspeaker Deutschland\" \/>\n<meta property=\"article:modified_time\" content=\"2025-12-04T13:55:58+00:00\" \/>\n<meta property=\"og:image\" content=\"https:\/\/www.coinspeaker.com\/de\/wp-content\/uploads\/sites\/2\/2025\/08\/Was-ist-eine-Bull-Trap-1.jpg\" \/>\n\t<meta property=\"og:image:width\" content=\"1200\" \/>\n\t<meta property=\"og:image:height\" content=\"800\" \/>\n\t<meta property=\"og:image:type\" content=\"image\/jpeg\" \/>\n<meta name=\"twitter:card\" content=\"summary_large_image\" \/>\n<meta name=\"twitter:label1\" content=\"Est. reading time\" \/>\n\t<meta name=\"twitter:data1\" content=\"1\u00a0Minute\" \/>\n<!-- \/ Yoast SEO plugin. -->","yoast_head_json":{"title":"Was ist eine Bull Trap? Bullenfalle einfach erkl\u00e4rt","description":"Was ist eine Bull Trap? Verst\u00e4ndliche Erkl\u00e4rung zur Bullenfalle, Definition, Entstehung und Schutz","robots":{"index":"index","follow":"follow","max-snippet":"max-snippet:-1","max-image-preview":"max-image-preview:large","max-video-preview":"max-video-preview:-1"},"canonical":"https:\/\/www.coinspeaker.com\/de\/glossar\/bull-trap\/","og_locale":"de_DE","og_type":"article","og_title":"Was ist eine Bull Trap? Bullenfalle einfach erkl\u00e4rt","og_description":"Was ist eine Bull Trap? Verst\u00e4ndliche Erkl\u00e4rung zur Bullenfalle, Definition, Entstehung und Schutz","og_url":"https:\/\/www.coinspeaker.com\/de\/glossar\/bull-trap\/","og_site_name":"Coinspeaker Deutschland","article_modified_time":"2025-12-04T13:55:58+00:00","og_image":[{"width":1200,"height":800,"url":"https:\/\/www.coinspeaker.com\/de\/wp-content\/uploads\/sites\/2\/2025\/08\/Was-ist-eine-Bull-Trap-1.jpg","type":"image\/jpeg"}],"twitter_card":"summary_large_image","twitter_misc":{"Est. reading time":"1\u00a0Minute"},"schema":{"@context":"https:\/\/schema.org","@graph":[{"@type":"WebPage","@id":"https:\/\/www.coinspeaker.com\/de\/glossar\/bull-trap\/","url":"https:\/\/www.coinspeaker.com\/de\/glossar\/bull-trap\/","name":"Was ist eine Bull Trap? Bullenfalle einfach erkl\u00e4rt","isPartOf":{"@id":"https:\/\/www.coinspeaker.com\/de\/#website"},"primaryImageOfPage":{"@id":"https:\/\/www.coinspeaker.com\/de\/glossar\/bull-trap\/#primaryimage"},"image":{"@id":"https:\/\/www.coinspeaker.com\/de\/glossar\/bull-trap\/#primaryimage"},"thumbnailUrl":"https:\/\/www.coinspeaker.com\/de\/wp-content\/uploads\/sites\/2\/2025\/08\/Was-ist-eine-Bull-Trap-1.jpg","datePublished":"2025-08-08T11:50:32+00:00","dateModified":"2025-12-04T13:55:58+00:00","description":"Was ist eine Bull Trap? Verst\u00e4ndliche Erkl\u00e4rung zur Bullenfalle, Definition, Entstehung und Schutz","breadcrumb":{"@id":"https:\/\/www.coinspeaker.com\/de\/glossar\/bull-trap\/#breadcrumb"},"inLanguage":"de","potentialAction":[{"@type":"ReadAction","target":["https:\/\/www.coinspeaker.com\/de\/glossar\/bull-trap\/"]}]},{"@type":"ImageObject","inLanguage":"de","@id":"https:\/\/www.coinspeaker.com\/de\/glossar\/bull-trap\/#primaryimage","url":"https:\/\/www.coinspeaker.com\/de\/wp-content\/uploads\/sites\/2\/2025\/08\/Was-ist-eine-Bull-Trap-1.jpg","contentUrl":"https:\/\/www.coinspeaker.com\/de\/wp-content\/uploads\/sites\/2\/2025\/08\/Was-ist-eine-Bull-Trap-1.jpg","width":1200,"height":800,"caption":"Was ist eine Bull Trap"},{"@type":"BreadcrumbList","@id":"https:\/\/www.coinspeaker.com\/de\/glossar\/bull-trap\/#breadcrumb","itemListElement":[{"@type":"ListItem","position":1,"name":"Home","item":"https:\/\/www.coinspeaker.com\/de\/"},{"@type":"ListItem","position":2,"name":"Glossar","item":"https:\/\/www.coinspeaker.com\/de\/glossar\/"},{"@type":"ListItem","position":3,"name":"Was ist eine Bull Trap?"}]},{"@type":"WebSite","@id":"https:\/\/www.coinspeaker.com\/de\/#website","url":"https:\/\/www.coinspeaker.com\/de\/","name":"Coinspeaker Deutschland","description":"Bitcoin, Ethereum, Altcoins und Krypto-News mit Analysen, Live-Preisen, Daten-Charts und Anleitungen","potentialAction":[{"@type":"SearchAction","target":{"@type":"EntryPoint","urlTemplate":"https:\/\/www.coinspeaker.com\/de\/?s={search_term_string}"},"query-input":{"@type":"PropertyValueSpecification","valueRequired":true,"valueName":"search_term_string"}}],"inLanguage":"de"}]}},"amp_enabled":false,"_links":{"self":[{"href":"https:\/\/www.coinspeaker.com\/de\/wp-json\/wp\/v2\/pages\/7258","targetHints":{"allow":["GET"]}}],"collection":[{"href":"https:\/\/www.coinspeaker.com\/de\/wp-json\/wp\/v2\/pages"}],"about":[{"href":"https:\/\/www.coinspeaker.com\/de\/wp-json\/wp\/v2\/types\/page"}],"author":[{"embeddable":true,"href":"https:\/\/www.coinspeaker.com\/de\/wp-json\/wp\/v2\/users\/169"}],"replies":[{"embeddable":true,"href":"https:\/\/www.coinspeaker.com\/de\/wp-json\/wp\/v2\/comments?post=7258"}],"version-history":[{"count":3,"href":"https:\/\/www.coinspeaker.com\/de\/wp-json\/wp\/v2\/pages\/7258\/revisions"}],"predecessor-version":[{"id":7648,"href":"https:\/\/www.coinspeaker.com\/de\/wp-json\/wp\/v2\/pages\/7258\/revisions\/7648"}],"up":[{"embeddable":true,"href":"https:\/\/www.coinspeaker.com\/de\/wp-json\/wp\/v2\/pages\/17754"}],"wp:featuredmedia":[{"embeddable":true,"href":"https:\/\/www.coinspeaker.com\/de\/wp-json\/wp\/v2\/media\/7287"}],"wp:attachment":[{"href":"https:\/\/www.coinspeaker.com\/de\/wp-json\/wp\/v2\/media?parent=7258"}],"wp:term":[{"taxonomy":"post_tag","embeddable":true,"href":"https:\/\/www.coinspeaker.com\/de\/wp-json\/wp\/v2\/tags?post=7258"}],"curies":[{"name":"wp","href":"https:\/\/api.w.org\/{rel}","templated":true}]}}