{"id":7305,"date":"2025-08-08T12:33:54","date_gmt":"2025-08-08T12:33:54","guid":{"rendered":"https:\/\/www.coinspeaker.com\/de\/?page_id=7305"},"modified":"2026-01-28T12:41:25","modified_gmt":"2026-01-28T12:41:25","slug":"wer-ist-robert-kiyosaki","status":"publish","type":"page","link":"https:\/\/www.coinspeaker.com\/de\/academy\/wer-ist-robert-kiyosaki\/","title":{"rendered":"Wer ist Robert Kiyosaki?"},"content":{"rendered":"<p>Robert Kiyosaki ist ein <strong>US-Unternehmer und Autor<\/strong>, der durch seinen Bestseller &#8222;<strong>Rich Dad Poor Dad<\/strong>&#8220; bekannt wurde.<\/p>\n<ul>\n<li>In diesem Buch erkl\u00e4rt er, was die Reichen ihren Kindern \u00fcber Geld beibringen und legt dabei einen besonderen Fokus auf den <b>Unterschied zwischen Verm\u00f6genswerten und Verbindlichkeiten<\/b>.<\/li>\n<li>In den vergangenen Jahren entwickelte sich Robert Kiyosaki zu einem <b>prominenten Bef\u00fcrworter von Bitcoin<\/b> (BTC).<\/li>\n<li>Er erachtet Bitcoin als <b>Mittel zum Schutz vor Inflation<\/b> und empfiehlt auf seinen Social-Media-Kan\u00e4len regelm\u00e4\u00dfig den Kauf von <b>Bitcoin, Gold, Silber und Immobilien<\/b>.<\/li>\n<\/ul>\n<p><img loading=\"lazy\" decoding=\"async\" class=\"alignnone size-full wp-image-7311 aligncenter\" src=\"https:\/\/www.coinspeaker.com\/de\/wp-content\/uploads\/sites\/2\/2025\/08\/Wer-ist-Robert-Kiyosaki.jpg\" alt=\"Wer ist Robert Kiyosaki\" width=\"1200\" height=\"800\" srcset=\"https:\/\/www.coinspeaker.com\/de\/wp-content\/uploads\/sites\/2\/2025\/08\/Wer-ist-Robert-Kiyosaki.jpg 1200w, https:\/\/www.coinspeaker.com\/de\/wp-content\/uploads\/sites\/2\/2025\/08\/Wer-ist-Robert-Kiyosaki-300x200.jpg 300w, https:\/\/www.coinspeaker.com\/de\/wp-content\/uploads\/sites\/2\/2025\/08\/Wer-ist-Robert-Kiyosaki-1024x683.jpg 1024w, https:\/\/www.coinspeaker.com\/de\/wp-content\/uploads\/sites\/2\/2025\/08\/Wer-ist-Robert-Kiyosaki-768x512.jpg 768w\" sizes=\"auto, (max-width: 1200px) 100vw, 1200px\" \/><\/p>\n<ul>\n<li>Diese Empfehlungen gehen oftmals mit einer <b>Warnung vor einem Zusammenbruch<\/b> des aktuellen Finanzsystems einher.<\/li>\n<li>Kiyosaki nutzt Bitcoin zudem als Beispiel f\u00fcr seine Ansicht, dass Menschen <b>selbst Verantwortung<\/b> f\u00fcr ihre finanziellen Entscheidungen \u00fcbernehmen m\u00fcssen. Da Bitcoin einen <b>Gegenentwurf zum traditionellen Finanzsystem<\/b> darstellt, erhielten Menschen mit Bitcoin <b>mehr Kontrolle<\/b> \u00fcber ihr eigenes Geld.<\/li>\n<li>Aufgrund dieser teilweise radikalen Ansichten ist Robert Kiyosaki im Finanzbereich <b>durchaus umstritten<\/b>.<\/li>\n<\/ul>\n","protected":false},"excerpt":{"rendered":"<p>Robert Kiyosaki ist ein US-Unternehmer und Autor, der durch seinen Bestseller &#8222;Rich Dad Poor Dad&#8220; bekannt wurde. In diesem Buch erkl\u00e4rt er, was die Reichen ihren Kindern \u00fcber Geld beibringen und legt dabei einen besonderen Fokus auf den Unterschied zwischen Verm\u00f6genswerten und Verbindlichkeiten. In den vergangenen Jahren entwickelte sich Robert Kiyosaki zu einem prominenten Bef\u00fcrworter [&hellip;]<\/p>\n","protected":false},"author":169,"featured_media":7311,"parent":15703,"menu_order":0,"comment_status":"closed","ping_status":"closed","template":"single-guides.php","meta":{"_acf_changed":false,"footnotes":""},"tags":[],"class_list":["post-7305","page","type-page","status-publish","has-post-thumbnail","hentry"],"acf":[],"yoast_head":"<!-- This site is optimized with the Yoast SEO plugin v25.7 - https:\/\/yoast.com\/wordpress\/plugins\/seo\/ -->\n<title>Wer ist Robert Kiyosaki?- Autor von Rich Dad Poor Dad &amp; Bitcoin-Fan<\/title>\n<meta name=\"description\" content=\"Robert Kiyosaki Biografie: Bestseller-Autor, Bitcoin-Bef\u00fcrworter, kontroverse Ansichten\" \/>\n<meta name=\"robots\" content=\"index, follow, max-snippet:-1, max-image-preview:large, max-video-preview:-1\" \/>\n<link rel=\"canonical\" href=\"https:\/\/www.coinspeaker.com\/de\/academy\/wer-ist-robert-kiyosaki\/\" \/>\n<meta property=\"og:locale\" content=\"de_DE\" \/>\n<meta property=\"og:type\" content=\"article\" \/>\n<meta property=\"og:title\" content=\"Wer ist Robert Kiyosaki?- Autor von Rich Dad Poor Dad &amp; Bitcoin-Fan\" \/>\n<meta property=\"og:description\" content=\"Robert Kiyosaki Biografie: Bestseller-Autor, Bitcoin-Bef\u00fcrworter, kontroverse Ansichten\" \/>\n<meta property=\"og:url\" content=\"https:\/\/www.coinspeaker.com\/de\/academy\/wer-ist-robert-kiyosaki\/\" \/>\n<meta property=\"og:site_name\" content=\"Coinspeaker Deutschland\" \/>\n<meta property=\"article:modified_time\" content=\"2026-01-28T12:41:25+00:00\" \/>\n<meta property=\"og:image\" content=\"https:\/\/www.coinspeaker.com\/de\/wp-content\/uploads\/sites\/2\/2025\/08\/Wer-ist-Robert-Kiyosaki.jpg\" \/>\n\t<meta property=\"og:image:width\" content=\"1200\" \/>\n\t<meta property=\"og:image:height\" content=\"800\" \/>\n\t<meta property=\"og:image:type\" content=\"image\/jpeg\" \/>\n<meta name=\"twitter:card\" content=\"summary_large_image\" \/>\n<meta name=\"twitter:label1\" content=\"Est. reading time\" \/>\n\t<meta name=\"twitter:data1\" content=\"2\u00a0Minuten\" \/>\n<!-- \/ Yoast SEO plugin. -->","yoast_head_json":{"title":"Wer ist Robert Kiyosaki?- Autor von Rich Dad Poor Dad & Bitcoin-Fan","description":"Robert Kiyosaki Biografie: Bestseller-Autor, Bitcoin-Bef\u00fcrworter, kontroverse Ansichten","robots":{"index":"index","follow":"follow","max-snippet":"max-snippet:-1","max-image-preview":"max-image-preview:large","max-video-preview":"max-video-preview:-1"},"canonical":"https:\/\/www.coinspeaker.com\/de\/academy\/wer-ist-robert-kiyosaki\/","og_locale":"de_DE","og_type":"article","og_title":"Wer ist Robert Kiyosaki?- Autor von Rich Dad Poor Dad & Bitcoin-Fan","og_description":"Robert Kiyosaki Biografie: Bestseller-Autor, Bitcoin-Bef\u00fcrworter, kontroverse Ansichten","og_url":"https:\/\/www.coinspeaker.com\/de\/academy\/wer-ist-robert-kiyosaki\/","og_site_name":"Coinspeaker Deutschland","article_modified_time":"2026-01-28T12:41:25+00:00","og_image":[{"width":1200,"height":800,"url":"https:\/\/www.coinspeaker.com\/de\/wp-content\/uploads\/sites\/2\/2025\/08\/Wer-ist-Robert-Kiyosaki.jpg","type":"image\/jpeg"}],"twitter_card":"summary_large_image","twitter_misc":{"Est. reading time":"2\u00a0Minuten"},"schema":{"@context":"https:\/\/schema.org","@graph":[{"@type":"WebPage","@id":"https:\/\/www.coinspeaker.com\/de\/academy\/wer-ist-robert-kiyosaki\/","url":"https:\/\/www.coinspeaker.com\/de\/academy\/wer-ist-robert-kiyosaki\/","name":"Wer ist Robert Kiyosaki?- Autor von Rich Dad Poor Dad & Bitcoin-Fan","isPartOf":{"@id":"https:\/\/www.coinspeaker.com\/de\/#website"},"primaryImageOfPage":{"@id":"https:\/\/www.coinspeaker.com\/de\/academy\/wer-ist-robert-kiyosaki\/#primaryimage"},"image":{"@id":"https:\/\/www.coinspeaker.com\/de\/academy\/wer-ist-robert-kiyosaki\/#primaryimage"},"thumbnailUrl":"https:\/\/www.coinspeaker.com\/de\/wp-content\/uploads\/sites\/2\/2025\/08\/Wer-ist-Robert-Kiyosaki.jpg","datePublished":"2025-08-08T12:33:54+00:00","dateModified":"2026-01-28T12:41:25+00:00","description":"Robert Kiyosaki Biografie: Bestseller-Autor, Bitcoin-Bef\u00fcrworter, kontroverse Ansichten","breadcrumb":{"@id":"https:\/\/www.coinspeaker.com\/de\/academy\/wer-ist-robert-kiyosaki\/#breadcrumb"},"inLanguage":"de","potentialAction":[{"@type":"ReadAction","target":["https:\/\/www.coinspeaker.com\/de\/academy\/wer-ist-robert-kiyosaki\/"]}]},{"@type":"ImageObject","inLanguage":"de","@id":"https:\/\/www.coinspeaker.com\/de\/academy\/wer-ist-robert-kiyosaki\/#primaryimage","url":"https:\/\/www.coinspeaker.com\/de\/wp-content\/uploads\/sites\/2\/2025\/08\/Wer-ist-Robert-Kiyosaki.jpg","contentUrl":"https:\/\/www.coinspeaker.com\/de\/wp-content\/uploads\/sites\/2\/2025\/08\/Wer-ist-Robert-Kiyosaki.jpg","width":1200,"height":800,"caption":"Wer ist Robert Kiyosaki"},{"@type":"BreadcrumbList","@id":"https:\/\/www.coinspeaker.com\/de\/academy\/wer-ist-robert-kiyosaki\/#breadcrumb","itemListElement":[{"@type":"ListItem","position":1,"name":"Home","item":"https:\/\/www.coinspeaker.com\/de\/"},{"@type":"ListItem","position":2,"name":"Academy","item":"https:\/\/www.coinspeaker.com\/de\/academy\/"},{"@type":"ListItem","position":3,"name":"Wer ist Robert Kiyosaki?"}]},{"@type":"WebSite","@id":"https:\/\/www.coinspeaker.com\/de\/#website","url":"https:\/\/www.coinspeaker.com\/de\/","name":"Coinspeaker Deutschland","description":"Bitcoin, Ethereum, Altcoins und Krypto-News mit Analysen, Live-Preisen, Daten-Charts und Anleitungen","potentialAction":[{"@type":"SearchAction","target":{"@type":"EntryPoint","urlTemplate":"https:\/\/www.coinspeaker.com\/de\/?s={search_term_string}"},"query-input":{"@type":"PropertyValueSpecification","valueRequired":true,"valueName":"search_term_string"}}],"inLanguage":"de"}]}},"amp_enabled":false,"_links":{"self":[{"href":"https:\/\/www.coinspeaker.com\/de\/wp-json\/wp\/v2\/pages\/7305","targetHints":{"allow":["GET"]}}],"collection":[{"href":"https:\/\/www.coinspeaker.com\/de\/wp-json\/wp\/v2\/pages"}],"about":[{"href":"https:\/\/www.coinspeaker.com\/de\/wp-json\/wp\/v2\/types\/page"}],"author":[{"embeddable":true,"href":"https:\/\/www.coinspeaker.com\/de\/wp-json\/wp\/v2\/users\/169"}],"replies":[{"embeddable":true,"href":"https:\/\/www.coinspeaker.com\/de\/wp-json\/wp\/v2\/comments?post=7305"}],"version-history":[{"count":3,"href":"https:\/\/www.coinspeaker.com\/de\/wp-json\/wp\/v2\/pages\/7305\/revisions"}],"predecessor-version":[{"id":21869,"href":"https:\/\/www.coinspeaker.com\/de\/wp-json\/wp\/v2\/pages\/7305\/revisions\/21869"}],"up":[{"embeddable":true,"href":"https:\/\/www.coinspeaker.com\/de\/wp-json\/wp\/v2\/pages\/15703"}],"wp:featuredmedia":[{"embeddable":true,"href":"https:\/\/www.coinspeaker.com\/de\/wp-json\/wp\/v2\/media\/7311"}],"wp:attachment":[{"href":"https:\/\/www.coinspeaker.com\/de\/wp-json\/wp\/v2\/media?parent=7305"}],"wp:term":[{"taxonomy":"post_tag","embeddable":true,"href":"https:\/\/www.coinspeaker.com\/de\/wp-json\/wp\/v2\/tags?post=7305"}],"curies":[{"name":"wp","href":"https:\/\/api.w.org\/{rel}","templated":true}]}}