{"id":7467,"date":"2025-08-11T10:01:32","date_gmt":"2025-08-11T10:01:32","guid":{"rendered":"https:\/\/www.coinspeaker.com\/de\/?page_id=7467"},"modified":"2025-12-04T13:53:59","modified_gmt":"2025-12-04T13:53:59","slug":"smart-contract","status":"publish","type":"page","link":"https:\/\/www.coinspeaker.com\/de\/glossar\/smart-contract\/","title":{"rendered":"Was ist ein Smart Contract?"},"content":{"rendered":"<ul>\n<li>Bei Smart Contracts werden die <b>Vereinbarungen<\/b> zwischen den unterschiedlichen Parteien <b>direkt in den Code<\/b> geschrieben und dann <b>auf einer Blockchain<\/b> gespeichert.<\/li>\n<li>Treten die Bedingungen ein, werden der Smart Contract und die darin beschriebenen Aktionen <b>automatisch ausgef\u00fchrt<\/b>, ohne dass eine der beteiligten Parteien aktiv werden muss.<\/li>\n<\/ul>\n<p><img loading=\"lazy\" decoding=\"async\" class=\"alignnone size-full wp-image-7479 aligncenter\" src=\"https:\/\/www.coinspeaker.com\/de\/wp-content\/uploads\/sites\/2\/2025\/08\/Was-ist-ein-Smart-Contract.jpg\" alt=\"Was ist ein Smart Contract\" width=\"1200\" height=\"800\" srcset=\"https:\/\/www.coinspeaker.com\/de\/wp-content\/uploads\/sites\/2\/2025\/08\/Was-ist-ein-Smart-Contract.jpg 1200w, https:\/\/www.coinspeaker.com\/de\/wp-content\/uploads\/sites\/2\/2025\/08\/Was-ist-ein-Smart-Contract-300x200.jpg 300w, https:\/\/www.coinspeaker.com\/de\/wp-content\/uploads\/sites\/2\/2025\/08\/Was-ist-ein-Smart-Contract-1024x683.jpg 1024w, https:\/\/www.coinspeaker.com\/de\/wp-content\/uploads\/sites\/2\/2025\/08\/Was-ist-ein-Smart-Contract-768x512.jpg 768w\" sizes=\"auto, (max-width: 1200px) 100vw, 1200px\" \/><\/p>\n<ul>\n<li>Smart Contracts haben verschiedene <b>Vorteile<\/b> gegen\u00fcber normalen Vertr\u00e4gen, da sie <b>transparent<\/b>, <b>nachverfolgbar<\/b>, <b>unver\u00e4nderbar<\/b> und <b>kosteng\u00fcnstig<\/b> sind.<\/li>\n<li>Durch die direkte Vertragsschlie\u00dfung zwischen den Parteien und die Umsetzung \u00fcber die Blockchain werden <b>keine Mittelsm\u00e4nner<\/b> wie Anw\u00e4lte oder Notare mehr ben\u00f6tigt.<\/li>\n<li>Zu den beliebtesten Plattformen f\u00fcr Smart Contracts z\u00e4hlen <b>Ethereum, Cardano und Solana<\/b>.<\/li>\n<\/ul>\n","protected":false},"excerpt":{"rendered":"<p>Ein Smart Contract ist ein digitaler Vertrag. Dieser wird ausgef\u00fchrt, sobald bestimmte Bedingungen erf\u00fcllt sind.<\/p>\n","protected":false},"author":169,"featured_media":7479,"parent":17754,"menu_order":0,"comment_status":"closed","ping_status":"closed","template":"single-guides.php","meta":{"_acf_changed":false,"footnotes":""},"tags":[],"class_list":["post-7467","page","type-page","status-publish","has-post-thumbnail","hentry"],"acf":[],"yoast_head":"<!-- This site is optimized with the Yoast SEO plugin v25.7 - https:\/\/yoast.com\/wordpress\/plugins\/seo\/ -->\n<title>Was ist ein Smart Contract? - Einfache Erkl\u00e4rung der digitalen Vertr\u00e4ge<\/title>\n<meta name=\"description\" content=\"Smart Contract Definition: Erkl\u00e4rung, Ausf\u00fchrung, Ethereum und Vorteile\" \/>\n<meta name=\"robots\" content=\"index, follow, max-snippet:-1, max-image-preview:large, max-video-preview:-1\" \/>\n<link rel=\"canonical\" href=\"https:\/\/www.coinspeaker.com\/de\/glossar\/smart-contract\/\" \/>\n<meta property=\"og:locale\" content=\"de_DE\" \/>\n<meta property=\"og:type\" content=\"article\" \/>\n<meta property=\"og:title\" content=\"Was ist ein Smart Contract? - Einfache Erkl\u00e4rung der digitalen Vertr\u00e4ge\" \/>\n<meta property=\"og:description\" content=\"Smart Contract Definition: Erkl\u00e4rung, Ausf\u00fchrung, Ethereum und Vorteile\" \/>\n<meta property=\"og:url\" content=\"https:\/\/www.coinspeaker.com\/de\/glossar\/smart-contract\/\" \/>\n<meta property=\"og:site_name\" content=\"Coinspeaker Deutschland\" \/>\n<meta property=\"article:modified_time\" content=\"2025-12-04T13:53:59+00:00\" \/>\n<meta property=\"og:image\" content=\"https:\/\/www.coinspeaker.com\/de\/wp-content\/uploads\/sites\/2\/2025\/08\/Was-ist-ein-Smart-Contract.jpg\" \/>\n\t<meta property=\"og:image:width\" content=\"1200\" \/>\n\t<meta property=\"og:image:height\" content=\"800\" \/>\n\t<meta property=\"og:image:type\" content=\"image\/jpeg\" \/>\n<meta name=\"twitter:card\" content=\"summary_large_image\" \/>\n<meta name=\"twitter:label1\" content=\"Est. reading time\" \/>\n\t<meta name=\"twitter:data1\" content=\"1\u00a0Minute\" \/>\n<!-- \/ Yoast SEO plugin. -->","yoast_head_json":{"title":"Was ist ein Smart Contract? - Einfache Erkl\u00e4rung der digitalen Vertr\u00e4ge","description":"Smart Contract Definition: Erkl\u00e4rung, Ausf\u00fchrung, Ethereum und Vorteile","robots":{"index":"index","follow":"follow","max-snippet":"max-snippet:-1","max-image-preview":"max-image-preview:large","max-video-preview":"max-video-preview:-1"},"canonical":"https:\/\/www.coinspeaker.com\/de\/glossar\/smart-contract\/","og_locale":"de_DE","og_type":"article","og_title":"Was ist ein Smart Contract? - Einfache Erkl\u00e4rung der digitalen Vertr\u00e4ge","og_description":"Smart Contract Definition: Erkl\u00e4rung, Ausf\u00fchrung, Ethereum und Vorteile","og_url":"https:\/\/www.coinspeaker.com\/de\/glossar\/smart-contract\/","og_site_name":"Coinspeaker Deutschland","article_modified_time":"2025-12-04T13:53:59+00:00","og_image":[{"width":1200,"height":800,"url":"https:\/\/www.coinspeaker.com\/de\/wp-content\/uploads\/sites\/2\/2025\/08\/Was-ist-ein-Smart-Contract.jpg","type":"image\/jpeg"}],"twitter_card":"summary_large_image","twitter_misc":{"Est. reading time":"1\u00a0Minute"},"schema":{"@context":"https:\/\/schema.org","@graph":[{"@type":"WebPage","@id":"https:\/\/www.coinspeaker.com\/de\/glossar\/smart-contract\/","url":"https:\/\/www.coinspeaker.com\/de\/glossar\/smart-contract\/","name":"Was ist ein Smart Contract? - Einfache Erkl\u00e4rung der digitalen Vertr\u00e4ge","isPartOf":{"@id":"https:\/\/www.coinspeaker.com\/de\/#website"},"primaryImageOfPage":{"@id":"https:\/\/www.coinspeaker.com\/de\/glossar\/smart-contract\/#primaryimage"},"image":{"@id":"https:\/\/www.coinspeaker.com\/de\/glossar\/smart-contract\/#primaryimage"},"thumbnailUrl":"https:\/\/www.coinspeaker.com\/de\/wp-content\/uploads\/sites\/2\/2025\/08\/Was-ist-ein-Smart-Contract.jpg","datePublished":"2025-08-11T10:01:32+00:00","dateModified":"2025-12-04T13:53:59+00:00","description":"Smart Contract Definition: Erkl\u00e4rung, Ausf\u00fchrung, Ethereum und Vorteile","breadcrumb":{"@id":"https:\/\/www.coinspeaker.com\/de\/glossar\/smart-contract\/#breadcrumb"},"inLanguage":"de","potentialAction":[{"@type":"ReadAction","target":["https:\/\/www.coinspeaker.com\/de\/glossar\/smart-contract\/"]}]},{"@type":"ImageObject","inLanguage":"de","@id":"https:\/\/www.coinspeaker.com\/de\/glossar\/smart-contract\/#primaryimage","url":"https:\/\/www.coinspeaker.com\/de\/wp-content\/uploads\/sites\/2\/2025\/08\/Was-ist-ein-Smart-Contract.jpg","contentUrl":"https:\/\/www.coinspeaker.com\/de\/wp-content\/uploads\/sites\/2\/2025\/08\/Was-ist-ein-Smart-Contract.jpg","width":1200,"height":800,"caption":"Was ist ein Smart Contract"},{"@type":"BreadcrumbList","@id":"https:\/\/www.coinspeaker.com\/de\/glossar\/smart-contract\/#breadcrumb","itemListElement":[{"@type":"ListItem","position":1,"name":"Home","item":"https:\/\/www.coinspeaker.com\/de\/"},{"@type":"ListItem","position":2,"name":"Glossar","item":"https:\/\/www.coinspeaker.com\/de\/glossar\/"},{"@type":"ListItem","position":3,"name":"Was ist ein Smart Contract?"}]},{"@type":"WebSite","@id":"https:\/\/www.coinspeaker.com\/de\/#website","url":"https:\/\/www.coinspeaker.com\/de\/","name":"Coinspeaker Deutschland","description":"Bitcoin, Ethereum, Altcoins und Krypto-News mit Analysen, Live-Preisen, Daten-Charts und Anleitungen","potentialAction":[{"@type":"SearchAction","target":{"@type":"EntryPoint","urlTemplate":"https:\/\/www.coinspeaker.com\/de\/?s={search_term_string}"},"query-input":{"@type":"PropertyValueSpecification","valueRequired":true,"valueName":"search_term_string"}}],"inLanguage":"de"}]}},"amp_enabled":false,"_links":{"self":[{"href":"https:\/\/www.coinspeaker.com\/de\/wp-json\/wp\/v2\/pages\/7467","targetHints":{"allow":["GET"]}}],"collection":[{"href":"https:\/\/www.coinspeaker.com\/de\/wp-json\/wp\/v2\/pages"}],"about":[{"href":"https:\/\/www.coinspeaker.com\/de\/wp-json\/wp\/v2\/types\/page"}],"author":[{"embeddable":true,"href":"https:\/\/www.coinspeaker.com\/de\/wp-json\/wp\/v2\/users\/169"}],"replies":[{"embeddable":true,"href":"https:\/\/www.coinspeaker.com\/de\/wp-json\/wp\/v2\/comments?post=7467"}],"version-history":[{"count":3,"href":"https:\/\/www.coinspeaker.com\/de\/wp-json\/wp\/v2\/pages\/7467\/revisions"}],"predecessor-version":[{"id":7656,"href":"https:\/\/www.coinspeaker.com\/de\/wp-json\/wp\/v2\/pages\/7467\/revisions\/7656"}],"up":[{"embeddable":true,"href":"https:\/\/www.coinspeaker.com\/de\/wp-json\/wp\/v2\/pages\/17754"}],"wp:featuredmedia":[{"embeddable":true,"href":"https:\/\/www.coinspeaker.com\/de\/wp-json\/wp\/v2\/media\/7479"}],"wp:attachment":[{"href":"https:\/\/www.coinspeaker.com\/de\/wp-json\/wp\/v2\/media?parent=7467"}],"wp:term":[{"taxonomy":"post_tag","embeddable":true,"href":"https:\/\/www.coinspeaker.com\/de\/wp-json\/wp\/v2\/tags?post=7467"}],"curies":[{"name":"wp","href":"https:\/\/api.w.org\/{rel}","templated":true}]}}