{"id":7507,"date":"2025-08-11T10:26:16","date_gmt":"2025-08-11T10:26:16","guid":{"rendered":"https:\/\/www.coinspeaker.com\/de\/?page_id=7507"},"modified":"2025-08-12T08:54:54","modified_gmt":"2025-08-12T08:54:54","slug":"was-ist-fomo","status":"publish","type":"page","link":"https:\/\/www.coinspeaker.com\/de\/wissen\/was-ist-fomo\/","title":{"rendered":"Was ist FOMO?"},"content":{"rendered":"<ul>\n<li>Der Begriff steht f\u00fcr die <b>Bef\u00fcrchtung bei Anlegern<\/b>, dass sie eine <b>gewinnbringende Anlagechance vers\u00e4umen<\/b> k\u00f6nnten.<\/li>\n<li>Dieses Ph\u00e4nomen tritt auf, wenn Aktien oder Kryptow\u00e4hrungen <b>stark ansteigen<\/b> und Anleger die Sorge haben, die m\u00f6glichen Gewinne zu verpassen.<\/li>\n<li>FOMO f\u00fchrt bei vielen Anlegern dazu, dass sie ihre eigentlich <b>rationalen Investmentpl\u00e4ne aufgeben<\/b> und stattdessen <b>auf emotionaler Basis investieren<\/b>.<\/li>\n<li>Dieses Verhalten kann zu <b>hohen Verlusten<\/b> f\u00fchren, weil Anleger dann oftmals <b>zu H\u00f6chstst\u00e4nden<\/b> investieren.<\/li>\n<li>Die Angst vor dem Verpassen kann beispielsweise durch <b>Social Media<\/b>, <b>Medienberichte<\/b> oder auch <b>Bekannte<\/b> ausgel\u00f6st werden.<\/li>\n<li>Um sich vor FOMO zu sch\u00fctzen, sollten Anleger <b>rational entscheiden<\/b>, sich <b>nicht von ihren Gef\u00fchlen leiten<\/b> lassen und einen Fokus auf das <b>Risikomanagement<\/b> legen.<\/li>\n<\/ul>\n<p><img loading=\"lazy\" decoding=\"async\" class=\"alignnone size-full wp-image-7515 aligncenter\" src=\"https:\/\/www.coinspeaker.com\/de\/wp-content\/uploads\/sites\/2\/2025\/08\/Was-ist-FOMO.jpg\" alt=\"Was ist FOMO?\" width=\"1200\" height=\"800\" srcset=\"https:\/\/www.coinspeaker.com\/de\/wp-content\/uploads\/sites\/2\/2025\/08\/Was-ist-FOMO.jpg 1200w, https:\/\/www.coinspeaker.com\/de\/wp-content\/uploads\/sites\/2\/2025\/08\/Was-ist-FOMO-300x200.jpg 300w, https:\/\/www.coinspeaker.com\/de\/wp-content\/uploads\/sites\/2\/2025\/08\/Was-ist-FOMO-1024x683.jpg 1024w, https:\/\/www.coinspeaker.com\/de\/wp-content\/uploads\/sites\/2\/2025\/08\/Was-ist-FOMO-768x512.jpg 768w\" sizes=\"auto, (max-width: 1200px) 100vw, 1200px\" \/><\/p>\n","protected":false},"excerpt":{"rendered":"<p>FOMO bedeutet Fear Of Missing Out.<\/p>\n","protected":false},"author":169,"featured_media":7515,"parent":1850,"menu_order":0,"comment_status":"closed","ping_status":"closed","template":"single-guides.php","meta":{"_acf_changed":false,"footnotes":""},"tags":[],"class_list":["post-7507","page","type-page","status-publish","has-post-thumbnail","hentry"],"acf":[],"yoast_head":"<!-- This site is optimized with the Yoast SEO plugin v25.7 - https:\/\/yoast.com\/wordpress\/plugins\/seo\/ -->\n<title>Was ist FOMO? Fear of Missing Out einfach erkl\u00e4rt<\/title>\n<meta name=\"description\" content=\"Was ist FOMO? Verlustangst, Entstehung, Marktumfeld und Schutzmechanismen\" \/>\n<meta name=\"robots\" content=\"index, follow, max-snippet:-1, max-image-preview:large, max-video-preview:-1\" \/>\n<link rel=\"canonical\" href=\"https:\/\/www.coinspeaker.com\/de\/wissen\/was-ist-fomo\/\" \/>\n<meta property=\"og:locale\" content=\"de_DE\" \/>\n<meta property=\"og:type\" content=\"article\" \/>\n<meta property=\"og:title\" content=\"Was ist FOMO? Fear of Missing Out einfach erkl\u00e4rt\" \/>\n<meta property=\"og:description\" content=\"Was ist FOMO? Verlustangst, Entstehung, Marktumfeld und Schutzmechanismen\" \/>\n<meta property=\"og:url\" content=\"https:\/\/www.coinspeaker.com\/de\/wissen\/was-ist-fomo\/\" \/>\n<meta property=\"og:site_name\" content=\"Coinspeaker Deutschland\" \/>\n<meta property=\"article:modified_time\" content=\"2025-08-12T08:54:54+00:00\" \/>\n<meta property=\"og:image\" content=\"https:\/\/www.coinspeaker.com\/de\/wp-content\/uploads\/sites\/2\/2025\/08\/Was-ist-FOMO.jpg\" \/>\n\t<meta property=\"og:image:width\" content=\"1200\" \/>\n\t<meta property=\"og:image:height\" content=\"800\" \/>\n\t<meta property=\"og:image:type\" content=\"image\/jpeg\" \/>\n<meta name=\"twitter:card\" content=\"summary_large_image\" \/>\n<meta name=\"twitter:label1\" content=\"Est. reading time\" \/>\n\t<meta name=\"twitter:data1\" content=\"2\u00a0Minuten\" \/>\n<!-- \/ Yoast SEO plugin. -->","yoast_head_json":{"title":"Was ist FOMO? Fear of Missing Out einfach erkl\u00e4rt","description":"Was ist FOMO? Verlustangst, Entstehung, Marktumfeld und Schutzmechanismen","robots":{"index":"index","follow":"follow","max-snippet":"max-snippet:-1","max-image-preview":"max-image-preview:large","max-video-preview":"max-video-preview:-1"},"canonical":"https:\/\/www.coinspeaker.com\/de\/wissen\/was-ist-fomo\/","og_locale":"de_DE","og_type":"article","og_title":"Was ist FOMO? Fear of Missing Out einfach erkl\u00e4rt","og_description":"Was ist FOMO? Verlustangst, Entstehung, Marktumfeld und Schutzmechanismen","og_url":"https:\/\/www.coinspeaker.com\/de\/wissen\/was-ist-fomo\/","og_site_name":"Coinspeaker Deutschland","article_modified_time":"2025-08-12T08:54:54+00:00","og_image":[{"width":1200,"height":800,"url":"https:\/\/www.coinspeaker.com\/de\/wp-content\/uploads\/sites\/2\/2025\/08\/Was-ist-FOMO.jpg","type":"image\/jpeg"}],"twitter_card":"summary_large_image","twitter_misc":{"Est. reading time":"2\u00a0Minuten"},"schema":{"@context":"https:\/\/schema.org","@graph":[{"@type":"WebPage","@id":"https:\/\/www.coinspeaker.com\/de\/wissen\/was-ist-fomo\/","url":"https:\/\/www.coinspeaker.com\/de\/wissen\/was-ist-fomo\/","name":"Was ist FOMO? Fear of Missing Out einfach erkl\u00e4rt","isPartOf":{"@id":"https:\/\/www.coinspeaker.com\/de\/#website"},"primaryImageOfPage":{"@id":"https:\/\/www.coinspeaker.com\/de\/wissen\/was-ist-fomo\/#primaryimage"},"image":{"@id":"https:\/\/www.coinspeaker.com\/de\/wissen\/was-ist-fomo\/#primaryimage"},"thumbnailUrl":"https:\/\/www.coinspeaker.com\/de\/wp-content\/uploads\/sites\/2\/2025\/08\/Was-ist-FOMO.jpg","datePublished":"2025-08-11T10:26:16+00:00","dateModified":"2025-08-12T08:54:54+00:00","description":"Was ist FOMO? Verlustangst, Entstehung, Marktumfeld und Schutzmechanismen","breadcrumb":{"@id":"https:\/\/www.coinspeaker.com\/de\/wissen\/was-ist-fomo\/#breadcrumb"},"inLanguage":"de","potentialAction":[{"@type":"ReadAction","target":["https:\/\/www.coinspeaker.com\/de\/wissen\/was-ist-fomo\/"]}]},{"@type":"ImageObject","inLanguage":"de","@id":"https:\/\/www.coinspeaker.com\/de\/wissen\/was-ist-fomo\/#primaryimage","url":"https:\/\/www.coinspeaker.com\/de\/wp-content\/uploads\/sites\/2\/2025\/08\/Was-ist-FOMO.jpg","contentUrl":"https:\/\/www.coinspeaker.com\/de\/wp-content\/uploads\/sites\/2\/2025\/08\/Was-ist-FOMO.jpg","width":1200,"height":800,"caption":"Was ist FOMO?"},{"@type":"BreadcrumbList","@id":"https:\/\/www.coinspeaker.com\/de\/wissen\/was-ist-fomo\/#breadcrumb","itemListElement":[{"@type":"ListItem","position":1,"name":"Home","item":"https:\/\/www.coinspeaker.com\/de\/"},{"@type":"ListItem","position":2,"name":"Wissen","item":"https:\/\/www.coinspeaker.com\/de\/wissen\/"},{"@type":"ListItem","position":3,"name":"Was ist FOMO?"}]},{"@type":"WebSite","@id":"https:\/\/www.coinspeaker.com\/de\/#website","url":"https:\/\/www.coinspeaker.com\/de\/","name":"Coinspeaker Deutschland","description":"Bitcoin, Ethereum, Altcoins und Krypto-News mit Analysen, Live-Preisen, Daten-Charts und Anleitungen","potentialAction":[{"@type":"SearchAction","target":{"@type":"EntryPoint","urlTemplate":"https:\/\/www.coinspeaker.com\/de\/?s={search_term_string}"},"query-input":{"@type":"PropertyValueSpecification","valueRequired":true,"valueName":"search_term_string"}}],"inLanguage":"de"}]}},"amp_enabled":false,"_links":{"self":[{"href":"https:\/\/www.coinspeaker.com\/de\/wp-json\/wp\/v2\/pages\/7507","targetHints":{"allow":["GET"]}}],"collection":[{"href":"https:\/\/www.coinspeaker.com\/de\/wp-json\/wp\/v2\/pages"}],"about":[{"href":"https:\/\/www.coinspeaker.com\/de\/wp-json\/wp\/v2\/types\/page"}],"author":[{"embeddable":true,"href":"https:\/\/www.coinspeaker.com\/de\/wp-json\/wp\/v2\/users\/169"}],"replies":[{"embeddable":true,"href":"https:\/\/www.coinspeaker.com\/de\/wp-json\/wp\/v2\/comments?post=7507"}],"version-history":[{"count":3,"href":"https:\/\/www.coinspeaker.com\/de\/wp-json\/wp\/v2\/pages\/7507\/revisions"}],"predecessor-version":[{"id":7663,"href":"https:\/\/www.coinspeaker.com\/de\/wp-json\/wp\/v2\/pages\/7507\/revisions\/7663"}],"up":[{"embeddable":true,"href":"https:\/\/www.coinspeaker.com\/de\/wp-json\/wp\/v2\/pages\/1850"}],"wp:featuredmedia":[{"embeddable":true,"href":"https:\/\/www.coinspeaker.com\/de\/wp-json\/wp\/v2\/media\/7515"}],"wp:attachment":[{"href":"https:\/\/www.coinspeaker.com\/de\/wp-json\/wp\/v2\/media?parent=7507"}],"wp:term":[{"taxonomy":"post_tag","embeddable":true,"href":"https:\/\/www.coinspeaker.com\/de\/wp-json\/wp\/v2\/tags?post=7507"}],"curies":[{"name":"wp","href":"https:\/\/api.w.org\/{rel}","templated":true}]}}