{"id":7517,"date":"2025-08-11T10:46:41","date_gmt":"2025-08-11T10:46:41","guid":{"rendered":"https:\/\/www.coinspeaker.com\/de\/?page_id=7517"},"modified":"2025-12-04T13:56:50","modified_gmt":"2025-12-04T13:56:50","slug":"fud","status":"publish","type":"page","link":"https:\/\/www.coinspeaker.com\/de\/glossar\/fud\/","title":{"rendered":"Was ist FUD?"},"content":{"rendered":"<ul>\n<li>Es beschreibt eine <b>Strategie<\/b>, bei der gezielt <b>Angst, Unsicherheit und Zweifel<\/b> bez\u00fcglich einer bestimmten Aktie oder einer Kryptow\u00e4hrung verbreitet werden.<\/li>\n<li>FUD wird eingesetzt, um <b>Anleger zu verunsichern<\/b> und die <b>Kurse zu belasten<\/b>.<\/li>\n<\/ul>\n<p><img loading=\"lazy\" decoding=\"async\" class=\"size-full wp-image-7529 aligncenter\" src=\"https:\/\/www.coinspeaker.com\/de\/wp-content\/uploads\/sites\/2\/2025\/08\/Was-ist-FUD.jpg\" alt=\"Was ist FUD?\" width=\"1200\" height=\"800\" srcset=\"https:\/\/www.coinspeaker.com\/de\/wp-content\/uploads\/sites\/2\/2025\/08\/Was-ist-FUD.jpg 1200w, https:\/\/www.coinspeaker.com\/de\/wp-content\/uploads\/sites\/2\/2025\/08\/Was-ist-FUD-300x200.jpg 300w, https:\/\/www.coinspeaker.com\/de\/wp-content\/uploads\/sites\/2\/2025\/08\/Was-ist-FUD-1024x683.jpg 1024w, https:\/\/www.coinspeaker.com\/de\/wp-content\/uploads\/sites\/2\/2025\/08\/Was-ist-FUD-768x512.jpg 768w\" sizes=\"auto, (max-width: 1200px) 100vw, 1200px\" \/><\/p>\n<ul>\n<li>Hierf\u00fcr werden beispielsweise <b>negative Nachrichten hervorgehoben<\/b> oder auch <b>Ger\u00fcchte gestreut<\/b>, die oftmals <b>dramatisiert dargestellt<\/b> oder <b>aus dem Zusammenhang gerissen<\/b> werden.<\/li>\n<li>Die Verbreitung von FUD l\u00e4uft oftmals \u00fcber <b>Social Media<\/b>, <b>Nachrichtenportale<\/b> und <b>Foren<\/b> ab.<\/li>\n<li>Oftmals drehen sich die Themen um <b>regulatorische Neuerungen<\/b>, <b>technische Probleme<\/b> oder <b>Sicherheitsl\u00fccken<\/b>.<\/li>\n<li>Um FUD von echten und wertvollen Informationen unterscheiden zu k\u00f6nnen, sollte man <b>verschiedene Quellen pr\u00fcfen<\/b> und <b>eigene \u00dcberlegungen<\/b> anstellen.<\/li>\n<\/ul>\n<p>Ein Beispiel, wie FUD in einem Gespr\u00e4ch genutzt wird:<\/p>\n<blockquote><p>&#8222;Hey h\u00f6r auf FUD zu verbreiten, die <a href=\"https:\/\/www.coinspeaker.com\/de\/prognose\/polkadot\/\">Polkadot Prognosen<\/a> sehen gut aus!&#8220;<\/p><\/blockquote>\n","protected":false},"excerpt":{"rendered":"<p>FUD steht f\u00fcr &#8222;Fear, Uncertainty and Doubt&#8220; (zu deutsch: Angst, Unsicherheit und Zweifel).<\/p>\n","protected":false},"author":169,"featured_media":7529,"parent":17754,"menu_order":0,"comment_status":"closed","ping_status":"closed","template":"single-guides.php","meta":{"_acf_changed":false,"footnotes":""},"tags":[],"class_list":["post-7517","page","type-page","status-publish","has-post-thumbnail","hentry"],"acf":[],"yoast_head":"<!-- This site is optimized with the Yoast SEO plugin v25.7 - https:\/\/yoast.com\/wordpress\/plugins\/seo\/ -->\n<title>Was ist FUD? Fear, Uncertainty and Doubt erkl\u00e4rt<\/title>\n<meta name=\"description\" content=\"Was ist FUD? Verst\u00e4ndliche Definition: Entstehung, Manipulation und Schutzma\u00dfnahmen\" \/>\n<meta name=\"robots\" content=\"index, follow, max-snippet:-1, max-image-preview:large, max-video-preview:-1\" \/>\n<link rel=\"canonical\" href=\"https:\/\/www.coinspeaker.com\/de\/glossar\/fud\/\" \/>\n<meta property=\"og:locale\" content=\"de_DE\" \/>\n<meta property=\"og:type\" content=\"article\" \/>\n<meta property=\"og:title\" content=\"Was ist FUD? Fear, Uncertainty and Doubt erkl\u00e4rt\" \/>\n<meta property=\"og:description\" content=\"Was ist FUD? Verst\u00e4ndliche Definition: Entstehung, Manipulation und Schutzma\u00dfnahmen\" \/>\n<meta property=\"og:url\" content=\"https:\/\/www.coinspeaker.com\/de\/glossar\/fud\/\" \/>\n<meta property=\"og:site_name\" content=\"Coinspeaker Deutschland\" \/>\n<meta property=\"article:modified_time\" content=\"2025-12-04T13:56:50+00:00\" \/>\n<meta property=\"og:image\" content=\"https:\/\/www.coinspeaker.com\/de\/wp-content\/uploads\/sites\/2\/2025\/08\/Was-ist-FUD.jpg\" \/>\n\t<meta property=\"og:image:width\" content=\"1200\" \/>\n\t<meta property=\"og:image:height\" content=\"800\" \/>\n\t<meta property=\"og:image:type\" content=\"image\/jpeg\" \/>\n<meta name=\"twitter:card\" content=\"summary_large_image\" \/>\n<meta name=\"twitter:label1\" content=\"Est. reading time\" \/>\n\t<meta name=\"twitter:data1\" content=\"1\u00a0Minute\" \/>\n<!-- \/ Yoast SEO plugin. -->","yoast_head_json":{"title":"Was ist FUD? Fear, Uncertainty and Doubt erkl\u00e4rt","description":"Was ist FUD? Verst\u00e4ndliche Definition: Entstehung, Manipulation und Schutzma\u00dfnahmen","robots":{"index":"index","follow":"follow","max-snippet":"max-snippet:-1","max-image-preview":"max-image-preview:large","max-video-preview":"max-video-preview:-1"},"canonical":"https:\/\/www.coinspeaker.com\/de\/glossar\/fud\/","og_locale":"de_DE","og_type":"article","og_title":"Was ist FUD? Fear, Uncertainty and Doubt erkl\u00e4rt","og_description":"Was ist FUD? Verst\u00e4ndliche Definition: Entstehung, Manipulation und Schutzma\u00dfnahmen","og_url":"https:\/\/www.coinspeaker.com\/de\/glossar\/fud\/","og_site_name":"Coinspeaker Deutschland","article_modified_time":"2025-12-04T13:56:50+00:00","og_image":[{"width":1200,"height":800,"url":"https:\/\/www.coinspeaker.com\/de\/wp-content\/uploads\/sites\/2\/2025\/08\/Was-ist-FUD.jpg","type":"image\/jpeg"}],"twitter_card":"summary_large_image","twitter_misc":{"Est. reading time":"1\u00a0Minute"},"schema":{"@context":"https:\/\/schema.org","@graph":[{"@type":"WebPage","@id":"https:\/\/www.coinspeaker.com\/de\/glossar\/fud\/","url":"https:\/\/www.coinspeaker.com\/de\/glossar\/fud\/","name":"Was ist FUD? Fear, Uncertainty and Doubt erkl\u00e4rt","isPartOf":{"@id":"https:\/\/www.coinspeaker.com\/de\/#website"},"primaryImageOfPage":{"@id":"https:\/\/www.coinspeaker.com\/de\/glossar\/fud\/#primaryimage"},"image":{"@id":"https:\/\/www.coinspeaker.com\/de\/glossar\/fud\/#primaryimage"},"thumbnailUrl":"https:\/\/www.coinspeaker.com\/de\/wp-content\/uploads\/sites\/2\/2025\/08\/Was-ist-FUD.jpg","datePublished":"2025-08-11T10:46:41+00:00","dateModified":"2025-12-04T13:56:50+00:00","description":"Was ist FUD? Verst\u00e4ndliche Definition: Entstehung, Manipulation und Schutzma\u00dfnahmen","breadcrumb":{"@id":"https:\/\/www.coinspeaker.com\/de\/glossar\/fud\/#breadcrumb"},"inLanguage":"de","potentialAction":[{"@type":"ReadAction","target":["https:\/\/www.coinspeaker.com\/de\/glossar\/fud\/"]}]},{"@type":"ImageObject","inLanguage":"de","@id":"https:\/\/www.coinspeaker.com\/de\/glossar\/fud\/#primaryimage","url":"https:\/\/www.coinspeaker.com\/de\/wp-content\/uploads\/sites\/2\/2025\/08\/Was-ist-FUD.jpg","contentUrl":"https:\/\/www.coinspeaker.com\/de\/wp-content\/uploads\/sites\/2\/2025\/08\/Was-ist-FUD.jpg","width":1200,"height":800,"caption":"Was ist FUD?"},{"@type":"BreadcrumbList","@id":"https:\/\/www.coinspeaker.com\/de\/glossar\/fud\/#breadcrumb","itemListElement":[{"@type":"ListItem","position":1,"name":"Home","item":"https:\/\/www.coinspeaker.com\/de\/"},{"@type":"ListItem","position":2,"name":"Glossar","item":"https:\/\/www.coinspeaker.com\/de\/glossar\/"},{"@type":"ListItem","position":3,"name":"Was ist FUD?"}]},{"@type":"WebSite","@id":"https:\/\/www.coinspeaker.com\/de\/#website","url":"https:\/\/www.coinspeaker.com\/de\/","name":"Coinspeaker Deutschland","description":"Bitcoin, Ethereum, Altcoins und Krypto-News mit Analysen, Live-Preisen, Daten-Charts und Anleitungen","potentialAction":[{"@type":"SearchAction","target":{"@type":"EntryPoint","urlTemplate":"https:\/\/www.coinspeaker.com\/de\/?s={search_term_string}"},"query-input":{"@type":"PropertyValueSpecification","valueRequired":true,"valueName":"search_term_string"}}],"inLanguage":"de"}]}},"amp_enabled":false,"_links":{"self":[{"href":"https:\/\/www.coinspeaker.com\/de\/wp-json\/wp\/v2\/pages\/7517","targetHints":{"allow":["GET"]}}],"collection":[{"href":"https:\/\/www.coinspeaker.com\/de\/wp-json\/wp\/v2\/pages"}],"about":[{"href":"https:\/\/www.coinspeaker.com\/de\/wp-json\/wp\/v2\/types\/page"}],"author":[{"embeddable":true,"href":"https:\/\/www.coinspeaker.com\/de\/wp-json\/wp\/v2\/users\/169"}],"replies":[{"embeddable":true,"href":"https:\/\/www.coinspeaker.com\/de\/wp-json\/wp\/v2\/comments?post=7517"}],"version-history":[{"count":4,"href":"https:\/\/www.coinspeaker.com\/de\/wp-json\/wp\/v2\/pages\/7517\/revisions"}],"predecessor-version":[{"id":7777,"href":"https:\/\/www.coinspeaker.com\/de\/wp-json\/wp\/v2\/pages\/7517\/revisions\/7777"}],"up":[{"embeddable":true,"href":"https:\/\/www.coinspeaker.com\/de\/wp-json\/wp\/v2\/pages\/17754"}],"wp:featuredmedia":[{"embeddable":true,"href":"https:\/\/www.coinspeaker.com\/de\/wp-json\/wp\/v2\/media\/7529"}],"wp:attachment":[{"href":"https:\/\/www.coinspeaker.com\/de\/wp-json\/wp\/v2\/media?parent=7517"}],"wp:term":[{"taxonomy":"post_tag","embeddable":true,"href":"https:\/\/www.coinspeaker.com\/de\/wp-json\/wp\/v2\/tags?post=7517"}],"curies":[{"name":"wp","href":"https:\/\/api.w.org\/{rel}","templated":true}]}}