{"id":7532,"date":"2025-08-11T11:12:17","date_gmt":"2025-08-11T11:12:17","guid":{"rendered":"https:\/\/www.coinspeaker.com\/de\/?page_id=7532"},"modified":"2025-12-04T14:01:03","modified_gmt":"2025-12-04T14:01:03","slug":"airdrop","status":"publish","type":"page","link":"https:\/\/www.coinspeaker.com\/de\/glossar\/airdrop\/","title":{"rendered":"Was ist ein Airdrop?"},"content":{"rendered":"<ul>\n<li>Um die Coins zu erhalten, m\u00fcssen Teilnehmer in der Regel <b>bestimmte Anforderungen<\/b> erf\u00fcllen oder <b>bestimmte Aufgaben<\/b> erledigen.<\/li>\n<li>Hierzu z\u00e4hlen beispielsweise das <b>Teilen von Posts<\/b> auf Social Media, das <b>Abonnieren eines Newsletters<\/b> oder auch das einfache <b>Halten einer bestimmten Kryptow\u00e4hrung<\/b>.<\/li>\n<li>Airdrops werden h\u00e4ufig als <b>Marketinginstrument<\/b> oder zur <b>Belohnung von aktiven Mitgliedern<\/b> in einer Community durchgef\u00fchrt.<\/li>\n<li>Der Umfang der Airdrops unterscheidet sich je nach Projekt und kann von einigen wenigen bis hin zu einer gro\u00dfen Anzahl an Coins reichen.<\/li>\n<li>F\u00fcr Teilnehmer stellen Airdrops eine M\u00f6glichkeit dar, <b>Kryptow\u00e4hrungen ohne einen Kauf<\/b> zu erhalten.<\/li>\n<li>Einige der gr\u00f6\u00dften Krypto-Airdrops der bisherigen Geschichte sind <b>Arbitrum<\/b>, <b>Ethereum Name Service<\/b>, <b>Uniswap<\/b> und <b>Ape Coin<\/b>.<\/li>\n<\/ul>\n<p><img loading=\"lazy\" decoding=\"async\" class=\"alignnone size-full wp-image-7542 aligncenter\" src=\"https:\/\/www.coinspeaker.com\/de\/wp-content\/uploads\/sites\/2\/2025\/08\/Was-ist-ein-Airdrop.jpg\" alt=\"Was ist ein Airdrop?\" width=\"1200\" height=\"800\" srcset=\"https:\/\/www.coinspeaker.com\/de\/wp-content\/uploads\/sites\/2\/2025\/08\/Was-ist-ein-Airdrop.jpg 1200w, https:\/\/www.coinspeaker.com\/de\/wp-content\/uploads\/sites\/2\/2025\/08\/Was-ist-ein-Airdrop-300x200.jpg 300w, https:\/\/www.coinspeaker.com\/de\/wp-content\/uploads\/sites\/2\/2025\/08\/Was-ist-ein-Airdrop-1024x683.jpg 1024w, https:\/\/www.coinspeaker.com\/de\/wp-content\/uploads\/sites\/2\/2025\/08\/Was-ist-ein-Airdrop-768x512.jpg 768w\" sizes=\"auto, (max-width: 1200px) 100vw, 1200px\" \/><\/p>\n","protected":false},"excerpt":{"rendered":"<p>Ein Airdrop ist die Verteilung von kostenlosen Kryptow\u00e4hrungen an bestimmte Wallet-Adressen.<\/p>\n","protected":false},"author":169,"featured_media":7542,"parent":17754,"menu_order":0,"comment_status":"closed","ping_status":"closed","template":"single-guides.php","meta":{"_acf_changed":false,"footnotes":""},"tags":[],"class_list":["post-7532","page","type-page","status-publish","has-post-thumbnail","hentry"],"acf":[],"yoast_head":"<!-- This site is optimized with the Yoast SEO plugin v25.7 - https:\/\/yoast.com\/wordpress\/plugins\/seo\/ -->\n<title>Was ist ein Airdrop? Alles zu Krypto-Geschenken<\/title>\n<meta name=\"description\" content=\"Was ist ein Airdrop? Alles zu kostenlosen Kryptow\u00e4hrungen: Verteilung, Bedingungen, Einsatzzwecke und Beispiele\" \/>\n<meta name=\"robots\" content=\"index, follow, max-snippet:-1, max-image-preview:large, max-video-preview:-1\" \/>\n<link rel=\"canonical\" href=\"https:\/\/www.coinspeaker.com\/de\/glossar\/airdrop\/\" \/>\n<meta property=\"og:locale\" content=\"de_DE\" \/>\n<meta property=\"og:type\" content=\"article\" \/>\n<meta property=\"og:title\" content=\"Was ist ein Airdrop? Alles zu Krypto-Geschenken\" \/>\n<meta property=\"og:description\" content=\"Was ist ein Airdrop? Alles zu kostenlosen Kryptow\u00e4hrungen: Verteilung, Bedingungen, Einsatzzwecke und Beispiele\" \/>\n<meta property=\"og:url\" content=\"https:\/\/www.coinspeaker.com\/de\/glossar\/airdrop\/\" \/>\n<meta property=\"og:site_name\" content=\"Coinspeaker Deutschland\" \/>\n<meta property=\"article:modified_time\" content=\"2025-12-04T14:01:03+00:00\" \/>\n<meta property=\"og:image\" content=\"https:\/\/www.coinspeaker.com\/de\/wp-content\/uploads\/sites\/2\/2025\/08\/Was-ist-ein-Airdrop.jpg\" \/>\n\t<meta property=\"og:image:width\" content=\"1200\" \/>\n\t<meta property=\"og:image:height\" content=\"800\" \/>\n\t<meta property=\"og:image:type\" content=\"image\/jpeg\" \/>\n<meta name=\"twitter:card\" content=\"summary_large_image\" \/>\n<meta name=\"twitter:label1\" content=\"Est. reading time\" \/>\n\t<meta name=\"twitter:data1\" content=\"1\u00a0Minute\" \/>\n<!-- \/ Yoast SEO plugin. -->","yoast_head_json":{"title":"Was ist ein Airdrop? Alles zu Krypto-Geschenken","description":"Was ist ein Airdrop? Alles zu kostenlosen Kryptow\u00e4hrungen: Verteilung, Bedingungen, Einsatzzwecke und Beispiele","robots":{"index":"index","follow":"follow","max-snippet":"max-snippet:-1","max-image-preview":"max-image-preview:large","max-video-preview":"max-video-preview:-1"},"canonical":"https:\/\/www.coinspeaker.com\/de\/glossar\/airdrop\/","og_locale":"de_DE","og_type":"article","og_title":"Was ist ein Airdrop? Alles zu Krypto-Geschenken","og_description":"Was ist ein Airdrop? Alles zu kostenlosen Kryptow\u00e4hrungen: Verteilung, Bedingungen, Einsatzzwecke und Beispiele","og_url":"https:\/\/www.coinspeaker.com\/de\/glossar\/airdrop\/","og_site_name":"Coinspeaker Deutschland","article_modified_time":"2025-12-04T14:01:03+00:00","og_image":[{"width":1200,"height":800,"url":"https:\/\/www.coinspeaker.com\/de\/wp-content\/uploads\/sites\/2\/2025\/08\/Was-ist-ein-Airdrop.jpg","type":"image\/jpeg"}],"twitter_card":"summary_large_image","twitter_misc":{"Est. reading time":"1\u00a0Minute"},"schema":{"@context":"https:\/\/schema.org","@graph":[{"@type":"WebPage","@id":"https:\/\/www.coinspeaker.com\/de\/glossar\/airdrop\/","url":"https:\/\/www.coinspeaker.com\/de\/glossar\/airdrop\/","name":"Was ist ein Airdrop? Alles zu Krypto-Geschenken","isPartOf":{"@id":"https:\/\/www.coinspeaker.com\/de\/#website"},"primaryImageOfPage":{"@id":"https:\/\/www.coinspeaker.com\/de\/glossar\/airdrop\/#primaryimage"},"image":{"@id":"https:\/\/www.coinspeaker.com\/de\/glossar\/airdrop\/#primaryimage"},"thumbnailUrl":"https:\/\/www.coinspeaker.com\/de\/wp-content\/uploads\/sites\/2\/2025\/08\/Was-ist-ein-Airdrop.jpg","datePublished":"2025-08-11T11:12:17+00:00","dateModified":"2025-12-04T14:01:03+00:00","description":"Was ist ein Airdrop? Alles zu kostenlosen Kryptow\u00e4hrungen: Verteilung, Bedingungen, Einsatzzwecke und Beispiele","breadcrumb":{"@id":"https:\/\/www.coinspeaker.com\/de\/glossar\/airdrop\/#breadcrumb"},"inLanguage":"de","potentialAction":[{"@type":"ReadAction","target":["https:\/\/www.coinspeaker.com\/de\/glossar\/airdrop\/"]}]},{"@type":"ImageObject","inLanguage":"de","@id":"https:\/\/www.coinspeaker.com\/de\/glossar\/airdrop\/#primaryimage","url":"https:\/\/www.coinspeaker.com\/de\/wp-content\/uploads\/sites\/2\/2025\/08\/Was-ist-ein-Airdrop.jpg","contentUrl":"https:\/\/www.coinspeaker.com\/de\/wp-content\/uploads\/sites\/2\/2025\/08\/Was-ist-ein-Airdrop.jpg","width":1200,"height":800,"caption":"Was ist ein Airdrop?"},{"@type":"BreadcrumbList","@id":"https:\/\/www.coinspeaker.com\/de\/glossar\/airdrop\/#breadcrumb","itemListElement":[{"@type":"ListItem","position":1,"name":"Home","item":"https:\/\/www.coinspeaker.com\/de\/"},{"@type":"ListItem","position":2,"name":"Glossar","item":"https:\/\/www.coinspeaker.com\/de\/glossar\/"},{"@type":"ListItem","position":3,"name":"Was ist ein Airdrop?"}]},{"@type":"WebSite","@id":"https:\/\/www.coinspeaker.com\/de\/#website","url":"https:\/\/www.coinspeaker.com\/de\/","name":"Coinspeaker Deutschland","description":"Bitcoin, Ethereum, Altcoins und Krypto-News mit Analysen, Live-Preisen, Daten-Charts und Anleitungen","potentialAction":[{"@type":"SearchAction","target":{"@type":"EntryPoint","urlTemplate":"https:\/\/www.coinspeaker.com\/de\/?s={search_term_string}"},"query-input":{"@type":"PropertyValueSpecification","valueRequired":true,"valueName":"search_term_string"}}],"inLanguage":"de"}]}},"amp_enabled":false,"_links":{"self":[{"href":"https:\/\/www.coinspeaker.com\/de\/wp-json\/wp\/v2\/pages\/7532","targetHints":{"allow":["GET"]}}],"collection":[{"href":"https:\/\/www.coinspeaker.com\/de\/wp-json\/wp\/v2\/pages"}],"about":[{"href":"https:\/\/www.coinspeaker.com\/de\/wp-json\/wp\/v2\/types\/page"}],"author":[{"embeddable":true,"href":"https:\/\/www.coinspeaker.com\/de\/wp-json\/wp\/v2\/users\/169"}],"replies":[{"embeddable":true,"href":"https:\/\/www.coinspeaker.com\/de\/wp-json\/wp\/v2\/comments?post=7532"}],"version-history":[{"count":3,"href":"https:\/\/www.coinspeaker.com\/de\/wp-json\/wp\/v2\/pages\/7532\/revisions"}],"predecessor-version":[{"id":7668,"href":"https:\/\/www.coinspeaker.com\/de\/wp-json\/wp\/v2\/pages\/7532\/revisions\/7668"}],"up":[{"embeddable":true,"href":"https:\/\/www.coinspeaker.com\/de\/wp-json\/wp\/v2\/pages\/17754"}],"wp:featuredmedia":[{"embeddable":true,"href":"https:\/\/www.coinspeaker.com\/de\/wp-json\/wp\/v2\/media\/7542"}],"wp:attachment":[{"href":"https:\/\/www.coinspeaker.com\/de\/wp-json\/wp\/v2\/media?parent=7532"}],"wp:term":[{"taxonomy":"post_tag","embeddable":true,"href":"https:\/\/www.coinspeaker.com\/de\/wp-json\/wp\/v2\/tags?post=7532"}],"curies":[{"name":"wp","href":"https:\/\/api.w.org\/{rel}","templated":true}]}}