{"id":1050,"date":"2025-06-18T20:11:37","date_gmt":"2025-06-18T20:11:37","guid":{"rendered":"https:\/\/www.coinspeaker.com\/es\/?page_id=1050"},"modified":"2025-08-27T09:21:01","modified_gmt":"2025-08-27T09:21:01","slug":"como-comprar-snorter","status":"publish","type":"page","link":"https:\/\/www.coinspeaker.com\/es\/como-comprar-snorter\/","title":{"rendered":"C\u00f3mo comprar Snorter (SNORT) \u2013 Tutorial y an\u00e1lisis"},"content":{"rendered":"<p>Snorter (SNORT) es un nuevo proyecto de <a href=\"https:\/\/www.coinspeaker.com\/es\/memecoins\/\"><strong>memecoin<\/strong><\/a> que combina el atractivo viral con una utilidad real. Es un token construido sobre Ethereum y Solana, e impulsa un ecosistema de trading, recompensas, apuestas y caracter\u00edsticas impulsadas por la comunidad.<\/p>\n<p>Este perfil examina <strong>qu\u00e9 es Snorter Token, c\u00f3mo comprarlo, c\u00f3mo funciona<\/strong> y por qu\u00e9 est\u00e1 llamando la atenci\u00f3n en un mercado repleto de opciones.<\/p>\n<h2>\u00bfQu\u00e9 es Snorter Token? En tres puntos:<\/h2>\n<ul>\n<li>El <strong>token SNORT<\/strong> es la llave de acceso a un bot de trading creado con la tecnolog\u00eda de Solana y anclado en Telegram, lo que convierte la app de mensajer\u00eda en un terminal de trading de crypto.<\/li>\n<li>Con las<strong> comisiones m\u00e1s bajas del mercado<\/strong>, funciones de seguridad y detecci\u00f3n de estafas, y herramientas \u00fatiles, Snorter Bot lo tiene todo para superar a la competencia.<\/li>\n<li>La <a href=\"https:\/\/www.coinspeaker.com\/es\/preventa-criptomonedas\/\"><strong>preventa de criptomonedas<\/strong><\/a> de SNORT acaba de empezar y ha atra\u00eddo un gran inter\u00e9s del mercado, a medida que se desarrolla el bot y todas sus funciones.<\/li>\n<\/ul>\n<p style=\"text-align: center\"><div class=\"su-button-center\"><a href=\"https:\/\/coinspeaker.com\/es\/visit\/snorter\" class=\"su-button su-button-style-flat\" style=\"color:#FFFFFF;background-color:#F6102B;border-color:#c50d23;border-radius:10px\" target=\"_blank\" rel=\"noopener noreferrer\"><span style=\"color:#FFFFFF;padding:0px 26px;font-size:20px;line-height:40px;border-color:#f9586b;border-radius:10px;text-shadow:none\"> Compra Snorter<\/span><\/a><\/div>\n<h2>Tutorial para comprar tokens Snorter<\/h2>\n<p>A continuaci\u00f3n te guiaremos a trav\u00e9s del proceso de compra de Snorter Token en 2025:<\/p>\n<h3>Paso 1. Instala Best Wallet<\/h3>\n<p>La aplicaci\u00f3n de wallet electr\u00f3nica de <a rel=\"nofollow sponsored\" href=\"\/es\/visit\/best-wallet\"><strong>Best Wallet<\/strong><\/a> est\u00e1 disponible en iOS y Android a trav\u00e9s de Google Play o App Store. Una vez en la tienda, ve a la barra de b\u00fasqueda y localiza \u00abBest Wallet\u00bb. Una vez que aparezca la aplicaci\u00f3n, pulsa \u00abDescargar\u00bb e instala la app en tu tablet o smartphone.<\/p>\n<p>A continuaci\u00f3n, configura tu wallet, introduce tu contrase\u00f1a y prepara tus fondos. Dado que el proyecto SNORT est\u00e1 alineado con Solana y Ethereum, puedes adquirir estos tokens: SOL, ETH, USDT o USDC.<\/p>\n<h3>Paso 2. Ve a la p\u00e1gina web oficial de Snorter<\/h3>\n<p>Desde esta gu\u00eda, hemos destacado algunos enlaces que te redirigen a la p\u00e1gina web oficial de Snorter. Haz clic en uno de ellos para ir instant\u00e1neamente a la preventa de $SNORT con un 100% de seguridad. Ten cuidado por donde pisas, ya que hay muchos sitios fraudulentos en Internet.<\/p>\n<p><img loading=\"lazy\" decoding=\"async\" class=\"aligncenter size-full wp-image-538\" src=\"https:\/\/www.coinspeaker.com\/es\/wp-content\/uploads\/sites\/4\/2025\/05\/snorter-home.webp\" alt=\"preventa de snorter\" width=\"1200\" height=\"717\" srcset=\"https:\/\/www.coinspeaker.com\/es\/wp-content\/uploads\/sites\/4\/2025\/05\/snorter-home.webp 1200w, https:\/\/www.coinspeaker.com\/es\/wp-content\/uploads\/sites\/4\/2025\/05\/snorter-home-300x179.webp 300w, https:\/\/www.coinspeaker.com\/es\/wp-content\/uploads\/sites\/4\/2025\/05\/snorter-home-1024x612.webp 1024w, https:\/\/www.coinspeaker.com\/es\/wp-content\/uploads\/sites\/4\/2025\/05\/snorter-home-768x459.webp 768w\" sizes=\"auto, (max-width: 1200px) 100vw, 1200px\" \/><\/p>\n<h3>Paso 3. Comprar $SNORT<\/h3>\n<p>\u00a1Bienvenido a la p\u00e1gina oficial de Snorter! Ahora puedes ver un widget que te permite comprar $SNORT, conecta tu wallet a \u00e9l firmando una transacci\u00f3n. A continuaci\u00f3n, s\u00f3lo tienes que introducir la cantidad en ETH, SOL, USDT, BNB o incluso con tarjeta que deseas invertir en Snorter, y hacer clic en \u00abComprar\u00bb. Firma la transacci\u00f3n para validarla desde Best Wallet.<\/p>\n<h3>Paso 4. Asegura tus tokens<\/h3>\n<p>Normalmente, como Snorter es un token de preventa, tienes que esperar hasta el final de la preventa para intercambiar las <a href=\"https:\/\/www.coinspeaker.com\/es\/nuevas-criptomonedas\/\"><strong>nuevas criptomonedas<\/strong><\/a> que has adquirido y asegurarlas en la wallet conectada a la plataforma. Sin embargo, el equipo de desarrollo ha permitido que $SNORT se pueda stakear en la fase de preventa. Con esta decisi\u00f3n, los impulsores del proyecto quieren recompensar a los primeros propietarios permiti\u00e9ndoles obtener ingresos pasivos e impulsar su exposici\u00f3n a este token, que podr\u00eda despegar tras su lanzamiento oficial.<\/p>\n<p>Una vez firmada la transacci\u00f3n y finalizada la preventa, las recompensas pueden reclamarse en el mismo lugar.<\/p>\n<h2>\u00bfPor qu\u00e9 invertir en el token Snorter?<\/h2>\n<p>Con miles de criptomonedas llegando al ecosistema blockchain cada mes v\u00eda preventa o ICO, es natural que te preguntes por qu\u00e9 Snorter ser\u00eda una buena apuesta. Sin m\u00e1s pre\u00e1mbulos, hemos recopilado algunas razones por las que creemos que es una criptomoneda prometedora.<\/p>\n<h3>Bot de trading en un mercado de r\u00e1pido crecimiento<\/h3>\n<p>Snorter acompa\u00f1ado de su token $SNORT se desarrollar\u00e1 como una soluci\u00f3n de trading automatizada en Telegram, que hasta la fecha es la red social m\u00e1s demandada por las comunidades de criptomonedas. Dado que millones de usuarios se dejan seducir por estas caracter\u00edsticas propias de <a href=\"https:\/\/www.coinspeaker.com\/es\/criptomonedas-x1000\/\"><strong>criptomonedas x1000<\/strong><\/a>, no es de extra\u00f1ar que un gran n\u00famero de traders \u00ab<em>degens<\/em>\u00bb est\u00e9n interesados en ella.<\/p>\n<p>El mercado de bots de comercio de criptomonedas se valor\u00f3 en 41.610 millones de d\u00f3lares en 2024, con una proyecci\u00f3n de 154.000 millones de d\u00f3lares para 2033. Est\u00e1 claro, pues, que la elecci\u00f3n de posicionarse en este sector es bastante acertada. El mercado y la demanda ya est\u00e1n ah\u00ed, lo que significa que si Snorter consigue convertirse en el mejor bot de trading en Telegram, podr\u00e1 hacerse con una buena parte de este mercado en crecimiento.<\/p>\n<p><img loading=\"lazy\" decoding=\"async\" class=\"aligncenter wp-image-1054 size-full\" src=\"https:\/\/www.coinspeaker.com\/es\/wp-content\/uploads\/sites\/4\/2025\/06\/snorter-bot.jpg\" alt=\"bot de snorter vs competencia\" width=\"1200\" height=\"738\" srcset=\"https:\/\/www.coinspeaker.com\/es\/wp-content\/uploads\/sites\/4\/2025\/06\/snorter-bot.jpg 1200w, https:\/\/www.coinspeaker.com\/es\/wp-content\/uploads\/sites\/4\/2025\/06\/snorter-bot-300x185.jpg 300w, https:\/\/www.coinspeaker.com\/es\/wp-content\/uploads\/sites\/4\/2025\/06\/snorter-bot-1024x630.jpg 1024w, https:\/\/www.coinspeaker.com\/es\/wp-content\/uploads\/sites\/4\/2025\/06\/snorter-bot-768x472.jpg 768w\" sizes=\"auto, (max-width: 1200px) 100vw, 1200px\" \/><\/p>\n<h3>Precios con ventaja durante la preventa<\/h3>\n<p>Con su preventa lanzada en mayo de 2025, el token $SNORT ya ha recaudado m\u00e1s de 1 mill\u00f3n de d\u00f3lares. Lo que es m\u00e1s, el token se puede comprar a un precio bajo. Los equipos al frente de este proyecto pretenden recaudar fondos para financiar el desarrollo de su tecnolog\u00eda, as\u00ed como su comercializaci\u00f3n. Sin embargo, debes tener en cuenta que la preventa se est\u00e1 llevando a cabo en varias fases, lo que aumentar\u00e1 gradualmente el precio de estas <a href=\"https:\/\/www.coinspeaker.com\/es\/criptomonedas-baratas\/\"><strong>criptomonedas baratas<\/strong><\/a>.<\/p>\n<p>Por lo tanto, comprar Snorter en este momento significa aprovechar unos precios que, sin duda, son mucho m\u00e1s bajos que los de la futura cotizaci\u00f3n en DEX y CEX. Por lo tanto, parece mucho m\u00e1s atractivo posicionarse lo antes posible para obtener $SNORT en una fase temprana.<\/p>\n<h3>Ingresos pasivos con staking<\/h3>\n<p><a rel=\"nofollow sponsored\" href=\"\/es\/visit\/snorter\"><strong>Snorter<\/strong><\/a> es un token multicadena compatible principalmente con Solana y Ethereum, con extensiones previstas para otras blockchains como BNB, Polygon y Base. Este es un punto clave a tener en cuenta, ya que significar\u00eda que se dispone de un pool de staking para generar importantes ingresos pasivos en $SNORT (hasta 1,585% APY).<\/p>\n<p>Este mecanismo es bastante interesante para los inversores que hayan decidido adquirir $SNORT en 2025, ya que pueden colocar sus tokens en la red mientras esperan a que finalice la preventa, al tiempo que obtienen importantes recompensas y acumulan tokens.<\/p>\n<p>Para recompensar el staking, la oferta total ha destinado 25 millones de $SNORT.<\/p>\n<p><img loading=\"lazy\" decoding=\"async\" class=\"aligncenter size-full wp-image-1055\" src=\"https:\/\/www.coinspeaker.com\/es\/wp-content\/uploads\/sites\/4\/2025\/06\/snorter-utilidad.jpg\" alt=\"como comprar snorter\" width=\"1200\" height=\"817\" srcset=\"https:\/\/www.coinspeaker.com\/es\/wp-content\/uploads\/sites\/4\/2025\/06\/snorter-utilidad.jpg 1200w, https:\/\/www.coinspeaker.com\/es\/wp-content\/uploads\/sites\/4\/2025\/06\/snorter-utilidad-300x204.jpg 300w, https:\/\/www.coinspeaker.com\/es\/wp-content\/uploads\/sites\/4\/2025\/06\/snorter-utilidad-1024x697.jpg 1024w, https:\/\/www.coinspeaker.com\/es\/wp-content\/uploads\/sites\/4\/2025\/06\/snorter-utilidad-768x523.jpg 768w\" sizes=\"auto, (max-width: 1200px) 100vw, 1200px\" \/><\/p>\n<h3>Ventajas t\u00e9cnicas \u00fanicas<\/h3>\n<p>Una de las misiones de Snorter nos interesa especialmente, y podr\u00eda resolver un problema real en el mundo del comercio de criptomonedas. Utilizando una infraestructura RPC de alto rendimiento y una protecci\u00f3n MEV avanzada, esta soluci\u00f3n podr\u00eda evitar transacciones fallidas, proteger contra el front-running y ofrecer una ejecuci\u00f3n por debajo del segundo.<\/p>\n<p>Con miles de millones de d\u00f3lares negociados diariamente en plataformas de intercambio descentralizadas, la adquisici\u00f3n de $SNORT parece una atractiva oportunidad para capitalizar la creciente popularidad de la negociaci\u00f3n automatizada.<\/p>\n<p style=\"text-align: center\"><div class=\"su-button-center\"><a href=\"https:\/\/coinspeaker.com\/es\/visit\/snorter\" class=\"su-button su-button-style-flat\" style=\"color:#FFFFFF;background-color:#F6102B;border-color:#c50d23;border-radius:10px\" target=\"_blank\" rel=\"noopener noreferrer\"><span style=\"color:#FFFFFF;padding:0px 26px;font-size:20px;line-height:40px;border-color:#f9586b;border-radius:10px;text-shadow:none\"> Compra Snorter<\/span><\/a><\/div>\n<h2>Predicci\u00f3n del precio de Snorter<\/h2>\n<p>Con regulaciones cada vez m\u00e1s precisas, as\u00ed como la creciente pr\u00e1ctica del comercio automatizado, el mercado se dirige finalmente hacia una fase de madurez. Con m\u00e1s de 1 mill\u00f3n de d\u00f3lares recaudados en tan s\u00f3lo unos d\u00edas, este proyecto ha tenido un buen comienzo.<\/p>\n<p>Una vez que la versi\u00f3n completa de este bot de trading de Telegram sea finalmente desvelada oficialmente por sus equipos, las posibilidades de que los inversores se tranquilicen y otros entren en <em>FOMO<\/em> son muy altas. Seg\u00fan nuestras estimaciones, este lanzamiento podr\u00eda producirse entre junio y julio de 2025.<\/p>\n<ul>\n<li>Navegando en el DEX de Solana y Ethereum durante la carrera alcista de 2025, $SNORT podr\u00eda funcionar extraordinariamente bien y llevar su precio a un m\u00ednimo de 0,517 d\u00f3lares en 2026.<\/li>\n<li>Sin embargo, se trata de un proyecto en fase inicial y no tenemos ni idea del \u00e9xito real que tendr\u00e1 la soluci\u00f3n esperada. A\u00fan as\u00ed, muchos expertos del mercado creen que Snorter es una de las <strong>memecoins de Solana<\/strong> a seguir de cerca hasta 2030.<\/li>\n<li>Una de sus bazas es que Snorter detecta r\u00e1pidamente rugpulls y honeypots durante tus transacciones, con una tasa de \u00e9xito del 85% en la versi\u00f3n beta cerrada. Tambi\u00e9n obtendr\u00e1s escaneos en tiempo real, detecci\u00f3n de estafas y alertas de congelaci\u00f3n durante tus transacciones. La clave de esta predicci\u00f3n a largo plazo <strong>depende de que Snorter cumpla con sus promesas a nivel de funciones, prestaciones, y resultados<\/strong>.<\/li>\n<\/ul>\n<p><img loading=\"lazy\" decoding=\"async\" class=\"aligncenter size-full wp-image-1056\" src=\"https:\/\/www.coinspeaker.com\/es\/wp-content\/uploads\/sites\/4\/2025\/06\/bot-sniping-1.jpg\" alt=\"que es snorter token\" width=\"1200\" height=\"390\" srcset=\"https:\/\/www.coinspeaker.com\/es\/wp-content\/uploads\/sites\/4\/2025\/06\/bot-sniping-1.jpg 1200w, https:\/\/www.coinspeaker.com\/es\/wp-content\/uploads\/sites\/4\/2025\/06\/bot-sniping-1-300x98.jpg 300w, https:\/\/www.coinspeaker.com\/es\/wp-content\/uploads\/sites\/4\/2025\/06\/bot-sniping-1-1024x333.jpg 1024w, https:\/\/www.coinspeaker.com\/es\/wp-content\/uploads\/sites\/4\/2025\/06\/bot-sniping-1-768x250.jpg 768w\" sizes=\"auto, (max-width: 1200px) 100vw, 1200px\" \/><\/p>\n<h2>Conclusi\u00f3n<\/h2>\n<p>En nuestra opini\u00f3n, <strong>Snorter<\/strong> es un token de utilidad como pocas veces se ha visto desde principios de 2025. Con docenas de meme coins apareciendo a diario en el mercado y en las distintas blockchains, este proyecto parece tener mayores ambiciones al crear una infraestructura automatizada y ultrarr\u00e1pida para uso de traders e inversores activos, en Telegram. Un bot de trading de \u00faltima generaci\u00f3n que rivaliza con BonkBot, Maestro y Trojan.<\/p>\n<p>Sin embargo, te recomendamos <strong>comprar Snorter<\/strong> en la medida de lo que puedas permitirte en tu presupuesto. Esta criptomoneda podr\u00eda experimentar una volatilidad significativa una vez que se lance en las primeras DEX (bolsas descentralizadas), ya que sigue siendo una memecoin.<\/p>\n<p class=\"p1\" style=\"text-align: center\"><div class=\"su-button-center\"><a href=\"https:\/\/coinspeaker.com\/es\/visit\/snorter\" class=\"su-button su-button-style-flat\" style=\"color:#FFFFFF;background-color:#F6102B;border-color:#c50d23;border-radius:10px\" target=\"_blank\" rel=\"noopener noreferrer\"><span style=\"color:#FFFFFF;padding:0px 26px;font-size:20px;line-height:40px;border-color:#f9586b;border-radius:10px;text-shadow:none\"> Compra Snorter<\/span><\/a><\/div>\n<h3>Otras gu\u00edas<\/h3>\n<ul>\n<li><a href=\"https:\/\/www.coinspeaker.com\/es\/como-comprar-pump-fun\/\"><strong>C\u00f3mo comprar Pump.fun<\/strong><\/a><\/li>\n<\/ul>\n<h2>Preguntas frecuentes<\/h2>\n<div class=\"man_faq_sec\" itemscope itemtype=\"https:\/\/schema.org\/FAQPage\"><\/time><script>jQuery(document).ready(function() {\n\t\t\t\t\t\t\t\tjQuery(\".accordionButton\").click(function() {\n\t\t\t\t\t\t\t\t\tjQuery(\".accordionButton\").removeClass(\"on\");\n\t\t\t\t\t\t\t\t\tjQuery(\".accordionContent\").slideUp(\"normal\");\n\t\t\t\t\t\t\t\t\tif(jQuery(this).parents(\".ms_faq\").find(\".accordionContent\").is(\":hidden\") == true) {\n\t\t\t\t\t\t\t\t\t\tjQuery(this).addClass(\"on\");\n\t\t\t\t\t\t\t\t\t\tjQuery(this).parents(\".ms_faq\").find(\".accordionContent\").slideDown(\"normal\");\n\t\t\t\t\t\t\t\t\t }\n\t\t\t\t\t\t\t\t });\n\t\t\t\t\t\t\t\t });\n\t\t\t\t\t\t\t<\/script><section class=\"ms_faq ms_card \" ><div itemscope itemprop=\"mainEntity\" itemtype=\"https:\/\/schema.org\/Question\"><div class=\"accordionButton\"><h3 itemprop=\"name\">\u00bfD\u00f3nde se puede comprar Snorter?<\/h3> <\/div>\n<div class=\"accordionContent\" itemscope itemprop=\"acceptedAnswer\" itemtype=\"https:\/\/schema.org\/Answer\" style=\"display:none;\"><p itemprop=\"text\">SNORT est\u00e1 disponible s\u00f3lo desde su p\u00e1gina web oficial, hasta que acabe la preventa y llegue a exchanges DEX.<\/p>\n                <\/div><\/div><\/section>\n<section class=\"ms_faq ms_card \" ><div itemscope itemprop=\"mainEntity\" itemtype=\"https:\/\/schema.org\/Question\"><div class=\"accordionButton\"><h3 itemprop=\"name\">\u00bfCu\u00e1les son las ventajas de Snorter?<\/h3> <\/div>\n<div class=\"accordionContent\" itemscope itemprop=\"acceptedAnswer\" itemtype=\"https:\/\/schema.org\/Answer\" style=\"display:none;\"><p itemprop=\"text\">Entre las principales ventajas se incluyen comisiones de negociaci\u00f3n del 0,85%, ejecuci\u00f3n en menos de un segundo, protecci\u00f3n MEV, detecci\u00f3n de estafas del 85% y altas recompensas por staking.<\/p>\n                <\/div><\/div><\/section>\n<section class=\"ms_faq ms_card \" ><div itemscope itemprop=\"mainEntity\" itemtype=\"https:\/\/schema.org\/Question\"><div class=\"accordionButton\"><h3 itemprop=\"name\">\u00bfCu\u00e1les son los riesgos asociados a $SNORT?<\/h3> <\/div>\n<div class=\"accordionContent\" itemscope itemprop=\"acceptedAnswer\" itemtype=\"https:\/\/schema.org\/Answer\" style=\"display:none;\"><p itemprop=\"text\">Como cualquier proyecto de preventa, existen riesgos asociados al desarrollo, adopci\u00f3n y volatilidad del mercado de criptomonedas.<\/p>\n                <\/div><\/div><\/section>\n<\/div>","protected":false},"excerpt":{"rendered":"<p>En nuestra opini\u00f3n, Snorter es un token de utilidad como pocas veces se ha visto desde principios de 2025.<\/p>\n","protected":false},"author":163,"featured_media":1052,"parent":0,"menu_order":0,"comment_status":"closed","ping_status":"closed","template":"single-guides.php","meta":{"_acf_changed":false,"footnotes":""},"tags":[],"class_list":["post-1050","page","type-page","status-publish","has-post-thumbnail","hentry"],"acf":[],"yoast_head":"<!-- This site is optimized with the Yoast SEO plugin v25.7 - https:\/\/yoast.com\/wordpress\/plugins\/seo\/ -->\n<title>C\u00f3mo comprar Snorter (SNORT) \u2013 Tutorial y an\u00e1lisis<\/title>\n<meta name=\"description\" content=\"Este perfil examina qu\u00e9 es Snorter Token, c\u00f3mo comprarlo, c\u00f3mo funciona y por qu\u00e9 est\u00e1 llamando la atenci\u00f3n en un mercado repleto.\" \/>\n<meta name=\"robots\" content=\"index, follow, max-snippet:-1, max-image-preview:large, max-video-preview:-1\" \/>\n<link rel=\"canonical\" href=\"https:\/\/www.coinspeaker.com\/es\/como-comprar-snorter\/\" \/>\n<meta property=\"og:locale\" content=\"es_ES\" \/>\n<meta property=\"og:type\" content=\"article\" \/>\n<meta property=\"og:title\" content=\"C\u00f3mo comprar Snorter (SNORT) \u2013 Tutorial y an\u00e1lisis\" \/>\n<meta property=\"og:description\" content=\"Este perfil examina qu\u00e9 es Snorter Token, c\u00f3mo comprarlo, c\u00f3mo funciona y por qu\u00e9 est\u00e1 llamando la atenci\u00f3n en un mercado repleto.\" \/>\n<meta property=\"og:url\" content=\"https:\/\/www.coinspeaker.com\/es\/como-comprar-snorter\/\" \/>\n<meta property=\"og:site_name\" content=\"Coinspeaker - Noticias sobre criptomonedas en espa\u00f1ol\" \/>\n<meta property=\"article:modified_time\" content=\"2025-08-27T09:21:01+00:00\" \/>\n<meta property=\"og:image\" content=\"https:\/\/www.coinspeaker.com\/es\/wp-content\/uploads\/sites\/4\/2025\/06\/Snorter-Token-Mascot.webp\" \/>\n\t<meta property=\"og:image:width\" content=\"1000\" \/>\n\t<meta property=\"og:image:height\" content=\"895\" \/>\n\t<meta property=\"og:image:type\" content=\"image\/webp\" \/>\n<meta name=\"twitter:card\" content=\"summary_large_image\" \/>\n<meta name=\"twitter:label1\" content=\"Est. reading time\" \/>\n\t<meta name=\"twitter:data1\" content=\"8 minutos\" \/>\n<!-- \/ Yoast SEO plugin. -->","yoast_head_json":{"title":"C\u00f3mo comprar Snorter (SNORT) \u2013 Tutorial y an\u00e1lisis","description":"Este perfil examina qu\u00e9 es Snorter Token, c\u00f3mo comprarlo, c\u00f3mo funciona y por qu\u00e9 est\u00e1 llamando la atenci\u00f3n en un mercado repleto.","robots":{"index":"index","follow":"follow","max-snippet":"max-snippet:-1","max-image-preview":"max-image-preview:large","max-video-preview":"max-video-preview:-1"},"canonical":"https:\/\/www.coinspeaker.com\/es\/como-comprar-snorter\/","og_locale":"es_ES","og_type":"article","og_title":"C\u00f3mo comprar Snorter (SNORT) \u2013 Tutorial y an\u00e1lisis","og_description":"Este perfil examina qu\u00e9 es Snorter Token, c\u00f3mo comprarlo, c\u00f3mo funciona y por qu\u00e9 est\u00e1 llamando la atenci\u00f3n en un mercado repleto.","og_url":"https:\/\/www.coinspeaker.com\/es\/como-comprar-snorter\/","og_site_name":"Coinspeaker - Noticias sobre criptomonedas en espa\u00f1ol","article_modified_time":"2025-08-27T09:21:01+00:00","og_image":[{"width":1000,"height":895,"url":"https:\/\/www.coinspeaker.com\/es\/wp-content\/uploads\/sites\/4\/2025\/06\/Snorter-Token-Mascot.webp","type":"image\/webp"}],"twitter_card":"summary_large_image","twitter_misc":{"Est. reading time":"8 minutos"},"schema":{"@context":"https:\/\/schema.org","@graph":[{"@type":"WebPage","@id":"https:\/\/www.coinspeaker.com\/es\/como-comprar-snorter\/","url":"https:\/\/www.coinspeaker.com\/es\/como-comprar-snorter\/","name":"C\u00f3mo comprar Snorter (SNORT) \u2013 Tutorial y an\u00e1lisis","isPartOf":{"@id":"https:\/\/www.coinspeaker.com\/es\/#website"},"primaryImageOfPage":{"@id":"https:\/\/www.coinspeaker.com\/es\/como-comprar-snorter\/#primaryimage"},"image":{"@id":"https:\/\/www.coinspeaker.com\/es\/como-comprar-snorter\/#primaryimage"},"thumbnailUrl":"https:\/\/www.coinspeaker.com\/es\/wp-content\/uploads\/sites\/4\/2025\/06\/Snorter-Token-Mascot.webp","datePublished":"2025-06-18T20:11:37+00:00","dateModified":"2025-08-27T09:21:01+00:00","description":"Este perfil examina qu\u00e9 es Snorter Token, c\u00f3mo comprarlo, c\u00f3mo funciona y por qu\u00e9 est\u00e1 llamando la atenci\u00f3n en un mercado repleto.","breadcrumb":{"@id":"https:\/\/www.coinspeaker.com\/es\/como-comprar-snorter\/#breadcrumb"},"inLanguage":"es","potentialAction":[{"@type":"ReadAction","target":["https:\/\/www.coinspeaker.com\/es\/como-comprar-snorter\/"]}]},{"@type":"ImageObject","inLanguage":"es","@id":"https:\/\/www.coinspeaker.com\/es\/como-comprar-snorter\/#primaryimage","url":"https:\/\/www.coinspeaker.com\/es\/wp-content\/uploads\/sites\/4\/2025\/06\/Snorter-Token-Mascot.webp","contentUrl":"https:\/\/www.coinspeaker.com\/es\/wp-content\/uploads\/sites\/4\/2025\/06\/Snorter-Token-Mascot.webp","width":1000,"height":895,"caption":"snorter token"},{"@type":"BreadcrumbList","@id":"https:\/\/www.coinspeaker.com\/es\/como-comprar-snorter\/#breadcrumb","itemListElement":[{"@type":"ListItem","position":1,"name":"Home","item":"https:\/\/www.coinspeaker.com\/es\/"},{"@type":"ListItem","position":2,"name":"C\u00f3mo comprar Snorter (SNORT) \u2013 Tutorial y an\u00e1lisis"}]},{"@type":"WebSite","@id":"https:\/\/www.coinspeaker.com\/es\/#website","url":"https:\/\/www.coinspeaker.com\/es\/","name":"Coinspeaker - Noticias sobre criptomonedas en espa\u00f1ol","description":"Bitcoin, Ethereum, Altcoins y Cripto Noticias con An\u00e1lisis, Precios en Vivo, Gr\u00e1ficos de Datos y Gu\u00edas.","publisher":{"@id":"https:\/\/www.coinspeaker.com\/es\/#organization"},"potentialAction":[{"@type":"SearchAction","target":{"@type":"EntryPoint","urlTemplate":"https:\/\/www.coinspeaker.com\/es\/?s={search_term_string}"},"query-input":{"@type":"PropertyValueSpecification","valueRequired":true,"valueName":"search_term_string"}}],"inLanguage":"es"},{"@type":"Organization","@id":"https:\/\/www.coinspeaker.com\/es\/#organization","name":"Coinspeaker","alternateName":"Coinspeaker.com","url":"https:\/\/www.coinspeaker.com\/es\/","logo":{"@type":"ImageObject","inLanguage":"es","@id":"https:\/\/www.coinspeaker.com\/es\/#\/schema\/logo\/image\/","url":"https:\/\/www.coinspeaker.com\/es\/wp-content\/uploads\/sites\/4\/2025\/05\/cs.png","contentUrl":"https:\/\/www.coinspeaker.com\/es\/wp-content\/uploads\/sites\/4\/2025\/05\/cs.png","width":512,"height":512,"caption":"Coinspeaker"},"image":{"@id":"https:\/\/www.coinspeaker.com\/es\/#\/schema\/logo\/image\/"}}]}},"amp_enabled":false,"_links":{"self":[{"href":"https:\/\/www.coinspeaker.com\/es\/wp-json\/wp\/v2\/pages\/1050","targetHints":{"allow":["GET"]}}],"collection":[{"href":"https:\/\/www.coinspeaker.com\/es\/wp-json\/wp\/v2\/pages"}],"about":[{"href":"https:\/\/www.coinspeaker.com\/es\/wp-json\/wp\/v2\/types\/page"}],"author":[{"embeddable":true,"href":"https:\/\/www.coinspeaker.com\/es\/wp-json\/wp\/v2\/users\/163"}],"replies":[{"embeddable":true,"href":"https:\/\/www.coinspeaker.com\/es\/wp-json\/wp\/v2\/comments?post=1050"}],"version-history":[{"count":3,"href":"https:\/\/www.coinspeaker.com\/es\/wp-json\/wp\/v2\/pages\/1050\/revisions"}],"predecessor-version":[{"id":2963,"href":"https:\/\/www.coinspeaker.com\/es\/wp-json\/wp\/v2\/pages\/1050\/revisions\/2963"}],"wp:featuredmedia":[{"embeddable":true,"href":"https:\/\/www.coinspeaker.com\/es\/wp-json\/wp\/v2\/media\/1052"}],"wp:attachment":[{"href":"https:\/\/www.coinspeaker.com\/es\/wp-json\/wp\/v2\/media?parent=1050"}],"wp:term":[{"taxonomy":"post_tag","embeddable":true,"href":"https:\/\/www.coinspeaker.com\/es\/wp-json\/wp\/v2\/tags?post=1050"}],"curies":[{"name":"wp","href":"https:\/\/api.w.org\/{rel}","templated":true}]}}