{"id":1136,"date":"2025-06-23T04:37:20","date_gmt":"2025-06-23T04:37:20","guid":{"rendered":"https:\/\/www.coinspeaker.com\/es\/?page_id=1136"},"modified":"2025-11-12T14:33:55","modified_gmt":"2025-11-12T14:33:55","slug":"como-comprar-best-wallet-token","status":"publish","type":"page","link":"https:\/\/www.coinspeaker.com\/es\/como-comprar-best-wallet-token\/","title":{"rendered":"C\u00f3mo comprar Best Wallet Token (BEST) \u2013 Tutorial y an\u00e1lisis"},"content":{"rendered":"<p>BEST Token es la criptomoneda nativa de Best Wallet, una billetera dise\u00f1ada para simplificar la gesti\u00f3n de activos digitales. Accesible y segura, Best Wallet es una criptocartera que permite a los usuarios almacenar, comerciar y comprar criptomonedas de una forma m\u00e1s f\u00e1cil que nunca. Con su interfaz intuitiva y sus m\u00faltiples funciones, Best Wallet atrae cada vez a m\u00e1s usuarios, en especial ahora que est\u00e1 en marcha la preventa de su token propio.<\/p>\n<p>Esta gu\u00eda te explicar\u00e1 <strong>c\u00f3mo comprar Best Wallet Token (BEST)<\/strong> con facilidad, mientras descubres sus ventajas y las razones de su potencial en el ecosistema blockchain. Sigue los pasos y descubre por qu\u00e9 este proyecto es uno que debes conocer.<\/p>\n<h2>\u00bfQu\u00e9 es Best Wallet Token? En tres puntos:<\/h2>\n<ul>\n<li><strong>Seguridad m\u00e1xima<\/strong>: Best Wallet incorpora protocolos avanzados para garantizar la protecci\u00f3n de los activos digitales, incluida la autenticaci\u00f3n multifactor y las claves privadas controladas por el usuario.<\/li>\n<li><strong>Interfaz intuitiva<\/strong>: Best Wallet ha sido dise\u00f1ada tanto para principiantes como para expertos; ofrece una navegaci\u00f3n sencilla, haciendo que la gesti\u00f3n de criptomonedas sea r\u00e1pida y eficiente.<\/li>\n<li><strong>Ecosistema en crecimiento<\/strong>: Adem\u00e1s de permitir la compra y el almacenamiento de activos, la plataforma admite la apuesta directa y el intercambio de criptodivisas.<\/li>\n<li><strong>Compatibilidad multi-cadena<\/strong>: Best Wallet y su token BEST son compatibles con m\u00faltiples cadenas de bloques, por lo que la interoperabilidad es perfecta para los usuarios.<\/li>\n<\/ul>\n<h2>\u00bfC\u00f3mo comprar BEST Token en Best Wallet?<\/h2>\n<p>Si quieres pasar a la acci\u00f3n sin m\u00e1s, sigue estos pasos.<\/p>\n<ol>\n<li>En primer lugar, <a rel=\"nofollow sponsored\" href=\"\/es\/visit\/best-token\"><strong>debes ir al sitio web oficial de preventa de BEST<\/strong><\/a> para acceder a la interfaz dedicada.<\/li>\n<li>En segundo lugar, <strong>haz clic en \u00abComprar ahora\u00bb y conecta tu wallet<\/strong>. BEST te da la opci\u00f3n de comprarla en la propia Best Wallet o por supuesto con otras wallets, aunque su utilidad m\u00e1xima se despliega en su propio ecosistema nativo.<\/li>\n<li>A continuaci\u00f3n, <strong>selecciona la opci\u00f3n de compra<\/strong> que desees a trav\u00e9s del widget integrado. Puedes completar tu transacci\u00f3n conectando tu wallet. Recordatorio: puedes pagar con tarjeta, aunque necesitar\u00e1s la wallet crypto igualmente.<\/li>\n<li>Por \u00faltimo, escoge la cantidad de tokens BEST que vas a comprar y, a continuaci\u00f3n, valida la transacci\u00f3n para completar la compra.<\/li>\n<li>Puedes hacer staking de tokens BEST de inmediato, o bien esperar a reclamarlos cuando acabe la <a href=\"https:\/\/www.coinspeaker.com\/es\/preventa-criptomonedas\/\"><strong>preventa de criptomonedas<\/strong><\/a>.<\/li>\n<\/ol>\n<h2>\u00bfQu\u00e9 es Best Wallet Token?<\/h2>\n<p>El token $BEST es la piedra angular del ecosistema Best Wallet, una plataforma dedicada a la gesti\u00f3n de las criptomonedas. El token forma parte de esta wallet moderna, con funciones avanzadas y compatibilidad con 60 blockchains distintas.<\/p>\n<p><img loading=\"lazy\" decoding=\"async\" class=\"aligncenter wp-image-175 size-full\" src=\"https:\/\/www.coinspeaker.com\/es\/wp-content\/uploads\/sites\/4\/2025\/05\/besttoken.webp\" alt=\"best wallet token\" width=\"1200\" height=\"628\" srcset=\"https:\/\/www.coinspeaker.com\/es\/wp-content\/uploads\/sites\/4\/2025\/05\/besttoken.webp 1200w, https:\/\/www.coinspeaker.com\/es\/wp-content\/uploads\/sites\/4\/2025\/05\/besttoken-300x157.webp 300w, https:\/\/www.coinspeaker.com\/es\/wp-content\/uploads\/sites\/4\/2025\/05\/besttoken-1024x536.webp 1024w, https:\/\/www.coinspeaker.com\/es\/wp-content\/uploads\/sites\/4\/2025\/05\/besttoken-768x402.webp 768w\" sizes=\"auto, (max-width: 1200px) 100vw, 1200px\" \/><\/p>\n<p>BEST permite realizar intercambios r\u00e1pidos entre <a href=\"https:\/\/www.coinspeaker.com\/es\/altcoins\/\"><strong>altcoins<\/strong><\/a> y a tarifas de gas m\u00ednimas. El token, de utilidad, da acceso adem\u00e1s a servicios exclusivos, descuentos y recompensas para la comunidad. Algunos productos futuros del ecosistema, como la Best Card o el staking, tienen mejores condiciones si se posee BEST.<\/p>\n<p>A nivel de dise\u00f1o, el equipo de desarrollo construy\u00f3 Best Wallet pensando en la experiencia del usuario. Como resultado, Best Wallet se posiciona como una soluci\u00f3n completa para la gesti\u00f3n de criptomonedas: compra, venta, intercambio, e inversi\u00f3n, con trading en el futuro. La fuerza de BEST Token reside en su doble utilidad: promueve tanto el crecimiento del ecosistema como la ganancia de valor a largo plazo para sus poseedores.<\/p>\n<p style=\"text-align: center\"><a rel=\"nofollow sponsored\" href=\"\/es\/visit\/best-token\"><strong>Conoce Best Wallet Token<\/strong><\/a><\/p>\n<h2>\u00bfPor qu\u00e9 comprar Best Wallet Token?<\/h2>\n<p>Veamos algunos de los motivos que han llevado a muchos usuarios a invertir un total acumulado de 13,5 millones de d\u00f3lares en la preventa de Best Wallet Token (y subiendo).<\/p>\n<ul>\n<li>La utilidad de BEST dentro del ecosistema es elevada, ya que permitir\u00e1 el acceso a tarifas reducidas, menos comisiones por intercambios, y otros descuentos as\u00ed como funciones premium incluyendo un staking m\u00e1s lucrativo.<\/li>\n<li>La Best Wallet incorpora miles de descargas y nuevos usuarios cada semana, as\u00ed que tener su token nativo a su precio m\u00e1s bajo puede ser una ventaja en el futuro, con una demanda a\u00fan mayor.<\/li>\n<li>Tener BEST en mano da derechos de gobierno y de voto en decisiones sobre el futuro de la plataforma, de manera comunitaria.<\/li>\n<li>El staking de BEST da 101,21 tokens por bloque de ETH de forma din\u00e1mica, y tiene un dise\u00f1o para 3 a\u00f1os.<\/li>\n<li>Todav\u00eda hay muy pocas wallets de criptomonedas que dispongan de token propio, por lo que es una de las pioneras.<\/li>\n<li>Hay funciones en desarrollo, como la tarjeta Best Card, que se beneficiar\u00e1n del token nativo del ecosistema Best Wallet.<\/li>\n<\/ul>\n<p><img loading=\"lazy\" decoding=\"async\" class=\"aligncenter size-full wp-image-1140\" src=\"https:\/\/www.coinspeaker.com\/es\/wp-content\/uploads\/sites\/4\/2025\/06\/best-token.jpg\" alt=\"best wallet token\" width=\"1200\" height=\"640\" srcset=\"https:\/\/www.coinspeaker.com\/es\/wp-content\/uploads\/sites\/4\/2025\/06\/best-token.jpg 1200w, https:\/\/www.coinspeaker.com\/es\/wp-content\/uploads\/sites\/4\/2025\/06\/best-token-300x160.jpg 300w, https:\/\/www.coinspeaker.com\/es\/wp-content\/uploads\/sites\/4\/2025\/06\/best-token-1024x546.jpg 1024w, https:\/\/www.coinspeaker.com\/es\/wp-content\/uploads\/sites\/4\/2025\/06\/best-token-768x410.jpg 768w\" sizes=\"auto, (max-width: 1200px) 100vw, 1200px\" \/><\/p>\n<h2>\u00bfC\u00f3mo se compara BEST con otros tokens de wallets de criptomonedas?<\/h2>\n<p>En esta secci\u00f3n, situamos a Best frente a algunos de sus tokens de wallet competidores:<\/p>\n<table>\n<tbody>\n<tr>\n<td><b>Token<\/b><\/td>\n<td><b>Wallet<\/b><\/td>\n<td><b>Funciones especiales<\/b><\/td>\n<\/tr>\n<tr>\n<td><b>TWT<\/b><\/td>\n<td><span style=\"font-weight: 400\">Trust Wallet<\/span><\/td>\n<td><span style=\"font-weight: 400\">Se puede usar de puente entre fiat y crypto de las redes de la wallet, as\u00ed como staking.<\/span><\/td>\n<\/tr>\n<tr>\n<td><b>SFP<\/b><\/td>\n<td><span style=\"font-weight: 400\">SafePal<\/span><\/td>\n<td><span style=\"font-weight: 400\">Se usa sobre todo para incentivos, tarifas de gas e intercambios.<\/span><\/td>\n<\/tr>\n<tr>\n<td><b>SAFE<\/b><\/td>\n<td><span style=\"font-weight: 400\">Safe<\/span><\/td>\n<td><span style=\"font-weight: 400\">Permite participar en las cuentas inteligentes de Safe, DAO, funciones sociales, etc.<\/span><\/td>\n<\/tr>\n<tr>\n<td><b>WTC<\/b><\/td>\n<td><span style=\"font-weight: 400\">WalletConnect<\/span><\/td>\n<td><span style=\"font-weight: 400\">Es el token de utilidad de la principal pasarela de enlace de wallets y pagos de terceros a nivel global.<\/span><\/td>\n<\/tr>\n<\/tbody>\n<\/table>\n<h2>Predicci\u00f3n del precio de Best Wallet Token<\/h2>\n<p>Con una oferta total de 10.000 millones de tokens, el token BEST tiene un fuerte potencial de crecimiento, especialmente en el contexto de una carrera alcista en ciernes.<\/p>\n<ul>\n<li>Si la <strong>capitalizaci\u00f3n de mercado alcanza los 300 millones de d\u00f3lares en 2025<\/strong>, el precio de un token ser\u00eda de 0,03 d\u00f3lares. Esto representa un objetivo realista a corto plazo, especialmente con la popularidad de Best Wallet, con cientos de miles de usuarios, y sus caracter\u00edsticas.<\/li>\n<li>En caso de una subida debido a la demanda <strong>entre 2026-2030<\/strong>, la capitalizaci\u00f3n podr\u00eda ascender a 700 millones de d\u00f3lares, lo que llevar\u00eda el precio de un token a 0,07 d\u00f3lares. Este escenario optimista podr\u00eda hacerse realidad gracias a la adopci\u00f3n masiva de BEST, la promoci\u00f3n en las redes sociales y el aumento de la demanda de los inversores.<\/li>\n<\/ul>\n<p>Sin embargo, estas proyecciones est\u00e1n sujetas a las condiciones del mercado y a la estrategia de marketing de Best Wallet frente a otras <a href=\"https:\/\/www.coinspeaker.com\/es\/nuevas-criptomonedas\/\"><strong>criptomonedas nuevas<\/strong><\/a>. Aunque no se pueden dar garant\u00edas, estos objetivos parecen alcanzables en un contexto favorable. De este modo, el proyecto $BEST podr\u00eda convertirse en un token reconocido en el mercado de las criptomonedas. Eso lo llevar\u00eda a figurar entre las mejores wallets de Bitcoin del mercado.<\/p>\n<h2>Conclusi\u00f3n<\/h2>\n<p>BEST Wallet Token se perfila como un proyecto de <a href=\"https:\/\/www.coinspeaker.com\/es\/criptomonedas-con-mas-futuro\/\"><strong>criptomonedas con mucho futuro<\/strong><\/a>. Gracias a Best Wallet, ofrece una soluci\u00f3n innovadora para simplificar la gesti\u00f3n y compra de criptos. Con una adopci\u00f3n creciente y un mercado en auge, el token podr\u00eda ver una fuerte revalorizaci\u00f3n.<\/p>\n<p>Su utilidad, combinada con una inminente carrera alcista, podr\u00eda atraer a muchos inversores. El potencial de crecimiento es significativo, sobre todo si el proyecto logra captar la atenci\u00f3n del mercado. Sin embargo, como con cualquier inversi\u00f3n en criptomonedas, es esencial analizar los riesgos. Best Wallet destaca por sus funcionalidades, pero la evoluci\u00f3n del token BEST depender\u00e1 de su adopci\u00f3n y de la din\u00e1mica del mercado en su conjunto.<\/p>\n<p style=\"text-align: center\"><a rel=\"nofollow sponsored\" href=\"\/es\/visit\/best-token\"><strong>Conoce Best Wallet Token<\/strong><\/a><\/p>\n<h2>Preguntas frecuentes<\/h2>\n<div class=\"man_faq_sec\" itemscope itemtype=\"https:\/\/schema.org\/FAQPage\"><\/time><script>jQuery(document).ready(function() {\n\t\t\t\t\t\t\t\tjQuery(\".accordionButton\").click(function() {\n\t\t\t\t\t\t\t\t\tjQuery(\".accordionButton\").removeClass(\"on\");\n\t\t\t\t\t\t\t\t\tjQuery(\".accordionContent\").slideUp(\"normal\");\n\t\t\t\t\t\t\t\t\tif(jQuery(this).parents(\".ms_faq\").find(\".accordionContent\").is(\":hidden\") == true) {\n\t\t\t\t\t\t\t\t\t\tjQuery(this).addClass(\"on\");\n\t\t\t\t\t\t\t\t\t\tjQuery(this).parents(\".ms_faq\").find(\".accordionContent\").slideDown(\"normal\");\n\t\t\t\t\t\t\t\t\t }\n\t\t\t\t\t\t\t\t });\n\t\t\t\t\t\t\t\t });\n\t\t\t\t\t\t\t<\/script><section class=\"ms_faq ms_card \" ><div itemscope itemprop=\"mainEntity\" itemtype=\"https:\/\/schema.org\/Question\"><div class=\"accordionButton\"><h3 itemprop=\"name\">\u00bfQu\u00e9 es el Best Token?<\/h3> <\/div>\n<div class=\"accordionContent\" itemscope itemprop=\"acceptedAnswer\" itemtype=\"https:\/\/schema.org\/Answer\" style=\"display:none;\"><p itemprop=\"text\">BEST es el token de utilidad de la billetera de criptomonedas Best Wallet, que aspira a ser una de las mejores con funciones y un ecosistema completo.<\/p>\n                <\/div><\/div><\/section>\n<section class=\"ms_faq ms_card \" ><div itemscope itemprop=\"mainEntity\" itemtype=\"https:\/\/schema.org\/Question\"><div class=\"accordionButton\"><h3 itemprop=\"name\">\u00bfD\u00f3nde comprar Best Wallet Token?<\/h3> <\/div>\n<div class=\"accordionContent\" itemscope itemprop=\"acceptedAnswer\" itemtype=\"https:\/\/schema.org\/Answer\" style=\"display:none;\"><p itemprop=\"text\">Puedes adquirir BEST desde su p\u00e1gina web oficial dedicada a la preventa, o tambi\u00e9n <a rel=\"nofollow sponsored\" href=\"\/es\/visit\/best-wallet\"><strong>descargando Best Wallet para Android\/iOS<\/strong><\/a> y compr\u00e1ndolo directamente desde la billetera (opci\u00f3n recomendada) con muchos m\u00e9todos de pago distintos.<\/p>\n                <\/div><\/div><\/section>\n<section class=\"ms_faq ms_card \" ><div itemscope itemprop=\"mainEntity\" itemtype=\"https:\/\/schema.org\/Question\"><div class=\"accordionButton\"><h3 itemprop=\"name\">\u00bfQu\u00e9 otras criptomonedas soporta Best Wallet?<\/h3> <\/div>\n<div class=\"accordionContent\" itemscope itemprop=\"acceptedAnswer\" itemtype=\"https:\/\/schema.org\/Answer\" style=\"display:none;\"><p itemprop=\"text\">Best Wallet soporta m\u00e1s de 60 redes y miles de tokens, como ETH, BTC, BNB, USDT, USDC y muchas m\u00e1s, y por supuesto el token nativo BEST.<\/p>\n                <\/div><\/div><\/section>\n<\/div>","protected":false},"excerpt":{"rendered":"<p>Esta gu\u00eda te explicar\u00e1 c\u00f3mo comprar Best Wallet Token (BEST) con facilidad, mientras descubres sus ventajas y las razones de su potencial en el ecosistema blockchain. Sigue los pasos y descubre por qu\u00e9 este proyecto es uno que debes conocer.<\/p>\n","protected":false},"author":243,"featured_media":82,"parent":0,"menu_order":0,"comment_status":"closed","ping_status":"closed","template":"single-guides.php","meta":{"_acf_changed":false,"footnotes":""},"tags":[],"class_list":["post-1136","page","type-page","status-publish","has-post-thumbnail","hentry"],"acf":[],"yoast_head":"<!-- This site is optimized with the Yoast SEO plugin v25.7 - https:\/\/yoast.com\/wordpress\/plugins\/seo\/ -->\n<title>C\u00f3mo comprar Best Wallet Token (BEST) \u2013 Tutorial y an\u00e1lisis<\/title>\n<meta name=\"description\" content=\"Esta gu\u00eda te explicar\u00e1 c\u00f3mo comprar Best Wallet Token (BEST) con facilidad, mientras descubres sus ventajas y las razones de su potencial.\" \/>\n<meta name=\"robots\" content=\"index, follow, max-snippet:-1, max-image-preview:large, max-video-preview:-1\" \/>\n<link rel=\"canonical\" href=\"https:\/\/www.coinspeaker.com\/es\/como-comprar-best-wallet-token\/\" \/>\n<meta property=\"og:locale\" content=\"es_ES\" \/>\n<meta property=\"og:type\" content=\"article\" \/>\n<meta property=\"og:title\" content=\"C\u00f3mo comprar Best Wallet Token (BEST) \u2013 Tutorial y an\u00e1lisis\" \/>\n<meta property=\"og:description\" content=\"Esta gu\u00eda te explicar\u00e1 c\u00f3mo comprar Best Wallet Token (BEST) con facilidad, mientras descubres sus ventajas y las razones de su potencial.\" \/>\n<meta property=\"og:url\" content=\"https:\/\/www.coinspeaker.com\/es\/como-comprar-best-wallet-token\/\" \/>\n<meta property=\"og:site_name\" content=\"Coinspeaker - Noticias sobre criptomonedas en espa\u00f1ol\" \/>\n<meta property=\"article:modified_time\" content=\"2025-11-12T14:33:55+00:00\" \/>\n<meta property=\"og:image\" content=\"https:\/\/www.coinspeaker.com\/es\/wp-content\/uploads\/sites\/4\/2025\/05\/BestWalletToken.jpg\" \/>\n\t<meta property=\"og:image:width\" content=\"400\" \/>\n\t<meta property=\"og:image:height\" content=\"400\" \/>\n\t<meta property=\"og:image:type\" content=\"image\/jpeg\" \/>\n<meta name=\"twitter:card\" content=\"summary_large_image\" \/>\n<meta name=\"twitter:label1\" content=\"Est. reading time\" \/>\n\t<meta name=\"twitter:data1\" content=\"7 minutos\" \/>\n<!-- \/ Yoast SEO plugin. -->","yoast_head_json":{"title":"C\u00f3mo comprar Best Wallet Token (BEST) \u2013 Tutorial y an\u00e1lisis","description":"Esta gu\u00eda te explicar\u00e1 c\u00f3mo comprar Best Wallet Token (BEST) con facilidad, mientras descubres sus ventajas y las razones de su potencial.","robots":{"index":"index","follow":"follow","max-snippet":"max-snippet:-1","max-image-preview":"max-image-preview:large","max-video-preview":"max-video-preview:-1"},"canonical":"https:\/\/www.coinspeaker.com\/es\/como-comprar-best-wallet-token\/","og_locale":"es_ES","og_type":"article","og_title":"C\u00f3mo comprar Best Wallet Token (BEST) \u2013 Tutorial y an\u00e1lisis","og_description":"Esta gu\u00eda te explicar\u00e1 c\u00f3mo comprar Best Wallet Token (BEST) con facilidad, mientras descubres sus ventajas y las razones de su potencial.","og_url":"https:\/\/www.coinspeaker.com\/es\/como-comprar-best-wallet-token\/","og_site_name":"Coinspeaker - Noticias sobre criptomonedas en espa\u00f1ol","article_modified_time":"2025-11-12T14:33:55+00:00","og_image":[{"width":400,"height":400,"url":"https:\/\/www.coinspeaker.com\/es\/wp-content\/uploads\/sites\/4\/2025\/05\/BestWalletToken.jpg","type":"image\/jpeg"}],"twitter_card":"summary_large_image","twitter_misc":{"Est. reading time":"7 minutos"},"schema":{"@context":"https:\/\/schema.org","@graph":[{"@type":"WebPage","@id":"https:\/\/www.coinspeaker.com\/es\/como-comprar-best-wallet-token\/","url":"https:\/\/www.coinspeaker.com\/es\/como-comprar-best-wallet-token\/","name":"C\u00f3mo comprar Best Wallet Token (BEST) \u2013 Tutorial y an\u00e1lisis","isPartOf":{"@id":"https:\/\/www.coinspeaker.com\/es\/#website"},"primaryImageOfPage":{"@id":"https:\/\/www.coinspeaker.com\/es\/como-comprar-best-wallet-token\/#primaryimage"},"image":{"@id":"https:\/\/www.coinspeaker.com\/es\/como-comprar-best-wallet-token\/#primaryimage"},"thumbnailUrl":"https:\/\/www.coinspeaker.com\/es\/wp-content\/uploads\/sites\/4\/2025\/05\/BestWalletToken.jpg","datePublished":"2025-06-23T04:37:20+00:00","dateModified":"2025-11-12T14:33:55+00:00","description":"Esta gu\u00eda te explicar\u00e1 c\u00f3mo comprar Best Wallet Token (BEST) con facilidad, mientras descubres sus ventajas y las razones de su potencial.","breadcrumb":{"@id":"https:\/\/www.coinspeaker.com\/es\/como-comprar-best-wallet-token\/#breadcrumb"},"inLanguage":"es","potentialAction":[{"@type":"ReadAction","target":["https:\/\/www.coinspeaker.com\/es\/como-comprar-best-wallet-token\/"]}]},{"@type":"ImageObject","inLanguage":"es","@id":"https:\/\/www.coinspeaker.com\/es\/como-comprar-best-wallet-token\/#primaryimage","url":"https:\/\/www.coinspeaker.com\/es\/wp-content\/uploads\/sites\/4\/2025\/05\/BestWalletToken.jpg","contentUrl":"https:\/\/www.coinspeaker.com\/es\/wp-content\/uploads\/sites\/4\/2025\/05\/BestWalletToken.jpg","width":400,"height":400,"caption":"BestWalletToken"},{"@type":"BreadcrumbList","@id":"https:\/\/www.coinspeaker.com\/es\/como-comprar-best-wallet-token\/#breadcrumb","itemListElement":[{"@type":"ListItem","position":1,"name":"Home","item":"https:\/\/www.coinspeaker.com\/es\/"},{"@type":"ListItem","position":2,"name":"C\u00f3mo comprar Best Wallet Token (BEST) \u2013 Tutorial y an\u00e1lisis"}]},{"@type":"WebSite","@id":"https:\/\/www.coinspeaker.com\/es\/#website","url":"https:\/\/www.coinspeaker.com\/es\/","name":"Coinspeaker - Noticias sobre criptomonedas en espa\u00f1ol","description":"Bitcoin, Ethereum, Altcoins y Cripto Noticias con An\u00e1lisis, Precios en Vivo, Gr\u00e1ficos de Datos y Gu\u00edas.","publisher":{"@id":"https:\/\/www.coinspeaker.com\/es\/#organization"},"potentialAction":[{"@type":"SearchAction","target":{"@type":"EntryPoint","urlTemplate":"https:\/\/www.coinspeaker.com\/es\/?s={search_term_string}"},"query-input":{"@type":"PropertyValueSpecification","valueRequired":true,"valueName":"search_term_string"}}],"inLanguage":"es"},{"@type":"Organization","@id":"https:\/\/www.coinspeaker.com\/es\/#organization","name":"Coinspeaker","alternateName":"Coinspeaker.com","url":"https:\/\/www.coinspeaker.com\/es\/","logo":{"@type":"ImageObject","inLanguage":"es","@id":"https:\/\/www.coinspeaker.com\/es\/#\/schema\/logo\/image\/","url":"https:\/\/www.coinspeaker.com\/es\/wp-content\/uploads\/sites\/4\/2025\/05\/cs.png","contentUrl":"https:\/\/www.coinspeaker.com\/es\/wp-content\/uploads\/sites\/4\/2025\/05\/cs.png","width":512,"height":512,"caption":"Coinspeaker"},"image":{"@id":"https:\/\/www.coinspeaker.com\/es\/#\/schema\/logo\/image\/"}}]}},"amp_enabled":false,"_links":{"self":[{"href":"https:\/\/www.coinspeaker.com\/es\/wp-json\/wp\/v2\/pages\/1136","targetHints":{"allow":["GET"]}}],"collection":[{"href":"https:\/\/www.coinspeaker.com\/es\/wp-json\/wp\/v2\/pages"}],"about":[{"href":"https:\/\/www.coinspeaker.com\/es\/wp-json\/wp\/v2\/types\/page"}],"author":[{"embeddable":true,"href":"https:\/\/www.coinspeaker.com\/es\/wp-json\/wp\/v2\/users\/243"}],"replies":[{"embeddable":true,"href":"https:\/\/www.coinspeaker.com\/es\/wp-json\/wp\/v2\/comments?post=1136"}],"version-history":[{"count":3,"href":"https:\/\/www.coinspeaker.com\/es\/wp-json\/wp\/v2\/pages\/1136\/revisions"}],"predecessor-version":[{"id":5034,"href":"https:\/\/www.coinspeaker.com\/es\/wp-json\/wp\/v2\/pages\/1136\/revisions\/5034"}],"wp:featuredmedia":[{"embeddable":true,"href":"https:\/\/www.coinspeaker.com\/es\/wp-json\/wp\/v2\/media\/82"}],"wp:attachment":[{"href":"https:\/\/www.coinspeaker.com\/es\/wp-json\/wp\/v2\/media?parent=1136"}],"wp:term":[{"taxonomy":"post_tag","embeddable":true,"href":"https:\/\/www.coinspeaker.com\/es\/wp-json\/wp\/v2\/tags?post=1136"}],"curies":[{"name":"wp","href":"https:\/\/api.w.org\/{rel}","templated":true}]}}