{"id":1182,"date":"2025-06-25T13:18:32","date_gmt":"2025-06-25T13:18:32","guid":{"rendered":"https:\/\/www.coinspeaker.com\/es\/?page_id=1182"},"modified":"2026-01-09T12:06:45","modified_gmt":"2026-01-09T12:06:45","slug":"airdrop-crypto","status":"publish","type":"page","link":"https:\/\/www.coinspeaker.com\/es\/airdrop-crypto\/","title":{"rendered":"Airdrop de criptomonedas \u2013 Participa en los lanzamientos a\u00e9reos crypto de 2026"},"content":{"rendered":"<p>Las criptomonedas est\u00e1n en boca de todos, y muchos usuarios empiezan a probar suerte. Una de las formas m\u00e1s amigables de empezar con este tipo de activos a un riesgo m\u00ednimo para el usuario son los <strong>airdrop crypto<\/strong>. Y es que para convencer a m\u00e1s usuarios, algunos proyectos han desarrollado nuevas estrategias de marketing y las han a\u00f1adido a su repertorio, y entre ellas los lanzamientos \u00e1ereos son quiz\u00e1 las m\u00e1s populares.<\/p>\n<p>El objetivo es atraer a todos aquellos que no quieren arriesgar el capital que tanto les ha costado ganar. \u00bfSabes <strong>qu\u00e9 es un airdrop de criptomonedas<\/strong>? \u00bfEst\u00e1s al d\u00eda de los \u00faltimos? Sigue leyendo.<\/p>\n<h2>Cuatro claves sobre los airdrops crypto<\/h2>\n<ul>\n<li>Un airdrop crypto es un evento en el que se regalan criptomonedas a los que participen.<\/li>\n<li>El grado de participaci\u00f3n puede ir desde enlazar una wallet, a realizar acciones online, a compras de cualquier importe por m\u00ednimo que sea durante <a href=\"https:\/\/www.coinspeaker.com\/es\/preventa-criptomonedas\/\"><strong>preventas de criptomonedas<\/strong><\/a> o ICOs.<\/li>\n<li>Son parte de campa\u00f1as para dar a conocer nuevos proyectos, convencer a m\u00e1s usuarios, demostrar utilidad y esparcir liquidez, as\u00ed que suelen tener lugar en fases iniciales.<\/li>\n<li>A menudo, es dif\u00edcil encontrar <strong>airdrop de criptomonedas<\/strong> que est\u00e9n en marcha, pues pasan r\u00e1pido y son exclusivos: la clave est\u00e1 en informarse a menudo y moverse por muchos c\u00edrculos y medios para no dejar pasar ni uno.<\/li>\n<\/ul>\n<h2>\u00bfQu\u00e9 es un airdrop crypto?<\/h2>\n<p>Un crypto airdrop es una<strong> transacci\u00f3n gratuita desde un proyecto de criptomoneda a la wallet de un usuario<\/strong> &#8211; una ingeniosa estrategia de marketing en la que se emiten tokens como una especie de <strong>regalo<\/strong> a los usuarios de proyectos blockchain.<\/p>\n<p>\u00bfEs viable regalar criptomonedas? \u00bfNo es equivalente a dar \u00abdinero gratis\u00bb? <strong>La respuesta a ambas preguntas es s\u00ed.<\/strong><\/p>\n<p>Y es que los desarrolladores disponen de muchas razones para lanzar un airdrop, pero un airdrop sigue un principio b\u00e1sico: los usuarios reciben una cierta cantidad de monedas &#8211; por lo general de forma gratuita o como una especie de recompensa por utilizar el proyecto respectivo. Para participar en un crypto airdrop, es necesario disponer de una wallet para recibir y almacenar de forma segura los tokens.<\/p>\n<p>As\u00ed, muchas <a href=\"https:\/\/www.coinspeaker.com\/es\/nuevas-criptomonedas\/\"><strong>criptomonedas nuevas<\/strong><\/a> distribuyen tokens gratuitos para llamar la atenci\u00f3n sobre su propio proyecto, aumentar la oferta en circulaci\u00f3n e impulsar el comercio. De hecho, los crypto airdrops son una de las herramientas de marketing m\u00e1s importantes en el sector de la tecnolog\u00eda moderna.<\/p>\n<p>Al fin y al cabo, <strong>criptomonedas gratis<\/strong> es lo que todo usuario quiere, por lo que esta t\u00e1ctica puede resultar tan tentadora no s\u00f3lo para los principiantes, sino tambi\u00e9n para los expertos y todos los dem\u00e1s. Existen alternativas en el lanzamiento de monedas, como las Ofertas Iniciales de Monedas (ICO) , pero estos m\u00e9todos no suelen atraer tanta atenci\u00f3n a los proyectos como los airdrops.<\/p>\n<p>El proceso para un airdrop es \u00e1gil y b\u00e1sico, independientemente de si sigues cuentas en redes sociales, est\u00e1s en grupos de Telegram o est\u00e1s suscrito a un feed de noticias. La mayor\u00eda de los traders (y los que quieren serlo) pueden participar en la mayor\u00eda de los airdrops sin m\u00e1s. Sin embargo, muchos proyectos han empezado a aumentar la exclusividad de estos regalos.<\/p>\n<h2>\u00bfC\u00f3mo funcionan los airdrops de criptomonedas?<\/h2>\n<p>Los airdrops de criptomonedas se distribuyen gratuitamente a inversores y usuarios de diversos proyectos. Se anuncian por lo general en el sitio web de la empresa y en foros. Las monedas o tokens se env\u00edan a los titulares de wallets, normalmente las de Ethereum, Solana y BNB. Esto significa que ya debes estar en posesi\u00f3n de una cartera para recibirlo \u2013algunas que puedes configurar en minutos son <a rel=\"nofollow sponsored\" href=\"\/es\/visit\/best-wallet\"><strong>Best Wallet<\/strong><\/a>, Metamask o Unstoppable.<\/p>\n<p>Para poder optar al regalo gratuito, es posible que el destinatario tenga que poseer una cantidad m\u00ednima de criptomonedas en el monedero. Alternativamente, puede que tenga que realizar una tarea espec\u00edfica, como publicar sobre la coin en un foro de medios sociales, conectar con un miembro espec\u00edfico del proyecto blockchain o escribir un art\u00edculo en un blog \u2013as\u00ed como referir a amigos.<\/p>\n<h3>\u00bfPor qu\u00e9 se realizan lanzamientos a\u00e9reos crypto?<\/h3>\n<p>Los cripto lanzamientos a\u00e9reos tienen la intenci\u00f3n de motivar a los destinatarios a usar y promover el proyecto. Esto puede ayudar a crear una base de usuarios inicial para, entre otras cosas, poder ofrecer un cierto grado de descentralizaci\u00f3n antes de que el token se incluya en intercambios de cifrado significativos. Por ejemplo, en <a href=\"https:\/\/www.coinspeaker.com\/es\/ico-solana\/\"><strong>ICO en Solana<\/strong><\/a>.<\/p>\n<p>Atenci\u00f3n: los airdrop crypto pueden generar una falsa impresi\u00f3n de crecimiento. Por lo tanto, es importante tener en cuenta otros factores al evaluar la adopci\u00f3n. Por ejemplo, si cientos de miles de direcciones contienen un determinado token, pero realmente no se usa, el proyecto suele ser una estafa o estar condenado al fracaso. B\u00e1sicamente, se hace una distinci\u00f3n entre lanzamientos a\u00e9reos autom\u00e1ticos y manuales.<\/p>\n<h2>Tipos de Airdrop crypto<\/h2>\n<p>Conoce brevemente los tipos de airdrops m\u00e1s frecuentes que puedes encontrarte, para que no te sorprendan sus reglas:<\/p>\n<ul>\n<li><strong>Airdrops est\u00e1ndar<\/strong>: Un airdrop cripto est\u00e1ndar transfiere una cantidad de monedas o tokens nativos a las wallets existentes como estrategia de marketing. Normalmente se utiliza para promocionar el proyecto o criptomoneda con potencial y animar a m\u00e1s gente a comprar el activo (a menudo junto con la preventa o ICO). S\u00f3lo es necesario <strong>registrarse, enlazar la wallet y poco m\u00e1s<\/strong>.<\/li>\n<li><strong>Airdrops de recompensa<\/strong>: Son tambi\u00e9n una estrategia de marketing, pero los destinatarios potenciales deben participar en determinadas actividades promocionales para recibir el activo digital. Estamos hablando de, por ejemplo, compartir un post sobre el proyecto blockchain en Twitter u otras plataformas de medios sociales, suscribirse al bolet\u00edn de noticias por correo electr\u00f3nico del proyecto, o unirse a un foro para debatir y participar en el proyecto (y en la comunidad). Este airdrop requiere m\u00e1s trabajo pero no suele ser intenso.<\/li>\n<li><strong>Airdrops exclusivos<\/strong>: Un airdrop exclusivo env\u00eda criptomonedas a un grupo de personas que siguen un agregador de airdrops. Estos sitios web de terceros comparten noticias sobre criptoproyectos prometedores y sus pr\u00f3ximos eventos de airdrop. La mayor\u00eda de las veces, los primeros en adoptar ciertas aplicaciones son recompensados con airdrops exclusivos de criptomonedas. Por ejemplo, proyectos como Uniswap y Ethereum Name Service han regalado miles de d\u00f3lares a los primeros usuarios.<\/li>\n<li><strong>Airdrops de holders<\/strong>: Los lanzamientos a\u00e9reos de titulares van a personas que tienen una cierta cantidad de una determinada criptomoneda en sus billeteras. Por lo general, el criptoproyecto <strong>toma una instant\u00e1nea de las tenencias de criptomonedas en una fecha determinada<\/strong> y luego permite a las personas reclamar un lanzamiento a\u00e9reo en funci\u00f3n de su propiedad en ese momento. Stellar y otras criptos famosas lo han hecho as\u00ed.<\/li>\n<\/ul>\n<h2>Ejemplos de airdrops en curso en mayo de 2026<\/h2>\n<p>Veamos algunos airdrops en marcha ahora o que se van a iniciar en breve:<\/p>\n<h3>Bitcoin Hyper (BTCHYPER)<\/h3>\n<p><img loading=\"lazy\" decoding=\"async\" class=\"aligncenter wp-image-1188 size-full\" src=\"https:\/\/www.coinspeaker.com\/es\/wp-content\/uploads\/sites\/4\/2025\/06\/hyper-1.jpg\" alt=\"comprar bitcoin hyper airdrop crypto\" width=\"1200\" height=\"400\" srcset=\"https:\/\/www.coinspeaker.com\/es\/wp-content\/uploads\/sites\/4\/2025\/06\/hyper-1.jpg 1200w, https:\/\/www.coinspeaker.com\/es\/wp-content\/uploads\/sites\/4\/2025\/06\/hyper-1-300x100.jpg 300w, https:\/\/www.coinspeaker.com\/es\/wp-content\/uploads\/sites\/4\/2025\/06\/hyper-1-1024x341.jpg 1024w, https:\/\/www.coinspeaker.com\/es\/wp-content\/uploads\/sites\/4\/2025\/06\/hyper-1-768x256.jpg 768w\" sizes=\"auto, (max-width: 1200px) 100vw, 1200px\" \/><\/p>\n<p><strong>Bitcoin Hyper<\/strong> es la primera criptomoneda Capa 2 para Bitcoin. El airdrop que tiene previsto ha reservado un 15% de la tokenom\u00eda, una cifra abultada, para las recompensas de la comunidad. Con una buena combinaci\u00f3n de utilidad y potencial, Bitcoin Hyper se est\u00e1 dando a conocer en una preventa exitosa. A nivel tecnol\u00f3gico, emplea nociones de Solana y de Bitcoin para puentear tokens, y dispone de una auditor\u00eda para su staking.<\/p>\n<ul>\n<li><strong>C\u00f3mo participar en su airdrop<\/strong>: <a href=\"https:\/\/www.coinspeaker.com\/es\/como-comprar-bitcoin-hyper\/\"><strong>compra HYPER<\/strong><\/a> y \u00fanete al canal de Telegram del proyecto.<\/li>\n<\/ul>\n<p class=\"p1\" style=\"text-align: center\"><div class=\"su-button-center\"><a href=\"https:\/\/coinspeaker.com\/es\/visit\/btchyper\" class=\"su-button su-button-style-flat\" style=\"color:#FFFFFF;background-color:#F6102B;border-color:#c50d23;border-radius:10px\" target=\"_blank\" rel=\"noopener noreferrer\"><span style=\"color:#FFFFFF;padding:0px 26px;font-size:20px;line-height:40px;border-color:#f9586b;border-radius:10px;text-shadow:none\"> Descubre BTC Hyper<\/span><\/a><\/div>\n<h3>Maxi Doge (MAXI)<\/h3>\n<p><img loading=\"lazy\" decoding=\"async\" class=\"aligncenter wp-image-2686 size-full\" src=\"https:\/\/www.coinspeaker.com\/es\/wp-content\/uploads\/sites\/4\/2025\/08\/maxidoge-es.webp\" alt=\"maxidoge airdrop crypto de meme doge\" width=\"1200\" height=\"400\" srcset=\"https:\/\/www.coinspeaker.com\/es\/wp-content\/uploads\/sites\/4\/2025\/08\/maxidoge-es.webp 1200w, https:\/\/www.coinspeaker.com\/es\/wp-content\/uploads\/sites\/4\/2025\/08\/maxidoge-es-300x100.webp 300w, https:\/\/www.coinspeaker.com\/es\/wp-content\/uploads\/sites\/4\/2025\/08\/maxidoge-es-1024x341.webp 1024w, https:\/\/www.coinspeaker.com\/es\/wp-content\/uploads\/sites\/4\/2025\/08\/maxidoge-es-768x256.webp 768w\" sizes=\"auto, (max-width: 1200px) 100vw, 1200px\" \/><\/p>\n<p><strong>Maxi Doge<\/strong> es una version h\u00edper musculada de DOGE y con m\u00e1s ganas que nunca de arrasar. Empieza con una utilidad mucho m\u00e1s all\u00e1 de lo que fue Dogecoin en sus inicios, y espera dominar las velas verdes a raz\u00f3n de trading, cafe\u00edna y movimientos agresivos de mercado. Se espera volatilidad, e inversiones importantes.<\/p>\n<ul>\n<li><strong>C\u00f3mo participar en su airdrop<\/strong>: <a href=\"https:\/\/www.coinspeaker.com\/es\/como-comprar-maxi-doge\/\"><strong>compra MAXI<\/strong><\/a>\u00a0y \u00fanete al canal de Telegram del proyecto.<\/li>\n<\/ul>\n<p class=\"p1\" style=\"text-align: center\"><div class=\"su-button-center\"><a href=\"https:\/\/coinspeaker.com\/es\/visit\/maxidoge\" class=\"su-button su-button-style-flat\" style=\"color:#FFFFFF;background-color:#F6102B;border-color:#c50d23;border-radius:10px\" target=\"_blank\" rel=\"noopener noreferrer\"><span style=\"color:#FFFFFF;padding:0px 26px;font-size:20px;line-height:40px;border-color:#f9586b;border-radius:10px;text-shadow:none\"> Descubre Maxi Doge<\/span><\/a><\/div>\n<h3>SUBBD (SUBBD)<\/h3>\n<p><img loading=\"lazy\" decoding=\"async\" class=\"aligncenter size-full wp-image-1190\" src=\"https:\/\/www.coinspeaker.com\/es\/wp-content\/uploads\/sites\/4\/2025\/06\/subbd-2.jpg\" alt=\"preventa de subbd con airdrops\" width=\"1200\" height=\"400\" srcset=\"https:\/\/www.coinspeaker.com\/es\/wp-content\/uploads\/sites\/4\/2025\/06\/subbd-2.jpg 1200w, https:\/\/www.coinspeaker.com\/es\/wp-content\/uploads\/sites\/4\/2025\/06\/subbd-2-300x100.jpg 300w, https:\/\/www.coinspeaker.com\/es\/wp-content\/uploads\/sites\/4\/2025\/06\/subbd-2-1024x341.jpg 1024w, https:\/\/www.coinspeaker.com\/es\/wp-content\/uploads\/sites\/4\/2025\/06\/subbd-2-768x256.jpg 768w\" sizes=\"auto, (max-width: 1200px) 100vw, 1200px\" \/><\/p>\n<p>El token <strong>SUBBD<\/strong> es la utilidad de una plataforma que quiere modernizar enfoques de contenido para fans como OnlyFans, con tokens, monetizaci\u00f3n, transparencia y reglas m\u00e1s justas. Por eso, tiene un plantel de embajadores de primer nivel y aspira a cautivar parte de un mercado de cerca de 250 millones de usuarios a nivel mundial. Tambi\u00e9n es una de las <a href=\"https:\/\/www.coinspeaker.com\/es\/criptomonedas-ia\/\"><strong>criptomonedas IA<\/strong><\/a> m\u00e1s destacadas.<\/p>\n<ul>\n<li><strong>C\u00f3mo participar en su airdrop<\/strong>: <a href=\"https:\/\/www.coinspeaker.com\/es\/como-comprar-subbd\/\"><strong>compra SUBBD<\/strong><\/a> en preventa, stakea y permanece atento a sus redes sociales.<\/li>\n<\/ul>\n<p class=\"p1\" style=\"text-align: center\"><div class=\"su-button-center\"><a href=\"https:\/\/coinspeaker.com\/es\/visit\/subbd\" class=\"su-button su-button-style-flat\" style=\"color:#FFFFFF;background-color:#F6102B;border-color:#c50d23;border-radius:10px\" target=\"_blank\" rel=\"noopener noreferrer\"><span style=\"color:#FFFFFF;padding:0px 26px;font-size:20px;line-height:40px;border-color:#f9586b;border-radius:10px;text-shadow:none\"> Descubre SUBBD<\/span><\/a><\/div>\n<h2>\u00bfC\u00f3mo encontrar airdrops de criptomonedas de confianza?<\/h2>\n<p>Una b\u00fasqueda r\u00e1pida en Google puede darte muchos resultados, pero tambi\u00e9n puede llevarte a varias estafas, as\u00ed que recomendamos ejercer cautela al buscar, y en especial, al compartir o enlazar billeteras donde tengas fondos. Si puedes, emplea una wallet nueva o vac\u00eda para participar en airdrop crypto, para no comprometer tu dinero digital.<\/p>\n<ul>\n<li>Muchas de las <strong>listas<\/strong> de airdrops las encontramos en Telegram, X y Reddit.<\/li>\n<li>Algunas <strong>plataformas<\/strong> de exchange DEX o CEX disponen de listados de airdrops y eventos en curso.<\/li>\n<li>Las<strong> p\u00e1ginas oficiales de criptomonedas en preventa<\/strong> son una buena baza, pero aseg\u00farate de estar en el sitio correcto: hay web que se replican para captar a usuarios incautos, y se ven exactamente id\u00e9nticas que las oficiales -pero no lo son, y te robar\u00e1n el dinero.<\/li>\n<\/ul>\n<p>Normalmente, <strong>un airdrop crypto no cobra dinero por participar<\/strong>: son o tareas concretas, o bien comprar criptomonedas, pero no un pago directo. Otras estafas habituales incluyen repartir tokens con calendarios de vesting de meses o a\u00f1os, lo que implica que no puedes vender las criptos enseguida \u2013a lo mejor, para cuando eso sea posible su valor ya habr\u00e1 desaparecido del todo.<\/p>\n<p>Los pocos destinatarios de airdrop que reciben una moneda de valor significativo en un momento en que existe un mercado l\u00edquido para ella podr\u00edan ganar algo de dinero. Otros pueden quedarse m\u00e1s tarde con una bolsa de monedas sin valor.<\/p>\n<h2>Conclusi\u00f3n<\/h2>\n<p>Los <strong>lanzamientos a\u00e9reos<\/strong> son una excelente manera de adquirir y descubrir monedas desconocidas sin tener que invertir dinero, o bien comprando tokens con un valor que ya considerabas, y recibiendo el <strong>airdrop crypto<\/strong> como una ventaja adicional. No s\u00f3lo cumplen el prop\u00f3sito de ser una herramienta de marketing eficaz para los desarrolladores, sino que tambi\u00e9n son una excelente manera de expandir tu propia cartera de criptomonedas con poco o ning\u00fan riesgo.<\/p>\n<p>Sin embargo, uno solo debe disfrutar o aceptar los airdrops crypto con precauci\u00f3n; despu\u00e9s de todo, tambi\u00e9n hay ovejas negras y fraudulentas entre ellos. Por lo tanto, es importante realizar una investigaci\u00f3n exhaustiva por adelantado antes de conectar una wallet a un sitio web o proyecto.<\/p>\n<h2>Preguntas frecuentes<\/h2>\n<div class=\"man_faq_sec\" itemscope itemtype=\"https:\/\/schema.org\/FAQPage\"><\/time><script>jQuery(document).ready(function() {\n\t\t\t\t\t\t\t\tjQuery(\".accordionButton\").click(function() {\n\t\t\t\t\t\t\t\t\tjQuery(\".accordionButton\").removeClass(\"on\");\n\t\t\t\t\t\t\t\t\tjQuery(\".accordionContent\").slideUp(\"normal\");\n\t\t\t\t\t\t\t\t\tif(jQuery(this).parents(\".ms_faq\").find(\".accordionContent\").is(\":hidden\") == true) {\n\t\t\t\t\t\t\t\t\t\tjQuery(this).addClass(\"on\");\n\t\t\t\t\t\t\t\t\t\tjQuery(this).parents(\".ms_faq\").find(\".accordionContent\").slideDown(\"normal\");\n\t\t\t\t\t\t\t\t\t }\n\t\t\t\t\t\t\t\t });\n\t\t\t\t\t\t\t\t });\n\t\t\t\t\t\t\t<\/script><section class=\"ms_faq ms_card \" ><div itemscope itemprop=\"mainEntity\" itemtype=\"https:\/\/schema.org\/Question\"><div class=\"accordionButton\"><h3 itemprop=\"name\">\u00bfCu\u00e1l es el mejor airdrop crypto de 2026?<\/h3> <\/div>\n<div class=\"accordionContent\" itemscope itemprop=\"acceptedAnswer\" itemtype=\"https:\/\/schema.org\/Answer\" style=\"display:none;\"><p itemprop=\"text\">En respuesta a eso, pensar\u00edamos primero en Bitcoin Bull Token, ya que propone&#8230; \u00a1un airdrop de Bitcoin! S\u00f3lo para titulares de BTCBULL, cuando el precio de BTC alcance hitos potentes y simb\u00f3licos como 125K o 150K.<\/p>\n                <\/div><\/div><\/section>\n<section class=\"ms_faq ms_card \" ><div itemscope itemprop=\"mainEntity\" itemtype=\"https:\/\/schema.org\/Question\"><div class=\"accordionButton\"><h3 itemprop=\"name\">\u00bfEs arriesgado participar en un airdrop de criptomonedas?<\/h3> <\/div>\n<div class=\"accordionContent\" itemscope itemprop=\"acceptedAnswer\" itemtype=\"https:\/\/schema.org\/Answer\" style=\"display:none;\"><p itemprop=\"text\">S\u00f3lo si no verificas el origen y la fuente antes de enlazar tu billetera. Hay muchos sitios leg\u00edtimos que usan esta estrategia, pero tambi\u00e9n hay fraudes que se aprovechan de ello. Investiga.<\/p>\n                <\/div><\/div><\/section>\n<section class=\"ms_faq ms_card \" ><div itemscope itemprop=\"mainEntity\" itemtype=\"https:\/\/schema.org\/Question\"><div class=\"accordionButton\"><h3 itemprop=\"name\">\u00bfPuedo vender las criptomonedas de un airdrop?<\/h3> <\/div>\n<div class=\"accordionContent\" itemscope itemprop=\"acceptedAnswer\" itemtype=\"https:\/\/schema.org\/Answer\" style=\"display:none;\"><p itemprop=\"text\">Normalmente, s\u00ed, aunque consulta si se puede hacer de forma inmediata. Lo habitual es que cuando se regalen las coins, ya est\u00e9n cotizando en mercados y puedas venderlas o intercambiarlas.<\/p>\n                <\/div><\/div><\/section>\n<\/div>","protected":false},"excerpt":{"rendered":"<p>Los lanzamientos a\u00e9reos son una excelente manera de adquirir y descubrir monedas desconocidas sin tener que invertir dinero, o bien comprando tokens con un valor que ya considerabas, y recibiendo el airdrop crypto como una ventaja adicional.<\/p>\n","protected":false},"author":243,"featured_media":1192,"parent":0,"menu_order":0,"comment_status":"closed","ping_status":"closed","template":"single-guides.php","meta":{"_acf_changed":false,"footnotes":""},"tags":[],"class_list":["post-1182","page","type-page","status-publish","has-post-thumbnail","hentry"],"acf":[],"yoast_head":"<!-- This site is optimized with the Yoast SEO plugin v25.7 - https:\/\/yoast.com\/wordpress\/plugins\/seo\/ -->\n<title>Airdrop de criptomonedas \u2013 Participa en lanzamientos de 2026<\/title>\n<meta name=\"description\" content=\"\u00bfSabes qu\u00e9 es un airdrop de criptomonedas? \u00bfEst\u00e1s al d\u00eda de los \u00faltimos en marcha este 2026? Cons\u00faltalos aqu\u00ed.\" \/>\n<meta name=\"robots\" content=\"index, follow, max-snippet:-1, max-image-preview:large, max-video-preview:-1\" \/>\n<link rel=\"canonical\" href=\"https:\/\/www.coinspeaker.com\/es\/airdrop-crypto\/\" \/>\n<meta property=\"og:locale\" content=\"es_ES\" \/>\n<meta property=\"og:type\" content=\"article\" \/>\n<meta property=\"og:title\" content=\"Airdrop de criptomonedas \u2013 Participa en lanzamientos de 2026\" \/>\n<meta property=\"og:description\" content=\"\u00bfSabes qu\u00e9 es un airdrop de criptomonedas? \u00bfEst\u00e1s al d\u00eda de los \u00faltimos en marcha este 2026? Cons\u00faltalos aqu\u00ed.\" \/>\n<meta property=\"og:url\" content=\"https:\/\/www.coinspeaker.com\/es\/airdrop-crypto\/\" \/>\n<meta property=\"og:site_name\" content=\"Coinspeaker - Noticias sobre criptomonedas en espa\u00f1ol\" \/>\n<meta property=\"article:modified_time\" content=\"2026-01-09T12:06:45+00:00\" \/>\n<meta property=\"og:image\" content=\"https:\/\/www.coinspeaker.com\/es\/wp-content\/uploads\/sites\/4\/2025\/06\/airdrop.jpg\" \/>\n\t<meta property=\"og:image:width\" content=\"1200\" \/>\n\t<meta property=\"og:image:height\" content=\"701\" \/>\n\t<meta property=\"og:image:type\" content=\"image\/jpeg\" \/>\n<meta name=\"twitter:card\" content=\"summary_large_image\" \/>\n<meta name=\"twitter:label1\" content=\"Est. reading time\" \/>\n\t<meta name=\"twitter:data1\" content=\"10 minutos\" \/>\n<!-- \/ Yoast SEO plugin. -->","yoast_head_json":{"title":"Airdrop de criptomonedas \u2013 Participa en lanzamientos de 2026","description":"\u00bfSabes qu\u00e9 es un airdrop de criptomonedas? \u00bfEst\u00e1s al d\u00eda de los \u00faltimos en marcha este 2026? Cons\u00faltalos aqu\u00ed.","robots":{"index":"index","follow":"follow","max-snippet":"max-snippet:-1","max-image-preview":"max-image-preview:large","max-video-preview":"max-video-preview:-1"},"canonical":"https:\/\/www.coinspeaker.com\/es\/airdrop-crypto\/","og_locale":"es_ES","og_type":"article","og_title":"Airdrop de criptomonedas \u2013 Participa en lanzamientos de 2026","og_description":"\u00bfSabes qu\u00e9 es un airdrop de criptomonedas? \u00bfEst\u00e1s al d\u00eda de los \u00faltimos en marcha este 2026? Cons\u00faltalos aqu\u00ed.","og_url":"https:\/\/www.coinspeaker.com\/es\/airdrop-crypto\/","og_site_name":"Coinspeaker - Noticias sobre criptomonedas en espa\u00f1ol","article_modified_time":"2026-01-09T12:06:45+00:00","og_image":[{"width":1200,"height":701,"url":"https:\/\/www.coinspeaker.com\/es\/wp-content\/uploads\/sites\/4\/2025\/06\/airdrop.jpg","type":"image\/jpeg"}],"twitter_card":"summary_large_image","twitter_misc":{"Est. reading time":"10 minutos"},"schema":{"@context":"https:\/\/schema.org","@graph":[{"@type":"WebPage","@id":"https:\/\/www.coinspeaker.com\/es\/airdrop-crypto\/","url":"https:\/\/www.coinspeaker.com\/es\/airdrop-crypto\/","name":"Airdrop de criptomonedas \u2013 Participa en lanzamientos de 2026","isPartOf":{"@id":"https:\/\/www.coinspeaker.com\/es\/#website"},"primaryImageOfPage":{"@id":"https:\/\/www.coinspeaker.com\/es\/airdrop-crypto\/#primaryimage"},"image":{"@id":"https:\/\/www.coinspeaker.com\/es\/airdrop-crypto\/#primaryimage"},"thumbnailUrl":"https:\/\/www.coinspeaker.com\/es\/wp-content\/uploads\/sites\/4\/2025\/06\/airdrop.jpg","datePublished":"2025-06-25T13:18:32+00:00","dateModified":"2026-01-09T12:06:45+00:00","description":"\u00bfSabes qu\u00e9 es un airdrop de criptomonedas? \u00bfEst\u00e1s al d\u00eda de los \u00faltimos en marcha este 2026? Cons\u00faltalos aqu\u00ed.","breadcrumb":{"@id":"https:\/\/www.coinspeaker.com\/es\/airdrop-crypto\/#breadcrumb"},"inLanguage":"es","potentialAction":[{"@type":"ReadAction","target":["https:\/\/www.coinspeaker.com\/es\/airdrop-crypto\/"]}]},{"@type":"ImageObject","inLanguage":"es","@id":"https:\/\/www.coinspeaker.com\/es\/airdrop-crypto\/#primaryimage","url":"https:\/\/www.coinspeaker.com\/es\/wp-content\/uploads\/sites\/4\/2025\/06\/airdrop.jpg","contentUrl":"https:\/\/www.coinspeaker.com\/es\/wp-content\/uploads\/sites\/4\/2025\/06\/airdrop.jpg","width":1200,"height":701,"caption":"airdrop crypto"},{"@type":"BreadcrumbList","@id":"https:\/\/www.coinspeaker.com\/es\/airdrop-crypto\/#breadcrumb","itemListElement":[{"@type":"ListItem","position":1,"name":"Home","item":"https:\/\/www.coinspeaker.com\/es\/"},{"@type":"ListItem","position":2,"name":"Airdrop de criptomonedas \u2013 Participa en los lanzamientos a\u00e9reos crypto de 2026"}]},{"@type":"WebSite","@id":"https:\/\/www.coinspeaker.com\/es\/#website","url":"https:\/\/www.coinspeaker.com\/es\/","name":"Coinspeaker - Noticias sobre criptomonedas en espa\u00f1ol","description":"Bitcoin, Ethereum, Altcoins y Cripto Noticias con An\u00e1lisis, Precios en Vivo, Gr\u00e1ficos de Datos y Gu\u00edas.","publisher":{"@id":"https:\/\/www.coinspeaker.com\/es\/#organization"},"potentialAction":[{"@type":"SearchAction","target":{"@type":"EntryPoint","urlTemplate":"https:\/\/www.coinspeaker.com\/es\/?s={search_term_string}"},"query-input":{"@type":"PropertyValueSpecification","valueRequired":true,"valueName":"search_term_string"}}],"inLanguage":"es"},{"@type":"Organization","@id":"https:\/\/www.coinspeaker.com\/es\/#organization","name":"Coinspeaker","alternateName":"Coinspeaker.com","url":"https:\/\/www.coinspeaker.com\/es\/","logo":{"@type":"ImageObject","inLanguage":"es","@id":"https:\/\/www.coinspeaker.com\/es\/#\/schema\/logo\/image\/","url":"https:\/\/www.coinspeaker.com\/es\/wp-content\/uploads\/sites\/4\/2025\/05\/cs.png","contentUrl":"https:\/\/www.coinspeaker.com\/es\/wp-content\/uploads\/sites\/4\/2025\/05\/cs.png","width":512,"height":512,"caption":"Coinspeaker"},"image":{"@id":"https:\/\/www.coinspeaker.com\/es\/#\/schema\/logo\/image\/"}}]}},"amp_enabled":false,"_links":{"self":[{"href":"https:\/\/www.coinspeaker.com\/es\/wp-json\/wp\/v2\/pages\/1182","targetHints":{"allow":["GET"]}}],"collection":[{"href":"https:\/\/www.coinspeaker.com\/es\/wp-json\/wp\/v2\/pages"}],"about":[{"href":"https:\/\/www.coinspeaker.com\/es\/wp-json\/wp\/v2\/types\/page"}],"author":[{"embeddable":true,"href":"https:\/\/www.coinspeaker.com\/es\/wp-json\/wp\/v2\/users\/243"}],"replies":[{"embeddable":true,"href":"https:\/\/www.coinspeaker.com\/es\/wp-json\/wp\/v2\/comments?post=1182"}],"version-history":[{"count":4,"href":"https:\/\/www.coinspeaker.com\/es\/wp-json\/wp\/v2\/pages\/1182\/revisions"}],"predecessor-version":[{"id":5455,"href":"https:\/\/www.coinspeaker.com\/es\/wp-json\/wp\/v2\/pages\/1182\/revisions\/5455"}],"wp:featuredmedia":[{"embeddable":true,"href":"https:\/\/www.coinspeaker.com\/es\/wp-json\/wp\/v2\/media\/1192"}],"wp:attachment":[{"href":"https:\/\/www.coinspeaker.com\/es\/wp-json\/wp\/v2\/media?parent=1182"}],"wp:term":[{"taxonomy":"post_tag","embeddable":true,"href":"https:\/\/www.coinspeaker.com\/es\/wp-json\/wp\/v2\/tags?post=1182"}],"curies":[{"name":"wp","href":"https:\/\/api.w.org\/{rel}","templated":true}]}}