{"id":1503,"date":"2025-07-03T19:18:33","date_gmt":"2025-07-03T19:18:33","guid":{"rendered":"https:\/\/www.coinspeaker.com\/es\/?page_id=1503"},"modified":"2026-01-06T09:51:45","modified_gmt":"2026-01-06T09:51:45","slug":"como-comprar-token6900","status":"publish","type":"page","link":"https:\/\/www.coinspeaker.com\/es\/como-comprar-token6900\/","title":{"rendered":"C\u00f3mo comprar Token6900 (T6900) \u2013 Tutorial y an\u00e1lisis"},"content":{"rendered":"<p>TOKEN6900 es una preventa de criptomonedas reci\u00e9n lanzada. Se trata de una memecoin cuyo n\u00famero y nomenclatura nos recuerda a otra (SPX6900) pero, seg\u00fan afirma, \u00abmejor en todo\u00bb: m\u00e1s justa, m\u00e1s directa, m\u00e1s honesta, m\u00e1s democr\u00e1tica y con 1 token m\u00e1s en la distribuci\u00f3n. Es \u00abpura liquidez y buena onda\u00bb, seg\u00fan se define TOKEN6900.<\/p>\n<p>Si te llama la atenci\u00f3n o te perdiste SPX6900 u otras memecoins con muchas promesas y poco fondo, sigue leyendo: en esta p\u00e1gina hablaremos de <strong>c\u00f3mo comprar TOKEN6900<\/strong> antes de que se convierta en la <strong>criptomoneda m\u00e1s viral de 2025<\/strong>.<\/p>\n<h2>\u00bfQu\u00e9 es Token6900? En tres puntos:<\/h2>\n<ul>\n<li><strong>Sin utilidad, sin pretensiones<\/strong>: TOKEN6900 no promete nada: asume plenamente su condici\u00f3n de <a href=\"https:\/\/www.coinspeaker.com\/es\/memecoins\/\"><strong>meme coin<\/strong><\/a> sat\u00edrica, sin hoja de ruta ni pretensiones tecnol\u00f3gicas. Lleva la l\u00f3gica del meme a\u00fan m\u00e1s lejos, con una oferta ligeramente mayor que SPX6900 y una ambici\u00f3n simb\u00f3lica: ser \u00ab<em>a\u00fan m\u00e1s absurdo, y por lo tanto m\u00e1s honesto<\/em>\u00bb.<\/li>\n<li><strong>El 80% de los tokens disponibles para la <a href=\"https:\/\/www.coinspeaker.com\/es\/preventa-criptomonedas\/\">preventa de criptomonedas<\/a><\/strong>: ya se puede acceder a la mayor parte de la oferta total, con un tope duro fijado en 5 millones de d\u00f3lares.<\/li>\n<li><strong>Token no corrupto (NCT)<\/strong>: a diferencia de muchos proyectos que diluyen sus tokens, TOKEN6900 es de emisi\u00f3n fija. Sin creaci\u00f3n monetaria, sin acu\u00f1aci\u00f3n post-venta. Adem\u00e1s, es comunitario 100% \u2013 dirigido a aquellos que entienden que el mercado de criptomonedas, en algunos aspectos, no es racional. Y ese es precisamente su punto fuerte.<\/li>\n<\/ul>\n<h2>Tutorial para comprar TOKEN6900 paso a paso<\/h2>\n<p>Comprar TOKEN 6900 ($T6900) es sencillo y accesible, incluso para los principiantes. Siga este proceso paso a paso para participar en la preventa con total seguridad:<\/p>\n<h3>1. Descarga Best Wallet<\/h3>\n<p>Comienza instalando Best Wallet, una criptocartera sin custodia compatible con Ethereum. Est\u00e1 <a rel=\"nofollow sponsored\" href=\"\/es\/visit\/best-wallet\"><strong>disponible en iOS y Android<\/strong><\/a>, y ofrece una interfaz clara y en franc\u00e9s, ideal para principiantes. Instala la app a trav\u00e9s de la web oficial o de la tienda de tu m\u00f3vil (Google Play o Apple Store).<\/p>\n<p>Crea una wallet siguiendo las instrucciones: aseg\u00farate de guardar tu contrase\u00f1a y frase semilla en un lugar seguro y sin conexi\u00f3n. Nunca compartas tu clave privada o frase semilla, ni siquiera con el \u00abservicio de atenci\u00f3n al cliente\u00bb.<\/p>\n<h3>2. Visita el sitio web oficial de TOKEN6900<\/h3>\n<p>Abre el navegador m\u00f3vil o de escritorio y <a rel=\"nofollow sponsored\" href=\"\/es\/visit\/token6900\"><strong>visita la web oficial de TOKEN6900<\/strong><\/a>. Una vez en la p\u00e1gina, haz clic en \u00abComprar ahora\u00bb. \u00a1Ojo con p\u00e1ginas fraudulentas y clones! Emplea s\u00f3lo enlaces verificados como los que hallar\u00e1s en esta gu\u00eda.<\/p>\n<p><img loading=\"lazy\" decoding=\"async\" class=\"aligncenter size-full wp-image-1507\" src=\"https:\/\/www.coinspeaker.com\/es\/wp-content\/uploads\/sites\/4\/2025\/07\/token6900-1.jpg\" alt=\"como comprar token6900\" width=\"1200\" height=\"613\" srcset=\"https:\/\/www.coinspeaker.com\/es\/wp-content\/uploads\/sites\/4\/2025\/07\/token6900-1.jpg 1200w, https:\/\/www.coinspeaker.com\/es\/wp-content\/uploads\/sites\/4\/2025\/07\/token6900-1-300x153.jpg 300w, https:\/\/www.coinspeaker.com\/es\/wp-content\/uploads\/sites\/4\/2025\/07\/token6900-1-1024x523.jpg 1024w, https:\/\/www.coinspeaker.com\/es\/wp-content\/uploads\/sites\/4\/2025\/07\/token6900-1-768x392.jpg 768w\" sizes=\"auto, (max-width: 1200px) 100vw, 1200px\" \/><\/p>\n<h3>3. Conecta la wallet<\/h3>\n<p>En la p\u00e1gina de preventa, haz clic en \u00abConectar cartera\u00bb. Escoge Best Wallet (que deber\u00eda aparecer la primera en la lista). Sigue las instrucciones de tu aplicaci\u00f3n para autorizar la conexi\u00f3n.<\/p>\n<h3>4. Compra el token $T6900<\/h3>\n<p>Introduce ahora la cantidad en ETH, USDT u otra criptomoneda admitida que desees usar para invertir. Valida la transacci\u00f3n (o la transferencia en caso de compra con tarjeta de cr\u00e9dito) en tu monedero. Comprueba las tarifas de red (gas) antes de validar una transacci\u00f3n.<\/p>\n<p>Recibir\u00e1s los tokens $T6900 en su cartera de criptomonedas una vez que se haya confirmado la preventa.<\/p>\n<h3>5. Stakea (opcional)<\/h3>\n<p>Con la opci\u00f3n de staking, podr\u00e1s bloquear los tokens reci\u00e9n comprados a cambio de recompensas. Visita la secci\u00f3n dedicada en el sitio web oficial para obtener m\u00e1s informaci\u00f3n.<\/p>\n<h2>\u00bfPor qu\u00e9 comprar TOKEN6900?<\/h2>\n<p>Para los traders amantes de la adrenalina y los memes, TOKEN6900 es una oportunidad que no deben ignorar. Este token tiene una serie de ventajas, entre ellas:<\/p>\n<ul>\n<li><strong>Una preventa justa para evitar la diluci\u00f3n<\/strong> \u2013 En lugar de inundar el mercado con miles de millones de tokens descontrolados, TOKEN6900 organiza una preventa con un estricto l\u00edmite m\u00e1ximo de 5 millones de d\u00f3lares. S\u00f3lo el 80% de los tokens estar\u00e1n disponibles para la venta, lo que garantiza una escasez controlada desde el principio. Aqu\u00ed no hay trampa, ni manipulaci\u00f3n: es todo transparente y sabes lo que viene.<\/li>\n<li><strong>Sin falsas promesas<\/strong> \u2013 A diferencia del 99% de las criptomonedas que te venden IA, metaversos o utilidades que luego no se cu,plen, TOKEN6900 asume en voz alta y clara su condici\u00f3n de \u00abToken con utilidad cero\u00bb. Sin jerga t\u00e9cnica, sin hoja de ruta que no tenga sentido. Es su mejor baza.<\/li>\n<li><strong>Una s\u00e1tira abierta de los mercados financieros<\/strong> \u2013 Inspirado en la cultura de los a\u00f1os 2000, TOKEN6900 se burla abiertamente de los bancos centrales, los \u00edndices burs\u00e1tiles y los criptoproyectos demasiado serios. No es un token m\u00e1s, es una especie de cr\u00edtica a las reglas de las finanzas tradicionales y a las pomposas ICO. Si ya est\u00e1s harto de la hipocres\u00eda del sector, este es tu proyecto.<\/li>\n<li><strong>Una comunidad muy comprometida, motor del proyecto<\/strong> \u2013 La verdadera fuerza de TOKEN6900 es claramente su comunidad. Cultiva el humor, la transparencia total y la libertad de expresi\u00f3n. Los poseedores no est\u00e1n ah\u00ed por lo \u00abb\u00e1sico\u00bb, sino por el efecto meme, la viralidad y el delirio colectivo.<\/li>\n<li><strong>Potencial especulativo (pero arriesgado)<\/strong> \u2013 TOKEN6900 no te oculta los riesgos. Es un juego puramente especulativo. La volatilidad ser\u00e1 extrema y su supervivencia depender\u00e1 totalmente de la comunidad y del mercado general de memes. Pero para aquellos que buscan un movimiento de cripto p\u00f3quer con un alto APY, las ganancias potenciales son reales.<\/li>\n<\/ul>\n<p>Despu\u00e9s de todo, en un mercado donde las <strong>shitcoins<\/strong> in\u00fatiles a veces valen miles de millones y las vemos entre las <a href=\"https:\/\/www.coinspeaker.com\/es\/criptomonedas-que-van-a-explotar\/\"><strong>criptomonedas que van a explotar<\/strong><\/a>, \u00bfpor qu\u00e9 no TOKEN6900?<\/p>\n<p><img loading=\"lazy\" decoding=\"async\" class=\"aligncenter size-full wp-image-1431\" src=\"https:\/\/www.coinspeaker.com\/es\/wp-content\/uploads\/sites\/4\/2025\/07\/token6900.jpg\" alt=\"comprar token6900\" width=\"1200\" height=\"400\" srcset=\"https:\/\/www.coinspeaker.com\/es\/wp-content\/uploads\/sites\/4\/2025\/07\/token6900.jpg 1200w, https:\/\/www.coinspeaker.com\/es\/wp-content\/uploads\/sites\/4\/2025\/07\/token6900-300x100.jpg 300w, https:\/\/www.coinspeaker.com\/es\/wp-content\/uploads\/sites\/4\/2025\/07\/token6900-1024x341.jpg 1024w, https:\/\/www.coinspeaker.com\/es\/wp-content\/uploads\/sites\/4\/2025\/07\/token6900-768x256.jpg 768w\" sizes=\"auto, (max-width: 1200px) 100vw, 1200px\" \/><\/p>\n<h2>Predicci\u00f3n de precio de TOKEN6900: \u00bfcomprar hoy o esperar?<\/h2>\n<p>Si miramos al precio de T6900, podemos establecer que habr\u00e1 varios factores clave influyendo en la trayectoria del precio. El \u00e9xito de la preventa, con un objetivo (<em>hard cap<\/em>) de 5 millones de d\u00f3lares, podr\u00eda generar una gran expectaci\u00f3n tras la salida a bolsa. Esto podr\u00eda impulsar el precio entre un +50% y un +100%.<\/p>\n<p>En todos los casos, el sentimiento general del mercado tambi\u00e9n desempe\u00f1ar\u00e1 un papel decisivo. En el caso de una <strong>carrera alcista de las criptomonedas<\/strong>, y en especial una <strong>altseason<\/strong>, las monedas meme como $T6900 podr\u00edan obtener mejores resultados, siguiendo el ejemplo del fen\u00f3meno SPX6900. La <strong>cotizaci\u00f3n<\/strong> en las principales bolsas tambi\u00e9n tendr\u00e1 un impacto importante en la liquidez y la visibilidad del proyecto.<\/p>\n<p>Estas son las previsiones del T690 a corto plazo (finales de 2025):<\/p>\n<ul>\n<li><strong>Escenario optimista (0,012-0,015 $)<\/strong>: impulsado por una comunidad din\u00e1mica de m\u00e1s de 50.000 titulares, ser\u00eda de las <a href=\"https:\/\/www.coinspeaker.com\/es\/criptomonedas-x1000\/\"><strong>criptomonedas x1000<\/strong><\/a> o hasta x10.000<\/li>\n<li><strong>Escenario neutral (0,008-0,01 $)<\/strong>: mercado estable sin ning\u00fan catalizador importante.<\/li>\n<li><strong>Escenario pesimista (0,002-0,004 $)<\/strong>: fracaso de la preventa o entrada en un mercado bajista.<\/li>\n<\/ul>\n<h2>Conclusi\u00f3n<\/h2>\n<p>TOKEN6900 es una memecoin sin uso real, y no es para todo el mundo, pero muchos encontrar\u00e1n que vale la pena arriesgarse con ella. Ha sido auditada, y tiene un staking bastante elevado. Con un lanzamiento justo del 80% de la tokenom\u00eda a un hard cap de 5 millones totalmente asequible, es digno de ver lo que le puede pasar a TOKEN6900 en los pr\u00f3ximos d\u00edas.<\/p>\n<p>Al fin y al cabo, SPX6900 no promet\u00eda mucho m\u00e1s, y tuvo un \u00e9xito explosivo cuando sali\u00f3. TOKEN6900 es m\u00e1s transparente, menos convencional, m\u00e1s vol\u00e1til&#8230; y tiene un token m\u00e1s, para lo que pueda valer.<\/p>\n<p style=\"text-align: center\"><a rel=\"nofollow sponsored\" href=\"\/es\/visit\/token6900\"><strong>Comprar Token6900<\/strong><\/a><\/p>\n<h2>Preguntas frecuentes<\/h2>\n<div class=\"man_faq_sec\" itemscope itemtype=\"https:\/\/schema.org\/FAQPage\"><\/time><script>jQuery(document).ready(function() {\n\t\t\t\t\t\t\t\tjQuery(\".accordionButton\").click(function() {\n\t\t\t\t\t\t\t\t\tjQuery(\".accordionButton\").removeClass(\"on\");\n\t\t\t\t\t\t\t\t\tjQuery(\".accordionContent\").slideUp(\"normal\");\n\t\t\t\t\t\t\t\t\tif(jQuery(this).parents(\".ms_faq\").find(\".accordionContent\").is(\":hidden\") == true) {\n\t\t\t\t\t\t\t\t\t\tjQuery(this).addClass(\"on\");\n\t\t\t\t\t\t\t\t\t\tjQuery(this).parents(\".ms_faq\").find(\".accordionContent\").slideDown(\"normal\");\n\t\t\t\t\t\t\t\t\t }\n\t\t\t\t\t\t\t\t });\n\t\t\t\t\t\t\t\t });\n\t\t\t\t\t\t\t<\/script><section class=\"ms_faq ms_card \" ><div itemscope itemprop=\"mainEntity\" itemtype=\"https:\/\/schema.org\/Question\"><div class=\"accordionButton\"><h3 itemprop=\"name\">\u00bfD\u00f3nde comprar TOKEN6900?<\/h3> <\/div>\n<div class=\"accordionContent\" itemscope itemprop=\"acceptedAnswer\" itemtype=\"https:\/\/schema.org\/Answer\" style=\"display:none;\"><p itemprop=\"text\">En la p\u00e1gina web oficial del proyecto, que puedes visitar siguiendo los enlaces de esta gu\u00eda.<\/p>\n                <\/div><\/div><\/section>\n<section class=\"ms_faq ms_card \" ><div itemscope itemprop=\"mainEntity\" itemtype=\"https:\/\/schema.org\/Question\"><div class=\"accordionButton\"><h3 itemprop=\"name\">\u00bfEs arriesgado comprar TOKEN6900?<\/h3> <\/div>\n<div class=\"accordionContent\" itemscope itemprop=\"acceptedAnswer\" itemtype=\"https:\/\/schema.org\/Answer\" style=\"display:none;\"><p itemprop=\"text\">No m\u00e1s que cualquier otra preventa o <a href=\"https:\/\/www.coinspeaker.com\/es\/nuevas-criptomonedas\/\"><strong>criptomoneda nueva<\/strong><\/a>, que ya sabemos que son vol\u00e1tiles y de comportamiento inesperado en el mercado. Sin embargo, \u00e9sta no tiene utilidad subyacente, pero su car\u00e1cter especulativo est\u00e1 al 200% de lo habitual.<\/p>\n                <\/div><\/div><\/section>\n<\/div>","protected":false},"excerpt":{"rendered":"<p>Descargo de responsabilidad: Este art\u00edculo tiene fines informativos y no constituye un asesoramiento en inversi\u00f3n en criptomonedas. Es importante leer y comprender los riesgos de esta inversi\u00f3n antes de tomar cualquier decisi\u00f3n.<\/p>\n","protected":false},"author":243,"featured_media":1507,"parent":0,"menu_order":0,"comment_status":"closed","ping_status":"closed","template":"single-guides.php","meta":{"_acf_changed":false,"footnotes":""},"tags":[],"class_list":["post-1503","page","type-page","status-publish","has-post-thumbnail","hentry"],"acf":[],"yoast_head":"<!-- This site is optimized with the Yoast SEO plugin v25.7 - https:\/\/yoast.com\/wordpress\/plugins\/seo\/ -->\n<title>C\u00f3mo comprar Token6900 (T6900) \u2013 Tutorial y an\u00e1lisis<\/title>\n<meta name=\"description\" content=\"En esta p\u00e1gina hablaremos de c\u00f3mo comprar TOKEN6900 antes de que se convierta en la criptomoneda m\u00e1s viral de 2026.\" \/>\n<meta name=\"robots\" content=\"index, follow, max-snippet:-1, max-image-preview:large, max-video-preview:-1\" \/>\n<link rel=\"canonical\" href=\"https:\/\/www.coinspeaker.com\/es\/como-comprar-token6900\/\" \/>\n<meta property=\"og:locale\" content=\"es_ES\" \/>\n<meta property=\"og:type\" content=\"article\" \/>\n<meta property=\"og:title\" content=\"C\u00f3mo comprar Token6900 (T6900) \u2013 Tutorial y an\u00e1lisis\" \/>\n<meta property=\"og:description\" content=\"En esta p\u00e1gina hablaremos de c\u00f3mo comprar TOKEN6900 antes de que se convierta en la criptomoneda m\u00e1s viral de 2026.\" \/>\n<meta property=\"og:url\" content=\"https:\/\/www.coinspeaker.com\/es\/como-comprar-token6900\/\" \/>\n<meta property=\"og:site_name\" content=\"Coinspeaker - Noticias sobre criptomonedas en espa\u00f1ol\" \/>\n<meta property=\"article:modified_time\" content=\"2026-01-06T09:51:45+00:00\" \/>\n<meta property=\"og:image\" content=\"https:\/\/www.coinspeaker.com\/es\/wp-content\/uploads\/sites\/4\/2025\/07\/token6900-1.jpg\" \/>\n\t<meta property=\"og:image:width\" content=\"1200\" \/>\n\t<meta property=\"og:image:height\" content=\"613\" \/>\n\t<meta property=\"og:image:type\" content=\"image\/jpeg\" \/>\n<meta name=\"twitter:card\" content=\"summary_large_image\" \/>\n<meta name=\"twitter:label1\" content=\"Est. reading time\" \/>\n\t<meta name=\"twitter:data1\" content=\"7 minutos\" \/>\n<!-- \/ Yoast SEO plugin. -->","yoast_head_json":{"title":"C\u00f3mo comprar Token6900 (T6900) \u2013 Tutorial y an\u00e1lisis","description":"En esta p\u00e1gina hablaremos de c\u00f3mo comprar TOKEN6900 antes de que se convierta en la criptomoneda m\u00e1s viral de 2026.","robots":{"index":"index","follow":"follow","max-snippet":"max-snippet:-1","max-image-preview":"max-image-preview:large","max-video-preview":"max-video-preview:-1"},"canonical":"https:\/\/www.coinspeaker.com\/es\/como-comprar-token6900\/","og_locale":"es_ES","og_type":"article","og_title":"C\u00f3mo comprar Token6900 (T6900) \u2013 Tutorial y an\u00e1lisis","og_description":"En esta p\u00e1gina hablaremos de c\u00f3mo comprar TOKEN6900 antes de que se convierta en la criptomoneda m\u00e1s viral de 2026.","og_url":"https:\/\/www.coinspeaker.com\/es\/como-comprar-token6900\/","og_site_name":"Coinspeaker - Noticias sobre criptomonedas en espa\u00f1ol","article_modified_time":"2026-01-06T09:51:45+00:00","og_image":[{"width":1200,"height":613,"url":"https:\/\/www.coinspeaker.com\/es\/wp-content\/uploads\/sites\/4\/2025\/07\/token6900-1.jpg","type":"image\/jpeg"}],"twitter_card":"summary_large_image","twitter_misc":{"Est. reading time":"7 minutos"},"schema":{"@context":"https:\/\/schema.org","@graph":[{"@type":"WebPage","@id":"https:\/\/www.coinspeaker.com\/es\/como-comprar-token6900\/","url":"https:\/\/www.coinspeaker.com\/es\/como-comprar-token6900\/","name":"C\u00f3mo comprar Token6900 (T6900) \u2013 Tutorial y an\u00e1lisis","isPartOf":{"@id":"https:\/\/www.coinspeaker.com\/es\/#website"},"primaryImageOfPage":{"@id":"https:\/\/www.coinspeaker.com\/es\/como-comprar-token6900\/#primaryimage"},"image":{"@id":"https:\/\/www.coinspeaker.com\/es\/como-comprar-token6900\/#primaryimage"},"thumbnailUrl":"https:\/\/www.coinspeaker.com\/es\/wp-content\/uploads\/sites\/4\/2025\/07\/token6900-1.jpg","datePublished":"2025-07-03T19:18:33+00:00","dateModified":"2026-01-06T09:51:45+00:00","description":"En esta p\u00e1gina hablaremos de c\u00f3mo comprar TOKEN6900 antes de que se convierta en la criptomoneda m\u00e1s viral de 2026.","breadcrumb":{"@id":"https:\/\/www.coinspeaker.com\/es\/como-comprar-token6900\/#breadcrumb"},"inLanguage":"es","potentialAction":[{"@type":"ReadAction","target":["https:\/\/www.coinspeaker.com\/es\/como-comprar-token6900\/"]}]},{"@type":"ImageObject","inLanguage":"es","@id":"https:\/\/www.coinspeaker.com\/es\/como-comprar-token6900\/#primaryimage","url":"https:\/\/www.coinspeaker.com\/es\/wp-content\/uploads\/sites\/4\/2025\/07\/token6900-1.jpg","contentUrl":"https:\/\/www.coinspeaker.com\/es\/wp-content\/uploads\/sites\/4\/2025\/07\/token6900-1.jpg","width":1200,"height":613,"caption":"como comprar token6900"},{"@type":"BreadcrumbList","@id":"https:\/\/www.coinspeaker.com\/es\/como-comprar-token6900\/#breadcrumb","itemListElement":[{"@type":"ListItem","position":1,"name":"Home","item":"https:\/\/www.coinspeaker.com\/es\/"},{"@type":"ListItem","position":2,"name":"C\u00f3mo comprar Token6900 (T6900) \u2013 Tutorial y an\u00e1lisis"}]},{"@type":"WebSite","@id":"https:\/\/www.coinspeaker.com\/es\/#website","url":"https:\/\/www.coinspeaker.com\/es\/","name":"Coinspeaker - Noticias sobre criptomonedas en espa\u00f1ol","description":"Bitcoin, Ethereum, Altcoins y Cripto Noticias con An\u00e1lisis, Precios en Vivo, Gr\u00e1ficos de Datos y Gu\u00edas.","publisher":{"@id":"https:\/\/www.coinspeaker.com\/es\/#organization"},"potentialAction":[{"@type":"SearchAction","target":{"@type":"EntryPoint","urlTemplate":"https:\/\/www.coinspeaker.com\/es\/?s={search_term_string}"},"query-input":{"@type":"PropertyValueSpecification","valueRequired":true,"valueName":"search_term_string"}}],"inLanguage":"es"},{"@type":"Organization","@id":"https:\/\/www.coinspeaker.com\/es\/#organization","name":"Coinspeaker","alternateName":"Coinspeaker.com","url":"https:\/\/www.coinspeaker.com\/es\/","logo":{"@type":"ImageObject","inLanguage":"es","@id":"https:\/\/www.coinspeaker.com\/es\/#\/schema\/logo\/image\/","url":"https:\/\/www.coinspeaker.com\/es\/wp-content\/uploads\/sites\/4\/2025\/05\/cs.png","contentUrl":"https:\/\/www.coinspeaker.com\/es\/wp-content\/uploads\/sites\/4\/2025\/05\/cs.png","width":512,"height":512,"caption":"Coinspeaker"},"image":{"@id":"https:\/\/www.coinspeaker.com\/es\/#\/schema\/logo\/image\/"}}]}},"amp_enabled":false,"_links":{"self":[{"href":"https:\/\/www.coinspeaker.com\/es\/wp-json\/wp\/v2\/pages\/1503","targetHints":{"allow":["GET"]}}],"collection":[{"href":"https:\/\/www.coinspeaker.com\/es\/wp-json\/wp\/v2\/pages"}],"about":[{"href":"https:\/\/www.coinspeaker.com\/es\/wp-json\/wp\/v2\/types\/page"}],"author":[{"embeddable":true,"href":"https:\/\/www.coinspeaker.com\/es\/wp-json\/wp\/v2\/users\/243"}],"replies":[{"embeddable":true,"href":"https:\/\/www.coinspeaker.com\/es\/wp-json\/wp\/v2\/comments?post=1503"}],"version-history":[{"count":3,"href":"https:\/\/www.coinspeaker.com\/es\/wp-json\/wp\/v2\/pages\/1503\/revisions"}],"predecessor-version":[{"id":5429,"href":"https:\/\/www.coinspeaker.com\/es\/wp-json\/wp\/v2\/pages\/1503\/revisions\/5429"}],"wp:featuredmedia":[{"embeddable":true,"href":"https:\/\/www.coinspeaker.com\/es\/wp-json\/wp\/v2\/media\/1507"}],"wp:attachment":[{"href":"https:\/\/www.coinspeaker.com\/es\/wp-json\/wp\/v2\/media?parent=1503"}],"wp:term":[{"taxonomy":"post_tag","embeddable":true,"href":"https:\/\/www.coinspeaker.com\/es\/wp-json\/wp\/v2\/tags?post=1503"}],"curies":[{"name":"wp","href":"https:\/\/api.w.org\/{rel}","templated":true}]}}