{"id":2024,"date":"2025-07-21T12:25:45","date_gmt":"2025-07-21T12:25:45","guid":{"rendered":"https:\/\/www.coinspeaker.com\/es\/?page_id=2024"},"modified":"2026-02-26T13:41:16","modified_gmt":"2026-02-26T13:41:16","slug":"futuros-ethereum","status":"publish","type":"page","link":"https:\/\/www.coinspeaker.com\/es\/futuros-ethereum\/","title":{"rendered":"Gu\u00eda sobre futuros de Ethereum: predicciones y trading de Ether en abril de 2026"},"content":{"rendered":"<p>Los contratos de<strong> futuros de Ethereum (ETH)<\/strong> tienen una demanda elevada, casi al nivel de Bitcoin, por su volatilidad, su potencial y el car\u00e1cter especulativo.<\/p>\n<p>Junto con los ETF, son uno de los tipos de posiciones con un mayor volumen diario.<\/p>\n<p>En esta gu\u00eda, reunimos todo lo que hay que saber sobre estos productos de inversi\u00f3n: desde los mejores lugares para operar estas posiciones, a c\u00f3mo hacerlo, y los pros y contras de este tipo de <a href=\"https:\/\/www.coinspeaker.com\/es\/trading-criptomonedas\/\"><strong>trading de criptomonedas<\/strong><\/a>. \u00bfNos acompa\u00f1as?<\/p>\n<h2>Puntos clave sobre los futuros de Ethereum<\/h2>\n<p>Antes de ir m\u00e1s lejos y descubrir todas las mejores plataformas de comercio de futuros en 2026, aqu\u00ed hay algunos puntos clave a recordar:<\/p>\n<ul>\n<li>Alrededor del 76% de los traders individuales pierden dinero operando con <a href=\"https:\/\/www.coinspeaker.com\/es\/mejores-plataformas-de-futuros-de-criptomonedas\/\" target=\"_blank\"><strong>futuros de bitcoin<\/strong><\/a>.<\/li>\n<li>Implican especular sobre el precio futuro de un activo (como ETH) sin poseer realmente la criptomoneda subyacente.<\/li>\n<li>El futuro en trading es un contrato para comprar o vender una criptomoneda a un precio fijado de antemano, en una fecha futura.<\/li>\n<li>Existe la posibilidad de utilizar un apalancamiento de hasta x1000 en determinadas plataformas, para maximizar ganancias, aunque a un riesgo m\u00e1s elevado.<\/li>\n<\/ul>\n<h2>\u00bfQu\u00e9 es y c\u00f3mo funciona el comercio de futuros de Ethereum?<\/h2>\n<p>Dar el paso en este tipo de trading no es una decisi\u00f3n balad\u00ed. Requiere, a nuestro parecer, una base de conocimientos aunque sea m\u00ednima, y por f\u00e1cil que lo pongan algunas plataformas.<\/p>\n<p>Es un instrumento arriesgado de las finanzas, y tiene mecanismos a entender como \u00e9stos:<\/p>\n<ul>\n<li>Un contrato de derivados de Ether <strong>no permite a los inversores transferir la criptomoneda en cuesti\u00f3n a una wallet<\/strong>, ni siquiera utilizarla en dApps u otras aplicaciones DeFi (staking o de otro tipo). <strong>No se posee el token (ETH)<\/strong>, y solo se abre un contrato con la plataforma de negociaci\u00f3n para <strong>especular<\/strong>.<\/li>\n<\/ul>\n<p>As\u00ed pues, los contratos de futuros de ETH <strong>se realizan entre dos partes<\/strong> (el inversor y una bolsa o br\u00f3ker, en la mayor\u00eda de los casos), para comprar o vender ETH a un precio fijado de antemano, con una fecha futura.<\/p>\n<p>En la mayor\u00eda de los casos, estos productos no tienen fecha de vencimiento y pueden mantenerse hasta su cierre por parte del usuario o en ciertas circunstancias del br\u00f3ker (aunque la liquidez casi nunca es un problema con Ethereum).<\/p>\n<p>Los inversores pueden elegir estar:<\/p>\n<ul>\n<li><strong>En posici\u00f3n larga<\/strong>: si creen que el precio de Ether va a subir.<\/li>\n<li><strong>En posici\u00f3n corta<\/strong>: si creen que el precio de Ether va a bajar.<\/li>\n<\/ul>\n<p>A continuaci\u00f3n, es posible utilizar <strong>herramientas de gesti\u00f3n de riesgos para determinar un TP (Take Profit) y un SL (Stop Loss)<\/strong> para evitar cerrar una posici\u00f3n manualmente. Por supuesto, esto no impide a los inversores cerrar una posici\u00f3n larga o corta en cualquier momento, para obtener beneficios o limitar las p\u00e9rdidas, pero estas herramientas son autom\u00e1ticas.<\/p>\n<h3>El apalancamiento y la liquidaci\u00f3n<\/h3>\n<p>Con un contrato de futuros sobre ETH, es posible utilizar el <strong>apalancamiento<\/strong> para abrir una posici\u00f3n superior a su compromiso de capital inicial. A veces puede llegar hasta x1000, dependiendo del activo, de la plataforma de negociaci\u00f3n de futuros y de la normativa.<\/p>\n<p>Por poner un ejemplo concreto: es posible abrir una posici\u00f3n de 100 $ con un apalancamiento de 10x con s\u00f3lo una inversi\u00f3n de margen de 10 $.<\/p>\n<p>Como puedes imaginar, el apalancamiento aumenta tu exposici\u00f3n y, lo que es m\u00e1s importante, amplifica los beneficios pero tambi\u00e9n las p\u00e9rdidas potenciales.<\/p>\n<p>En este escenario, una plataforma de negociaci\u00f3n de futuros de ETH puede liquidar autom\u00e1ticamente una posici\u00f3n y hacerte perder toda su inversi\u00f3n inicial si tu p\u00e9rdida es demasiado grande en relaci\u00f3n con el margen.<\/p>\n<h2>La mejor plataforma para operar en futuros de Ethereum<\/h2>\n<p>Una vez dispones de los conocimientos b\u00e1sicos sobre Ethereum y futuros, es el momento de pasar a la acci\u00f3n. \u00bfCu\u00e1l es la mejor plataforma para el trading de futuros con Ether?<\/p>\n<p>\u00c9sta se adapta a casi todos los tipos de necesidades y objetivos:<\/p>\n<h3>MEXC<\/h3>\n<p><img loading=\"lazy\" decoding=\"async\" class=\"aligncenter wp-image-794 size-full\" src=\"https:\/\/www.coinspeaker.com\/es\/wp-content\/uploads\/sites\/4\/2025\/06\/mexc.jpg\" alt=\"MEXC, una plataforma para operar con futuros de ETH\" width=\"1280\" height=\"720\" srcset=\"https:\/\/www.coinspeaker.com\/es\/wp-content\/uploads\/sites\/4\/2025\/06\/mexc.jpg 1280w, https:\/\/www.coinspeaker.com\/es\/wp-content\/uploads\/sites\/4\/2025\/06\/mexc-300x169.jpg 300w, https:\/\/www.coinspeaker.com\/es\/wp-content\/uploads\/sites\/4\/2025\/06\/mexc-1024x576.jpg 1024w, https:\/\/www.coinspeaker.com\/es\/wp-content\/uploads\/sites\/4\/2025\/06\/mexc-768x432.jpg 768w\" sizes=\"auto, (max-width: 1280px) 100vw, 1280px\" \/><\/p>\n<p><a href=\"\/es\/visit\/mexc\" target=\"_blank\" rel=\"nofollow noopener sponsored\"><strong>MEXC<\/strong><\/a> es familiar para la mayor\u00eda de nuestros lectores, ya que es un exchange muy completo, que ofrece m\u00faltiples instrumentos desde que se lanz\u00f3 en el a\u00f1o 2018.<\/p>\n<p>Con 1.086 pares de negociaci\u00f3n de futuros disponibles, MEXC aplica comisiones variables desde 0% maker y 0,02% taker: esto es particularmente competitivo en el mercado, especialmente porque se prev\u00e9n descuentos para los titulares de $MX.<\/p>\n<p>El apalancamiento en MEXC puede llegar hasta x400 en ciertos pares (dependiendo de la cantidad invertida), y la plataforma organiza regularmente competiciones entre usuarios para ganar una parte de premios de hasta 8.000 USDT para los <strong>mejores traders de futuros de Ether<\/strong>.<\/p>\n<p>Al listar muchas coins reci\u00e9n salidas de su <a href=\"https:\/\/www.coinspeaker.com\/es\/preventa-criptomonedas\/\" target=\"_blank\"><strong>preventa de criptomonedas<\/strong><\/a>, es un sitio popular para probar trading de coins poco vistas.<\/p>\n<p style=\"text-align: center\"><a href=\"\/es\/visit\/mexc\" target=\"_blank\" rel=\"nofollow noopener sponsored\"><strong>Futuros de Ethereum en MEXC<\/strong><\/a><\/p>\n<h3>Margex<\/h3>\n<p><img loading=\"lazy\" decoding=\"async\" class=\"aligncenter wp-image-793 size-full\" src=\"https:\/\/www.coinspeaker.com\/es\/wp-content\/uploads\/sites\/4\/2025\/06\/margex.jpg\" alt=\"Margex. plataforma segura para operar con futuros de ETH\" width=\"1200\" height=\"675\" srcset=\"https:\/\/www.coinspeaker.com\/es\/wp-content\/uploads\/sites\/4\/2025\/06\/margex.jpg 1200w, https:\/\/www.coinspeaker.com\/es\/wp-content\/uploads\/sites\/4\/2025\/06\/margex-300x169.jpg 300w, https:\/\/www.coinspeaker.com\/es\/wp-content\/uploads\/sites\/4\/2025\/06\/margex-1024x576.jpg 1024w, https:\/\/www.coinspeaker.com\/es\/wp-content\/uploads\/sites\/4\/2025\/06\/margex-768x432.jpg 768w\" sizes=\"auto, (max-width: 1200px) 100vw, 1200px\" \/><\/p>\n<p><a href=\"\/es\/visit\/margex\" target=\"_blank\" rel=\"nofollow noopener sponsored\"><strong>Margex<\/strong><\/a> es un sitio lanzado por traders de renombre en 2019, que permite a principiantes y profesionales utilizar apalancamiento en contratos de futuros de hasta x100.<\/p>\n<p>Con m\u00e1s de 36 criptomonedas con contratos de futuros perpetuos disponibles, puedes especular con Ethereum (ETH), Dogecoin, (DOGE), Litecoin (LTC) y Bitcoin (BTC) en particular.<\/p>\n<p>Registrarse en Margex s\u00f3lo le llevar\u00e1 unos segundos y <strong>no tendr\u00e1s que revelar ninguna informaci\u00f3n personal<\/strong> a trav\u00e9s de un procedimiento KYC.<\/p>\n<p>Con unas comisiones de creador del 0,019% y de receptor del 0,06% por transacci\u00f3n, el sitio sigue siendo competitivo frente a la competencia y ofrece una interfaz f\u00e1cil de usar y de aprender para todos los perfiles de operador.<\/p>\n<p style=\"text-align: center\"><a href=\"\/es\/visit\/margex\" target=\"_blank\" rel=\"nofollow noopener sponsored\"><strong>Futuros de Ethereum en Margex<\/strong><\/a><\/p>\n<h3>OKX<\/h3>\n<p><img loading=\"lazy\" decoding=\"async\" class=\"aligncenter wp-image-795 size-full\" src=\"https:\/\/www.coinspeaker.com\/es\/wp-content\/uploads\/sites\/4\/2025\/06\/okx.jpg\" alt=\"okx\" width=\"1200\" height=\"674\" srcset=\"https:\/\/www.coinspeaker.com\/es\/wp-content\/uploads\/sites\/4\/2025\/06\/okx.jpg 1200w, https:\/\/www.coinspeaker.com\/es\/wp-content\/uploads\/sites\/4\/2025\/06\/okx-300x169.jpg 300w, https:\/\/www.coinspeaker.com\/es\/wp-content\/uploads\/sites\/4\/2025\/06\/okx-1024x575.jpg 1024w, https:\/\/www.coinspeaker.com\/es\/wp-content\/uploads\/sites\/4\/2025\/06\/okx-768x431.jpg 768w\" sizes=\"auto, (max-width: 1200px) 100vw, 1200px\" \/><\/p>\n<p><a href=\"\/es\/visit\/okx\" target=\"_blank\" rel=\"nofollow noopener sponsored\"><strong>OKX<\/strong><\/a> fue presentada oficialmente en 2017 por Star Xu en China, y actualmente tiene su sede en Malta, donde opera como una de las mejores plataformas de negociaci\u00f3n de futuros del mercado.<\/p>\n<p>La plataforma destaca por ofrecer contratos de futuros sobre las principales criptomonedas (Bitcoin, Ethereum y muchas otras), pero tambi\u00e9n ofrece contratos de futuros premercado con acceso anticipado. Esta caracter\u00edstica ofrece un apalancamiento x2 en <a href=\"https:\/\/www.coinspeaker.com\/es\/futuros-solana\/\" target=\"_blank\"><strong>futuros de Solana<\/strong><\/a> y en <strong><a href=\"https:\/\/www.coinspeaker.com\/es\/nuevas-criptomonedas\/\" target=\"_blank\">nuevas criptomonedas<\/a><\/strong> como DOGS, CATI y EIGEN.<\/p>\n<p>En funci\u00f3n del volumen de operaciones de los \u00faltimos 30 d\u00edas, OKX aplica comisiones variables a la negociaci\u00f3n de futuros, a partir del 0,09 % para los que crean mercado y del 0,18 % para los que los toman.<\/p>\n<p>Al aceptar un apalancamiento de hasta x125 e incorporar herramientas avanzadas de negociaci\u00f3n, la plataforma cuenta con una gran liquidez, lo que permite a los operadores ser reactivos. Adem\u00e1s, dispone de todas las herramientas de gesti\u00f3n de riesgos.<\/p>\n<p style=\"text-align: center\"><a href=\"\/es\/visit\/okx\" target=\"_blank\" rel=\"nofollow noopener sponsored\"><strong>Futuros de Ethereum en OKX<\/strong><\/a><\/p>\n<h2>\u00bfC\u00f3mo elegir la mejor plataforma de negociaci\u00f3n de futuros de ETH?<\/h2>\n<p>Hay muchos aspectos que considerar cuando se decide seleccionar una plataforma de negociaci\u00f3n de futuros de Ethereum u otras criptos en 2026.<\/p>\n<p>Para ayudarte a hacer tu propia investigaci\u00f3n y tomar decisiones informadas, aqu\u00ed est\u00e1n los aspectos m\u00e1s importantes que debes considerar:<\/p>\n<h3>Apalancamiento disponible<\/h3>\n<p>Las plataformas de negociaci\u00f3n de criptofuturos de Ether pueden mostrar distintos niveles de apalancamiento en funci\u00f3n de su regulaci\u00f3n y del tama\u00f1o de la posici\u00f3n de los inversores.<\/p>\n<p>Por lo general, es posible un apalancamiento m\u00e1ximo de x200 para una posici\u00f3n de entre 0 y 50.000 $, pero hay plataformas que se paran en 125x y otras que llegan a x1000.<\/p>\n<h3>Seguridad y regulaci\u00f3n<\/h3>\n<p>\u00a1Su plataforma de negociaci\u00f3n de criptofuturos debe cumplir una serie de requisitos de seguridad! En particular, debe estar supervisada por la autoridad reguladora reconocida en su jurisdicci\u00f3n, como la AMF o la CySEC.<\/p>\n<p>Esto garantiza que los fondos de los inversores est\u00e1n protegidos y cubiertos 1:1, y que se sigue el procedimiento KYC (<em>Know Your Customer<\/em>) para evitar el blanqueo de dinero y la financiaci\u00f3n del terrorismo. Por ejemplo, las <a href=\"https:\/\/www.coinspeaker.com\/es\/opciones-binarias-criptomonedas\/\">opciones binarias de criptomonedas<\/a>\u00a0est\u00e1n prohibidas en Espa\u00f1a.<\/p>\n<h3>Tarifas de negociaci\u00f3n<\/h3>\n<p>A medio y largo plazo, es vital seleccionar la plataforma de negociaci\u00f3n de futuros de Ethereum m\u00e1s barata posible con las tarifas m\u00e1s competitivas.<\/p>\n<p>Por ejemplo, algunos de los mejores sitios como MEXC y Margex ofrecen comisiones de creador del 0,01%\/0%\/ 0,019%, y comisiones de tomador del 0,045%\/0,02%\/0,06% respectivamente en ETH. Dependiendo de su funci\u00f3n, deber\u00e1 seleccionar la plataforma m\u00e1s adecuada.<\/p>\n<h3>Experiencia del usuario y herramientas disponibles<\/h3>\n<p>Especialmente cuando se utiliza una plataforma de negociaci\u00f3n de futuros Ether, es vital tener acceso a herramientas avanzadas que le permitan gestionar sus riesgos f\u00e1cilmente (TP, SL u otros), analizar gr\u00e1ficos, tener todas las \u00faltimas noticias econ\u00f3micas al alcance de la mano y tambi\u00e9n recursos educativos.<\/p>\n<p>Tambi\u00e9n recomendamos elegir una plataforma de negociaci\u00f3n de Ethereum futuros con una aplicaci\u00f3n m\u00f3vil de alta calidad, para poder abrir o cerrar una posici\u00f3n en cualquier momento.<\/p>\n<h2>Conclusi\u00f3n<\/h2>\n<p>Nuestro equipo te recomienda encarecidamente que te formes y estudies un poco el mercado de las criptomonedas antes de empezar a invertir en una plataforma de negociaci\u00f3n de futuros de Ether.<\/p>\n<p>Con el apalancamiento, la extrema volatilidad de este token y la posibilidad de liquidez, m\u00e1s del 70% de las cuentas pierden con este tipo de instrumentos y posiciones. Por lo tanto, t\u00f3mate el tiempo que necesites antes de empezar.<\/p>\n<p>Una vez que domines algunas estrategias, como el scalping y el day-trading, y sepas anticiparte a las operaciones cortas\/largas con mayor probabilidad, te recomendamos abrir una cuenta en alguna plataforma como <b>las que analizamos.<\/b><\/p>\n<p>Aqu\u00ed puedes probar el mercado por muy poco y de manera intuitiva,\u00a0 y m\u00e1s adelante pasar a un sitio especialista en futuros de Ethereum como <a href=\"\/es\/visit\/mexc\" target=\"_blank\" rel=\"nofollow noopener sponsored\"><strong>MEXC<\/strong><\/a> con s\u00f3lo un 0,01% de comisiones en 2026. Sin duda una inversi\u00f3n muy interesante como alternativa a opciones de <a href=\"https:\/\/www.coinspeaker.com\/es\/memecoins\/\" target=\"_blank\">memecoins<\/a> o criptomonedas con IA.<\/p>\n<h2>Preguntas frecuentes<\/h2>\n<div class=\"man_faq_sec\" itemscope itemtype=\"https:\/\/schema.org\/FAQPage\"><\/time><script>jQuery(document).ready(function() {\n\t\t\t\t\t\t\t\tjQuery(\".accordionButton\").click(function() {\n\t\t\t\t\t\t\t\t\tjQuery(\".accordionButton\").removeClass(\"on\");\n\t\t\t\t\t\t\t\t\tjQuery(\".accordionContent\").slideUp(\"normal\");\n\t\t\t\t\t\t\t\t\tif(jQuery(this).parents(\".ms_faq\").find(\".accordionContent\").is(\":hidden\") == true) {\n\t\t\t\t\t\t\t\t\t\tjQuery(this).addClass(\"on\");\n\t\t\t\t\t\t\t\t\t\tjQuery(this).parents(\".ms_faq\").find(\".accordionContent\").slideDown(\"normal\");\n\t\t\t\t\t\t\t\t\t }\n\t\t\t\t\t\t\t\t });\n\t\t\t\t\t\t\t\t });\n\t\t\t\t\t\t\t<\/script><section class=\"ms_faq ms_card \" ><div itemscope itemprop=\"mainEntity\" itemtype=\"https:\/\/schema.org\/Question\"><div class=\"accordionButton\"><h3 itemprop=\"name\">\u00bfC\u00f3mo puedo operar con futuros de Ethereum?<\/h3> <\/div>\n<div class=\"accordionContent\" itemscope itemprop=\"acceptedAnswer\" itemtype=\"https:\/\/schema.org\/Answer\" style=\"display:none;\"><p itemprop=\"text\">Primero debes registrarte en una plataforma de futuros como MEXC o Margex, depositar fondos y abrir una posici\u00f3n corta\/larga en la criptomoneda de tu elecci\u00f3n, con apalancamiento y gesti\u00f3n del riesgo personalizados.<\/p>\n                <\/div><\/div><\/section>\n<section class=\"ms_faq ms_card \" ><div itemscope itemprop=\"mainEntity\" itemtype=\"https:\/\/schema.org\/Question\"><div class=\"accordionButton\"><h3 itemprop=\"name\">\u00bfQu\u00e9 es una plataforma de negociaci\u00f3n de futuros ETH?<\/h3> <\/div>\n<div class=\"accordionContent\" itemscope itemprop=\"acceptedAnswer\" itemtype=\"https:\/\/schema.org\/Answer\" style=\"display:none;\"><p itemprop=\"text\">Un sitio de negociaci\u00f3n de futuros de Ether es una plataforma que permite operar con margen y apalancamiento (a menudo hasta x200 o m\u00e1s). Esto permite especular con la compra o venta del precio futuro de un activo como Ethereum (ETH), con una exposici\u00f3n mayor que la inversi\u00f3n inicial.<\/p>\n                <\/div><\/div><\/section>\n<section class=\"ms_faq ms_card \" ><div itemscope itemprop=\"mainEntity\" itemtype=\"https:\/\/schema.org\/Question\"><div class=\"accordionButton\"><h3 itemprop=\"name\">\u00bfPuedo ir en corto con Ethereum?<\/h3> <\/div>\n<div class=\"accordionContent\" itemscope itemprop=\"acceptedAnswer\" itemtype=\"https:\/\/schema.org\/Answer\" style=\"display:none;\"><p itemprop=\"text\">S\u00ed, puedes operar un futuro que vaya en corto y especule con que el precio de ETH bajar\u00e1.<\/p>\n                <\/div><\/div><\/section>\n<\/div>","protected":false},"excerpt":{"rendered":"<p>Nuestro equipo te recomienda encarecidamente que te formes y estudies un poco el mercado de las criptomonedas antes de empezar a invertir en una plataforma de negociaci\u00f3n de futuros de Ether.<\/p>\n","protected":false},"author":163,"featured_media":2037,"parent":0,"menu_order":0,"comment_status":"closed","ping_status":"closed","template":"single-guides.php","meta":{"_acf_changed":false,"footnotes":""},"tags":[],"class_list":["post-2024","page","type-page","status-publish","has-post-thumbnail","hentry"],"acf":[],"yoast_head":"<!-- This site is optimized with the Yoast SEO plugin v25.7 - https:\/\/yoast.com\/wordpress\/plugins\/seo\/ -->\n<title>Futuros de Ethereum (ETH) \u2013 Predicciones y trading en 2026<\/title>\n<meta name=\"description\" content=\"En esta gu\u00eda, reunimos todo lo importante sobre los futuros de Ethereum y los mejores sitios para operar estas posiciones en abril\" \/>\n<meta name=\"robots\" content=\"index, follow, max-snippet:-1, max-image-preview:large, max-video-preview:-1\" \/>\n<link rel=\"canonical\" href=\"https:\/\/www.coinspeaker.com\/es\/futuros-ethereum\/\" \/>\n<meta property=\"og:locale\" content=\"es_ES\" \/>\n<meta property=\"og:type\" content=\"article\" \/>\n<meta property=\"og:title\" content=\"Futuros de Ethereum (ETH) \u2013 Predicciones y trading en 2026\" \/>\n<meta property=\"og:description\" content=\"En esta gu\u00eda, reunimos todo lo importante sobre los futuros de Ethereum y los mejores sitios para operar estas posiciones en abril\" \/>\n<meta property=\"og:url\" content=\"https:\/\/www.coinspeaker.com\/es\/futuros-ethereum\/\" \/>\n<meta property=\"og:site_name\" content=\"Coinspeaker - Noticias sobre criptomonedas en espa\u00f1ol\" \/>\n<meta property=\"article:modified_time\" content=\"2026-02-26T13:41:16+00:00\" \/>\n<meta property=\"og:image\" content=\"https:\/\/www.coinspeaker.com\/es\/wp-content\/uploads\/sites\/4\/2025\/07\/futuros-de-ethereum.webp\" \/>\n\t<meta property=\"og:image:width\" content=\"1200\" \/>\n\t<meta property=\"og:image:height\" content=\"674\" \/>\n\t<meta property=\"og:image:type\" content=\"image\/webp\" \/>\n<meta name=\"twitter:card\" content=\"summary_large_image\" \/>\n<meta name=\"twitter:label1\" content=\"Est. reading time\" \/>\n\t<meta name=\"twitter:data1\" content=\"9 minutos\" \/>\n<!-- \/ Yoast SEO plugin. -->","yoast_head_json":{"title":"Futuros de Ethereum (ETH) \u2013 Predicciones y trading en 2026","description":"En esta gu\u00eda, reunimos todo lo importante sobre los futuros de Ethereum y los mejores sitios para operar estas posiciones en abril","robots":{"index":"index","follow":"follow","max-snippet":"max-snippet:-1","max-image-preview":"max-image-preview:large","max-video-preview":"max-video-preview:-1"},"canonical":"https:\/\/www.coinspeaker.com\/es\/futuros-ethereum\/","og_locale":"es_ES","og_type":"article","og_title":"Futuros de Ethereum (ETH) \u2013 Predicciones y trading en 2026","og_description":"En esta gu\u00eda, reunimos todo lo importante sobre los futuros de Ethereum y los mejores sitios para operar estas posiciones en abril","og_url":"https:\/\/www.coinspeaker.com\/es\/futuros-ethereum\/","og_site_name":"Coinspeaker - Noticias sobre criptomonedas en espa\u00f1ol","article_modified_time":"2026-02-26T13:41:16+00:00","og_image":[{"width":1200,"height":674,"url":"https:\/\/www.coinspeaker.com\/es\/wp-content\/uploads\/sites\/4\/2025\/07\/futuros-de-ethereum.webp","type":"image\/webp"}],"twitter_card":"summary_large_image","twitter_misc":{"Est. reading time":"9 minutos"},"schema":{"@context":"https:\/\/schema.org","@graph":[{"@type":"WebPage","@id":"https:\/\/www.coinspeaker.com\/es\/futuros-ethereum\/","url":"https:\/\/www.coinspeaker.com\/es\/futuros-ethereum\/","name":"Futuros de Ethereum (ETH) \u2013 Predicciones y trading en 2026","isPartOf":{"@id":"https:\/\/www.coinspeaker.com\/es\/#website"},"primaryImageOfPage":{"@id":"https:\/\/www.coinspeaker.com\/es\/futuros-ethereum\/#primaryimage"},"image":{"@id":"https:\/\/www.coinspeaker.com\/es\/futuros-ethereum\/#primaryimage"},"thumbnailUrl":"https:\/\/www.coinspeaker.com\/es\/wp-content\/uploads\/sites\/4\/2025\/07\/futuros-de-ethereum.webp","datePublished":"2025-07-21T12:25:45+00:00","dateModified":"2026-02-26T13:41:16+00:00","description":"En esta gu\u00eda, reunimos todo lo importante sobre los futuros de Ethereum y los mejores sitios para operar estas posiciones en abril","breadcrumb":{"@id":"https:\/\/www.coinspeaker.com\/es\/futuros-ethereum\/#breadcrumb"},"inLanguage":"es","potentialAction":[{"@type":"ReadAction","target":["https:\/\/www.coinspeaker.com\/es\/futuros-ethereum\/"]}]},{"@type":"ImageObject","inLanguage":"es","@id":"https:\/\/www.coinspeaker.com\/es\/futuros-ethereum\/#primaryimage","url":"https:\/\/www.coinspeaker.com\/es\/wp-content\/uploads\/sites\/4\/2025\/07\/futuros-de-ethereum.webp","contentUrl":"https:\/\/www.coinspeaker.com\/es\/wp-content\/uploads\/sites\/4\/2025\/07\/futuros-de-ethereum.webp","width":1200,"height":674,"caption":"Los futuros de ethereum, una opci\u00f3n de inversi\u00f3n cada vez m\u00e1s en auge"},{"@type":"BreadcrumbList","@id":"https:\/\/www.coinspeaker.com\/es\/futuros-ethereum\/#breadcrumb","itemListElement":[{"@type":"ListItem","position":1,"name":"Home","item":"https:\/\/www.coinspeaker.com\/es\/"},{"@type":"ListItem","position":2,"name":"Gu\u00eda sobre futuros de Ethereum: predicciones y trading de Ether en febrero de 2026"}]},{"@type":"WebSite","@id":"https:\/\/www.coinspeaker.com\/es\/#website","url":"https:\/\/www.coinspeaker.com\/es\/","name":"Coinspeaker - Noticias sobre criptomonedas en espa\u00f1ol","description":"Bitcoin, Ethereum, Altcoins y Cripto Noticias con An\u00e1lisis, Precios en Vivo, Gr\u00e1ficos de Datos y Gu\u00edas.","publisher":{"@id":"https:\/\/www.coinspeaker.com\/es\/#organization"},"potentialAction":[{"@type":"SearchAction","target":{"@type":"EntryPoint","urlTemplate":"https:\/\/www.coinspeaker.com\/es\/?s={search_term_string}"},"query-input":{"@type":"PropertyValueSpecification","valueRequired":true,"valueName":"search_term_string"}}],"inLanguage":"es"},{"@type":"Organization","@id":"https:\/\/www.coinspeaker.com\/es\/#organization","name":"Coinspeaker","alternateName":"Coinspeaker.com","url":"https:\/\/www.coinspeaker.com\/es\/","logo":{"@type":"ImageObject","inLanguage":"es","@id":"https:\/\/www.coinspeaker.com\/es\/#\/schema\/logo\/image\/","url":"https:\/\/www.coinspeaker.com\/es\/wp-content\/uploads\/sites\/4\/2025\/05\/cs.png","contentUrl":"https:\/\/www.coinspeaker.com\/es\/wp-content\/uploads\/sites\/4\/2025\/05\/cs.png","width":512,"height":512,"caption":"Coinspeaker"},"image":{"@id":"https:\/\/www.coinspeaker.com\/es\/#\/schema\/logo\/image\/"}}]}},"amp_enabled":false,"_links":{"self":[{"href":"https:\/\/www.coinspeaker.com\/es\/wp-json\/wp\/v2\/pages\/2024","targetHints":{"allow":["GET"]}}],"collection":[{"href":"https:\/\/www.coinspeaker.com\/es\/wp-json\/wp\/v2\/pages"}],"about":[{"href":"https:\/\/www.coinspeaker.com\/es\/wp-json\/wp\/v2\/types\/page"}],"author":[{"embeddable":true,"href":"https:\/\/www.coinspeaker.com\/es\/wp-json\/wp\/v2\/users\/163"}],"replies":[{"embeddable":true,"href":"https:\/\/www.coinspeaker.com\/es\/wp-json\/wp\/v2\/comments?post=2024"}],"version-history":[{"count":5,"href":"https:\/\/www.coinspeaker.com\/es\/wp-json\/wp\/v2\/pages\/2024\/revisions"}],"predecessor-version":[{"id":5670,"href":"https:\/\/www.coinspeaker.com\/es\/wp-json\/wp\/v2\/pages\/2024\/revisions\/5670"}],"wp:featuredmedia":[{"embeddable":true,"href":"https:\/\/www.coinspeaker.com\/es\/wp-json\/wp\/v2\/media\/2037"}],"wp:attachment":[{"href":"https:\/\/www.coinspeaker.com\/es\/wp-json\/wp\/v2\/media?parent=2024"}],"wp:term":[{"taxonomy":"post_tag","embeddable":true,"href":"https:\/\/www.coinspeaker.com\/es\/wp-json\/wp\/v2\/tags?post=2024"}],"curies":[{"name":"wp","href":"https:\/\/api.w.org\/{rel}","templated":true}]}}