{"id":2780,"date":"2025-08-19T11:27:46","date_gmt":"2025-08-19T11:27:46","guid":{"rendered":"https:\/\/www.coinspeaker.com\/es\/?page_id=2780"},"modified":"2026-02-26T13:40:33","modified_gmt":"2026-02-26T13:40:33","slug":"opciones-binarias-criptomonedas","status":"publish","type":"page","link":"https:\/\/www.coinspeaker.com\/es\/opciones-binarias-criptomonedas\/","title":{"rendered":"Las opciones binarias con criptomonedas: seguridad y alternativas en 2026"},"content":{"rendered":"<p>El mercado de las <strong>opciones binarias con criptomonedas<\/strong> es de gran inter\u00e9s para muchos usuarios e inversores, aunque como producto sea de los m\u00e1s arriesgados. Y eso es decir, dado que destacan tambi\u00e9n por su simplicidad.<\/p>\n<p>En Espa\u00f1a y en la UE, de todos modos, existe una prohibici\u00f3n sobre las opciones binarias, por lo que no est\u00e1n disponibles.<\/p>\n<p>En esta p\u00e1gina valoramos <strong>qu\u00e9 son estas modalidades de inversi\u00f3n<\/strong>, qu\u00e9 alternativas legales hay para invertir en derivados crypto, y d\u00f3nde canalizar estas operaciones.<\/p>\n<h2>Claves de este art\u00edculo<\/h2>\n<ul>\n<li>Una <strong>opci\u00f3n binaria de criptomonedas<\/strong> permite apostar al alza o a la baja, con dos resultados posibles.<\/li>\n<li>Las operaciones suelen realizarse en <strong>periodos muy cortos<\/strong>, en segundos o minutos.<\/li>\n<li>El <strong>riesgo de p\u00e9rdida es elevado<\/strong> y la opci\u00f3n binaria crypto se considera a menudo un juego de azar.<\/li>\n<li>Este tipo de operaciones binarias est\u00e1n <strong>prohibidas en la Uni\u00f3n Europea.<\/strong><\/li>\n<\/ul>\n<h2>\u00bfQu\u00e9 son las opciones binarias de criptomonedas?<\/h2>\n<p>Una opci\u00f3n binaria crypto es un tipo de producto financiero que permite apostar por la subida o bajada del precio de una criptomoneda, con dos resultados posibles: <strong>una ganancia o una p\u00e9rdida total.<\/strong><\/p>\n<p>En un periodo de tiempo muy corto, los operadores abren una opci\u00f3n binaria en una direcci\u00f3n. Solo al final del plazo (por ejemplo, 5 minutos), se obtiene una ganancia fija si el precio del Bitcoin u otra crypto coincide con su apuesta, en relaci\u00f3n con su precio de entrada.<\/p>\n<p>A diferencia de otros productos de inversi\u00f3n, no hay variaci\u00f3n en su posici\u00f3n en funci\u00f3n del precio del activo. El usuario gana una cantidad fija o pierde la totalidad de su inversi\u00f3n: <strong>0 o 1, es binario<\/strong>.<\/p>\n<h2>Opciones binarias vs cl\u00e1sicas vs futuros de criptomonedas<\/h2>\n<p>Las opciones binarias y las opciones cl\u00e1sicas (como los CFD) son productos totalmente distintos y, de hecho, se orientan a perfiles de inversor muy diferentes. A continuaci\u00f3n, un resumen comparativo entre <strong>opciones binarias de criptomonedas, opciones cl\u00e1sicas y futuros de criptomonedas<\/strong>:<\/p>\n<p><span style=\"font-weight: 400\"><div class=\"su-table su-table-alternate\"><\/span><\/p>\n<table>\n<thead>\n<tr>\n<th>Criterios<\/th>\n<th>Opciones binarias de criptomonedas<\/th>\n<th>Opciones cl\u00e1sicas de criptomonedas<\/th>\n<th>Futuros de criptomonedas<\/th>\n<\/tr>\n<\/thead>\n<tbody>\n<tr>\n<td><strong>Complejidad<\/strong><\/td>\n<td>Muy simples<\/td>\n<td>T\u00e9cnicos<\/td>\n<td>Alta, requiere experiencia<\/td>\n<\/tr>\n<tr>\n<td><strong>Duraci\u00f3n<\/strong><\/td>\n<td>Muy corta<\/td>\n<td>Todas las duraciones posibles<\/td>\n<td>Predeterminada (mensual, trimestral, perpetuos)<\/td>\n<\/tr>\n<tr>\n<td><strong>Riesgo<\/strong><\/td>\n<td>P\u00e9rdida total<\/td>\n<td>Liquidaci\u00f3n modulable<\/td>\n<td>Alto, con riesgo de liquidaci\u00f3n inmediata<\/td>\n<\/tr>\n<tr>\n<td><strong>Regulaci\u00f3n<\/strong><\/td>\n<td>Prohibidas en la UE<\/td>\n<td>Reguladas en la UE<\/td>\n<td>Reguladas en ciertos mercados (CME, Binance, Bybit\u2026)<\/td>\n<\/tr>\n<tr>\n<td><strong>Potencial de ganancia<\/strong><\/td>\n<td>Rendimiento fijo<\/td>\n<td>Variable<\/td>\n<td>Muy alto, seg\u00fan apalancamiento y volatilidad<\/td>\n<\/tr>\n<tr>\n<td><strong>Perfil de trader<\/strong><\/td>\n<td>Principiante<\/td>\n<td>Experto<\/td>\n<td>Avanzado\/profesional<\/td>\n<\/tr>\n<tr>\n<td><strong>Tipos de activos<\/strong><\/td>\n<td>Cripto, Acciones, Forex<\/td>\n<td>Cripto, Acciones, Forex<\/td>\n<td>Exclusivamente criptomonedas<\/td>\n<\/tr>\n<\/tbody>\n<\/table>\n<p><span style=\"font-weight: 400\"><\/div><\/span><\/p>\n<p>En conclusi\u00f3n, las<strong> opciones binarias de criptomonedas<\/strong> resultan m\u00e1s sencillas, lo que las hace atractivas para principiantes, aunque conllevan un riesgo de p\u00e9rdida total. Las <strong>opciones cl\u00e1sicas<\/strong>, en cambio, son verdaderos instrumentos derivados con m\u00e1s flexibilidad y control de riesgo mediante \u00f3rdenes como stop-loss o take-profit.<\/p>\n<p>Por su parte, <strong>los <a href=\"https:\/\/www.coinspeaker.com\/es\/mejores-plataformas-de-futuros-de-criptomonedas\/\" target=\"_blank\">futuros de bitcoin<\/a> se han convertido en una herramienta clave<\/strong> en los grandes exchanges. Permiten especular con vencimientos fijos o contratos perpetuos, pero su combinaci\u00f3n de alta volatilidad y apalancamiento los convierte en un producto arriesgado, reservado a traders con experiencia.<\/p>\n<h2>\u00bfEst\u00e1n permitidas las opciones binarias de criptomonedas en Espa\u00f1a?<\/h2>\n<p>No, las opciones binarias no est\u00e1n permitidas en Espa\u00f1a en 2025. De hecho, la ESMA (Autoridad Europea de Valores y Mercados) decidi\u00f3 en 2018 prohibir este tipo de operaciones binarias en toda la UE, debido al alto riesgo de adicci\u00f3n y a su gran similitud con los juegos de azar.<\/p>\n<p>En Espa\u00f1a, la CNMV ha confirmado la prohibici\u00f3n de las opciones binarias en las plataformas de trading que entran dentro de su \u00e1mbito de supervisi\u00f3n.<\/p>\n<p>Por lo tanto, <strong>ning\u00fan br\u00f3ker puede ofrecer la posibilidad de apostar al alza o a la baja en plazos cortos, con cantidades fijas de ganancias<\/strong>.<\/p>\n<p>Sin embargo, las plataformas extranjeras fuera de la UE podr\u00edan ofrecer, evidentemente, la posibilidad de utilizar opciones binarias.<\/p>\n<p>La CNMV advierte sobre su seguridad, pero no se sanciona al usuario: s\u00f3lo a la plataforma. No obstante, en caso de problemas, no hay cobertura de ninguna \u00edndole en Espa\u00f1a; as\u00ed que operar con opciones binarias de criptos no es una v\u00eda recomendable para nada.<\/p>\n<h2>Conclusi\u00f3n<\/h2>\n<p>Las opciones binarias con criptomonedas son interesantes y bastante atractivas, pero su nivel de riesgo es intolerable para el regulador europeo, y est\u00e1n prohibidas en toda la UE.<\/p>\n<p>Y es que en cuesti\u00f3n de segundos, es posible obtener un rendimiento fijo, pero tambi\u00e9n perderlo todo. Son demasiado arriesgadas y, si se usan fuera de Espa\u00f1a, deben\u00a0utilizarse con mucha precauci\u00f3n y responsabilidad.<\/p>\n<p>Aunque la CNMV a\u00fan no autoriza las opciones binarias de criptomonedas en los br\u00f3kers con licencia, hay posibilidades con futuros y otros instrumentos s\u00ed permitidos.<\/p>\n<h2>Preguntas frecuentes<\/h2>\n<div class=\"man_faq_sec\" itemscope itemtype=\"https:\/\/schema.org\/FAQPage\"><\/time><script>jQuery(document).ready(function() {\n\t\t\t\t\t\t\t\tjQuery(\".accordionButton\").click(function() {\n\t\t\t\t\t\t\t\t\tjQuery(\".accordionButton\").removeClass(\"on\");\n\t\t\t\t\t\t\t\t\tjQuery(\".accordionContent\").slideUp(\"normal\");\n\t\t\t\t\t\t\t\t\tif(jQuery(this).parents(\".ms_faq\").find(\".accordionContent\").is(\":hidden\") == true) {\n\t\t\t\t\t\t\t\t\t\tjQuery(this).addClass(\"on\");\n\t\t\t\t\t\t\t\t\t\tjQuery(this).parents(\".ms_faq\").find(\".accordionContent\").slideDown(\"normal\");\n\t\t\t\t\t\t\t\t\t }\n\t\t\t\t\t\t\t\t });\n\t\t\t\t\t\t\t\t });\n\t\t\t\t\t\t\t<\/script><section class=\"ms_faq ms_card \" ><div itemscope itemprop=\"mainEntity\" itemtype=\"https:\/\/schema.org\/Question\"><div class=\"accordionButton\"><h3 itemprop=\"name\">\u00bfSon fiables las opciones binarias?<\/h3> <\/div>\n<div class=\"accordionContent\" itemscope itemprop=\"acceptedAnswer\" itemtype=\"https:\/\/schema.org\/Answer\" style=\"display:none;\"><p itemprop=\"text\">No, por lo general no son muy seguras. Por suerte, algunas plataformas, s\u00ed son seguras y est\u00e1n reguladas, aunque en este caso no ofrece opciones: brinda futuros de crypto.<\/p>\n                <\/div><\/div><\/section>\n<section class=\"ms_faq ms_card \" ><div itemscope itemprop=\"mainEntity\" itemtype=\"https:\/\/schema.org\/Question\"><div class=\"accordionButton\"><h3 itemprop=\"name\">\u00bfC\u00f3mo ganar con opciones binarias o futuros?<\/h3> <\/div>\n<div class=\"accordionContent\" itemscope itemprop=\"acceptedAnswer\" itemtype=\"https:\/\/schema.org\/Answer\" style=\"display:none;\"><p itemprop=\"text\">No hay estrategia clara ni m\u00e9todo: se recomienda estudiar el mercado y limitar las p\u00e9rdidas mediante \u00f3rdenes Stop Loss y mecanismos que s\u00ed tienen los <strong>futuros de Solana<\/strong> (pero no las opciones binarias crypto).<\/p>\n                <\/div><\/div><\/section>\n<\/div>","protected":false},"excerpt":{"rendered":"<p>El mercado de las opciones binarias con criptomonedas es de gran inter\u00e9s para muchos usuarios e inversores, aunque como producto sea de los m\u00e1s arriesgados. Y eso es decir, dado que destacan tambi\u00e9n por su simplicidad. En Espa\u00f1a y en la UE, de todos modos, existe una prohibici\u00f3n sobre las opciones binarias, por lo que [&hellip;]<\/p>\n","protected":false},"author":163,"featured_media":2797,"parent":0,"menu_order":0,"comment_status":"closed","ping_status":"closed","template":"single-guides.php","meta":{"_acf_changed":false,"footnotes":""},"tags":[],"class_list":["post-2780","page","type-page","status-publish","has-post-thumbnail","hentry"],"acf":[],"yoast_head":"<!-- This site is optimized with the Yoast SEO plugin v25.7 - https:\/\/yoast.com\/wordpress\/plugins\/seo\/ -->\n<title>Las opciones binarias con criptomonedas: alternativas en 2026<\/title>\n<meta name=\"description\" content=\"En esta p\u00e1gina valoramos qu\u00e9 son las opciones binarias de criptomonedas, qu\u00e9 alternativas legales hay para invertir en derivados, y d\u00f3nde.\" \/>\n<meta name=\"robots\" content=\"index, follow, max-snippet:-1, max-image-preview:large, max-video-preview:-1\" \/>\n<link rel=\"canonical\" href=\"https:\/\/www.coinspeaker.com\/es\/opciones-binarias-criptomonedas\/\" \/>\n<meta property=\"og:locale\" content=\"es_ES\" \/>\n<meta property=\"og:type\" content=\"article\" \/>\n<meta property=\"og:title\" content=\"Las opciones binarias con criptomonedas: alternativas en 2026\" \/>\n<meta property=\"og:description\" content=\"En esta p\u00e1gina valoramos qu\u00e9 son las opciones binarias de criptomonedas, qu\u00e9 alternativas legales hay para invertir en derivados, y d\u00f3nde.\" \/>\n<meta property=\"og:url\" content=\"https:\/\/www.coinspeaker.com\/es\/opciones-binarias-criptomonedas\/\" \/>\n<meta property=\"og:site_name\" content=\"Coinspeaker - Noticias sobre criptomonedas en espa\u00f1ol\" \/>\n<meta property=\"article:modified_time\" content=\"2026-02-26T13:40:33+00:00\" \/>\n<meta property=\"og:image\" content=\"https:\/\/www.coinspeaker.com\/es\/wp-content\/uploads\/sites\/4\/2025\/08\/opciones-binarias-criptomonedas.jpg\" \/>\n\t<meta property=\"og:image:width\" content=\"1200\" \/>\n\t<meta property=\"og:image:height\" content=\"1200\" \/>\n\t<meta property=\"og:image:type\" content=\"image\/jpeg\" \/>\n<meta name=\"twitter:card\" content=\"summary_large_image\" \/>\n<meta name=\"twitter:label1\" content=\"Est. reading time\" \/>\n\t<meta name=\"twitter:data1\" content=\"5 minutos\" \/>\n<!-- \/ Yoast SEO plugin. -->","yoast_head_json":{"title":"Las opciones binarias con criptomonedas: alternativas en 2026","description":"En esta p\u00e1gina valoramos qu\u00e9 son las opciones binarias de criptomonedas, qu\u00e9 alternativas legales hay para invertir en derivados, y d\u00f3nde.","robots":{"index":"index","follow":"follow","max-snippet":"max-snippet:-1","max-image-preview":"max-image-preview:large","max-video-preview":"max-video-preview:-1"},"canonical":"https:\/\/www.coinspeaker.com\/es\/opciones-binarias-criptomonedas\/","og_locale":"es_ES","og_type":"article","og_title":"Las opciones binarias con criptomonedas: alternativas en 2026","og_description":"En esta p\u00e1gina valoramos qu\u00e9 son las opciones binarias de criptomonedas, qu\u00e9 alternativas legales hay para invertir en derivados, y d\u00f3nde.","og_url":"https:\/\/www.coinspeaker.com\/es\/opciones-binarias-criptomonedas\/","og_site_name":"Coinspeaker - Noticias sobre criptomonedas en espa\u00f1ol","article_modified_time":"2026-02-26T13:40:33+00:00","og_image":[{"width":1200,"height":1200,"url":"https:\/\/www.coinspeaker.com\/es\/wp-content\/uploads\/sites\/4\/2025\/08\/opciones-binarias-criptomonedas.jpg","type":"image\/jpeg"}],"twitter_card":"summary_large_image","twitter_misc":{"Est. reading time":"5 minutos"},"schema":{"@context":"https:\/\/schema.org","@graph":[{"@type":"WebPage","@id":"https:\/\/www.coinspeaker.com\/es\/opciones-binarias-criptomonedas\/","url":"https:\/\/www.coinspeaker.com\/es\/opciones-binarias-criptomonedas\/","name":"Las opciones binarias con criptomonedas: alternativas en 2026","isPartOf":{"@id":"https:\/\/www.coinspeaker.com\/es\/#website"},"primaryImageOfPage":{"@id":"https:\/\/www.coinspeaker.com\/es\/opciones-binarias-criptomonedas\/#primaryimage"},"image":{"@id":"https:\/\/www.coinspeaker.com\/es\/opciones-binarias-criptomonedas\/#primaryimage"},"thumbnailUrl":"https:\/\/www.coinspeaker.com\/es\/wp-content\/uploads\/sites\/4\/2025\/08\/opciones-binarias-criptomonedas.jpg","datePublished":"2025-08-19T11:27:46+00:00","dateModified":"2026-02-26T13:40:33+00:00","description":"En esta p\u00e1gina valoramos qu\u00e9 son las opciones binarias de criptomonedas, qu\u00e9 alternativas legales hay para invertir en derivados, y d\u00f3nde.","breadcrumb":{"@id":"https:\/\/www.coinspeaker.com\/es\/opciones-binarias-criptomonedas\/#breadcrumb"},"inLanguage":"es","potentialAction":[{"@type":"ReadAction","target":["https:\/\/www.coinspeaker.com\/es\/opciones-binarias-criptomonedas\/"]}]},{"@type":"ImageObject","inLanguage":"es","@id":"https:\/\/www.coinspeaker.com\/es\/opciones-binarias-criptomonedas\/#primaryimage","url":"https:\/\/www.coinspeaker.com\/es\/wp-content\/uploads\/sites\/4\/2025\/08\/opciones-binarias-criptomonedas.jpg","contentUrl":"https:\/\/www.coinspeaker.com\/es\/wp-content\/uploads\/sites\/4\/2025\/08\/opciones-binarias-criptomonedas.jpg","width":1200,"height":1200,"caption":"Las opciones binarias de criptomonedas van ganando adeptos entre los inversores de distinto perfil"},{"@type":"BreadcrumbList","@id":"https:\/\/www.coinspeaker.com\/es\/opciones-binarias-criptomonedas\/#breadcrumb","itemListElement":[{"@type":"ListItem","position":1,"name":"Home","item":"https:\/\/www.coinspeaker.com\/es\/"},{"@type":"ListItem","position":2,"name":"Las opciones binarias con criptomonedas: seguridad y alternativas en 2026"}]},{"@type":"WebSite","@id":"https:\/\/www.coinspeaker.com\/es\/#website","url":"https:\/\/www.coinspeaker.com\/es\/","name":"Coinspeaker - Noticias sobre criptomonedas en espa\u00f1ol","description":"Bitcoin, Ethereum, Altcoins y Cripto Noticias con An\u00e1lisis, Precios en Vivo, Gr\u00e1ficos de Datos y Gu\u00edas.","publisher":{"@id":"https:\/\/www.coinspeaker.com\/es\/#organization"},"potentialAction":[{"@type":"SearchAction","target":{"@type":"EntryPoint","urlTemplate":"https:\/\/www.coinspeaker.com\/es\/?s={search_term_string}"},"query-input":{"@type":"PropertyValueSpecification","valueRequired":true,"valueName":"search_term_string"}}],"inLanguage":"es"},{"@type":"Organization","@id":"https:\/\/www.coinspeaker.com\/es\/#organization","name":"Coinspeaker","alternateName":"Coinspeaker.com","url":"https:\/\/www.coinspeaker.com\/es\/","logo":{"@type":"ImageObject","inLanguage":"es","@id":"https:\/\/www.coinspeaker.com\/es\/#\/schema\/logo\/image\/","url":"https:\/\/www.coinspeaker.com\/es\/wp-content\/uploads\/sites\/4\/2025\/05\/cs.png","contentUrl":"https:\/\/www.coinspeaker.com\/es\/wp-content\/uploads\/sites\/4\/2025\/05\/cs.png","width":512,"height":512,"caption":"Coinspeaker"},"image":{"@id":"https:\/\/www.coinspeaker.com\/es\/#\/schema\/logo\/image\/"}}]}},"amp_enabled":false,"_links":{"self":[{"href":"https:\/\/www.coinspeaker.com\/es\/wp-json\/wp\/v2\/pages\/2780","targetHints":{"allow":["GET"]}}],"collection":[{"href":"https:\/\/www.coinspeaker.com\/es\/wp-json\/wp\/v2\/pages"}],"about":[{"href":"https:\/\/www.coinspeaker.com\/es\/wp-json\/wp\/v2\/types\/page"}],"author":[{"embeddable":true,"href":"https:\/\/www.coinspeaker.com\/es\/wp-json\/wp\/v2\/users\/163"}],"replies":[{"embeddable":true,"href":"https:\/\/www.coinspeaker.com\/es\/wp-json\/wp\/v2\/comments?post=2780"}],"version-history":[{"count":5,"href":"https:\/\/www.coinspeaker.com\/es\/wp-json\/wp\/v2\/pages\/2780\/revisions"}],"predecessor-version":[{"id":5668,"href":"https:\/\/www.coinspeaker.com\/es\/wp-json\/wp\/v2\/pages\/2780\/revisions\/5668"}],"wp:featuredmedia":[{"embeddable":true,"href":"https:\/\/www.coinspeaker.com\/es\/wp-json\/wp\/v2\/media\/2797"}],"wp:attachment":[{"href":"https:\/\/www.coinspeaker.com\/es\/wp-json\/wp\/v2\/media?parent=2780"}],"wp:term":[{"taxonomy":"post_tag","embeddable":true,"href":"https:\/\/www.coinspeaker.com\/es\/wp-json\/wp\/v2\/tags?post=2780"}],"curies":[{"name":"wp","href":"https:\/\/api.w.org\/{rel}","templated":true}]}}