{"id":2955,"date":"2025-08-27T09:16:22","date_gmt":"2025-08-27T09:16:22","guid":{"rendered":"https:\/\/www.coinspeaker.com\/es\/?page_id=2955"},"modified":"2026-01-09T12:10:27","modified_gmt":"2026-01-09T12:10:27","slug":"como-comprar-pump-fun","status":"publish","type":"page","link":"https:\/\/www.coinspeaker.com\/es\/como-comprar-pump-fun\/","title":{"rendered":"C\u00f3mo comprar Pump.Fun (PUMP) \u2013 Tutorial y alternativas m\u00e1s TOP"},"content":{"rendered":"<p>Hemos creado esta gu\u00eda r\u00e1pida sobre <strong>c\u00f3mo comprar Pump.fun token<\/strong>, puesto que ya est\u00e1 disponible en los exchanges y cotiza en vivo.<\/p>\n<p>La presale del token PUMP se agot\u00f3 en cuesti\u00f3n de minutos, y los participantes trasladaron sus tokens a exchanges y wallets centralizadas. Aunque no libre de altibajos, PUMP ha conseguido superar la capitalizaci\u00f3n de mercado de 1.000 millones de d\u00f3lares.<\/p>\n<h2>C\u00f3mo comprar Pump.fun: gu\u00eda breve de compra<\/h2>\n<p>Lo primero que necesitar\u00e1s es una wallet compatible con Solana, ya que el token PUMP se basa en la cadena de bloques SOL. Con ella, podr\u00e1s acudir a las plataformas de intercambio centralizadas para comprar el token.<\/p>\n<p>Estos son los pasos a seguir:<\/p>\n<h3>Paso 1: configura tu wallet<\/h3>\n<p>Puedes <a href=\"\/es\/visit\/best-wallet\" target=\"_blank\" rel=\"nofollow noopener sponsored\"><strong>descargar la aplicaci\u00f3n Best Wallet<\/strong><\/a> en tu m\u00f3vil y configurarla. Ten en cuenta que este monedero es donde comprar\u00e1s los tokens SOL necesarios para intercambiarlos por la criptomoneda PUMP.<\/p>\n<p><img loading=\"lazy\" decoding=\"async\" class=\"aligncenter wp-image-189 size-full\" src=\"https:\/\/www.coinspeaker.com\/es\/wp-content\/uploads\/sites\/4\/2025\/05\/best-wallet.webp\" alt=\"Best Wallet, una billetera de criptomonedas para comprar tokens como Pump\" width=\"1200\" height=\"756\" srcset=\"https:\/\/www.coinspeaker.com\/es\/wp-content\/uploads\/sites\/4\/2025\/05\/best-wallet.webp 1200w, https:\/\/www.coinspeaker.com\/es\/wp-content\/uploads\/sites\/4\/2025\/05\/best-wallet-300x189.webp 300w, https:\/\/www.coinspeaker.com\/es\/wp-content\/uploads\/sites\/4\/2025\/05\/best-wallet-1024x645.webp 1024w, https:\/\/www.coinspeaker.com\/es\/wp-content\/uploads\/sites\/4\/2025\/05\/best-wallet-768x484.webp 768w\" sizes=\"auto, (max-width: 1200px) 100vw, 1200px\" \/><\/p>\n<p>Al configurar tu monedero para PUMP coin, aseg\u00farate de guardar tu frase de recuperaci\u00f3n en un lugar seguro. Tambi\u00e9n puedes crear una copia de seguridad para una recuperaci\u00f3n sin problemas.<\/p>\n<h3>Paso 2: Compra SOL en tu wallet<\/h3>\n<p>Compra tokens Solana en tu wallet. Las billeteras como Best Wallet te permiten comprar criptomonedas con monedas fiat, y m\u00e9todos como tu tarjeta de cr\u00e9dito, PayPal, Google Pay, Apple Pay y otras opciones de pago m\u00e1s que conocidas.<\/p>\n<h3>Paso 3: Con\u00e9ctate a exchanges descentralizados o compra en exchanges centralizados<\/h3>\n<p>El PUMP token est\u00e1 disponible en seis importantes intercambios centralizados. Entre ellos se encuentran Kraken, con 7500 millones de tokens, Bitget, con 7500 millones de tokens, y Gate, con 6400 millones de tokens.<\/p>\n<p>Otros intercambios son Bybit, con 5000 millones de tokens, MEXC, con 5000 millones, y Kucoin, con 4100 millones de tokens $PUMP.<\/p>\n<h2>\u00bfQu\u00e9 es Pump.fun Token?<\/h2>\n<p>Pump.fun no es solo una criptomoneda, sino una <strong>plataforma \u00fanica que fomenta la cultura de las <a href=\"https:\/\/www.coinspeaker.com\/es\/memecoins-solana\/\" target=\"_blank\">memecoins de Solana<\/a><\/strong>. Una de las cosas que m\u00e1s nos gustan de la plataforma es que simplifica el proceso habitual de creaci\u00f3n y lanzamiento de nuevos tokens meme.<\/p>\n<p>Adem\u00e1s, proporciona a los usuarios la base de la cadena de bloques Solana, conocida por su seguridad y sus actividades de <a href=\"https:\/\/www.coinspeaker.com\/es\/trading-criptomonedas\/\" target=\"_blank\"><strong>trading de criptomonedas<\/strong><\/a>.<\/p>\n<p><img loading=\"lazy\" decoding=\"async\" class=\"aligncenter wp-image-2666 size-full\" src=\"https:\/\/www.coinspeaker.com\/es\/wp-content\/uploads\/sites\/4\/2025\/08\/Pump-Fun.jpg\" alt=\"Pump-Fun, un token que est\u00e1 atrayendo este a\u00f1o el inter\u00e9s de una cantidad importante de inversores\" width=\"740\" height=\"415\" srcset=\"https:\/\/www.coinspeaker.com\/es\/wp-content\/uploads\/sites\/4\/2025\/08\/Pump-Fun.jpg 740w, https:\/\/www.coinspeaker.com\/es\/wp-content\/uploads\/sites\/4\/2025\/08\/Pump-Fun-300x168.jpg 300w\" sizes=\"auto, (max-width: 740px) 100vw, 740px\" \/><\/p>\n<p>Otro aspecto destacado de Pump.fun es que no se necesitan conocimientos de programaci\u00f3n para crear y lanzar tokens meme personalizados. Adem\u00e1s, tampoco se necesita liquidez inicial. As\u00ed, la plataforma promueve una comunidad descentralizada que fomenta la creatividad y la interacci\u00f3n entre los usuarios.<\/p>\n<p>Dado que los tokens PUMP se agotaron a los pocos minutos de su oferta inicial, no es de extra\u00f1ar que la criptomoneda superara r\u00e1pidamente la barrera de los 1000 millones de d\u00f3lares de capitalizaci\u00f3n burs\u00e1til, donde sigue a la hora de escribir este tutorial.<\/p>\n<p>Sin embargo, el token ha sufrido un rev\u00e9s desde su lanzamiento, cayendo r\u00e1pidamente desde su m\u00e1ximo en julio de 2025 de 0,0068 d\u00f3lares.<\/p>\n<p>Esta ca\u00edda ha dado lugar a especulaciones sobre un posible colapso inminente, sobre todo despu\u00e9s del reciente anuncio de que el equipo no repartir\u00e1 Airdrop.<\/p>\n<p><img loading=\"lazy\" decoding=\"async\" class=\"aligncenter size-full wp-image-2957\" src=\"https:\/\/www.coinspeaker.com\/es\/wp-content\/uploads\/sites\/4\/2025\/08\/pump-precio.jpg\" alt=\"el precio de pump token\" width=\"1200\" height=\"707\" srcset=\"https:\/\/www.coinspeaker.com\/es\/wp-content\/uploads\/sites\/4\/2025\/08\/pump-precio.jpg 1200w, https:\/\/www.coinspeaker.com\/es\/wp-content\/uploads\/sites\/4\/2025\/08\/pump-precio-300x177.jpg 300w, https:\/\/www.coinspeaker.com\/es\/wp-content\/uploads\/sites\/4\/2025\/08\/pump-precio-1024x603.jpg 1024w, https:\/\/www.coinspeaker.com\/es\/wp-content\/uploads\/sites\/4\/2025\/08\/pump-precio-768x452.jpg 768w\" sizes=\"auto, (max-width: 1200px) 100vw, 1200px\" \/><\/p>\n<h2>\u00bfVale la pena comprar PUMP Token?<\/h2>\n<ul>\n<li>El proyecto Pump.fun surge en pleno auge de las <strong><a href=\"https:\/\/www.coinspeaker.com\/es\/altcoins\/\" target=\"_blank\">mejores altcoins<\/a><\/strong>, justo cuando la cuota de dominio de Bitcoin ha retrocedido a la franja del 59-61 %, s\u00edntoma de una rotaci\u00f3n de capital hacia memecoins y tokens emergentes. La plataforma permite crear monedas meme sin necesidad de conocimientos t\u00e9cnicos ni liquidez inicial, lo que explica su popularidad entre los entusiastas del sector.<\/li>\n<li>Entre sus atractivos, destaca que opera sobre la blockchain de Solana, cuyo precio algunos analistas proyectan con revalorizaciones de hasta 600 veces, y que su token $PUMP se incorpora r\u00e1pidamente a exchanges centralizados, lo que le otorga visibilidad y liquidez.<\/li>\n<li>Sin embargo, tras la decepci\u00f3n por la ausencia de un <a href=\"https:\/\/www.coinspeaker.com\/es\/airdrop-crypto\/\" target=\"_blank\"><strong>Airdrop crypto<\/strong><\/a>, conviene preguntarse si Pump.fun es realmente una inversi\u00f3n tan s\u00f3lida como aparenta, o si la <strong>predicci\u00f3n de precio de PUMP<\/strong> es tan positiva como aparenta.<\/li>\n<\/ul>\n<h2>Criptomonedas alternativas a Pump.Fun Token<\/h2>\n<p>Pump.fun ha revolucionado el mundo de las <a href=\"https:\/\/www.coinspeaker.com\/es\/memecoins\/\" target=\"_blank\"><strong>memecoins con futuro<\/strong><\/a> y ha demostrado que estas pueden ser algo m\u00e1s que una moda pasajera. Sin embargo, la ca\u00edda de su precio ha suscitado preocupaci\u00f3n en muchos \u00e1mbitos.<\/p>\n<p>Si est\u00e1s en busca y captura de tokens con un mayor potencial de beneficio, en esta secci\u00f3n te recomendamos algunas alternativas a Pump.fun.\u00a0Lo que hace que estas criptomonedas sean a\u00fan mejores es que, a diferencia de PUMP, puedes obtener estos tokens durante su <a href=\"https:\/\/www.coinspeaker.com\/es\/preventa-criptomonedas\/\" target=\"_blank\"><strong>preventa de criptomonedas<\/strong><\/a>, a un precio con descuento y con mejores perspectivas de <a href=\"https:\/\/www.coinspeaker.com\/es\/criptomonedas-que-van-a-explotar\/\" target=\"_blank\"><strong>criptomonedas que van a explotar<\/strong><\/a>.<\/p>\n<h3>Bitcoin Hyper<\/h3>\n<p><img loading=\"lazy\" decoding=\"async\" class=\"aligncenter wp-image-1188 size-full\" src=\"https:\/\/www.coinspeaker.com\/es\/wp-content\/uploads\/sites\/4\/2025\/06\/hyper-1.jpg\" alt=\"alternativa a pump fun en bitcoin hyper\" width=\"1200\" height=\"400\" srcset=\"https:\/\/www.coinspeaker.com\/es\/wp-content\/uploads\/sites\/4\/2025\/06\/hyper-1.jpg 1200w, https:\/\/www.coinspeaker.com\/es\/wp-content\/uploads\/sites\/4\/2025\/06\/hyper-1-300x100.jpg 300w, https:\/\/www.coinspeaker.com\/es\/wp-content\/uploads\/sites\/4\/2025\/06\/hyper-1-1024x341.jpg 1024w, https:\/\/www.coinspeaker.com\/es\/wp-content\/uploads\/sites\/4\/2025\/06\/hyper-1-768x256.jpg 768w\" sizes=\"auto, (max-width: 1200px) 100vw, 1200px\" \/><\/p>\n<p>Bitcoin Hyper es la primera cadena Bitcoin Layer 2 que aporta escalabilidad y velocidad, dos cualidades cruciales en las que Bitcoin no destaca. Por lo tanto, se pueden esperar <strong>transacciones m\u00e1s r\u00e1pidas y tarifas de gas m\u00e1s baratas al utilizar la cadena<\/strong>.<\/p>\n<p>En lo que respecta al ecosistema, el token Bitcoin Hyper alimenta la cartera, el explorador, el puente y el grupo de participaci\u00f3n. Esto abarca pagos, dApps y memes.<\/p>\n<p>En cuanto a las operaciones, el proceso es sencillo. Solo hay que depositar BTC mientras Bitcoin Hyper verifica los encabezados de los bloques de Bitcoin y las pruebas de las transacciones.<\/p>\n<p>Una vez verificada, el sistema acu\u00f1ar\u00e1 una cantidad equivalente de BTC en la capa 2 de Bitcoin. Y lo que es a\u00fan mejor, el proceso se llevar\u00e1 a cabo de forma fiable. El retiro a la capa 1 es igualmente sencillo. Simplemente haz la solicitud y permite que Bitcoin Hyper realice las validaciones necesarias.<\/p>\n<p class=\"p1\"><div class=\"su-button-center\"><a href=\"https:\/\/coinspeaker.com\/es\/visit\/btchyper\" class=\"su-button su-button-style-flat\" style=\"color:#FFFFFF;background-color:#F6102B;border-color:#c50d23;border-radius:10px\" target=\"_blank\" rel=\"noopener noreferrer\"><span style=\"color:#FFFFFF;padding:0px 26px;font-size:20px;line-height:40px;border-color:#f9586b;border-radius:10px;text-shadow:none\"> Compra Bitcoin Hyper<\/span><\/a><\/div>\n<h3>Maxi Doge<\/h3>\n<p><img loading=\"lazy\" decoding=\"async\" class=\"aligncenter wp-image-2686 size-full\" src=\"https:\/\/www.coinspeaker.com\/es\/wp-content\/uploads\/sites\/4\/2025\/08\/maxidoge-es.webp\" alt=\"el mejor doge como alternativa a pump.fun\" width=\"1200\" height=\"400\" srcset=\"https:\/\/www.coinspeaker.com\/es\/wp-content\/uploads\/sites\/4\/2025\/08\/maxidoge-es.webp 1200w, https:\/\/www.coinspeaker.com\/es\/wp-content\/uploads\/sites\/4\/2025\/08\/maxidoge-es-300x100.webp 300w, https:\/\/www.coinspeaker.com\/es\/wp-content\/uploads\/sites\/4\/2025\/08\/maxidoge-es-1024x341.webp 1024w, https:\/\/www.coinspeaker.com\/es\/wp-content\/uploads\/sites\/4\/2025\/08\/maxidoge-es-768x256.webp 768w\" sizes=\"auto, (max-width: 1200px) 100vw, 1200px\" \/><\/p>\n<p>El token Maxi Doge es una invitaci\u00f3n a una<strong> comunidad floreciente y a operar con un alto apalancamiento y mantener un stop-loss al margen<\/strong>, todo ello bajo la imagen de la memecoin m\u00e1s ic\u00f3nica: DOGE.<\/p>\n<p>Otros beneficios que obtendr\u00e1s al comprar Maxi Doge incluyen la oportunidad de participar en concursos semanales en los que los cazadores con mayor ROI obtienen recompensas.<\/p>\n<p>Tambi\u00e9n participar\u00e1s en eventos de socios y torneos gamificados para ganar a\u00fan m\u00e1s recompensas.<\/p>\n<p>La ICO del token Maxi Doge comenz\u00f3 a finales de julio de 2025 y va camino de los 2 millones de d\u00f3lares. Aunque no est\u00e1 en Solana como PUMP Token, su potencial es inmenso.<\/p>\n<p class=\"p1\"><div class=\"su-button-center\"><a href=\"https:\/\/coinspeaker.com\/es\/visit\/maxidoge\" class=\"su-button su-button-style-flat\" style=\"color:#FFFFFF;background-color:#F6102B;border-color:#c50d23;border-radius:10px\" target=\"_blank\" rel=\"noopener noreferrer\"><span style=\"color:#FFFFFF;padding:0px 26px;font-size:20px;line-height:40px;border-color:#f9586b;border-radius:10px;text-shadow:none\"> Compra Maxi Doge<\/span><\/a><\/div>\n<h2>Conclusi\u00f3n<\/h2>\n<p>El token PUMP.Fun se puede comprar libremente en las plataformas de exchange centralizadas y descentralizadas que lo hayan incorporado (incluyendo Binance, Coinbase o MEXC). Pero <strong>no hay garant\u00edas de que vuelva a bombear ni a subir recuperando el precio de lanzamiento o su ATH<\/strong>.<\/p>\n<p>Por eso, recomendamos investigar y proceder con debida cautela, quiz\u00e1 combinando esta inversi\u00f3n con v\u00edas de diversificaci\u00f3n como <a href=\"\/es\/visit\/btchyper\" target=\"_blank\" rel=\"nofollow noopener sponsored\"><strong>Bitcoin Hyper<\/strong><\/a>, <a href=\"\/es\/visit\/maxidoge\" target=\"_blank\" rel=\"nofollow noopener sponsored\"><strong>Maxi Doge.<\/strong><\/a><\/p>\n<h2>Preguntas frecuentes<\/h2>\n<div class=\"man_faq_sec\" itemscope itemtype=\"https:\/\/schema.org\/FAQPage\"><\/time><script>jQuery(document).ready(function() {\n\t\t\t\t\t\t\t\tjQuery(\".accordionButton\").click(function() {\n\t\t\t\t\t\t\t\t\tjQuery(\".accordionButton\").removeClass(\"on\");\n\t\t\t\t\t\t\t\t\tjQuery(\".accordionContent\").slideUp(\"normal\");\n\t\t\t\t\t\t\t\t\tif(jQuery(this).parents(\".ms_faq\").find(\".accordionContent\").is(\":hidden\") == true) {\n\t\t\t\t\t\t\t\t\t\tjQuery(this).addClass(\"on\");\n\t\t\t\t\t\t\t\t\t\tjQuery(this).parents(\".ms_faq\").find(\".accordionContent\").slideDown(\"normal\");\n\t\t\t\t\t\t\t\t\t }\n\t\t\t\t\t\t\t\t });\n\t\t\t\t\t\t\t\t });\n\t\t\t\t\t\t\t<\/script><section class=\"ms_faq ms_card \" ><div itemscope itemprop=\"mainEntity\" itemtype=\"https:\/\/schema.org\/Question\"><div class=\"accordionButton\"><h3 itemprop=\"name\">Pump.fun \u00bfqu\u00e9 es?<\/h3> <\/div>\n<div class=\"accordionContent\" itemscope itemprop=\"acceptedAnswer\" itemtype=\"https:\/\/schema.org\/Answer\" style=\"display:none;\"><p itemprop=\"text\">Pump.fun es una plataforma de lanzamiento de criptomonedas y es tambi\u00e9n un token propio bajo el nombre de PUMP y con utilidad dentro de ese ecosistema.<\/p>\n                <\/div><\/div><\/section>\n<section class=\"ms_faq ms_card \" ><div itemscope itemprop=\"mainEntity\" itemtype=\"https:\/\/schema.org\/Question\"><div class=\"accordionButton\"><h3 itemprop=\"name\">\u00bfC\u00f3mo funciona Pump.fun?<\/h3> <\/div>\n<div class=\"accordionContent\" itemscope itemprop=\"acceptedAnswer\" itemtype=\"https:\/\/schema.org\/Answer\" style=\"display:none;\"><p itemprop=\"text\">Para participar en la plataforma, necesitas una wallet de Solana y tokens PUMP o alternativamente SOL, y a partir de ah\u00ed usar las herramientas del sistema para crear y lanzar tus tokens meme.<\/p>\n                <\/div><\/div><\/section>\n<\/div>","protected":false},"excerpt":{"rendered":"<p>No hay garant\u00edas de que PUMP.fun vuelva a bombear ni a subir recuperando el precio de lanzamiento o su ATH. Por eso, recomendamos investigar y proceder con debida cautela, quiz\u00e1 combinando esta inversi\u00f3n con v\u00edas de diversificaci\u00f3n como Bitcoin Hyper, Maxi Doge o Wall Street Pepe en Solana.<\/p>\n","protected":false},"author":163,"featured_media":2959,"parent":0,"menu_order":0,"comment_status":"closed","ping_status":"closed","template":"single-guides.php","meta":{"_acf_changed":false,"footnotes":""},"tags":[],"class_list":["post-2955","page","type-page","status-publish","has-post-thumbnail","hentry"],"acf":[],"yoast_head":"<!-- This site is optimized with the Yoast SEO plugin v25.7 - https:\/\/yoast.com\/wordpress\/plugins\/seo\/ -->\n<title>C\u00f3mo comprar Pump.Fun (PUMP) en 2026: Gu\u00eda y alternativas<\/title>\n<meta name=\"description\" content=\"Hemos creado esta gu\u00eda r\u00e1pida sobre c\u00f3mo comprar Pump.fun token, puesto que ya est\u00e1 disponible en los exchanges, as\u00ed como sus alternativas.\" \/>\n<meta name=\"robots\" content=\"index, follow, max-snippet:-1, max-image-preview:large, max-video-preview:-1\" \/>\n<link rel=\"canonical\" href=\"https:\/\/www.coinspeaker.com\/es\/como-comprar-pump-fun\/\" \/>\n<meta property=\"og:locale\" content=\"es_ES\" \/>\n<meta property=\"og:type\" content=\"article\" \/>\n<meta property=\"og:title\" content=\"C\u00f3mo comprar Pump.Fun (PUMP) en 2026: Gu\u00eda y alternativas\" \/>\n<meta property=\"og:description\" content=\"Hemos creado esta gu\u00eda r\u00e1pida sobre c\u00f3mo comprar Pump.fun token, puesto que ya est\u00e1 disponible en los exchanges, as\u00ed como sus alternativas.\" \/>\n<meta property=\"og:url\" content=\"https:\/\/www.coinspeaker.com\/es\/como-comprar-pump-fun\/\" \/>\n<meta property=\"og:site_name\" content=\"Coinspeaker - Noticias sobre criptomonedas en espa\u00f1ol\" \/>\n<meta property=\"article:modified_time\" content=\"2026-01-09T12:10:27+00:00\" \/>\n<meta property=\"og:image\" content=\"https:\/\/www.coinspeaker.com\/es\/wp-content\/uploads\/sites\/4\/2025\/08\/comprar-pump-fun.jpg\" \/>\n\t<meta property=\"og:image:width\" content=\"1024\" \/>\n\t<meta property=\"og:image:height\" content=\"576\" \/>\n\t<meta property=\"og:image:type\" content=\"image\/jpeg\" \/>\n<meta name=\"twitter:card\" content=\"summary_large_image\" \/>\n<meta name=\"twitter:label1\" content=\"Est. reading time\" \/>\n\t<meta name=\"twitter:data1\" content=\"7 minutos\" \/>\n<!-- \/ Yoast SEO plugin. -->","yoast_head_json":{"title":"C\u00f3mo comprar Pump.Fun (PUMP) en 2026: Gu\u00eda y alternativas","description":"Hemos creado esta gu\u00eda r\u00e1pida sobre c\u00f3mo comprar Pump.fun token, puesto que ya est\u00e1 disponible en los exchanges, as\u00ed como sus alternativas.","robots":{"index":"index","follow":"follow","max-snippet":"max-snippet:-1","max-image-preview":"max-image-preview:large","max-video-preview":"max-video-preview:-1"},"canonical":"https:\/\/www.coinspeaker.com\/es\/como-comprar-pump-fun\/","og_locale":"es_ES","og_type":"article","og_title":"C\u00f3mo comprar Pump.Fun (PUMP) en 2026: Gu\u00eda y alternativas","og_description":"Hemos creado esta gu\u00eda r\u00e1pida sobre c\u00f3mo comprar Pump.fun token, puesto que ya est\u00e1 disponible en los exchanges, as\u00ed como sus alternativas.","og_url":"https:\/\/www.coinspeaker.com\/es\/como-comprar-pump-fun\/","og_site_name":"Coinspeaker - Noticias sobre criptomonedas en espa\u00f1ol","article_modified_time":"2026-01-09T12:10:27+00:00","og_image":[{"width":1024,"height":576,"url":"https:\/\/www.coinspeaker.com\/es\/wp-content\/uploads\/sites\/4\/2025\/08\/comprar-pump-fun.jpg","type":"image\/jpeg"}],"twitter_card":"summary_large_image","twitter_misc":{"Est. reading time":"7 minutos"},"schema":{"@context":"https:\/\/schema.org","@graph":[{"@type":"WebPage","@id":"https:\/\/www.coinspeaker.com\/es\/como-comprar-pump-fun\/","url":"https:\/\/www.coinspeaker.com\/es\/como-comprar-pump-fun\/","name":"C\u00f3mo comprar Pump.Fun (PUMP) en [cur_year]: Gu\u00eda y alternativas","isPartOf":{"@id":"https:\/\/www.coinspeaker.com\/es\/#website"},"primaryImageOfPage":{"@id":"https:\/\/www.coinspeaker.com\/es\/como-comprar-pump-fun\/#primaryimage"},"image":{"@id":"https:\/\/www.coinspeaker.com\/es\/como-comprar-pump-fun\/#primaryimage"},"thumbnailUrl":"https:\/\/www.coinspeaker.com\/es\/wp-content\/uploads\/sites\/4\/2025\/08\/comprar-pump-fun.jpg","datePublished":"2025-08-27T09:16:22+00:00","dateModified":"2026-01-09T12:10:27+00:00","description":"Hemos creado esta gu\u00eda r\u00e1pida sobre c\u00f3mo comprar Pump.fun token, puesto que ya est\u00e1 disponible en los exchanges, as\u00ed como sus alternativas.","breadcrumb":{"@id":"https:\/\/www.coinspeaker.com\/es\/como-comprar-pump-fun\/#breadcrumb"},"inLanguage":"es","potentialAction":[{"@type":"ReadAction","target":["https:\/\/www.coinspeaker.com\/es\/como-comprar-pump-fun\/"]}]},{"@type":"ImageObject","inLanguage":"es","@id":"https:\/\/www.coinspeaker.com\/es\/como-comprar-pump-fun\/#primaryimage","url":"https:\/\/www.coinspeaker.com\/es\/wp-content\/uploads\/sites\/4\/2025\/08\/comprar-pump-fun.jpg","contentUrl":"https:\/\/www.coinspeaker.com\/es\/wp-content\/uploads\/sites\/4\/2025\/08\/comprar-pump-fun.jpg","width":1024,"height":576,"caption":"Gu\u00eda paso a paso para comprar el token Pump.Fun"},{"@type":"BreadcrumbList","@id":"https:\/\/www.coinspeaker.com\/es\/como-comprar-pump-fun\/#breadcrumb","itemListElement":[{"@type":"ListItem","position":1,"name":"Home","item":"https:\/\/www.coinspeaker.com\/es\/"},{"@type":"ListItem","position":2,"name":"C\u00f3mo comprar Pump.Fun (PUMP) \u2013 Tutorial y alternativas m\u00e1s TOP"}]},{"@type":"WebSite","@id":"https:\/\/www.coinspeaker.com\/es\/#website","url":"https:\/\/www.coinspeaker.com\/es\/","name":"Coinspeaker - Noticias sobre criptomonedas en espa\u00f1ol","description":"Bitcoin, Ethereum, Altcoins y Cripto Noticias con An\u00e1lisis, Precios en Vivo, Gr\u00e1ficos de Datos y Gu\u00edas.","publisher":{"@id":"https:\/\/www.coinspeaker.com\/es\/#organization"},"potentialAction":[{"@type":"SearchAction","target":{"@type":"EntryPoint","urlTemplate":"https:\/\/www.coinspeaker.com\/es\/?s={search_term_string}"},"query-input":{"@type":"PropertyValueSpecification","valueRequired":true,"valueName":"search_term_string"}}],"inLanguage":"es"},{"@type":"Organization","@id":"https:\/\/www.coinspeaker.com\/es\/#organization","name":"Coinspeaker","alternateName":"Coinspeaker.com","url":"https:\/\/www.coinspeaker.com\/es\/","logo":{"@type":"ImageObject","inLanguage":"es","@id":"https:\/\/www.coinspeaker.com\/es\/#\/schema\/logo\/image\/","url":"https:\/\/www.coinspeaker.com\/es\/wp-content\/uploads\/sites\/4\/2025\/05\/cs.png","contentUrl":"https:\/\/www.coinspeaker.com\/es\/wp-content\/uploads\/sites\/4\/2025\/05\/cs.png","width":512,"height":512,"caption":"Coinspeaker"},"image":{"@id":"https:\/\/www.coinspeaker.com\/es\/#\/schema\/logo\/image\/"}}]}},"amp_enabled":false,"_links":{"self":[{"href":"https:\/\/www.coinspeaker.com\/es\/wp-json\/wp\/v2\/pages\/2955","targetHints":{"allow":["GET"]}}],"collection":[{"href":"https:\/\/www.coinspeaker.com\/es\/wp-json\/wp\/v2\/pages"}],"about":[{"href":"https:\/\/www.coinspeaker.com\/es\/wp-json\/wp\/v2\/types\/page"}],"author":[{"embeddable":true,"href":"https:\/\/www.coinspeaker.com\/es\/wp-json\/wp\/v2\/users\/163"}],"replies":[{"embeddable":true,"href":"https:\/\/www.coinspeaker.com\/es\/wp-json\/wp\/v2\/comments?post=2955"}],"version-history":[{"count":4,"href":"https:\/\/www.coinspeaker.com\/es\/wp-json\/wp\/v2\/pages\/2955\/revisions"}],"predecessor-version":[{"id":5459,"href":"https:\/\/www.coinspeaker.com\/es\/wp-json\/wp\/v2\/pages\/2955\/revisions\/5459"}],"wp:featuredmedia":[{"embeddable":true,"href":"https:\/\/www.coinspeaker.com\/es\/wp-json\/wp\/v2\/media\/2959"}],"wp:attachment":[{"href":"https:\/\/www.coinspeaker.com\/es\/wp-json\/wp\/v2\/media?parent=2955"}],"wp:term":[{"taxonomy":"post_tag","embeddable":true,"href":"https:\/\/www.coinspeaker.com\/es\/wp-json\/wp\/v2\/tags?post=2955"}],"curies":[{"name":"wp","href":"https:\/\/api.w.org\/{rel}","templated":true}]}}