{"id":308,"date":"2025-05-20T08:50:28","date_gmt":"2025-05-20T08:50:28","guid":{"rendered":"https:\/\/www.coinspeaker.com\/es\/?page_id=308"},"modified":"2025-05-21T11:40:04","modified_gmt":"2025-05-21T11:40:04","slug":"terminos-y-condiciones","status":"publish","type":"page","link":"https:\/\/www.coinspeaker.com\/es\/terminos-y-condiciones\/","title":{"rendered":"T\u00e9rminos y condiciones"},"content":{"rendered":"<p>Bienvenido a los sitios de Internet, aplicaciones y servicios proporcionados por Coinspeaker LTD. (colectivamente, los\u00bbServicios\u00bb). Estos T\u00e9rminos de Uso rigen su acceso y uso de los Servicios proporcionados por Coinspeaker LTD., y todas sus subsidiarias, afiliadas, marcas y entidades que controla, incluidos, entre otros, Coinspeaker (colectivamente, \u00abnosotros\u00bb, \u00abnos\u00bb o \u00abnuestro\u00bb). Por favor, lea estos T\u00e9rminos detenidamente.<\/p>\n<p>AL UNIRSE O CADA VEZ QUE ACCEDE Y UTILIZA LOS SERVICIOS, INDICA QUE HA LE\u00cdDO Y ENTENDIDO, Y ACEPTA ESTAR SUJETO A ESTOS T\u00c9RMINOS. SI NO EST\u00c1 DE ACUERDO CON ESTOS T\u00c9RMINOS, NO SE LE PERMITE UTILIZAR LOS SERVICIOS. Estos T\u00e9rminos tienen la misma fuerza y efecto que un acuerdo por escrito.<\/p>\n<h2>Env\u00edos de usuarios<\/h2>\n<p>No reclamamos la propiedad de ninguna informaci\u00f3n, datos, texto, software, m\u00fasica, sonido, fotograf\u00edas, gr\u00e1ficos, videos, mensajes, etiquetas u otros materiales que env\u00ede para su exhibici\u00f3n o distribuci\u00f3n a otros a trav\u00e9s de los Servicios (colectivamente, \u00abEnv\u00edos del Usuario\u00bb). Entre usted y nosotros, usted posee todos los derechos sobre sus Env\u00edos de Usuario. Sin embargo, usted nos otorga a nosotros y a nuestros afiliados, representantes, sublicenciatarios y cesionarios una licencia irrevocable, perpetua, no exclusiva, totalmente pagada (sublicenciable a trav\u00e9s de m\u00faltiples niveles) en todo el universo para usar, distribuir, sindicar, licenciar, reproducir, modificar, adaptar, publicar, traducir, ejecutar p\u00fablicamente, crear trabajos derivados y mostrar p\u00fablicamente sus Env\u00edos de Usuario (en su totalidad o en parte) en cualquier formato o medio conocido; sin embargo, siempre que nuestro ejercicio de nuestros derechos en virtud de la licencia anterior est\u00e9 sujeto en todo momento a las limitaciones sobre la divulgaci\u00f3n de sus Env\u00edos de Usuario que se nos imponen en virtud de nuestra Pol\u00edtica de Privacidad. Nos reservamos el derecho de mostrar anuncios en relaci\u00f3n con los Env\u00edos de Usuario y de utilizar los Env\u00edos de Usuario con fines publicitarios y promocionales sin ninguna compensaci\u00f3n para usted. Estos anuncios pueden estar dirigidos al contenido o la informaci\u00f3n almacenada en los Servicios. En consideraci\u00f3n a que le otorguemos acceso y uso de los Servicios, acepta que podamos colocar dichos anuncios en nuestros Servicios. No preseleccionamos los Env\u00edos de Usuario, y usted acepta que es el \u00fanico responsable de todos sus Env\u00edos de Usuario. No estamos obligados a alojar, mostrar o distribuir ning\u00fan Env\u00edo de Usuario, y podemos eliminar en cualquier momento o rechazar cualquier Env\u00edo de Usuario. No somos responsables de ninguna p\u00e9rdida, robo o da\u00f1o de ning\u00fan tipo a los Env\u00edos de los Usuarios. Usted declara y garantiza que sus Env\u00edos de Usuario y nuestro uso autorizado de dichos env\u00edos no infringen ni infringir\u00e1n los derechos de ning\u00fan tercero (incluidos, entre otros, los derechos de propiedad intelectual, los derechos de privacidad o publicidad, o cualquier otro derecho legal o moral). Usted, y no nosotros, es responsable de las consecuencias de compartir informaci\u00f3n personal sobre usted en \u00e1reas p\u00fablicas del Servicio, como su domicilio o el domicilio de otros.<\/p>\n<p>Somos propietarios de todos los derechos, t\u00edtulos e intereses en cualquier compilaci\u00f3n, trabajo colectivo u otro trabajo derivado creado por nosotros usando o incorporando su contenido (pero no su contenido original). Cuando usa una funci\u00f3n en los Servicios que permite a los usuarios compartir, transformar, readaptar, modificar o combinar el contenido del usuario con otro contenido, nos otorga a nosotros y a nuestros usuarios un derecho y licencia irrevocables, no exclusivos, libres de regal\u00edas, perpetuos, en el universo para usar, reproducir, modificar, mostrar, remezclar, realizar, distribuir, redistribuir, adaptar, promocionar, crear trabajos derivados y sindicar su contenido en cualquier medio y a trav\u00e9s de cualquier forma de tecnolog\u00eda o distribuci\u00f3n y para permitir que cualquier trabajo derivado se licencie bajo estos mismos t\u00e9rminos de licencia. Los derechos otorgados en virtud de esta Secci\u00f3n 2 sobrevivir\u00e1n a la terminaci\u00f3n de estos T\u00e9rminos.<\/p>\n<p>Todo el contenido y los materiales proporcionados en los Servicios est\u00e1n destinados \u00fanicamente a fines de informaci\u00f3n general, discusi\u00f3n general, educaci\u00f3n y entretenimiento. No interprete que nosotros respaldamos o verificamos dicho contenido. EL CONTENIDO SE PROPORCIONA \u00abTAL CUAL\u00bb, Y SU USO O DEPENDENCIA DE DICHOS MATERIALES ES BAJO SU PROPIO RIESGO.<\/p>\n<h2>Infracci\u00f3n de Derechos de Autor y Derechos de Marca Registrada<\/h2>\n<p>Respetamos los derechos de propiedad intelectual de terceros. En consecuencia, tenemos la pol\u00edtica de eliminar los Env\u00edos de Usuarios que infrinjan la ley de derechos de autor, suspender el acceso a los Servicios (o cualquier parte de los mismos) a cualquier usuario que utilice los Servicios infringiendo la ley de derechos de autor y \/ o cancelar, en las circunstancias apropiadas, la cuenta de cualquier usuario que utilice los Servicios infringiendo la ley de derechos de autor. Si cree que un usuario de los Servicios est\u00e1 infringiendo sus derechos de autor, env\u00ede una notificaci\u00f3n por escrito a nuestro agente que se detalla a continuaci\u00f3n para recibir notificaciones de reclamos de infracci\u00f3n de derechos de autor.<\/p>\n<p>Su notificaci\u00f3n por escrito debe: (a) contener su firma f\u00edsica o electr\u00f3nica; (b) identificar el trabajo protegido por derechos de autor presuntamente infringido; (c) identificar el material presuntamente infractor de una manera lo suficientemente precisa como para permitirnos localizar ese material; (d) contener informaci\u00f3n adecuada mediante la cual podamos comunicarnos con usted (incluida la direcci\u00f3n postal, el n\u00famero de tel\u00e9fono y la direcci\u00f3n de correo electr\u00f3nico); (e) contener una declaraci\u00f3n de que cree de buena fe que el uso del material protegido por derechos de autor no est\u00e1 autorizado por el propietario de los derechos de autor, el agente de los propietarios de los derechos de autor o la ley; (f) contener una declaraci\u00f3n de que la informaci\u00f3n en la notificaci\u00f3n por escrito es precisa; y (g) contener una declaraci\u00f3n, bajo pena de perjurio, de que usted est\u00e1 autorizado a actuar en nombre del propietario de los derechos de autor. No env\u00ede avisos o consultas no relacionadas con presuntas infracciones de derechos de autor a nuestro agente de derechos de autor designado.<\/p>\n<p>Si cree que su marca registrada se est\u00e1 utilizando en alg\u00fan lugar de los Servicios de una manera que constituye una infracci\u00f3n de la marca registrada, el propietario o un agente del propietario pueden notificarnos a contact@coinspeaker.com. Solicitamos que cualquier queja proporcione la identidad precisa del propietario, c\u00f3mo podemos comunicarnos con usted y la naturaleza espec\u00edfica de la queja.<\/p>\n<h2>Modificaciones a los T\u00e9rminos<\/h2>\n<p>Podemos, a nuestro exclusivo y absoluto criterio, cambiar estos T\u00e9rminos de vez en cuando. Publicaremos un aviso de dichos cambios en los Servicios. Si se opone a dichos cambios, su \u00fanico recurso ser\u00e1 dejar de utilizar los Servicios. Su uso continuado de los Servicios despu\u00e9s de la notificaci\u00f3n de dichos cambios indicar\u00e1 su reconocimiento de dichos cambios y su acuerdo de estar sujeto a los t\u00e9rminos y condiciones de dichos cambios.<\/p>\n<h2>Modificaciones a los Servicios<\/h2>\n<p>Nos reservamos el derecho de modificar o descontinuar todos o cualquier aspecto de los Servicios con o sin previo aviso. USTED ACEPTA QUE NO SEREMOS RESPONSABLES ANTE USTED NI ANTE NING\u00daN TERCERO EN CASO DE QUE Coinspeaker LTD. EJERCER SU DERECHO A MODIFICAR O DESCONTINUAR LOS SERVICIOS.<\/p>\n<h2>Enlaces<\/h2>\n<p>Podemos proporcionar enlaces a otros sitios Web o recursos de Internet solo para su comodidad, y dichos enlaces no significan ni implican nuestro respaldo a dichos sitios Web, recursos o su contenido. USTED ACEPTA QUE NO TENDREMOS RESPONSABILIDAD ALGUNA POR LA INFORMACI\u00d3N, EL SOFTWARE O LOS MATERIALES QUE SE ENCUENTREN EN CUALQUIER OTRO SITIO WEB O RECURSO DE INTERNET.<\/p>\n<h2>Uso Comercial<\/h2>\n<p>No puede copiar, hacer trabajos derivados, revender, distribuir ni hacer ning\u00fan uso comercial (aparte de mantener y compartir informaci\u00f3n para sus propios fines no comerciales) de ning\u00fan contenido, material o base de datos de nuestra red o sistemas. No puede vender, sublicenciar ni redistribuir nuestras aplicaciones de software ni incorporarlas (ni ninguna parte de ellas) a otro producto. No puede realizar ingenier\u00eda inversa, descompilar o desensamblar el software ni intentar derivar el c\u00f3digo fuente (excepto cuando la ley lo permita expresamente) o el protocolo de comunicaciones para acceder a los Servicios o redes externas. No puede modificar, adaptar ni crear trabajos derivados del software ni eliminar avisos de propiedad del software.<\/p>\n<h2>Exenci\u00f3n de Garant\u00edas<\/h2>\n<p>USTED ACEPTA EXPRESAMENTE QUE EL USO DE LOS SERVICIOS ES BAJO SU PROPIO RIESGO. PROPORCIONAMOS LOS SERVICIOS \u00abTAL CUAL\u00bb Y \u00abSEG\u00daN DISPONIBILIDAD\u00bb. RENUNCIAMOS EXPRESAMENTE A TODAS LAS GARANT\u00cdAS DE CUALQUIER TIPO, YA SEAN EXPRESAS O IMPL\u00cdCITAS, CON RESPECTO A Coinspeaker LTD. RED (INCLUIDAS, ENTRE OTRAS, LAS GARANT\u00cdAS IMPL\u00cdCITAS DE COMERCIABILIDAD, IDONEIDAD PARA UN USO O PROP\u00d3SITO PARTICULAR Y NO INFRACCI\u00d3N). Coinspeaker LTD. NO GARANTIZA QUE Coinspeaker LTD. SUS REQUISITOS, O QUE LOS SERVICIOS SER\u00c1N ININTERRUMPIDOS, OPORTUNOS, SEGUROS O LIBRES DE ERRORES. USTED RECONOCE QUE EL ACCESO A LOS DATOS (INCLUIDOS, ENTRE OTROS, DOCUMENTOS, FOTOGRAF\u00cdAS Y ARCHIVOS DE SOFTWARE) ALMACENADOS POR USTED U OTROS EN LOS SERVICIOS NO EST\u00c1 GARANTIZADO Y QUE NO SEREMOS RESPONSABLES ANTE USTED POR NINGUNA P\u00c9RDIDA DE DATOS CAUSADA POR LOS SERVICIOS O SU FALTA DE DISPONIBILIDAD. NO GARANTIZAMOS LOS RESULTADOS QUE SE PUEDAN OBTENER DEL USO DE LOS SERVICIOS, NI LA PRECISI\u00d3N O CONFIABILIDAD DE LA INFORMACI\u00d3N OBTENIDA A TRAV\u00c9S DE LOS SERVICIOS, Ni QUE SE CORREGIR\u00c1N LOS DEFECTOS EN LOS SERVICIOS. USTED COMPRENDE Y ACEPTA QUE CUALQUIER MATERIAL Y\/O INFORMACI\u00d3N DESCARGADA U OBTENIDA DE OTRO MODO A TRAV\u00c9S DEL USO DE LOS SERVICIOS SE REALIZA A SU PROPIA DISCRECI\u00d3N Y RIESGO Y QUE SER\u00c1 EL \u00daNICO RESPONSABLE DE CUALQUIER DA\u00d1O QUE SURJA DE LOS MISMOS. NING\u00daN CONSEJO O INFORMACI\u00d3N, YA SEA ORAL O ESCRITA, OBTENIDA POR USTED DE Coinspeaker LTD. O A TRAV\u00c9S DE LOS SERVICIOS CREAR\u00c1 CUALQUIER GARANT\u00cdA QUE NO SE ESTABLEZCA EXPRESAMENTE EN EL PRESENTE DOCUMENTO.<\/p>\n<h2>Limitaci\u00f3n de Responsabilidad<\/h2>\n<p>USTED COMPRENDE QUE, EN LA MEDIDA PERMITIDA POR LA LEY APLICABLE, EN NING\u00daN CASO NOSOTROS O NUESTROS FUNCIONARIOS, EMPLEADOS, DIRECTORES, ACCIONISTAS, MATRICES, SUBSIDIARIAS, AFILIADOS, AGENTES O LICENCIANTES SEREMOS RESPONSABLES BAJO NINGUNA TEOR\u00cdA DE RESPONSABILIDAD (YA SEA CONTRACTUAL, EXTRACONTRACTUAL, LEGAL O DE OTRO TIPO) POR DA\u00d1OS DIRECTOS, INDIRECTOS, INCIDENTALES, ESPECIALES, CONSECUENTES O EJEMPLARES, INCLUIDOS, ENTRE OTROS, DA\u00d1OS POR P\u00c9RDIDA DE INGRESOS, GANANCIAS, BUENA VOLUNTAD, USO, DATOS U OTRAS P\u00c9RDIDAS INTANGIBLES (INCLUSO SI DICHAS PARTES FUERON INFORMADAS, SAB\u00cdAN O DEBER\u00cdAN HABER SABIDO DE LA POSIBILIDAD DE TALES DA\u00d1OS), COMO RESULTADO DE SU USO DE LOS SERVICIOS (O DE CUALQUIER PERSONA QUE USE SU CUENTA). A MENOS QUE LA LEY APLICABLE DISPONGA LO CONTRARIO, EN NING\u00daN CASO NUESTRA RESPONSABILIDAD HACIA USTED EXCEDER\u00c1 EL MONTO DE LAS TARIFAS QUE NOS PAG\u00d3 (SI CORRESPONDE) DURANTE UN PER\u00cdODO DE TRES MESES ANTES DE LA FECHA EN QUE PRESENTE UNA RECLAMACI\u00d3N.<\/p>\n<h2>Exclusiones Y limitaciones<\/h2>\n<p>Algunas jurisdicciones no permiten la exclusi\u00f3n de ciertas garant\u00edas o la limitaci\u00f3n o exclusi\u00f3n de responsabilidad por da\u00f1os incidentales o consecuentes. En consecuencia, es posible que algunas de las limitaciones y renuncias anteriores no se apliquen en su caso. En la medida en que, seg\u00fan la ley aplicable, no podamos rechazar ninguna garant\u00eda impl\u00edcita o limitar sus responsabilidades, el alcance y la duraci\u00f3n de dicha garant\u00eda y el alcance de nuestra responsabilidad ser\u00e1n los m\u00ednimos permitidos por dicha ley aplicable.<\/p>\n<h2>Indemnizaci\u00f3n<\/h2>\n<p>Usted acepta indemnizarnos, defendernos y eximirnos de responsabilidad a nosotros, a nuestras empresas matrices, subsidiarias, afiliadas, funcionarios, directores, empleados, consultores y agentes de y contra todos y cada uno de los reclamos,responsabilidades, da\u00f1os, p\u00e9rdidas, costos, gastos, honorarios (incluidos los honorarios razonables de abogados) que dichas partes puedan incurrir como resultado de o como resultado de su violaci\u00f3n de estos T\u00e9rminos (o de cualquier persona que use sus cuentas). Nos reservamos el derecho, a nuestro propio costo, de asumir la defensa y el control exclusivos de cualquier asunto sujeto a indemnizaci\u00f3n por su parte y, en tal caso, usted acepta cooperar con nuestra defensa de dicha reclamaci\u00f3n.<\/p>\n<h2>Marcas y patentes<\/h2>\n<p>\u00abCoinspeaker\u00bb, el dise\u00f1o del sitio web, los nombres y logotipos de nuestro sitio, as\u00ed como otros nombres, logotipos y materiales que se muestran en los Servicios constituyen marcas comerciales, nombres comerciales, marcas de servicio o logotipos (\u00abMarcas\u00bb) de nosotros u otras entidades. Usted no est\u00e1 autorizado a utilizar dichas Marcas. La propiedad de todas esas Marcas y la buena voluntad asociada con ellas permanece con nosotros o con esas otras entidades.<\/p>\n<h2>Derechos de Autor; Restricciones de Uso<\/h2>\n<p>El contenido de los Servicios (el \u00abContenido\u00bb), incluidos, entre otros, videos, textos, fotos y gr\u00e1ficos, est\u00e1 protegido por las leyes internacionales de derechos de autor, est\u00e1 sujeto a otros derechos y leyes de propiedad intelectual y de propiedad, y es propiedad de nosotros o de nuestros licenciantes. Aparte de con respecto a sus propios Env\u00edos de Usuario: (a) el Contenido no puede copiarse, modificarse, reproducirse, republicarse, publicarse, transmitirse, venderse, ofrecerse a la venta ni redistribuirse de ninguna manera sin nuestro permiso previo por escrito y el de nuestros licenciantes correspondientes; y (b) debe cumplir con todos los avisos, informaci\u00f3n o restricciones de derechos de autor contenidos o adjuntos a cualquier Contenido. Le otorgamos un derecho personal, revocable, no asignable, no sublicenciable y no exclusivo para acceder y utilizar los Servicios de la manera permitida por estos T\u00e9rminos.<\/p>\n<h2>Avisos Electr\u00f3nicos<\/h2>\n<p>Usted acepta realizar transacciones con nosotros electr\u00f3nicamente. Su acto afirmativo de registrarse, usar o iniciar sesi\u00f3n en los Servicios constituye su firma de aceptaci\u00f3n de estos T\u00e9rminos. PODEMOS ENVIARLE AVISOS ELECTR\u00d3NICAMENTE (1) POR CORREO ELECTR\u00d3NICO SI NOS HA PROPORCIONADO UNA DIRECCI\u00d3N DE CORREO ELECTR\u00d3NICO V\u00c1LIDA O (2) PUBLICANDO EL AVISO EN UN SITIO WEB DESIGNADO POR NOSOTROS PARA ESTE FIN. La entrega de cualquier Notificaci\u00f3n es efectiva cuando la enviamos o publicamos, independientemente de si lee la Notificaci\u00f3n o si realmente recibe la entrega. Puede retirar su consentimiento para recibir Avisos electr\u00f3nicamente suspendiendo su uso del Servicio.<\/p>\n<h2>Varios<\/h2>\n<p>Estos T\u00e9rminos, junto con los t\u00e9rminos de cualquier acuerdo de licencia de usuario final que acepte al descargar cualquier software que pongamos a disposici\u00f3n a trav\u00e9s de los Servicios y cualquier t\u00e9rmino adicional que acepte al usar elementos particulares de los Servicios (por ejemplo, t\u00e9rminos espec\u00edficos de un sitio dentro de la red de Sitios o relacionados con el pago de tarifas por ciertos contenidos o servicios de Servicios), constituyen la declaraci\u00f3n completa, exclusiva y final del acuerdo entre usted y nosotros con respecto al tema del presente Documento, y rigen su uso de los Servicios., reemplazando cualquier acuerdo o negociaci\u00f3n anterior entre usted y nosotros con respecto al tema del presente documento. En caso de conflicto entre estos T\u00e9rminos y los t\u00e9rminos de un sitio espec\u00edfico dentro de la red de Sitios, regir\u00e1n estos T\u00e9rminos. El hecho de que no ejerzamos o hagamos valer cualquier derecho o disposici\u00f3n de estos T\u00e9rminos no constituir\u00e1 una renuncia a dicho derecho o disposici\u00f3n. Si un tribunal de jurisdicci\u00f3n competente determina que alguna disposici\u00f3n de estos T\u00e9rminos no es v\u00e1lida, usted acepta, sin embargo, que el tribunal debe esforzarse por dar efecto a las intenciones de nosotros y de usted tal como se refleja en la disposici\u00f3n y que las dem\u00e1s disposiciones de estos T\u00e9rminos permanecen en pleno vigor y efecto. Usted acepta que, independientemente de cualquier estatuto o ley que indique lo contrario, cualquier reclamo o causa de acci\u00f3n que surja de o est\u00e9 relacionado con el uso de los Servicios o estos T\u00e9rminos debe presentarse dentro de un (1) a\u00f1o despu\u00e9s de que surja dicho reclamo o causa de acci\u00f3n o prescribir\u00e1 para siempre. Los t\u00edtulos de las secciones en estos T\u00e9rminos son solo por conveniencia y no tienen ning\u00fan efecto legal o contractual. Los t\u00e9rminos de las Secciones 2 y 12 a 20 de estos T\u00e9rminos, as\u00ed como cualquier otra limitaci\u00f3n de responsabilidad establecida expl\u00edcitamente en este documento, permanecer\u00e1n en pleno vigor y efecto a pesar de la terminaci\u00f3n de su uso de los Servicios. Ambas partes son contratistas independientes entre s\u00ed. Ninguna de las partes se considerar\u00e1 empleado, agente, socio, empresa conjunta o representante legal de la otra para ning\u00fan prop\u00f3sito, y ninguna de las partes tendr\u00e1 ning\u00fan derecho, poder o autoridad para crear ninguna obligaci\u00f3n o responsabilidad en nombre de la otra, \u00fanicamente como resultado de estos T\u00e9rminos. En ning\u00fan caso se considerar\u00e1 que, en virtud de estos T\u00e9rminos, es uno de nuestros empleados o tiene derecho a ninguno de nuestros beneficios para empleados.<\/p>\n","protected":false},"excerpt":{"rendered":"<p>Bienvenido a los sitios de Internet, aplicaciones y servicios proporcionados por Coinspeaker LTD. (colectivamente, los\u00bbServicios\u00bb). Estos T\u00e9rminos de Uso rigen su acceso y uso de los Servicios proporcionados por Coinspeaker LTD., y todas sus subsidiarias, afiliadas, marcas y entidades que controla, incluidos, entre otros, Coinspeaker (colectivamente, \u00abnosotros\u00bb, \u00abnos\u00bb o \u00abnuestro\u00bb). Por favor, lea estos T\u00e9rminos [&hellip;]<\/p>\n","protected":false},"author":153,"featured_media":0,"parent":0,"menu_order":0,"comment_status":"closed","ping_status":"closed","template":"","meta":{"_acf_changed":false,"footnotes":""},"tags":[],"class_list":["post-308","page","type-page","status-publish","hentry"],"acf":[],"yoast_head":"<!-- This site is optimized with the Yoast SEO plugin v25.7 - https:\/\/yoast.com\/wordpress\/plugins\/seo\/ -->\n<title>T\u00e9rminos y condiciones de Coinspeaker Espa\u00f1a<\/title>\n<meta name=\"description\" content=\"Estos T\u00e9rminos y Condiciones de Uso rigen su acceso y uso de los Servicios proporcionados por Coinspeaker Espa\u00f1a.\" \/>\n<meta name=\"robots\" content=\"index, follow, max-snippet:-1, max-image-preview:large, max-video-preview:-1\" \/>\n<link rel=\"canonical\" href=\"https:\/\/www.coinspeaker.com\/es\/terminos-y-condiciones\/\" \/>\n<meta property=\"og:locale\" content=\"es_ES\" \/>\n<meta property=\"og:type\" content=\"article\" \/>\n<meta property=\"og:title\" content=\"T\u00e9rminos y condiciones de Coinspeaker Espa\u00f1a\" \/>\n<meta property=\"og:description\" content=\"Estos T\u00e9rminos y Condiciones de Uso rigen su acceso y uso de los Servicios proporcionados por Coinspeaker Espa\u00f1a.\" \/>\n<meta property=\"og:url\" content=\"https:\/\/www.coinspeaker.com\/es\/terminos-y-condiciones\/\" \/>\n<meta property=\"og:site_name\" content=\"Coinspeaker - Noticias sobre criptomonedas en espa\u00f1ol\" \/>\n<meta property=\"article:modified_time\" content=\"2025-05-21T11:40:04+00:00\" \/>\n<meta name=\"twitter:card\" content=\"summary_large_image\" \/>\n<meta name=\"twitter:label1\" content=\"Est. reading time\" \/>\n\t<meta name=\"twitter:data1\" content=\"13 minutos\" \/>\n<!-- \/ Yoast SEO plugin. -->","yoast_head_json":{"title":"T\u00e9rminos y condiciones de Coinspeaker Espa\u00f1a","description":"Estos T\u00e9rminos y Condiciones de Uso rigen su acceso y uso de los Servicios proporcionados por Coinspeaker Espa\u00f1a.","robots":{"index":"index","follow":"follow","max-snippet":"max-snippet:-1","max-image-preview":"max-image-preview:large","max-video-preview":"max-video-preview:-1"},"canonical":"https:\/\/www.coinspeaker.com\/es\/terminos-y-condiciones\/","og_locale":"es_ES","og_type":"article","og_title":"T\u00e9rminos y condiciones de Coinspeaker Espa\u00f1a","og_description":"Estos T\u00e9rminos y Condiciones de Uso rigen su acceso y uso de los Servicios proporcionados por Coinspeaker Espa\u00f1a.","og_url":"https:\/\/www.coinspeaker.com\/es\/terminos-y-condiciones\/","og_site_name":"Coinspeaker - Noticias sobre criptomonedas en espa\u00f1ol","article_modified_time":"2025-05-21T11:40:04+00:00","twitter_card":"summary_large_image","twitter_misc":{"Est. reading time":"13 minutos"},"schema":{"@context":"https:\/\/schema.org","@graph":[{"@type":"WebPage","@id":"https:\/\/www.coinspeaker.com\/es\/terminos-y-condiciones\/","url":"https:\/\/www.coinspeaker.com\/es\/terminos-y-condiciones\/","name":"T\u00e9rminos y condiciones de Coinspeaker Espa\u00f1a","isPartOf":{"@id":"https:\/\/www.coinspeaker.com\/es\/#website"},"datePublished":"2025-05-20T08:50:28+00:00","dateModified":"2025-05-21T11:40:04+00:00","description":"Estos T\u00e9rminos y Condiciones de Uso rigen su acceso y uso de los Servicios proporcionados por Coinspeaker Espa\u00f1a.","breadcrumb":{"@id":"https:\/\/www.coinspeaker.com\/es\/terminos-y-condiciones\/#breadcrumb"},"inLanguage":"es","potentialAction":[{"@type":"ReadAction","target":["https:\/\/www.coinspeaker.com\/es\/terminos-y-condiciones\/"]}]},{"@type":"BreadcrumbList","@id":"https:\/\/www.coinspeaker.com\/es\/terminos-y-condiciones\/#breadcrumb","itemListElement":[{"@type":"ListItem","position":1,"name":"Home","item":"https:\/\/www.coinspeaker.com\/es\/"},{"@type":"ListItem","position":2,"name":"T\u00e9rminos y condiciones"}]},{"@type":"WebSite","@id":"https:\/\/www.coinspeaker.com\/es\/#website","url":"https:\/\/www.coinspeaker.com\/es\/","name":"Coinspeaker - Noticias sobre criptomonedas en espa\u00f1ol","description":"Bitcoin, Ethereum, Altcoins y Cripto Noticias con An\u00e1lisis, Precios en Vivo, Gr\u00e1ficos de Datos y Gu\u00edas.","publisher":{"@id":"https:\/\/www.coinspeaker.com\/es\/#organization"},"potentialAction":[{"@type":"SearchAction","target":{"@type":"EntryPoint","urlTemplate":"https:\/\/www.coinspeaker.com\/es\/?s={search_term_string}"},"query-input":{"@type":"PropertyValueSpecification","valueRequired":true,"valueName":"search_term_string"}}],"inLanguage":"es"},{"@type":"Organization","@id":"https:\/\/www.coinspeaker.com\/es\/#organization","name":"Coinspeaker","alternateName":"Coinspeaker.com","url":"https:\/\/www.coinspeaker.com\/es\/","logo":{"@type":"ImageObject","inLanguage":"es","@id":"https:\/\/www.coinspeaker.com\/es\/#\/schema\/logo\/image\/","url":"https:\/\/www.coinspeaker.com\/es\/wp-content\/uploads\/sites\/4\/2025\/05\/cs.png","contentUrl":"https:\/\/www.coinspeaker.com\/es\/wp-content\/uploads\/sites\/4\/2025\/05\/cs.png","width":512,"height":512,"caption":"Coinspeaker"},"image":{"@id":"https:\/\/www.coinspeaker.com\/es\/#\/schema\/logo\/image\/"}}]}},"amp_enabled":true,"_links":{"self":[{"href":"https:\/\/www.coinspeaker.com\/es\/wp-json\/wp\/v2\/pages\/308","targetHints":{"allow":["GET"]}}],"collection":[{"href":"https:\/\/www.coinspeaker.com\/es\/wp-json\/wp\/v2\/pages"}],"about":[{"href":"https:\/\/www.coinspeaker.com\/es\/wp-json\/wp\/v2\/types\/page"}],"author":[{"embeddable":true,"href":"https:\/\/www.coinspeaker.com\/es\/wp-json\/wp\/v2\/users\/153"}],"replies":[{"embeddable":true,"href":"https:\/\/www.coinspeaker.com\/es\/wp-json\/wp\/v2\/comments?post=308"}],"version-history":[{"count":1,"href":"https:\/\/www.coinspeaker.com\/es\/wp-json\/wp\/v2\/pages\/308\/revisions"}],"predecessor-version":[{"id":309,"href":"https:\/\/www.coinspeaker.com\/es\/wp-json\/wp\/v2\/pages\/308\/revisions\/309"}],"wp:attachment":[{"href":"https:\/\/www.coinspeaker.com\/es\/wp-json\/wp\/v2\/media?parent=308"}],"wp:term":[{"taxonomy":"post_tag","embeddable":true,"href":"https:\/\/www.coinspeaker.com\/es\/wp-json\/wp\/v2\/tags?post=308"}],"curies":[{"name":"wp","href":"https:\/\/api.w.org\/{rel}","templated":true}]}}