{"id":3453,"date":"2025-09-16T08:40:28","date_gmt":"2025-09-16T08:40:28","guid":{"rendered":"https:\/\/www.coinspeaker.com\/es\/?page_id=3453"},"modified":"2026-01-09T12:09:22","modified_gmt":"2026-01-09T12:09:22","slug":"ico-solana","status":"publish","type":"page","link":"https:\/\/www.coinspeaker.com\/es\/ico-solana\/","title":{"rendered":"ICO en Solana: las mejores en curso en mayo de 2026"},"content":{"rendered":"<p>Las<strong> ICO de Solana<\/strong> (de sus siglas en ingl\u00e9s <em>\u00abInitial Coin Offering\u00bb<\/em>) ofrecen a los inversores la posibilidad de obtener las primeras criptomonedas emitidas por un nuevo proyecto o en una nueva blockchain. Son similares a la financiaci\u00f3n participativa en las start-ups: las ICO ofrecen precios ventajosos y permiten posicionarse de forma temprana en las pr\u00f3ximas criptos que van a salir.<\/p>\n<p>Dado que cada mes se lanzan cientos de ICO de Solana (por ser \u00e9sta una de las cadenas de bloques de m\u00e1s f\u00e1cil ejecuci\u00f3n y asequibilidad), encontrar las mejores puede resultar bastante dif\u00edcil para un principiante. En esta gu\u00eda analizamos las <strong>mejores<\/strong> <strong>ICO en Solana<\/strong>, y c\u00f3mo detectar las siguientes.<\/p>\n<h2>Claves sobre las ICOs en Solana<\/h2>\n<ul>\n<li>\u00bf<em>Qu\u00e9 es una ICO de Solana<\/em>? Las <strong>ICO de Solana son ofertas iniciales de monedas<\/strong> que permiten a los proyectos de criptomonedas recaudar fondos de inversores particulares y profesionales para desarrollarse.<\/li>\n<li>Las inversiones en una ICO suelen realizarse con <strong>criptomonedas SOL, o USDC (de la red Solana)<\/strong>. A cambio del efectivo aportado, los inversores reciben tokens nativos del proyecto.<\/li>\n<li>Invertir en una ICO es colocar capital en una <a href=\"https:\/\/www.coinspeaker.com\/es\/nuevas-criptomonedas\/\"><strong>nueva criptomoneda<\/strong><\/a> antes de que salga en DEX (Exchanges Descentralizados) o en CEX (Exchanges Centralizados). Es una forma de recaudar fondos y dar la bienvenida a los primeros inversores con tarifas preferenciales.<\/li>\n<li>Cualquier ICO en Solana puede compararse con una inversi\u00f3n en <strong>crowdfunding<\/strong> (financiaci\u00f3n participativa) en startups, antes de su salida a bolsa. Los participantes apoyan el desarrollo de la soluci\u00f3n propuesta por los equipos fundadores antes de que el p\u00fablico en general pueda utilizarla realmente. Eso es as\u00ed incluso en <a href=\"https:\/\/www.coinspeaker.com\/es\/memecoins-solana\/\"><strong>memecoins de Solana<\/strong><\/a>.<\/li>\n<li><strong>Las ICO no ofrecen garant\u00edas de completar el desarrollo aunque se alcance el objetivo de recaudaci\u00f3n<\/strong>. Sin embargo, la relaci\u00f3n riesgo\/ganancia es muy alta y se pueden crear fortunas participando en ICO.<\/li>\n<\/ul>\n<h3>Ante la duda: \u00bfuna ICO y una preventa es lo mismo?<\/h3>\n<p><strong>Pr\u00e1cticamente<\/strong> <strong>s\u00ed<\/strong>. En el mundo de las criptomonedas, los t\u00e9rminos \u00abICO\u00bb y \u00abpreventa\u00bb se utilizan a menudo para referirse al mismo mecanismo de recaudaci\u00f3n de fondos. Ambos t\u00e9rminos describen el proceso utilizado por coins que venden sus primeros tokens para <strong>recaudar capital con el fin de completar su desarrollo y disponer de un presupuesto dedicado al marketing<\/strong>. En el mundo de las DeFi, cualquiera puede participar en una ICO o una presale, simplemente disponiendo de fondos en una cartera compatible.<\/p>\n<p>Por lo general, las <a href=\"https:\/\/www.coinspeaker.com\/es\/preventa-criptomonedas\/\"><strong>preventas de criptomonedas<\/strong><\/a> y las ICO piden a los inversores interesados que visiten su sitio web oficial y conecten su cartera <a rel=\"nofollow sponsored\" href=\"\/es\/visit\/best-wallet\">Best Wallet<\/a> o Metamask. Al firmar la transacci\u00f3n que permite interactuar, solo hay que seleccionar una criptomoneda aceptada para esta recaudaci\u00f3n (SOL, USDT o USDC, por ejemplo) y comprar el token.<\/p>\n<ul>\n<li>Lo que s\u00ed es diferente de una ICO de Solana es una <strong>IEO<\/strong>, u <strong>Oferta Inicial de Exchange (<em>\u00abInitial Exchange Offer\u00bb<\/em>)<\/strong>, que implica que se lanza el token en un exchange concreto, y s\u00f3lo uno, de forma preliminar a su apertura al resto del mercado.<\/li>\n<li>Lee sobre las <a href=\"https:\/\/www.coinspeaker.com\/es\/preventas-solana\/\"><strong>preventas de Solana<\/strong><\/a> aqu\u00ed.<\/li>\n<\/ul>\n<h2>\u00bfCu\u00e1les son las mejores ICO de Solana en curso en mayo de 2026?<\/h2>\n<p>\u00c9stas son algunas de las ICO en marcha ahora mismo en la cadena de Solana, que el equipo editorial de Coinspeaker ha considerado entre las <a href=\"https:\/\/www.coinspeaker.com\/es\/criptomonedas\/\"><strong>mejores criptomonedas para invertir<\/strong><\/a>:<\/p>\n<h3>Bitcoin Hyper (HYPER)<\/h3>\n<p><img loading=\"lazy\" decoding=\"async\" class=\"aligncenter wp-image-740 size-full\" src=\"https:\/\/www.coinspeaker.com\/es\/wp-content\/uploads\/sites\/4\/2025\/06\/btchyper.webp\" alt=\"primera capa 2 de bitcoin en ico con solana svm\" width=\"1200\" height=\"750\" srcset=\"https:\/\/www.coinspeaker.com\/es\/wp-content\/uploads\/sites\/4\/2025\/06\/btchyper.webp 1200w, https:\/\/www.coinspeaker.com\/es\/wp-content\/uploads\/sites\/4\/2025\/06\/btchyper-300x188.webp 300w, https:\/\/www.coinspeaker.com\/es\/wp-content\/uploads\/sites\/4\/2025\/06\/btchyper-1024x640.webp 1024w, https:\/\/www.coinspeaker.com\/es\/wp-content\/uploads\/sites\/4\/2025\/06\/btchyper-768x480.webp 768w, https:\/\/www.coinspeaker.com\/es\/wp-content\/uploads\/sites\/4\/2025\/06\/btchyper-720x450.webp 720w\" sizes=\"auto, (max-width: 1200px) 100vw, 1200px\" \/><\/p>\n<p>Entre los nuevos proyectos criptogr\u00e1ficos del momento, Bitcoin Hyper destaca por ofrecer la primera soluci\u00f3n Layer 2 de Bitcoin. Se trata de una nueva criptomoneda que aspira a revolucionar Bitcoin aportando al ecosistema la rapidez necesaria para procesar transacciones, escalabilidad y tarifas reducidas.<\/p>\n<p>Bitcoin Hyper se basa en una arquitectura de capa 2 que permite agilizar las transacciones y facilitar el desarrollo de aplicaciones descentralizadas. Por lo tanto, el ecosistema est\u00e1 perfectamente dise\u00f1ado para integrar la Web 3 y soportar usos masivos.<\/p>\n<ul>\n<li><strong>\u00bfQuieres participar en esta ICO en Solana?<\/strong> Lee nuestra gu\u00eda <a href=\"https:\/\/www.coinspeaker.com\/es\/como-comprar-bitcoin-hyper\/\">c\u00f3mo comprar Bitcoin Hyper<\/a>.<\/li>\n<\/ul>\n<p class=\"p1\"><div class=\"su-button-center\"><a href=\"https:\/\/coinspeaker.com\/es\/visit\/btchyper\" class=\"su-button su-button-style-flat\" style=\"color:#FFFFFF;background-color:#F6102B;border-color:#c50d23;border-radius:10px\" target=\"_blank\" rel=\"noopener noreferrer\"><span style=\"color:#FFFFFF;padding:0px 26px;font-size:20px;line-height:40px;border-color:#f9586b;border-radius:10px;text-shadow:none\"> Invierte en Bitcoin Hyper<\/span><\/a><\/div>\n<h2>\u00bfD\u00f3nde encontrar ICO de Solana?<\/h2>\n<p>Hay muchos lugares donde nuevas ICO de Solana se dan a conocer, desde interacciones con proyectos de terceros, a foros, lanzadoras de tokens y redes sociales. \u00c9ste es un resumen de los mejores lugares donde dar con ellas:<\/p>\n<table>\n<thead>\n<tr>\n<th>Plataforma<\/th>\n<th>Descripci\u00f3n<\/th>\n<\/tr>\n<\/thead>\n<tbody>\n<tr>\n<td><strong>Pump.fun<\/strong><\/td>\n<td>Plataforma l\u00edder para lanzar y descubrir nuevos tokens en Solana. Permite crear tokens f\u00e1cilmente y tiene un feed en tiempo real de nuevos lanzamientos<\/td>\n<\/tr>\n<tr>\n<td><strong>Twitter\/X<\/strong><\/td>\n<td>Red social donde desarrolladores y proyectos anuncian sus ICOs. Buscar hashtags como #SolanaICO, #SPL, o seguir cuentas especializadas en el ecosistema<\/td>\n<\/tr>\n<tr>\n<td><strong>Telegram<\/strong><\/td>\n<td>Grupos y canales especializados en Solana donde se comparten alertas de nuevos lanzamientos, an\u00e1lisis y oportunidades de inversi\u00f3n temprana<\/td>\n<\/tr>\n<tr>\n<td><strong>Jupiter<\/strong><\/td>\n<td>DEX agregador de Solana que tambi\u00e9n lista nuevos tokens. Su secci\u00f3n de \u00abnuevos tokens\u00bb permite descubrir proyectos reci\u00e9n lanzados en el ecosistema<\/td>\n<\/tr>\n<\/tbody>\n<\/table>\n<h2>\u00bfC\u00f3mo investigar una ICO de Solana?<\/h2>\n<p>Si quieres valorar una ICO que has encontrado online, de la red de Solana, considera estos puntos b\u00e1sicos:<\/p>\n<ul>\n<li><strong>El<\/strong> <strong>whitepaper<\/strong>: Para convencer a los primeros inversores de que participen en su ICO criptogr\u00e1fica, los proyectos redactan en primer lugar un whitepaper, similar a un plan de negocio. Este permite explorar la idea, el caso de uso, la hoja de ruta y conocer toda la informaci\u00f3n t\u00e9cnica sobre la nueva criptomoneda disponible en esta ICO. Se trata de un documento que puede resultar indispensable para los inversores que buscan proyectos tecnol\u00f3gicos.<\/li>\n<li><strong>La distribuci\u00f3n y el hard cap \/ soft cap<\/strong>: El objetivo principal de una ICO en Solana es recaudar fondos para completar el desarrollo de un producto o servicio basado en la cadena de bloques. Por lo tanto, los equipos responsables de esta recaudaci\u00f3n estiman una cantidad m\u00ednima de financiaci\u00f3n necesaria para llevar a cabo la idea (denominada \u00ab<em>softcap\u00bb<\/em>). Si no se alcanza este l\u00edmite, la ICO permanecer\u00e1 activa y las tokens no se distribuir\u00e1n a los primeros inversores.<\/li>\n<li><strong>La auditor\u00eda<\/strong>: Algunos equipos malintencionados detr\u00e1s de una ICO tambi\u00e9n podr\u00edan modificar el contrato inteligente del token despu\u00e9s de que finalice la recaudaci\u00f3n. Las transacciones podr\u00edan verse restringidas o los tokens podr\u00edan asignarse a otras carteras. Para evitarlo, recomendamos encarecidamente elegir una ICO en la que el contrato haya sido auditado por SolidProof o Coinsult o similares, y en la que el propietario haya renunciado a su modificaci\u00f3n posterior.<\/li>\n<li><strong>Promociones<\/strong>: estate atento a los eventos de <a href=\"https:\/\/www.coinspeaker.com\/es\/criptomonedas-gratis\/\"><strong>criptomonedas gratis<\/strong><\/a>, y aseg\u00farate de que no comprometes tu seguridad o tus fondos para participar en lanzamientos u otros eventos similares.<\/li>\n<\/ul>\n<h2>Conclusi\u00f3n<\/h2>\n<p>Hay que tener cuidado: las <strong>ICO en Solana<\/strong>, o en cualquier otra red, conllevan riesgos. De hecho, m\u00e1s del 80 % son estafas o fraudes, sin ning\u00fan desarrollo real detr\u00e1s de las promesas realizadas en el whitepaper. Por lo tanto, la inversi\u00f3n en ICO Solana debe realizarse de forma responsable y debe formar parte de una estrategia de diversificaci\u00f3n de la cartera.<\/p>\n<h2>Preguntas frecuentes<\/h2>\n<div class=\"man_faq_sec\" itemscope itemtype=\"https:\/\/schema.org\/FAQPage\"><\/time><script>jQuery(document).ready(function() {\n\t\t\t\t\t\t\t\tjQuery(\".accordionButton\").click(function() {\n\t\t\t\t\t\t\t\t\tjQuery(\".accordionButton\").removeClass(\"on\");\n\t\t\t\t\t\t\t\t\tjQuery(\".accordionContent\").slideUp(\"normal\");\n\t\t\t\t\t\t\t\t\tif(jQuery(this).parents(\".ms_faq\").find(\".accordionContent\").is(\":hidden\") == true) {\n\t\t\t\t\t\t\t\t\t\tjQuery(this).addClass(\"on\");\n\t\t\t\t\t\t\t\t\t\tjQuery(this).parents(\".ms_faq\").find(\".accordionContent\").slideDown(\"normal\");\n\t\t\t\t\t\t\t\t\t }\n\t\t\t\t\t\t\t\t });\n\t\t\t\t\t\t\t\t });\n\t\t\t\t\t\t\t<\/script><section class=\"ms_faq ms_card \" ><div itemscope itemprop=\"mainEntity\" itemtype=\"https:\/\/schema.org\/Question\"><div class=\"accordionButton\"><h3 itemprop=\"name\">\u00bfC\u00f3mo comprar una criptomoneda ICO en Solana?<\/h3> <\/div>\n<div class=\"accordionContent\" itemscope itemprop=\"acceptedAnswer\" itemtype=\"https:\/\/schema.org\/Answer\" style=\"display:none;\"><p itemprop=\"text\">Haz clic en uno de los enlaces de esta p\u00e1gina para acceder a la ICO de tu elecci\u00f3n y conecta la wallet. A continuaci\u00f3n, solo tienes que indicar la cantidad en SOL o USDT que quieres invertir y confirmar firmando la transacci\u00f3n desde la wallet.<\/p>\n                <\/div><\/div><\/section>\n<section class=\"ms_faq ms_card \" ><div itemscope itemprop=\"mainEntity\" itemtype=\"https:\/\/schema.org\/Question\"><div class=\"accordionButton\"><h3 itemprop=\"name\">\u00bfC\u00f3mo encontrar ICO en Solana?<\/h3> <\/div>\n<div class=\"accordionContent\" itemscope itemprop=\"acceptedAnswer\" itemtype=\"https:\/\/schema.org\/Answer\" style=\"display:none;\"><p itemprop=\"text\">El calendario de ICO de CoinMarketcap y los agregadores como ICOdrops son los mejores lugares donde puedes encontrar las mejores ICO actuales y futuras. Si consultas regularmente la disponibilidad, puedes encontrar excelentes oportunidades para adelantarte a otros inversores.<\/p>\n                <\/div><\/div><\/section>\n<section class=\"ms_faq ms_card \" ><div itemscope itemprop=\"mainEntity\" itemtype=\"https:\/\/schema.org\/Question\"><div class=\"accordionButton\"><h3 itemprop=\"name\">\u00bfSon legales las ICO de Solana?<\/h3> <\/div>\n<div class=\"accordionContent\" itemscope itemprop=\"acceptedAnswer\" itemtype=\"https:\/\/schema.org\/Answer\" style=\"display:none;\"><p itemprop=\"text\">Cuando se habla de una ICO, la regulaci\u00f3n aplicada no es la misma que la de las empresas y sociedades que cotizan en bolsa. Sin embargo, la puesta en marcha de una ICO debe contar con la validaci\u00f3n de empresas de auditor\u00eda como SolidProof para garantizar a los inversores que no se trata de una estafa o un fraude.<\/p>\n                <\/div><\/div><\/section>\n<\/div>","protected":false},"excerpt":{"rendered":"<p>Las ICO de Solana (de sus siglas en ingl\u00e9s \u00abInitial Coin Offering\u00bb) ofrecen a los inversores la posibilidad de obtener las primeras criptomonedas emitidas por un nuevo proyecto o en una nueva blockchain. Son similares a la financiaci\u00f3n participativa en las start-ups: las ICO ofrecen precios ventajosos y permiten posicionarse de forma temprana en las [&hellip;]<\/p>\n","protected":false},"author":243,"featured_media":3467,"parent":0,"menu_order":0,"comment_status":"closed","ping_status":"closed","template":"single-guides.php","meta":{"_acf_changed":false,"footnotes":""},"tags":[],"class_list":["post-3453","page","type-page","status-publish","has-post-thumbnail","hentry"],"acf":[],"yoast_head":"<!-- This site is optimized with the Yoast SEO plugin v25.7 - https:\/\/yoast.com\/wordpress\/plugins\/seo\/ -->\n<title>ICO en Solana: las mejores para mayo de 2026<\/title>\n<meta name=\"description\" content=\"En esta gu\u00eda analizamos las mejores ICO en Solana, y c\u00f3mo detectar las siguientes que se pondr\u00e1n en marcha en el mercado.\" \/>\n<meta name=\"robots\" content=\"index, follow, max-snippet:-1, max-image-preview:large, max-video-preview:-1\" \/>\n<link rel=\"canonical\" href=\"https:\/\/www.coinspeaker.com\/es\/ico-solana\/\" \/>\n<meta property=\"og:locale\" content=\"es_ES\" \/>\n<meta property=\"og:type\" content=\"article\" \/>\n<meta property=\"og:title\" content=\"ICO en Solana: las mejores para mayo de 2026\" \/>\n<meta property=\"og:description\" content=\"En esta gu\u00eda analizamos las mejores ICO en Solana, y c\u00f3mo detectar las siguientes que se pondr\u00e1n en marcha en el mercado.\" \/>\n<meta property=\"og:url\" content=\"https:\/\/www.coinspeaker.com\/es\/ico-solana\/\" \/>\n<meta property=\"og:site_name\" content=\"Coinspeaker - Noticias sobre criptomonedas en espa\u00f1ol\" \/>\n<meta property=\"article:modified_time\" content=\"2026-01-09T12:09:22+00:00\" \/>\n<meta property=\"og:image\" content=\"https:\/\/www.coinspeaker.com\/es\/wp-content\/uploads\/sites\/4\/2025\/09\/solana-ico.jpg\" \/>\n\t<meta property=\"og:image:width\" content=\"512\" \/>\n\t<meta property=\"og:image:height\" content=\"512\" \/>\n\t<meta property=\"og:image:type\" content=\"image\/jpeg\" \/>\n<meta name=\"twitter:card\" content=\"summary_large_image\" \/>\n<meta name=\"twitter:label1\" content=\"Est. reading time\" \/>\n\t<meta name=\"twitter:data1\" content=\"7 minutos\" \/>\n<!-- \/ Yoast SEO plugin. -->","yoast_head_json":{"title":"ICO en Solana: las mejores para mayo de 2026","description":"En esta gu\u00eda analizamos las mejores ICO en Solana, y c\u00f3mo detectar las siguientes que se pondr\u00e1n en marcha en el mercado.","robots":{"index":"index","follow":"follow","max-snippet":"max-snippet:-1","max-image-preview":"max-image-preview:large","max-video-preview":"max-video-preview:-1"},"canonical":"https:\/\/www.coinspeaker.com\/es\/ico-solana\/","og_locale":"es_ES","og_type":"article","og_title":"ICO en Solana: las mejores para mayo de 2026","og_description":"En esta gu\u00eda analizamos las mejores ICO en Solana, y c\u00f3mo detectar las siguientes que se pondr\u00e1n en marcha en el mercado.","og_url":"https:\/\/www.coinspeaker.com\/es\/ico-solana\/","og_site_name":"Coinspeaker - Noticias sobre criptomonedas en espa\u00f1ol","article_modified_time":"2026-01-09T12:09:22+00:00","og_image":[{"width":512,"height":512,"url":"https:\/\/www.coinspeaker.com\/es\/wp-content\/uploads\/sites\/4\/2025\/09\/solana-ico.jpg","type":"image\/jpeg"}],"twitter_card":"summary_large_image","twitter_misc":{"Est. reading time":"7 minutos"},"schema":{"@context":"https:\/\/schema.org","@graph":[{"@type":"WebPage","@id":"https:\/\/www.coinspeaker.com\/es\/ico-solana\/","url":"https:\/\/www.coinspeaker.com\/es\/ico-solana\/","name":"ICO en Solana: las mejores para mayo de 2026","isPartOf":{"@id":"https:\/\/www.coinspeaker.com\/es\/#website"},"primaryImageOfPage":{"@id":"https:\/\/www.coinspeaker.com\/es\/ico-solana\/#primaryimage"},"image":{"@id":"https:\/\/www.coinspeaker.com\/es\/ico-solana\/#primaryimage"},"thumbnailUrl":"https:\/\/www.coinspeaker.com\/es\/wp-content\/uploads\/sites\/4\/2025\/09\/solana-ico.jpg","datePublished":"2025-09-16T08:40:28+00:00","dateModified":"2026-01-09T12:09:22+00:00","description":"En esta gu\u00eda analizamos las mejores ICO en Solana, y c\u00f3mo detectar las siguientes que se pondr\u00e1n en marcha en el mercado.","breadcrumb":{"@id":"https:\/\/www.coinspeaker.com\/es\/ico-solana\/#breadcrumb"},"inLanguage":"es","potentialAction":[{"@type":"ReadAction","target":["https:\/\/www.coinspeaker.com\/es\/ico-solana\/"]}]},{"@type":"ImageObject","inLanguage":"es","@id":"https:\/\/www.coinspeaker.com\/es\/ico-solana\/#primaryimage","url":"https:\/\/www.coinspeaker.com\/es\/wp-content\/uploads\/sites\/4\/2025\/09\/solana-ico.jpg","contentUrl":"https:\/\/www.coinspeaker.com\/es\/wp-content\/uploads\/sites\/4\/2025\/09\/solana-ico.jpg","width":512,"height":512,"caption":"solana ico"},{"@type":"BreadcrumbList","@id":"https:\/\/www.coinspeaker.com\/es\/ico-solana\/#breadcrumb","itemListElement":[{"@type":"ListItem","position":1,"name":"Home","item":"https:\/\/www.coinspeaker.com\/es\/"},{"@type":"ListItem","position":2,"name":"ICO en Solana: las mejores en curso en enero de 2026"}]},{"@type":"WebSite","@id":"https:\/\/www.coinspeaker.com\/es\/#website","url":"https:\/\/www.coinspeaker.com\/es\/","name":"Coinspeaker - Noticias sobre criptomonedas en espa\u00f1ol","description":"Bitcoin, Ethereum, Altcoins y Cripto Noticias con An\u00e1lisis, Precios en Vivo, Gr\u00e1ficos de Datos y Gu\u00edas.","publisher":{"@id":"https:\/\/www.coinspeaker.com\/es\/#organization"},"potentialAction":[{"@type":"SearchAction","target":{"@type":"EntryPoint","urlTemplate":"https:\/\/www.coinspeaker.com\/es\/?s={search_term_string}"},"query-input":{"@type":"PropertyValueSpecification","valueRequired":true,"valueName":"search_term_string"}}],"inLanguage":"es"},{"@type":"Organization","@id":"https:\/\/www.coinspeaker.com\/es\/#organization","name":"Coinspeaker","alternateName":"Coinspeaker.com","url":"https:\/\/www.coinspeaker.com\/es\/","logo":{"@type":"ImageObject","inLanguage":"es","@id":"https:\/\/www.coinspeaker.com\/es\/#\/schema\/logo\/image\/","url":"https:\/\/www.coinspeaker.com\/es\/wp-content\/uploads\/sites\/4\/2025\/05\/cs.png","contentUrl":"https:\/\/www.coinspeaker.com\/es\/wp-content\/uploads\/sites\/4\/2025\/05\/cs.png","width":512,"height":512,"caption":"Coinspeaker"},"image":{"@id":"https:\/\/www.coinspeaker.com\/es\/#\/schema\/logo\/image\/"}}]}},"amp_enabled":false,"_links":{"self":[{"href":"https:\/\/www.coinspeaker.com\/es\/wp-json\/wp\/v2\/pages\/3453","targetHints":{"allow":["GET"]}}],"collection":[{"href":"https:\/\/www.coinspeaker.com\/es\/wp-json\/wp\/v2\/pages"}],"about":[{"href":"https:\/\/www.coinspeaker.com\/es\/wp-json\/wp\/v2\/types\/page"}],"author":[{"embeddable":true,"href":"https:\/\/www.coinspeaker.com\/es\/wp-json\/wp\/v2\/users\/243"}],"replies":[{"embeddable":true,"href":"https:\/\/www.coinspeaker.com\/es\/wp-json\/wp\/v2\/comments?post=3453"}],"version-history":[{"count":3,"href":"https:\/\/www.coinspeaker.com\/es\/wp-json\/wp\/v2\/pages\/3453\/revisions"}],"predecessor-version":[{"id":5250,"href":"https:\/\/www.coinspeaker.com\/es\/wp-json\/wp\/v2\/pages\/3453\/revisions\/5250"}],"wp:featuredmedia":[{"embeddable":true,"href":"https:\/\/www.coinspeaker.com\/es\/wp-json\/wp\/v2\/media\/3467"}],"wp:attachment":[{"href":"https:\/\/www.coinspeaker.com\/es\/wp-json\/wp\/v2\/media?parent=3453"}],"wp:term":[{"taxonomy":"post_tag","embeddable":true,"href":"https:\/\/www.coinspeaker.com\/es\/wp-json\/wp\/v2\/tags?post=3453"}],"curies":[{"name":"wp","href":"https:\/\/api.w.org\/{rel}","templated":true}]}}