{"id":4737,"date":"2025-10-30T10:21:08","date_gmt":"2025-10-30T10:21:08","guid":{"rendered":"https:\/\/www.coinspeaker.com\/es\/?page_id=4737"},"modified":"2025-11-06T14:35:31","modified_gmt":"2025-11-06T14:35:31","slug":"preventas-solana","status":"publish","type":"page","link":"https:\/\/www.coinspeaker.com\/es\/preventas-solana\/","title":{"rendered":"Mejores preventas de Solana: an\u00e1lisis y previsi\u00f3n 2026"},"content":{"rendered":"<p>Las <strong>preventas de Solana<\/strong> son oportunidades para conseguir criptomonedas a bajo precio antes de que se lancen en ICO o en exchanges descentralizados. \u00bfPor qu\u00e9 en Solana? Porque es uno de los ecosistemas en auge del mercado crypto, y muchas coins virales de los \u00faltimos meses han salido de ah\u00ed.<\/p>\n<p>En esta gu\u00eda, hemos rebuscado el mercado hasta encontrar <strong>preventas de Solana<\/strong> que valen la pena. Son nuevas criptomonedas que podr\u00edan estar infravaloradas ahora mismo, pero que quiz\u00e1 la pr\u00f3xima vez que las busques ya no estar\u00e1n disponibles a su precio actual. As\u00ed es el mercado crypto, y en especial en Solana.<\/p>\n<h2>\u00bfPor qu\u00e9 invertir en preventas de Solana? Las claves<\/h2>\n<ul>\n<li><strong>Las preventas en Solana ofrecen acceso temprano a criptomonedas que acaban de salir<\/strong> o ser puestas en circulaci\u00f3n, del mismo modo que algunas startups aparecen y captan inversi\u00f3n de \u00e1ngeles inversores antes de darse a conocer.<\/li>\n<li>Al tener un precio m\u00e1s bajo de entrada, <strong>su potencial para revalorizarse m\u00e1s de 10X su precio inicial<\/strong>, es una probabilidad mucho m\u00e1s elevada. Algunas preventas de Solana han llegado a explotar m\u00e1s de un 2.000% en poco tiempo.<\/li>\n<li>La volatilidad y el riesgo de estos proyectos es algo que atrae a operadores de <a href=\"https:\/\/www.coinspeaker.com\/es\/day-trading-criptomonedas\/\">day trading de criptomonedas<\/a>.<\/li>\n<li>Es muy f\u00e1cil invertir en <a href=\"https:\/\/www.coinspeaker.com\/es\/preventa-criptomonedas\/\"><strong>preventas de criptomonedas<\/strong><\/a>: s\u00f3lo necesitas una <strong>wallet compatible<\/strong> con la red de origen, y tokens de \u00e9sta para cubrir las tarifas de gas del intercambio (normalmente, <strong>SOL<\/strong> en este caso, ETH para redes Ethereum, etc\u00e9tera).<\/li>\n<\/ul>\n<h2>Preventas de Solana \u2013 actualizaci\u00f3n 2026<\/h2>\n<ol>\n<li><a rel=\"nofollow sponsored\" href=\"\/es\/visit\/btchyper\"><strong>Bitcoin Hyper (HYPER)<\/strong><\/a><\/li>\n<li><strong>Seek Protocol (SEEK)<\/strong><\/li>\n<li><strong>Solana VM (SVM)<\/strong><\/li>\n<li><strong>Choc (CHOC)<\/strong><\/li>\n<li><strong>Arkenstone (ARKN)<\/strong><\/li>\n<\/ol>\n<h2>Analizamos la mejor preventa de Solana<\/h2>\n<p>Ahora voy a analizar con mucho m\u00e1s detalle la mejor <a href=\"https:\/\/www.coinspeaker.com\/es\/ico-solana\/\"><strong>ICO de Solana<\/strong><\/a>. Sigue leyendo para descubrir qu\u00e9 proyecto tiene m\u00e1s posibilidades de multiplicar por 100 sus ganancias.<\/p>\n<h3>Bitcoin Hyper \u2013 La preventa de Solana que lleva la tecnolog\u00eda SVM a Bitcoin<\/h3>\n<p><img loading=\"lazy\" decoding=\"async\" class=\"aligncenter size-full wp-image-4857\" src=\"https:\/\/www.coinspeaker.com\/es\/wp-content\/uploads\/sites\/4\/2025\/11\/hyper-.jpg\" alt=\"\" width=\"1200\" height=\"451\" srcset=\"https:\/\/www.coinspeaker.com\/es\/wp-content\/uploads\/sites\/4\/2025\/11\/hyper-.jpg 1200w, https:\/\/www.coinspeaker.com\/es\/wp-content\/uploads\/sites\/4\/2025\/11\/hyper--300x113.jpg 300w, https:\/\/www.coinspeaker.com\/es\/wp-content\/uploads\/sites\/4\/2025\/11\/hyper--1024x385.jpg 1024w, https:\/\/www.coinspeaker.com\/es\/wp-content\/uploads\/sites\/4\/2025\/11\/hyper--768x289.jpg 768w\" sizes=\"auto, (max-width: 1200px) 100vw, 1200px\" \/><\/p>\n<p>Aunque el Bitcoin se considera la criptomoneda n\u00famero uno del mercado, las transacciones en BTC pueden presentar en ocasiones problemas de lentitud o comisiones demasiado elevadas. Con el fin de mejorar estas limitaciones a las que se enfrenta el Bitcoin, ha surgido <strong>Bitcoin Hyper.<\/strong> Se trata de la primera soluci\u00f3n de capa 2 del Bitcoin.<\/p>\n<p>El objetivo principal de Bitcoin Hyper es reducir las comisiones de las transacciones y hacerlas m\u00e1s fluidas. Para ello, el proyecto se basa en el procesamiento fuera de cadena de las operaciones con el fin de aligerar la red principal. Adem\u00e1s, Bitcoin Hyper utiliza tecnolog\u00edas avanzadas como la <strong>m\u00e1quina virtual de Solana (SVM)<\/strong> o una arquitectura de <strong>Proof-of-stake<\/strong> mejorada.<\/p>\n<p><img loading=\"lazy\" decoding=\"async\" class=\"aligncenter wp-image-739 size-full\" src=\"https:\/\/www.coinspeaker.com\/es\/wp-content\/uploads\/sites\/4\/2025\/06\/bitcoin-hyper.webp\" alt=\"capa 2 de bitcoin preventa de solana\" width=\"1200\" height=\"860\" srcset=\"https:\/\/www.coinspeaker.com\/es\/wp-content\/uploads\/sites\/4\/2025\/06\/bitcoin-hyper.webp 1200w, https:\/\/www.coinspeaker.com\/es\/wp-content\/uploads\/sites\/4\/2025\/06\/bitcoin-hyper-300x215.webp 300w, https:\/\/www.coinspeaker.com\/es\/wp-content\/uploads\/sites\/4\/2025\/06\/bitcoin-hyper-1024x734.webp 1024w, https:\/\/www.coinspeaker.com\/es\/wp-content\/uploads\/sites\/4\/2025\/06\/bitcoin-hyper-768x550.webp 768w\" sizes=\"auto, (max-width: 1200px) 100vw, 1200px\" \/><\/p>\n<p>Adem\u00e1s, los titulares de $HYPER podr\u00e1n participar en el desarrollo del ecosistema a trav\u00e9s del staking. Los primeros compradores se beneficiar\u00e1n de un retorno pasivo ya desde que compren las coins durante la preventa de Solana.<\/p>\n<ul>\n<li><strong>Recaudaci\u00f3n<\/strong>: +25 millones de d\u00f3lares (*<em>a 30 de octubre de 2025<\/em>)<\/li>\n<li><strong>Gu\u00eda extra<\/strong>: <a href=\"https:\/\/www.coinspeaker.com\/es\/como-comprar-bitcoin-hyper\/\">c\u00f3mo comprar Bitcoin Hyper<\/a><\/li>\n<\/ul>\n<p class=\"p1\" style=\"text-align: center\"><div class=\"su-button-center\"><a href=\"https:\/\/coinspeaker.com\/es\/visit\/btchyper\" class=\"su-button su-button-style-flat\" style=\"color:#FFFFFF;background-color:#F6102B;border-color:#c50d23;border-radius:10px\" target=\"_blank\" rel=\"noopener noreferrer\"><span style=\"color:#FFFFFF;padding:0px 26px;font-size:20px;line-height:40px;border-color:#f9586b;border-radius:10px;text-shadow:none\"> Participa en la preventa de Bitcoin Hyper<\/span><\/a><\/div>\n<h2>\u00bfC\u00f3mo invertir en una preventa de Solana?<\/h2>\n<p>Si quieres participar en una preventa de Solana, debes saber que el proceso es muy sencillo y consiste de unos pocos pasos:<\/p>\n<ol>\n<li><strong>Encuentra una preventa de Solana de tu inter\u00e9s<\/strong> \u2013 consulta listados como el que nos ocupa u otros en foros especializados, medios, redes sociales o algunas apps que agregan alertas o preventas en curso. Cuando tengas algunas candidatas, invest\u00edgalas a fondo para ver cu\u00e1les son fiables e interesantes, y cu\u00e1les no son lo que parecen. No te dejes llevar por el ruido medi\u00e1tico.<\/li>\n<li><strong>Prepara una wallet de criptomonedas compatible con Solana<\/strong> \u2013 hay varias opciones gratuitas en forma de app que puedes descargar en tu m\u00f3vil (iOS\/Android), como <a rel=\"nofollow sponsored\" href=\"\/es\/visit\/best-wallet\/\"><strong>Best Wallet<\/strong><\/a> o <strong>Phantom<\/strong>.<\/li>\n<li><strong>Compra SOL<\/strong> \u2013 necesitar\u00e1s tener algo de SOL en tu wallet para sufragar el intercambio, tanto si usas SOL para pagar como si es otro token de Solana, por ejemplo, USDT o USDC. Las dos wallets anteriores permiten comprar SOL sin salir de la app y pagando con tarjeta, pero tambi\u00e9n puedes acudir a exchanges.<\/li>\n<li><strong>Enlaza tu wallet<\/strong> \u2013 visita la preventa de Solana en cuesti\u00f3n, asegur\u00e1ndote siempre de estar en el dominio correcto y pasando siempre por un enlace seguro. A continuaci\u00f3n, conecta tu wallet desde el widget disponible e introduce la cantidad la coin de pago.<\/li>\n<li><strong>Confirma<\/strong> \u2013 ahora solo tienes que firmar la transacci\u00f3n. La mayor\u00eda de preventas en Solana lanzan los tokens cuando se incluyen en exchanges, as\u00ed que quiz\u00e1 no los recibas en el acto (deber\u00e1s volver cuando se anuncie el final de la preventa).<\/li>\n<\/ol>\n<h2>D\u00f3nde encontrar una preventa de Solana con potencial<\/h2>\n<p>Para empezar, hay que investigar por cuenta propia. Con tantas preventas, <a href=\"https:\/\/www.coinspeaker.com\/es\/memecoins-solana\/\"><strong>memecoins de Solana<\/strong><\/a> y otras redes que empiezan cada mes, puede resultar complicado encontrar las que tienen m\u00e1s potencial. A continuaci\u00f3n, compartimos algunos consejos para realizar tu primera selecci\u00f3n:<\/p>\n<h3>Sigue de cerca los sitios web especializados<\/h3>\n<p>Coinspeaker y muchos otros medios especializados en criptomonedas comparten las preventas en curso. A\u00f1\u00e1delos a tus favoritos para consultar con frecuencia las oportunidades del momento y evaluarlas gracias a an\u00e1lisis completos.<\/p>\n<h3>Inf\u00f3rmate en los foros de criptomonedas<\/h3>\n<p>Visita Reddit y los foros de inversores en criptomonedas para acceder a las \u00faltimas oportunidades en directo y leer atentamente los debates entre otras personas que tambi\u00e9n buscan preventas de Solana, Ethereum, BSC u otras redes.<\/p>\n<h3>Estudia whitepapers y documentos t\u00e9cnicos<\/h3>\n<p>Por supuesto, tambi\u00e9n debes realizar un an\u00e1lisis fundamental del proyecto de <a href=\"https:\/\/www.coinspeaker.com\/es\/criptomonedas-con-mas-futuro\/\">criptomonedas con m\u00e1s futuro<\/a> que te interese antes de participar en la preventa. Lee atentamente el libro blanco para conocer su token\u00f3mica, su objetivo y sus mecanismos.<\/p>\n<h2>C\u00f3mo evaluar una preventa de Solana<\/h2>\n<p class=\"p1\"><div class=\"su-table su-table-responsive su-table-alternate\">\n<table class=\"bg-bg-100 min-w-full border-separate border-spacing-0 text-sm leading-&#091;1.88888&#093; whitespace-normal\">\n<thead class=\"border-b-border-100\/50 border-b-&#091;0.5px&#093; text-left\">\n<tr class=\"&#091;tbody&gt;&amp;&#093;:odd:bg-bg-500\/10\">\n<th class=\"text-text-000 &#091;&amp;:not(:first-child)&#093;:-x-&#091;hsla(var(--border-100) \/ 0.5)&#093; px-2 &#091;&amp;:not(:first-child)&#093;:border-l-&#091;0.5px&#093;\"><strong>Aspecto<\/strong><\/th>\n<th class=\"text-text-000 &#091;&amp;:not(:first-child)&#093;:-x-&#091;hsla(var(--border-100) \/ 0.5)&#093; px-2 &#091;&amp;:not(:first-child)&#093;:border-l-&#091;0.5px&#093;\"><strong>Descripci\u00f3n<\/strong><\/th>\n<\/tr>\n<\/thead>\n<tbody>\n<tr class=\"&#091;tbody&gt;&amp;&#093;:odd:bg-bg-500\/10\">\n<td class=\"border-t-border-100\/50 &#091;&amp;:not(:first-child)&#093;:-x-&#091;hsla(var(--border-100) \/ 0.5)&#093; border-t-&#091;0.5px&#093; px-2 &#091;&amp;:not(:first-child)&#093;:border-l-&#091;0.5px&#093;\"><strong>Contexto actual<\/strong><\/td>\n<td class=\"border-t-border-100\/50 &#091;&amp;:not(:first-child)&#093;:-x-&#091;hsla(var(--border-100) \/ 0.5)&#093; border-t-&#091;0.5px&#093; px-2 &#091;&amp;:not(:first-child)&#093;:border-l-&#091;0.5px&#093;\">Cualquiera puede crear una preventa en Solana con solo un sitio web b\u00e1sico y una p\u00e1gina en X. Ya no se necesitan whitepapers, equipos de asesores ni hojas de ruta.<\/td>\n<\/tr>\n<tr class=\"&#091;tbody&gt;&amp;&#093;:odd:bg-bg-500\/10\">\n<td class=\"border-t-border-100\/50 &#091;&amp;:not(:first-child)&#093;:-x-&#091;hsla(var(--border-100) \/ 0.5)&#093; border-t-&#091;0.5px&#093; px-2 &#091;&amp;:not(:first-child)&#093;:border-l-&#091;0.5px&#093;\"><strong>Diligencia debida<\/strong><\/td>\n<td class=\"border-t-border-100\/50 &#091;&amp;:not(:first-child)&#093;:-x-&#091;hsla(var(--border-100) \/ 0.5)&#093; border-t-&#091;0.5px&#093; px-2 &#091;&amp;:not(:first-child)&#093;:border-l-&#091;0.5px&#093;\">Es fundamental investigar el contrato inteligente del proyecto. Asegurarse de que haya sido auditado por empresas reputadas (Hacken, Consensys, Solidproof, CertiK). Preferible que el contrato sea \u00abrenunciado\u00bb (inmutable).<\/td>\n<\/tr>\n<tr class=\"&#091;tbody&gt;&amp;&#093;:odd:bg-bg-500\/10\">\n<td class=\"border-t-border-100\/50 &#091;&amp;:not(:first-child)&#093;:-x-&#091;hsla(var(--border-100) \/ 0.5)&#093; border-t-&#091;0.5px&#093; px-2 &#091;&amp;:not(:first-child)&#093;:border-l-&#091;0.5px&#093;\"><strong>Token\u00f3mica<\/strong><\/td>\n<td class=\"border-t-border-100\/50 &#091;&amp;:not(:first-child)&#093;:-x-&#091;hsla(var(--border-100) \/ 0.5)&#093; border-t-&#091;0.5px&#093; px-2 &#091;&amp;:not(:first-child)&#093;:border-l-&#091;0.5px&#093;\">Verificar el suministro total de tokens (normalmente m\u00e1s de 1.000 millones), que sea fijo y qu\u00e9 porcentaje se lanza inicialmente. Evitar proyectos de <a href=\"https:\/\/www.coinspeaker.com\/es\/criptomonedas-de-baja-capitalizacion\/\">criptomonedas de baja capitalizaci\u00f3n<\/a> donde los desarrolladores controlen el 90% de los tokens. Algunos inversores prefieren tokens sin impuestos de compra-venta.<\/td>\n<\/tr>\n<tr class=\"&#091;tbody&gt;&amp;&#093;:odd:bg-bg-500\/10\">\n<td class=\"border-t-border-100\/50 &#091;&amp;:not(:first-child)&#093;:-x-&#091;hsla(var(--border-100) \/ 0.5)&#093; border-t-&#091;0.5px&#093; px-2 &#091;&amp;:not(:first-child)&#093;:border-l-&#091;0.5px&#093;\"><strong>Utilidad<\/strong><\/td>\n<td class=\"border-t-border-100\/50 &#091;&amp;:not(:first-child)&#093;:-x-&#091;hsla(var(--border-100) \/ 0.5)&#093; border-t-&#091;0.5px&#093; px-2 &#091;&amp;:not(:first-child)&#093;:border-l-&#091;0.5px&#093;\">Aunque la mayor\u00eda son <a href=\"https:\/\/www.coinspeaker.com\/es\/memecoins\/\"><strong>meme coins<\/strong><\/a>, los proyectos con casos de uso real ofrecen mayor potencial a largo plazo. Sin embargo, la narrativa y el hype tambi\u00e9n impulsan los mercados. Los meme coins son m\u00e1s especulativos y a corto plazo.<\/td>\n<\/tr>\n<tr class=\"&#091;tbody&gt;&amp;&#093;:odd:bg-bg-500\/10\">\n<td class=\"border-t-border-100\/50 &#091;&amp;:not(:first-child)&#093;:-x-&#091;hsla(var(--border-100) \/ 0.5)&#093; border-t-&#091;0.5px&#093; px-2 &#091;&amp;:not(:first-child)&#093;:border-l-&#091;0.5px&#093;\"><strong>Comunidad social<\/strong><\/td>\n<td class=\"border-t-border-100\/50 &#091;&amp;:not(:first-child)&#093;:-x-&#091;hsla(var(--border-100) \/ 0.5)&#093; border-t-&#091;0.5px&#093; px-2 &#091;&amp;:not(:first-child)&#093;:border-l-&#091;0.5px&#093;\">Las mejores preventas tienen comunidades crecientes en redes sociales (X, Telegram). Una comunidad numerosa y activa (no bots) indica buena capacidad de viralizaci\u00f3n y mayor n\u00famero de poseedores de tokens que promocionan el proyecto.<\/td>\n<\/tr>\n<\/tbody>\n<\/table>\n<p class=\"p1\"><\/div>\n<h2>Riesgos y retornos de las preventas de Solana<\/h2>\n<p>Invertir en una preventa de Solana es <strong>una estrategia de alto riesgo\/alta rentabilidad<\/strong>. Muchas preventas son estafas, y las que no lo son, pueden irse a pique f\u00e1cilmente. No hay protecci\u00f3n para el inversor si el precio se desploma.<\/p>\n<p>Ahora bien, si se es consciente del riesgo, el potencial puede ser inmenso \u2013aunque sean pocas las preventas en Solana que alcancen cifras elevadas de retorno. Saber cu\u00e1les son es casi como una loter\u00eda: <strong>diversificar es importante<\/strong>. Si, por ejemplo, quieres dedicar 1.000 \u20ac a preventas, es buena idea esparcir esa cantidad en al menos 3 o 4 preventas, para mitigar ca\u00eddas y exponerte a posibles \u00e9xitos.<\/p>\n<h2>Conclusi\u00f3n<\/h2>\n<p>Las <strong>preventas de Solana son atractivas<\/strong> y, con una estrategia adecuada, pueden exponerte a un mercado lleno de <a href=\"https:\/\/www.coinspeaker.com\/es\/gemas-crypto\/\"><strong>gemas crypto<\/strong><\/a> en pleno crecimiento y con retornos elevados. Se trata de ser consciente de los <strong>riesgos<\/strong> e <strong>investigar<\/strong> de forma fehaciente, dedicando suficiente tiempo para encontrar las coins leg\u00edtimas y fiables.<\/p>\n<h2>Preguntas frecuentes<\/h2>\n<div class=\"man_faq_sec\" itemscope itemtype=\"https:\/\/schema.org\/FAQPage\"><\/time><script>jQuery(document).ready(function() {\n\t\t\t\t\t\t\t\tjQuery(\".accordionButton\").click(function() {\n\t\t\t\t\t\t\t\t\tjQuery(\".accordionButton\").removeClass(\"on\");\n\t\t\t\t\t\t\t\t\tjQuery(\".accordionContent\").slideUp(\"normal\");\n\t\t\t\t\t\t\t\t\tif(jQuery(this).parents(\".ms_faq\").find(\".accordionContent\").is(\":hidden\") == true) {\n\t\t\t\t\t\t\t\t\t\tjQuery(this).addClass(\"on\");\n\t\t\t\t\t\t\t\t\t\tjQuery(this).parents(\".ms_faq\").find(\".accordionContent\").slideDown(\"normal\");\n\t\t\t\t\t\t\t\t\t }\n\t\t\t\t\t\t\t\t });\n\t\t\t\t\t\t\t\t });\n\t\t\t\t\t\t\t<\/script><section class=\"ms_faq ms_card \" ><div itemscope itemprop=\"mainEntity\" itemtype=\"https:\/\/schema.org\/Question\"><div class=\"accordionButton\"><h3 itemprop=\"name\">\u00bfSon seguras las preventas de Solana?<\/h3> <\/div>\n<div class=\"accordionContent\" itemscope itemprop=\"acceptedAnswer\" itemtype=\"https:\/\/schema.org\/Answer\" style=\"display:none;\"><p itemprop=\"text\">Muchas preventas de Solana son estafas, por lo que es fundamental realizar una diligencia debida, diversificar y aplicar otras pr\u00e1cticas de gesti\u00f3n de riesgos. Aseg\u00farate de utilizar un monedero seguro y mant\u00e9n tus inversiones en presales dentro de unos l\u00edmites razonables.<\/p>\n                <\/div><\/div><\/section>\n<section class=\"ms_faq ms_card \" ><div itemscope itemprop=\"mainEntity\" itemtype=\"https:\/\/schema.org\/Question\"><div class=\"accordionButton\"><h3 itemprop=\"name\">\u00bfD\u00f3nde encontrar preventas Solana?<\/h3> <\/div>\n<div class=\"accordionContent\" itemscope itemprop=\"acceptedAnswer\" itemtype=\"https:\/\/schema.org\/Answer\" style=\"display:none;\"><p itemprop=\"text\">Unirse a canales de Telegram de la comunidad de Solana y seguir perfiles oficiales en redes como X son pasos fundamentales para empezar. A partir de ah\u00ed, verifica bien las fuentes y \u00fanete s\u00f3lo a proyectos fiables o transparentes.<\/p>\n                <\/div><\/div><\/section>\n<\/div>","protected":false},"excerpt":{"rendered":"<p>Las preventas de Solana son oportunidades para conseguir criptomonedas a bajo precio antes de que se lancen en ICO o en exchanges descentralizados. \u00bfPor qu\u00e9 en Solana? Porque es uno de los ecosistemas en auge del mercado crypto, y muchas coins virales de los \u00faltimos meses han salido de ah\u00ed. En esta gu\u00eda, hemos rebuscado [&hellip;]<\/p>\n","protected":false},"author":163,"featured_media":0,"parent":0,"menu_order":0,"comment_status":"closed","ping_status":"closed","template":"single-guides.php","meta":{"_acf_changed":false,"footnotes":""},"tags":[],"class_list":["post-4737","page","type-page","status-publish","hentry"],"acf":[],"yoast_head":"<!-- This site is optimized with the Yoast SEO plugin v25.7 - https:\/\/yoast.com\/wordpress\/plugins\/seo\/ -->\n<title>Mejores preventas de Solana: an\u00e1lisis y previsi\u00f3n 2026<\/title>\n<meta name=\"description\" content=\"En esta gu\u00eda, hemos analizado el mercado hasta encontrar preventas de Solana que valen la pena y que est\u00e1n en marcha ahora mismo.\" \/>\n<meta name=\"robots\" content=\"index, follow, max-snippet:-1, max-image-preview:large, max-video-preview:-1\" \/>\n<link rel=\"canonical\" href=\"https:\/\/www.coinspeaker.com\/es\/preventas-solana\/\" \/>\n<meta property=\"og:locale\" content=\"es_ES\" \/>\n<meta property=\"og:type\" content=\"article\" \/>\n<meta property=\"og:title\" content=\"Mejores preventas de Solana: an\u00e1lisis y previsi\u00f3n 2026\" \/>\n<meta property=\"og:description\" content=\"En esta gu\u00eda, hemos analizado el mercado hasta encontrar preventas de Solana que valen la pena y que est\u00e1n en marcha ahora mismo.\" \/>\n<meta property=\"og:url\" content=\"https:\/\/www.coinspeaker.com\/es\/preventas-solana\/\" \/>\n<meta property=\"og:site_name\" content=\"Coinspeaker - Noticias sobre criptomonedas en espa\u00f1ol\" \/>\n<meta property=\"article:modified_time\" content=\"2025-11-06T14:35:31+00:00\" \/>\n<meta property=\"og:image\" content=\"https:\/\/www.coinspeaker.com\/es\/wp-content\/uploads\/sites\/4\/2025\/11\/hyper-.jpg\" \/>\n\t<meta property=\"og:image:width\" content=\"1200\" \/>\n\t<meta property=\"og:image:height\" content=\"451\" \/>\n\t<meta property=\"og:image:type\" content=\"image\/jpeg\" \/>\n<meta name=\"twitter:card\" content=\"summary_large_image\" \/>\n<meta name=\"twitter:label1\" content=\"Est. reading time\" \/>\n\t<meta name=\"twitter:data1\" content=\"7 minutos\" \/>\n<!-- \/ Yoast SEO plugin. -->","yoast_head_json":{"title":"Mejores preventas de Solana: an\u00e1lisis y previsi\u00f3n 2026","description":"En esta gu\u00eda, hemos analizado el mercado hasta encontrar preventas de Solana que valen la pena y que est\u00e1n en marcha ahora mismo.","robots":{"index":"index","follow":"follow","max-snippet":"max-snippet:-1","max-image-preview":"max-image-preview:large","max-video-preview":"max-video-preview:-1"},"canonical":"https:\/\/www.coinspeaker.com\/es\/preventas-solana\/","og_locale":"es_ES","og_type":"article","og_title":"Mejores preventas de Solana: an\u00e1lisis y previsi\u00f3n 2026","og_description":"En esta gu\u00eda, hemos analizado el mercado hasta encontrar preventas de Solana que valen la pena y que est\u00e1n en marcha ahora mismo.","og_url":"https:\/\/www.coinspeaker.com\/es\/preventas-solana\/","og_site_name":"Coinspeaker - Noticias sobre criptomonedas en espa\u00f1ol","article_modified_time":"2025-11-06T14:35:31+00:00","og_image":[{"width":1200,"height":451,"url":"https:\/\/www.coinspeaker.com\/es\/wp-content\/uploads\/sites\/4\/2025\/11\/hyper-.jpg","type":"image\/jpeg"}],"twitter_card":"summary_large_image","twitter_misc":{"Est. reading time":"7 minutos"},"schema":{"@context":"https:\/\/schema.org","@graph":[{"@type":"WebPage","@id":"https:\/\/www.coinspeaker.com\/es\/preventas-solana\/","url":"https:\/\/www.coinspeaker.com\/es\/preventas-solana\/","name":"Mejores preventas de Solana: an\u00e1lisis y previsi\u00f3n 2026","isPartOf":{"@id":"https:\/\/www.coinspeaker.com\/es\/#website"},"primaryImageOfPage":{"@id":"https:\/\/www.coinspeaker.com\/es\/preventas-solana\/#primaryimage"},"image":{"@id":"https:\/\/www.coinspeaker.com\/es\/preventas-solana\/#primaryimage"},"thumbnailUrl":"https:\/\/www.coinspeaker.com\/es\/wp-content\/uploads\/sites\/4\/2025\/11\/hyper-.jpg","datePublished":"2025-10-30T10:21:08+00:00","dateModified":"2025-11-06T14:35:31+00:00","description":"En esta gu\u00eda, hemos analizado el mercado hasta encontrar preventas de Solana que valen la pena y que est\u00e1n en marcha ahora mismo.","breadcrumb":{"@id":"https:\/\/www.coinspeaker.com\/es\/preventas-solana\/#breadcrumb"},"inLanguage":"es","potentialAction":[{"@type":"ReadAction","target":["https:\/\/www.coinspeaker.com\/es\/preventas-solana\/"]}]},{"@type":"ImageObject","inLanguage":"es","@id":"https:\/\/www.coinspeaker.com\/es\/preventas-solana\/#primaryimage","url":"https:\/\/www.coinspeaker.com\/es\/wp-content\/uploads\/sites\/4\/2025\/11\/hyper-.jpg","contentUrl":"https:\/\/www.coinspeaker.com\/es\/wp-content\/uploads\/sites\/4\/2025\/11\/hyper-.jpg","width":1200,"height":451,"caption":"ecosistema hyper"},{"@type":"BreadcrumbList","@id":"https:\/\/www.coinspeaker.com\/es\/preventas-solana\/#breadcrumb","itemListElement":[{"@type":"ListItem","position":1,"name":"Home","item":"https:\/\/www.coinspeaker.com\/es\/"},{"@type":"ListItem","position":2,"name":"Mejores preventas de Solana: an\u00e1lisis y previsi\u00f3n 2025"}]},{"@type":"WebSite","@id":"https:\/\/www.coinspeaker.com\/es\/#website","url":"https:\/\/www.coinspeaker.com\/es\/","name":"Coinspeaker - Noticias sobre criptomonedas en espa\u00f1ol","description":"Bitcoin, Ethereum, Altcoins y Cripto Noticias con An\u00e1lisis, Precios en Vivo, Gr\u00e1ficos de Datos y Gu\u00edas.","publisher":{"@id":"https:\/\/www.coinspeaker.com\/es\/#organization"},"potentialAction":[{"@type":"SearchAction","target":{"@type":"EntryPoint","urlTemplate":"https:\/\/www.coinspeaker.com\/es\/?s={search_term_string}"},"query-input":{"@type":"PropertyValueSpecification","valueRequired":true,"valueName":"search_term_string"}}],"inLanguage":"es"},{"@type":"Organization","@id":"https:\/\/www.coinspeaker.com\/es\/#organization","name":"Coinspeaker","alternateName":"Coinspeaker.com","url":"https:\/\/www.coinspeaker.com\/es\/","logo":{"@type":"ImageObject","inLanguage":"es","@id":"https:\/\/www.coinspeaker.com\/es\/#\/schema\/logo\/image\/","url":"https:\/\/www.coinspeaker.com\/es\/wp-content\/uploads\/sites\/4\/2025\/05\/cs.png","contentUrl":"https:\/\/www.coinspeaker.com\/es\/wp-content\/uploads\/sites\/4\/2025\/05\/cs.png","width":512,"height":512,"caption":"Coinspeaker"},"image":{"@id":"https:\/\/www.coinspeaker.com\/es\/#\/schema\/logo\/image\/"}}]}},"amp_enabled":false,"_links":{"self":[{"href":"https:\/\/www.coinspeaker.com\/es\/wp-json\/wp\/v2\/pages\/4737","targetHints":{"allow":["GET"]}}],"collection":[{"href":"https:\/\/www.coinspeaker.com\/es\/wp-json\/wp\/v2\/pages"}],"about":[{"href":"https:\/\/www.coinspeaker.com\/es\/wp-json\/wp\/v2\/types\/page"}],"author":[{"embeddable":true,"href":"https:\/\/www.coinspeaker.com\/es\/wp-json\/wp\/v2\/users\/163"}],"replies":[{"embeddable":true,"href":"https:\/\/www.coinspeaker.com\/es\/wp-json\/wp\/v2\/comments?post=4737"}],"version-history":[{"count":4,"href":"https:\/\/www.coinspeaker.com\/es\/wp-json\/wp\/v2\/pages\/4737\/revisions"}],"predecessor-version":[{"id":5458,"href":"https:\/\/www.coinspeaker.com\/es\/wp-json\/wp\/v2\/pages\/4737\/revisions\/5458"}],"wp:attachment":[{"href":"https:\/\/www.coinspeaker.com\/es\/wp-json\/wp\/v2\/media?parent=4737"}],"wp:term":[{"taxonomy":"post_tag","embeddable":true,"href":"https:\/\/www.coinspeaker.com\/es\/wp-json\/wp\/v2\/tags?post=4737"}],"curies":[{"name":"wp","href":"https:\/\/api.w.org\/{rel}","templated":true}]}}