{"id":797,"date":"2025-06-17T09:34:01","date_gmt":"2025-06-17T09:34:01","guid":{"rendered":"https:\/\/www.coinspeaker.com\/es\/?page_id=797"},"modified":"2025-06-17T11:51:03","modified_gmt":"2025-06-17T11:51:03","slug":"como-comprar-bitcoin-hyper","status":"publish","type":"page","link":"https:\/\/www.coinspeaker.com\/es\/como-comprar-bitcoin-hyper\/","title":{"rendered":"C\u00f3mo comprar Bitcoin Hyper (HYPER) \u2013 Tutorial y an\u00e1lisis"},"content":{"rendered":"<p>La preventa de Bitcoin Hyper es uno de los proyectos de criptomonedas m\u00e1s emocionantes que han entrado en el mercado este a\u00f1o, con la misi\u00f3n de desbloquear por completo las transacciones r\u00e1pidas y baratas de Bitcoin. Aunque todav\u00eda est\u00e1 en sus primeras etapas, ya es posible comprar el token subyacente del proyecto, $HYPER.<\/p>\n<p>Averigua <strong>c\u00f3mo comprar Bitcoin Hyper<\/strong> en las pr\u00f3ximas l\u00edneas, as\u00ed como el devenir de su precio y el resto de aspectos t\u00e9cnicos, desde la tokenom\u00eda a la auditor\u00eda o el proceso de su hoja de ruta.<\/p>\n<h2>\u00bfQu\u00e9 es Bitcoin Hyper? En tres puntos:<\/h2>\n<ul>\n<li>El token HYPER permite <strong>pagos y transferencias de Bitcoin mediante contratos inteligentes de Solana SVM<\/strong> de alta velocidad, aplicaciones DeFi, plataformas de NFT y tokens meme, y herramientas para casi cualquier cosa.<\/li>\n<li>Su misi\u00f3n es amplificar el uso de BTC mediante una cadena de bloques Layer-2 paralela <strong>m\u00e1s r\u00e1pida y barata<\/strong>.<\/li>\n<li>La <a href=\"https:\/\/www.coinspeaker.com\/es\/preventa-criptomonedas\/\"><strong>preventa de criptomonedas<\/strong><\/a> HYPER distribuye un n\u00famero limitado de tokens a precio competitivo previo a su lanzamiento en exchanges DEX, y para apoyar el desarrollo de los aspectos t\u00e9cnicos del proyecto.<\/li>\n<\/ul>\n<h2>C\u00f3mo comprar Bitcoin Hyper (HYPER) \u2013 tutorial<\/h2>\n<p>Solo necesitas una wallet compatible con suficientes fondos en crypto para intercambiarlos por tokens $HYPER en el sitio web oficial. Veamos c\u00f3mo es el proceso paso a paso.<\/p>\n<h3>Paso 1: Conseguir una wallet<\/h3>\n<p>El primer paso es adquirir una wallet de criptomonedas compatible con Bitcoin Hyper. Puedes comprobar la compatibilidad en el sitio web oficial de Bitcoin Hyper. Principalmente es compatible con <a rel=\"nofollow sponsored\" href=\"\/es\/visit\/best-wallet\"><strong>Best Wallet<\/strong><\/a>, Metamask, Coinbase Wallet o cualquiera que use Wallet Connect.<\/p>\n<p>Elijas la que elijas, tendr\u00e1s que instalar una app o extensi\u00f3n de navegador, preferiblemente en tu tel\u00e9fono, para facilitar la conexi\u00f3n a Bitcoin Hyper. Tambi\u00e9n tendr\u00e1s que configurar tu wallet siguiendo las instrucciones de la aplicaci\u00f3n.<\/p>\n<h3>Paso 2: Comprar criptomonedas<\/h3>\n<p>Si a\u00fan no posees coins con las que puedas comprar Bitcoin Hyper ($HYPER), tendr\u00e1s que comprar algunas. Puedes hacerlo en la wallet si \u00e9sta tiene la funci\u00f3n de transacciones de compraventa. Best Wallet, por ejemplo, s\u00ed permite comprar ETH, USDT (dos de las criptos admitidas en la preventa de Bitcoin Hyper) desde la app con una tarjeta.<\/p>\n<h3>Paso 3: Visita la preventa de Bitcoin Hyper<\/h3>\n<p>Visita la p\u00e1gina oficial de preventa de Bitcoin Hyper donde se celebra la preventa. Para conectar un monedero a Bitcoin Hyper, haz clic en el bot\u00f3n \u00abComprar con Crypto\u00bb de la p\u00e1gina principal de Bitcoin Hyper, elige una wallet y escanea el c\u00f3digo QR con la app de Best Wallet.<\/p>\n<p><img loading=\"lazy\" decoding=\"async\" class=\"aligncenter size-full wp-image-740\" src=\"https:\/\/www.coinspeaker.com\/es\/wp-content\/uploads\/sites\/4\/2025\/06\/btchyper.webp\" alt=\"primera capa 2 de bitcoin\" width=\"1200\" height=\"750\" srcset=\"https:\/\/www.coinspeaker.com\/es\/wp-content\/uploads\/sites\/4\/2025\/06\/btchyper.webp 1200w, https:\/\/www.coinspeaker.com\/es\/wp-content\/uploads\/sites\/4\/2025\/06\/btchyper-300x188.webp 300w, https:\/\/www.coinspeaker.com\/es\/wp-content\/uploads\/sites\/4\/2025\/06\/btchyper-1024x640.webp 1024w, https:\/\/www.coinspeaker.com\/es\/wp-content\/uploads\/sites\/4\/2025\/06\/btchyper-768x480.webp 768w, https:\/\/www.coinspeaker.com\/es\/wp-content\/uploads\/sites\/4\/2025\/06\/btchyper-720x450.webp 720w\" sizes=\"auto, (max-width: 1200px) 100vw, 1200px\" \/><\/p>\n<h3>Paso 4: Comprar Bitcoin Hyper y hacer staking para obtener recompensas pasivas<\/h3>\n<p>Una vez conectado el monedero, puedes elegir la cantidad de tokens $HYPER que quieres comprar. Utiliza la criptomoneda que desees para comprar los tokens, siempre que sea compatible. A continuaci\u00f3n, s\u00f3lo tienes que completar la transacci\u00f3n.<\/p>\n<p>Si quieres hacer staking de Bitcoin Hyper, puedes empezar inmediatamente; s\u00f3lo tienes que utilizar la opci\u00f3n Comprar y Stakear. Ten en cuenta que los tokens se liberar\u00e1n cuando acabe la preventa, tanto si est\u00e1n en staking como si no optas por esa opci\u00f3n.<\/p>\n<h2>Claves de Bitcoin Hyper como inversi\u00f3n<\/h2>\n<p>Analicemos qu\u00e9 ha hecho que Bitcoin Hyper atraiga ya una buena inyecci\u00f3n de capital.<\/p>\n<h3>Resuelve las limitaciones de escalabilidad de BTC<\/h3>\n<p>Bitcoin es la criptomoneda m\u00e1s grande y popular del mundo con diferencia. Sin embargo, sufre de limitaciones que han sido resueltas por muchos otros proyectos que intentan, a su vez, reemplazarla. La lentitud y el coste de las transacciones son el principal escollo ah\u00ed. Con su capacidad para soportar s\u00f3lo entre 3 y 7 transacciones por segundo, es ineficiente a la hora de procesar grandes cantidades de informaci\u00f3n sobre las transacciones.<\/p>\n<p>Al igual que otras soluciones de Capa 2,<strong> el ecosistema Bitcoin Hyper busca solucionar este problema de escalabilidad<\/strong> de forma que ofrezca transacciones BTC a\u00fan m\u00e1s r\u00e1pidas y baratas que otras soluciones de escalabilidad de Bitcoin.<\/p>\n<h3>Seguridad y cumplimiento<\/h3>\n<p>Aunque manipula las transacciones de Bitcoin, Bitcoin Hyper no compromete los principios b\u00e1sicos de seguridad del rey de las criptomonedas.<\/p>\n<p>El objetivo de estas <a href=\"https:\/\/www.coinspeaker.com\/es\/nuevas-criptomonedas\/\"><strong>criptomonedas nuevas<\/strong><\/a> es sincronizar todo con la cadena de bloques principal de Bitcoin, garantizando la seguridad de las transacciones. Bitcoin Hyper utiliza pruebas de conocimiento-cero (ZK) para determinar la validez de las transacciones sin comprometer la privacidad.<\/p>\n<h3>Potencial de crecimiento en 2025 y m\u00e1s all\u00e1<\/h3>\n<p>Bitcoin Hyper se encuentra actualmente en fase de preventa. Se basa en un sistema en el que el precio aumenta con cada fase. En consecuencia, el valor de $HYPER ser\u00e1 mucho m\u00e1s alto en el lanzamiento que el precio de preventa actual.<\/p>\n<p>Despu\u00e9s, <strong>el token tiene potencial para subir a\u00fan m\u00e1s si cumple sus promesas<\/strong> y consigue atraer a un p\u00fablico amplio. Adem\u00e1s, el proyecto pretende resolver uno de los mayores problemas del mundo de las criptomonedas: la escalabilidad de Bitcoin.<\/p>\n<p>Por \u00faltimo, HYPER es Proof of Stake, por lo que tiene staking disponible ya desde la preventa y permite obtener recompensas pasivas por los tokens. Ser\u00eda de las <a href=\"https:\/\/www.coinspeaker.com\/es\/criptomonedas-con-mas-futuro\/\"><strong>criptomonedas con m\u00e1s futuro<\/strong><\/a>.<\/p>\n<p><img loading=\"lazy\" decoding=\"async\" class=\"aligncenter size-full wp-image-739\" src=\"https:\/\/www.coinspeaker.com\/es\/wp-content\/uploads\/sites\/4\/2025\/06\/bitcoin-hyper.webp\" alt=\"capa 2 de bitcoin\" width=\"1200\" height=\"860\" srcset=\"https:\/\/www.coinspeaker.com\/es\/wp-content\/uploads\/sites\/4\/2025\/06\/bitcoin-hyper.webp 1200w, https:\/\/www.coinspeaker.com\/es\/wp-content\/uploads\/sites\/4\/2025\/06\/bitcoin-hyper-300x215.webp 300w, https:\/\/www.coinspeaker.com\/es\/wp-content\/uploads\/sites\/4\/2025\/06\/bitcoin-hyper-1024x734.webp 1024w, https:\/\/www.coinspeaker.com\/es\/wp-content\/uploads\/sites\/4\/2025\/06\/bitcoin-hyper-768x550.webp 768w\" sizes=\"auto, (max-width: 1200px) 100vw, 1200px\" \/><\/p>\n<h2>\u00bfC\u00f3mo se compara Bitcoin Hyper a otras soluciones Layer-2 para Bitcoin?<\/h2>\n<p>Hay dos soluciones m\u00e1s, aparte de Bitcoin Hyper, que podemos comparar a nivel de Capa 2 para Bitcoin, en distintas fases de uso y desarrollo. Aqu\u00ed tienes la comparativa a t\u00edtulo visual:<\/p>\n<table>\n<tbody>\n<tr>\n<td><\/td>\n<td><b>Bitcoin Hyper<\/b><\/td>\n<td><b>Lightning Network<\/b><\/td>\n<td><b>Stacks<\/b><\/td>\n<\/tr>\n<tr>\n<td><b>Objetivo<\/b><\/td>\n<td><span style=\"font-weight: 400\">Transacciones r\u00e1pidas y baratas, dApps, NFT, DeFi<\/span><\/td>\n<td><span style=\"font-weight: 400\">Microtransacciones baratas y r\u00e1pidas<\/span><\/td>\n<td><span style=\"font-weight: 400\">Contratos inteligentes y dApps en la red Bitcoin<\/span><\/td>\n<\/tr>\n<tr>\n<td><b>Contratos inteligentes<\/b><\/td>\n<td><span style=\"font-weight: 400\">S\u00ed, en SVM<\/span><\/td>\n<td><span style=\"font-weight: 400\">Limitados<\/span><\/td>\n<td><span style=\"font-weight: 400\">S\u00ed, en Clarity<\/span><\/td>\n<\/tr>\n<tr>\n<td><b>Tecnolog\u00eda<\/b><\/td>\n<td><span style=\"font-weight: 400\">Layer-2 SVM<\/span><\/td>\n<td><span style=\"font-weight: 400\">Pagos off-chain<\/span><\/td>\n<td><span style=\"font-weight: 400\">Layer-2, PoX, Clarity<\/span><\/td>\n<\/tr>\n<tr>\n<td><b>Token nativo<\/b><\/td>\n<td><span style=\"font-weight: 400\">HYPER<\/span><\/td>\n<td><span style=\"font-weight: 400\">No tiene<\/span><\/td>\n<td><span style=\"font-weight: 400\">STX<\/span><\/td>\n<\/tr>\n<tr>\n<td><b>Seguridad<\/b><\/td>\n<td><span style=\"font-weight: 400\">Mainnet Bitcoin<\/span><\/td>\n<td><span style=\"font-weight: 400\">Mainnet Bitcoin<\/span><\/td>\n<td><span style=\"font-weight: 400\">Mainnet Bitcoin<\/span><\/td>\n<\/tr>\n<\/tbody>\n<\/table>\n<h2>\u00bfVale la pena comprar Bitcoin Hyper ahora o mejor esperar?<\/h2>\n<p>Con el fin de determinar si una inversi\u00f3n en Bitcoin Hyper es la que debe hacer ahora mismo, es importante tener en cuenta varias cosas, incluyendo:<\/p>\n<ul>\n<li><strong>Bitcoin Hyper se encuentra actualmente en las primeras fases de la preventa<\/strong>, por lo que es de las <a href=\"https:\/\/www.coinspeaker.com\/es\/criptomonedas-baratas\/\"><strong>criptomonedas m\u00e1s baratas<\/strong><\/a>: si tiene \u00e9xito, estar\u00e1s en el mejor lugar para ganar mucho m\u00e1s que los inversores tard\u00edos.<\/li>\n<li><strong>El proyecto Bitcoin Hyper tiene una hoja de ruta clara y estable<\/strong> y utiliza una estrategia de lanzamiento por fases para asegurar que crece cuidadosa y org\u00e1nicamente en base a su comunidad. El whitepaper muestra todas las fases. Es importante comprobar estas fases, ya que te ayudar\u00e1n a determinar las posibilidades de \u00e9xito de Bitcoin Hyper.<\/li>\n<li><strong>La existencia o falta de inter\u00e9s institucional<\/strong> es una consideraci\u00f3n importante a la hora de determinar si se debe invertir en un criptoproyecto y en especial las <a href=\"https:\/\/www.coinspeaker.com\/es\/memecoins\/\"><strong>memecoins<\/strong><\/a>.<\/li>\n<li><strong>El precio de $HYPER<\/strong> tambi\u00e9n depender\u00e1 de la direcci\u00f3n general del sector.<\/li>\n<\/ul>\n<h2>Conclusi\u00f3n<\/h2>\n<p>Toda soluci\u00f3n vinculada a Bitcoin tiene tablas para ser prometedor, de entrada, dada la popularidad de Bitcoin en 2025 y m\u00e1s all\u00e1. Sin embargo, depende de que el equipo de Bitcoin Hyper desarrolle bien su hoja de ruta y su tecnolog\u00eda, y eso lleve a un buen evento de lanzamiento tras una recaudaci\u00f3n posiblemente millonaria.<\/p>\n<p>Por ahora, <strong>el token HYPER se encuentra en fase de preventa<\/strong>, por lo que su precio ronda el c\u00e9ntimo de d\u00f3lar, subiendo ligeramente con cada nueva fase. Una cosa est\u00e1 clara: cuanto m\u00e1s apoyo reciba desde el principio, m\u00e1s probabilidades tendr\u00e1 de triunfar tras su lanzamiento y convertirse en una de las mejores soluciones Bitcoin Layer 2.<\/p>\n<p style=\"text-align: center\"><a rel=\"nofollow sponsored\" href=\"\/es\/visit\/btchyper\"><strong>Comprar Bitcoin Hyper<\/strong><\/a><\/p>\n<h2>Preguntas frecuentes<\/h2>\n<h3>\u00bfQu\u00e9 es Bitcoin Hyper?<\/h3>\n<p>Bitcoin Hyper es una blockchain de capa 2 dise\u00f1ada para mejorar el rendimiento de Bitcoin con transacciones m\u00e1s r\u00e1pidas y rentables. La plataforma lo consigue utilizando la M\u00e1quina Virtual Solana (SVM). La red tambi\u00e9n soporta aplicaciones de staking y descentralizadas para el comercio.<\/p>\n<h3>\u00bfD\u00f3nde comprar Bitcoin Hyper?<\/h3>\n<p>Para comprar Bitcoin Hyper, visita el sitio web del proyecto y conecta tu wallet de criptomonedas. Aprueba la conexi\u00f3n y seleccione la criptomoneda que desea gastar por $HYPER. Es el \u00fanico lugar donde se vende hasta que cotice en exchanges descentralizados.<\/p>\n","protected":false},"excerpt":{"rendered":"<p>En esta gu\u00eda sobre c\u00f3mo comprar $HYPER en 2025, lo encuentras todo sobre el proyecto, el token y c\u00f3mo se compara con otras soluciones Bitcoin L2.<\/p>\n","protected":false},"author":163,"featured_media":738,"parent":0,"menu_order":0,"comment_status":"closed","ping_status":"closed","template":"single-guides.php","meta":{"_acf_changed":false,"footnotes":""},"tags":[],"class_list":["post-797","page","type-page","status-publish","has-post-thumbnail","hentry"],"acf":[],"yoast_head":"<!-- This site is optimized with the Yoast SEO plugin v25.7 - https:\/\/yoast.com\/wordpress\/plugins\/seo\/ -->\n<title>C\u00f3mo comprar Bitcoin Hyper (HYPER) \u2013 Tutorial para la preventa<\/title>\n<meta name=\"description\" content=\"Averigua c\u00f3mo comprar Bitcoin Hyper en las pr\u00f3ximas l\u00edneas, as\u00ed como el devenir de su precio y el resto de aspectos t\u00e9cnicos.\" \/>\n<meta name=\"robots\" content=\"index, follow, max-snippet:-1, max-image-preview:large, max-video-preview:-1\" \/>\n<link rel=\"canonical\" href=\"https:\/\/www.coinspeaker.com\/es\/como-comprar-bitcoin-hyper\/\" \/>\n<meta property=\"og:locale\" content=\"es_ES\" \/>\n<meta property=\"og:type\" content=\"article\" \/>\n<meta property=\"og:title\" content=\"C\u00f3mo comprar Bitcoin Hyper (HYPER) \u2013 Tutorial para la preventa\" \/>\n<meta property=\"og:description\" content=\"Averigua c\u00f3mo comprar Bitcoin Hyper en las pr\u00f3ximas l\u00edneas, as\u00ed como el devenir de su precio y el resto de aspectos t\u00e9cnicos.\" \/>\n<meta property=\"og:url\" content=\"https:\/\/www.coinspeaker.com\/es\/como-comprar-bitcoin-hyper\/\" \/>\n<meta property=\"og:site_name\" content=\"Coinspeaker - Noticias sobre criptomonedas en espa\u00f1ol\" \/>\n<meta property=\"article:modified_time\" content=\"2025-06-17T11:51:03+00:00\" \/>\n<meta property=\"og:image\" content=\"https:\/\/www.coinspeaker.com\/es\/wp-content\/uploads\/sites\/4\/2025\/06\/banner-bitcoin-hyper.webp\" \/>\n\t<meta property=\"og:image:width\" content=\"1200\" \/>\n\t<meta property=\"og:image:height\" content=\"400\" \/>\n\t<meta property=\"og:image:type\" content=\"image\/webp\" \/>\n<meta name=\"twitter:card\" content=\"summary_large_image\" \/>\n<meta name=\"twitter:label1\" content=\"Est. reading time\" \/>\n\t<meta name=\"twitter:data1\" content=\"7 minutos\" \/>\n<!-- \/ Yoast SEO plugin. -->","yoast_head_json":{"title":"C\u00f3mo comprar Bitcoin Hyper (HYPER) \u2013 Tutorial para la preventa","description":"Averigua c\u00f3mo comprar Bitcoin Hyper en las pr\u00f3ximas l\u00edneas, as\u00ed como el devenir de su precio y el resto de aspectos t\u00e9cnicos.","robots":{"index":"index","follow":"follow","max-snippet":"max-snippet:-1","max-image-preview":"max-image-preview:large","max-video-preview":"max-video-preview:-1"},"canonical":"https:\/\/www.coinspeaker.com\/es\/como-comprar-bitcoin-hyper\/","og_locale":"es_ES","og_type":"article","og_title":"C\u00f3mo comprar Bitcoin Hyper (HYPER) \u2013 Tutorial para la preventa","og_description":"Averigua c\u00f3mo comprar Bitcoin Hyper en las pr\u00f3ximas l\u00edneas, as\u00ed como el devenir de su precio y el resto de aspectos t\u00e9cnicos.","og_url":"https:\/\/www.coinspeaker.com\/es\/como-comprar-bitcoin-hyper\/","og_site_name":"Coinspeaker - Noticias sobre criptomonedas en espa\u00f1ol","article_modified_time":"2025-06-17T11:51:03+00:00","og_image":[{"width":1200,"height":400,"url":"https:\/\/www.coinspeaker.com\/es\/wp-content\/uploads\/sites\/4\/2025\/06\/banner-bitcoin-hyper.webp","type":"image\/webp"}],"twitter_card":"summary_large_image","twitter_misc":{"Est. reading time":"7 minutos"},"schema":{"@context":"https:\/\/schema.org","@graph":[{"@type":"WebPage","@id":"https:\/\/www.coinspeaker.com\/es\/como-comprar-bitcoin-hyper\/","url":"https:\/\/www.coinspeaker.com\/es\/como-comprar-bitcoin-hyper\/","name":"C\u00f3mo comprar Bitcoin Hyper (HYPER) \u2013 Tutorial para la preventa","isPartOf":{"@id":"https:\/\/www.coinspeaker.com\/es\/#website"},"primaryImageOfPage":{"@id":"https:\/\/www.coinspeaker.com\/es\/como-comprar-bitcoin-hyper\/#primaryimage"},"image":{"@id":"https:\/\/www.coinspeaker.com\/es\/como-comprar-bitcoin-hyper\/#primaryimage"},"thumbnailUrl":"https:\/\/www.coinspeaker.com\/es\/wp-content\/uploads\/sites\/4\/2025\/06\/banner-bitcoin-hyper.webp","datePublished":"2025-06-17T09:34:01+00:00","dateModified":"2025-06-17T11:51:03+00:00","description":"Averigua c\u00f3mo comprar Bitcoin Hyper en las pr\u00f3ximas l\u00edneas, as\u00ed como el devenir de su precio y el resto de aspectos t\u00e9cnicos.","breadcrumb":{"@id":"https:\/\/www.coinspeaker.com\/es\/como-comprar-bitcoin-hyper\/#breadcrumb"},"inLanguage":"es","potentialAction":[{"@type":"ReadAction","target":["https:\/\/www.coinspeaker.com\/es\/como-comprar-bitcoin-hyper\/"]}]},{"@type":"ImageObject","inLanguage":"es","@id":"https:\/\/www.coinspeaker.com\/es\/como-comprar-bitcoin-hyper\/#primaryimage","url":"https:\/\/www.coinspeaker.com\/es\/wp-content\/uploads\/sites\/4\/2025\/06\/banner-bitcoin-hyper.webp","contentUrl":"https:\/\/www.coinspeaker.com\/es\/wp-content\/uploads\/sites\/4\/2025\/06\/banner-bitcoin-hyper.webp","width":1200,"height":400,"caption":"banner bitcoin hyper"},{"@type":"BreadcrumbList","@id":"https:\/\/www.coinspeaker.com\/es\/como-comprar-bitcoin-hyper\/#breadcrumb","itemListElement":[{"@type":"ListItem","position":1,"name":"Home","item":"https:\/\/www.coinspeaker.com\/es\/"},{"@type":"ListItem","position":2,"name":"C\u00f3mo comprar Bitcoin Hyper (HYPER) \u2013 Tutorial y an\u00e1lisis"}]},{"@type":"WebSite","@id":"https:\/\/www.coinspeaker.com\/es\/#website","url":"https:\/\/www.coinspeaker.com\/es\/","name":"Coinspeaker - Noticias sobre criptomonedas en espa\u00f1ol","description":"Bitcoin, Ethereum, Altcoins y Cripto Noticias con An\u00e1lisis, Precios en Vivo, Gr\u00e1ficos de Datos y Gu\u00edas.","publisher":{"@id":"https:\/\/www.coinspeaker.com\/es\/#organization"},"potentialAction":[{"@type":"SearchAction","target":{"@type":"EntryPoint","urlTemplate":"https:\/\/www.coinspeaker.com\/es\/?s={search_term_string}"},"query-input":{"@type":"PropertyValueSpecification","valueRequired":true,"valueName":"search_term_string"}}],"inLanguage":"es"},{"@type":"Organization","@id":"https:\/\/www.coinspeaker.com\/es\/#organization","name":"Coinspeaker","alternateName":"Coinspeaker.com","url":"https:\/\/www.coinspeaker.com\/es\/","logo":{"@type":"ImageObject","inLanguage":"es","@id":"https:\/\/www.coinspeaker.com\/es\/#\/schema\/logo\/image\/","url":"https:\/\/www.coinspeaker.com\/es\/wp-content\/uploads\/sites\/4\/2025\/05\/cs.png","contentUrl":"https:\/\/www.coinspeaker.com\/es\/wp-content\/uploads\/sites\/4\/2025\/05\/cs.png","width":512,"height":512,"caption":"Coinspeaker"},"image":{"@id":"https:\/\/www.coinspeaker.com\/es\/#\/schema\/logo\/image\/"}}]}},"amp_enabled":false,"_links":{"self":[{"href":"https:\/\/www.coinspeaker.com\/es\/wp-json\/wp\/v2\/pages\/797","targetHints":{"allow":["GET"]}}],"collection":[{"href":"https:\/\/www.coinspeaker.com\/es\/wp-json\/wp\/v2\/pages"}],"about":[{"href":"https:\/\/www.coinspeaker.com\/es\/wp-json\/wp\/v2\/types\/page"}],"author":[{"embeddable":true,"href":"https:\/\/www.coinspeaker.com\/es\/wp-json\/wp\/v2\/users\/163"}],"replies":[{"embeddable":true,"href":"https:\/\/www.coinspeaker.com\/es\/wp-json\/wp\/v2\/comments?post=797"}],"version-history":[{"count":3,"href":"https:\/\/www.coinspeaker.com\/es\/wp-json\/wp\/v2\/pages\/797\/revisions"}],"predecessor-version":[{"id":1023,"href":"https:\/\/www.coinspeaker.com\/es\/wp-json\/wp\/v2\/pages\/797\/revisions\/1023"}],"wp:featuredmedia":[{"embeddable":true,"href":"https:\/\/www.coinspeaker.com\/es\/wp-json\/wp\/v2\/media\/738"}],"wp:attachment":[{"href":"https:\/\/www.coinspeaker.com\/es\/wp-json\/wp\/v2\/media?parent=797"}],"wp:term":[{"taxonomy":"post_tag","embeddable":true,"href":"https:\/\/www.coinspeaker.com\/es\/wp-json\/wp\/v2\/tags?post=797"}],"curies":[{"name":"wp","href":"https:\/\/api.w.org\/{rel}","templated":true}]}}